{"id":9893,"date":"2016-08-30T16:34:52","date_gmt":"2016-08-30T16:34:52","guid":{"rendered":"http:\/\/194.126.200.62\/~bakronat\/?page_id=9893&#038;lang=fr"},"modified":"2021-10-03T12:16:22","modified_gmt":"2021-10-03T12:16:22","slug":"metrologie-temperature-particules-pression-humidite","status":"publish","type":"page","link":"https:\/\/bakrona.ch\/fr","title":{"rendered":"Compteur de particules Logger Thermocouples Pt100 Laboratoire de etalonnage mesure de humidite"},"content":{"rendered":"<div id=\"cs-content\" class=\"cs-content\"><\/div>\n","protected":false},"excerpt":{"rendered":"<p>\u00c9TALONNAGE DE TEMP\u00c9RATUREBains d&rsquo;\u00e9talonnage portables et calibrateurs \u00e0 blocs secs pour les \u00e9talonnages sur site. Thermom\u00e8tre de r\u00e9f\u00e9rence et sonde pour \u00e9talonnages de temp\u00e9rature de haute pr\u00e9cision. Bakrona est repr\u00e9sentant autoris\u00e9 de Fluke Calibrations en Suisse. En savoir plus VALIDATION THERMIQUESyst\u00e8mes de validation pour la validation de la st\u00e9rilisation dans des autoclaves \u00e0 vapeur et d\u2019autres proc\u00e9d\u00e9s thermiques, dans une &#8230; <\/p>\n<div><a href=\"https:\/\/bakrona.ch\/fr\" class=\"more-link\">Read More<\/a><\/div>\n","protected":false},"author":1,"featured_media":0,"parent":0,"menu_order":0,"comment_status":"open","ping_status":"closed","template":"template-blank-4.php","meta":{"footnotes":""},"class_list":["post-9893","page","type-page","status-publish","hentry","no-post-thumbnail"],"yoast_head":"<!-- This site is optimized with the Yoast SEO plugin v25.8 - https:\/\/yoast.com\/wordpress\/plugins\/seo\/ -->\n<title>Compteur de particules Datalogger Thermocouples Pt100 \u00c9talonnage<\/title>\n<meta name=\"description\" content=\"Vente, location &amp; \u00e9talonnage de compteurs de particules. Datalogger et syst\u00e8mes avec thermocouples ou Pt100 pour mesure de temp\u00e9rature, pression et humidit\u00e9\" \/>\n<meta name=\"robots\" content=\"index, follow, max-snippet:-1, max-image-preview:large, max-video-preview:-1\" \/>\n<link rel=\"canonical\" href=\"https:\/\/bakrona.ch\/fr\" \/>\n<meta property=\"og:locale\" content=\"fr_FR\" \/>\n<meta property=\"og:type\" content=\"article\" \/>\n<meta property=\"og:title\" content=\"Compteur de particules Datalogger Thermocouples Pt100 \u00c9talonnage\" \/>\n<meta property=\"og:description\" content=\"Vente, location &amp; \u00e9talonnage de compteurs de particules. Datalogger et syst\u00e8mes avec thermocouples ou Pt100 pour mesure de temp\u00e9rature, pression et humidit\u00e9\" \/>\n<meta property=\"og:url\" content=\"https:\/\/bakrona.ch\/fr\" \/>\n<meta property=\"og:site_name\" content=\"BAKRONA AG\" \/>\n<meta property=\"article:modified_time\" content=\"2021-10-03T12:16:22+00:00\" \/>\n<meta name=\"twitter:card\" content=\"summary_large_image\" \/>\n<meta name=\"twitter:label1\" content=\"Dur\u00e9e de lecture estim\u00e9e\" \/>\n\t<meta name=\"twitter:data1\" content=\"8 minutes\" \/>\n<script type=\"application\/ld+json\" class=\"yoast-schema-graph\">{\"@context\":\"https:\/\/schema.org\",\"@graph\":[{\"@type\":\"WebPage\",\"@id\":\"https:\/\/bakrona.ch\/fr\",\"url\":\"https:\/\/bakrona.ch\/fr\",\"name\":\"Compteur de particules Datalogger Thermocouples Pt100 \u00c9talonnage\",\"isPartOf\":{\"@id\":\"https:\/\/bakrona.ch\/#website\"},\"datePublished\":\"2016-08-30T16:34:52+00:00\",\"dateModified\":\"2021-10-03T12:16:22+00:00\",\"description\":\"Vente, location & \u00e9talonnage de compteurs de particules. Datalogger et syst\u00e8mes avec thermocouples ou Pt100 pour mesure de temp\u00e9rature, pression et humidit\u00e9\",\"breadcrumb\":{\"@id\":\"https:\/\/bakrona.ch\/fr#breadcrumb\"},\"inLanguage\":\"fr-FR\",\"potentialAction\":[{\"@type\":\"ReadAction\",\"target\":[\"https:\/\/bakrona.ch\/fr\"]}]},{\"@type\":\"BreadcrumbList\",\"@id\":\"https:\/\/bakrona.ch\/fr#breadcrumb\",\"itemListElement\":[{\"@type\":\"ListItem\",\"position\":1,\"name\":\"Home\",\"item\":\"https:\/\/bakrona.ch\/fr\"},{\"@type\":\"ListItem\",\"position\":2,\"name\":\"Compteur de particules Logger Thermocouples Pt100 Laboratoire de etalonnage mesure de humidite\"}]},{\"@type\":\"WebSite\",\"@id\":\"https:\/\/bakrona.ch\/#website\",\"url\":\"https:\/\/bakrona.ch\/\",\"name\":\"Bakrona Messtechnik und Engineering\",\"description\":\"Bakrona Messtechnik &amp; Engineering\",\"publisher\":{\"@id\":\"https:\/\/bakrona.ch\/#organization\"},\"potentialAction\":[{\"@type\":\"SearchAction\",\"target\":{\"@type\":\"EntryPoint\",\"urlTemplate\":\"https:\/\/bakrona.ch\/?s={search_term_string}\"},\"query-input\":{\"@type\":\"PropertyValueSpecification\",\"valueRequired\":true,\"valueName\":\"search_term_string\"}}],\"inLanguage\":\"fr-FR\"},{\"@type\":\"Organization\",\"@id\":\"https:\/\/bakrona.ch\/#organization\",\"name\":\"Bakrona AG\",\"url\":\"https:\/\/bakrona.ch\/\",\"logo\":{\"@type\":\"ImageObject\",\"inLanguage\":\"fr-FR\",\"@id\":\"https:\/\/bakrona.ch\/#\/schema\/logo\/image\/\",\"url\":\"https:\/\/bakrona.ch\/wp-content\/uploads\/2016\/09\/logo-02.png\",\"contentUrl\":\"https:\/\/bakrona.ch\/wp-content\/uploads\/2016\/09\/logo-02.png\",\"width\":2769,\"height\":762,\"caption\":\"Bakrona AG\"},\"image\":{\"@id\":\"https:\/\/bakrona.ch\/#\/schema\/logo\/image\/\"}}]}<\/script>\n<!-- \/ Yoast SEO plugin. -->","yoast_head_json":{"title":"Compteur de particules Datalogger Thermocouples Pt100 \u00c9talonnage","description":"Vente, location & \u00e9talonnage de compteurs de particules. Datalogger et syst\u00e8mes avec thermocouples ou Pt100 pour mesure de temp\u00e9rature, pression et humidit\u00e9","robots":{"index":"index","follow":"follow","max-snippet":"max-snippet:-1","max-image-preview":"max-image-preview:large","max-video-preview":"max-video-preview:-1"},"canonical":"https:\/\/bakrona.ch\/fr","og_locale":"fr_FR","og_type":"article","og_title":"Compteur de particules Datalogger Thermocouples Pt100 \u00c9talonnage","og_description":"Vente, location & \u00e9talonnage de compteurs de particules. Datalogger et syst\u00e8mes avec thermocouples ou Pt100 pour mesure de temp\u00e9rature, pression et humidit\u00e9","og_url":"https:\/\/bakrona.ch\/fr","og_site_name":"BAKRONA AG","article_modified_time":"2021-10-03T12:16:22+00:00","twitter_card":"summary_large_image","twitter_misc":{"Dur\u00e9e de lecture estim\u00e9e":"8 minutes"},"schema":{"@context":"https:\/\/schema.org","@graph":[{"@type":"WebPage","@id":"https:\/\/bakrona.ch\/fr","url":"https:\/\/bakrona.ch\/fr","name":"Compteur de particules Datalogger Thermocouples Pt100 \u00c9talonnage","isPartOf":{"@id":"https:\/\/bakrona.ch\/#website"},"datePublished":"2016-08-30T16:34:52+00:00","dateModified":"2021-10-03T12:16:22+00:00","description":"Vente, location & \u00e9talonnage de compteurs de particules. Datalogger et syst\u00e8mes avec thermocouples ou Pt100 pour mesure de temp\u00e9rature, pression et humidit\u00e9","breadcrumb":{"@id":"https:\/\/bakrona.ch\/fr#breadcrumb"},"inLanguage":"fr-FR","potentialAction":[{"@type":"ReadAction","target":["https:\/\/bakrona.ch\/fr"]}]},{"@type":"BreadcrumbList","@id":"https:\/\/bakrona.ch\/fr#breadcrumb","itemListElement":[{"@type":"ListItem","position":1,"name":"Home","item":"https:\/\/bakrona.ch\/fr"},{"@type":"ListItem","position":2,"name":"Compteur de particules Logger Thermocouples Pt100 Laboratoire de etalonnage mesure de humidite"}]},{"@type":"WebSite","@id":"https:\/\/bakrona.ch\/#website","url":"https:\/\/bakrona.ch\/","name":"Bakrona Messtechnik und Engineering","description":"Bakrona Messtechnik &amp; Engineering","publisher":{"@id":"https:\/\/bakrona.ch\/#organization"},"potentialAction":[{"@type":"SearchAction","target":{"@type":"EntryPoint","urlTemplate":"https:\/\/bakrona.ch\/?s={search_term_string}"},"query-input":{"@type":"PropertyValueSpecification","valueRequired":true,"valueName":"search_term_string"}}],"inLanguage":"fr-FR"},{"@type":"Organization","@id":"https:\/\/bakrona.ch\/#organization","name":"Bakrona AG","url":"https:\/\/bakrona.ch\/","logo":{"@type":"ImageObject","inLanguage":"fr-FR","@id":"https:\/\/bakrona.ch\/#\/schema\/logo\/image\/","url":"https:\/\/bakrona.ch\/wp-content\/uploads\/2016\/09\/logo-02.png","contentUrl":"https:\/\/bakrona.ch\/wp-content\/uploads\/2016\/09\/logo-02.png","width":2769,"height":762,"caption":"Bakrona AG"},"image":{"@id":"https:\/\/bakrona.ch\/#\/schema\/logo\/image\/"}}]}},"_links":{"self":[{"href":"https:\/\/bakrona.ch\/fr\/wp-json\/wp\/v2\/pages\/9893","targetHints":{"allow":["GET"]}}],"collection":[{"href":"https:\/\/bakrona.ch\/fr\/wp-json\/wp\/v2\/pages"}],"about":[{"href":"https:\/\/bakrona.ch\/fr\/wp-json\/wp\/v2\/types\/page"}],"author":[{"embeddable":true,"href":"https:\/\/bakrona.ch\/fr\/wp-json\/wp\/v2\/users\/1"}],"replies":[{"embeddable":true,"href":"https:\/\/bakrona.ch\/fr\/wp-json\/wp\/v2\/comments?post=9893"}],"version-history":[{"count":44,"href":"https:\/\/bakrona.ch\/fr\/wp-json\/wp\/v2\/pages\/9893\/revisions"}],"predecessor-version":[{"id":16171,"href":"https:\/\/bakrona.ch\/fr\/wp-json\/wp\/v2\/pages\/9893\/revisions\/16171"}],"wp:attachment":[{"href":"https:\/\/bakrona.ch\/fr\/wp-json\/wp\/v2\/media?parent=9893"}],"curies":[{"name":"wp","href":"https:\/\/api.w.org\/{rel}","templated":true}]}}