{"id":9806,"date":"2016-08-29T13:04:27","date_gmt":"2016-08-29T13:04:27","guid":{"rendered":"http:\/\/194.126.200.62\/~bakronat\/?page_id=9806&#038;lang=fr"},"modified":"2020-09-25T19:29:04","modified_gmt":"2020-09-25T19:29:04","slug":"validation-thermique","status":"publish","type":"page","link":"https:\/\/bakrona.ch\/fr\/validation-thermique","title":{"rendered":"VALIDATION THERMIQUE"},"content":{"rendered":"<div id=\"cs-content\" class=\"cs-content\"><\/div>\n","protected":false},"excerpt":{"rendered":"<p>VALIDATION D\u2018AUTOCLAVES ET DE PROC\u00c9D\u00c9S THERMIQUESBakrona fournit des syst\u00e8mes de validation d\u2018Ellab pour la validation d\u2019autoclaves \u00e0 vapeur et d\u2019autres proc\u00e9d\u00e9s thermiques, dans une plage de temp\u00e9rature de -100 \u00b0C \u00e0 400 \u00b0C.Contact&nbsp;SYST\u00c8MES DE VALIDATION AVEC DATALOGGERS SANS FILS OU THERMOCOUPLES Gr\u00e2ce \u00e0 sa longue exp\u00e9rience dans la mesure de temp\u00e9rature et dans les technologies innovantes, Ellab est un leader &#8230; <\/p>\n<div><a href=\"https:\/\/bakrona.ch\/fr\/validation-thermique\" class=\"more-link\">Read More<\/a><\/div>\n","protected":false},"author":1,"featured_media":0,"parent":0,"menu_order":1,"comment_status":"closed","ping_status":"closed","template":"template-blank-4.php","meta":{"footnotes":""},"class_list":["post-9806","page","type-page","status-publish","hentry","no-post-thumbnail"],"yoast_head":"<!-- This site is optimized with the Yoast SEO plugin v25.8 - https:\/\/yoast.com\/wordpress\/plugins\/seo\/ -->\n<title>VALIDATION THERMIQUE - BAKRONA AG<\/title>\n<meta name=\"robots\" content=\"index, follow, max-snippet:-1, max-image-preview:large, max-video-preview:-1\" \/>\n<link rel=\"canonical\" href=\"https:\/\/bakrona.ch\/fr\/validation-thermique\" \/>\n<meta property=\"og:locale\" content=\"fr_FR\" \/>\n<meta property=\"og:type\" content=\"article\" \/>\n<meta property=\"og:title\" content=\"VALIDATION THERMIQUE - BAKRONA AG\" \/>\n<meta property=\"og:description\" content=\"VALIDATION D\u2018AUTOCLAVES ET DE PROC\u00c9D\u00c9S THERMIQUESBakrona fournit des syst\u00e8mes de validation d\u2018Ellab pour la validation d\u2019autoclaves \u00e0 vapeur et d\u2019autres proc\u00e9d\u00e9s thermiques, dans une plage de temp\u00e9rature de -100 \u00b0C \u00e0 400 \u00b0C.Contact&nbsp;SYST\u00c8MES DE VALIDATION AVEC DATALOGGERS SANS FILS OU THERMOCOUPLES Gr\u00e2ce \u00e0 sa longue exp\u00e9rience dans la mesure de temp\u00e9rature et dans les technologies innovantes, Ellab est un leader ... Read More\" \/>\n<meta property=\"og:url\" content=\"https:\/\/bakrona.ch\/fr\/validation-thermique\" \/>\n<meta property=\"og:site_name\" content=\"BAKRONA AG\" \/>\n<meta property=\"article:modified_time\" content=\"2020-09-25T19:29:04+00:00\" \/>\n<meta property=\"og:image\" content=\"http:\/\/bakrona.ch\/wp-content\/uploads\/2015\/12\/Datenlogger-TrackSense.jpg\" \/>\n<meta name=\"twitter:card\" content=\"summary_large_image\" \/>\n<meta name=\"twitter:label1\" content=\"Dur\u00e9e de lecture estim\u00e9e\" \/>\n\t<meta name=\"twitter:data1\" content=\"10 minutes\" \/>\n<script type=\"application\/ld+json\" class=\"yoast-schema-graph\">{\"@context\":\"https:\/\/schema.org\",\"@graph\":[{\"@type\":\"WebPage\",\"@id\":\"https:\/\/bakrona.ch\/fr\/validation-thermique\",\"url\":\"https:\/\/bakrona.ch\/fr\/validation-thermique\",\"name\":\"VALIDATION THERMIQUE - BAKRONA AG\",\"isPartOf\":{\"@id\":\"https:\/\/bakrona.ch\/#website\"},\"primaryImageOfPage\":{\"@id\":\"https:\/\/bakrona.ch\/fr\/validation-thermique#primaryimage\"},\"image\":{\"@id\":\"https:\/\/bakrona.ch\/fr\/validation-thermique#primaryimage\"},\"thumbnailUrl\":\"http:\/\/bakrona.ch\/wp-content\/uploads\/2015\/12\/Datenlogger-TrackSense.jpg\",\"datePublished\":\"2016-08-29T13:04:27+00:00\",\"dateModified\":\"2020-09-25T19:29:04+00:00\",\"breadcrumb\":{\"@id\":\"https:\/\/bakrona.ch\/fr\/validation-thermique#breadcrumb\"},\"inLanguage\":\"fr-FR\",\"potentialAction\":[{\"@type\":\"ReadAction\",\"target\":[\"https:\/\/bakrona.ch\/fr\/validation-thermique\"]}]},{\"@type\":\"ImageObject\",\"inLanguage\":\"fr-FR\",\"@id\":\"https:\/\/bakrona.ch\/fr\/validation-thermique#primaryimage\",\"url\":\"http:\/\/bakrona.ch\/wp-content\/uploads\/2015\/12\/Datenlogger-TrackSense.jpg\",\"contentUrl\":\"http:\/\/bakrona.ch\/wp-content\/uploads\/2015\/12\/Datenlogger-TrackSense.jpg\"},{\"@type\":\"BreadcrumbList\",\"@id\":\"https:\/\/bakrona.ch\/fr\/validation-thermique#breadcrumb\",\"itemListElement\":[{\"@type\":\"ListItem\",\"position\":1,\"name\":\"Home\",\"item\":\"https:\/\/bakrona.ch\/fr\"},{\"@type\":\"ListItem\",\"position\":2,\"name\":\"VALIDATION THERMIQUE\"}]},{\"@type\":\"WebSite\",\"@id\":\"https:\/\/bakrona.ch\/#website\",\"url\":\"https:\/\/bakrona.ch\/\",\"name\":\"Bakrona Messtechnik und Engineering\",\"description\":\"Bakrona Messtechnik &amp; Engineering\",\"publisher\":{\"@id\":\"https:\/\/bakrona.ch\/#organization\"},\"potentialAction\":[{\"@type\":\"SearchAction\",\"target\":{\"@type\":\"EntryPoint\",\"urlTemplate\":\"https:\/\/bakrona.ch\/?s={search_term_string}\"},\"query-input\":{\"@type\":\"PropertyValueSpecification\",\"valueRequired\":true,\"valueName\":\"search_term_string\"}}],\"inLanguage\":\"fr-FR\"},{\"@type\":\"Organization\",\"@id\":\"https:\/\/bakrona.ch\/#organization\",\"name\":\"Bakrona AG\",\"url\":\"https:\/\/bakrona.ch\/\",\"logo\":{\"@type\":\"ImageObject\",\"inLanguage\":\"fr-FR\",\"@id\":\"https:\/\/bakrona.ch\/#\/schema\/logo\/image\/\",\"url\":\"https:\/\/bakrona.ch\/wp-content\/uploads\/2016\/09\/logo-02.png\",\"contentUrl\":\"https:\/\/bakrona.ch\/wp-content\/uploads\/2016\/09\/logo-02.png\",\"width\":2769,\"height\":762,\"caption\":\"Bakrona AG\"},\"image\":{\"@id\":\"https:\/\/bakrona.ch\/#\/schema\/logo\/image\/\"}}]}<\/script>\n<!-- \/ Yoast SEO plugin. -->","yoast_head_json":{"title":"VALIDATION THERMIQUE - BAKRONA AG","robots":{"index":"index","follow":"follow","max-snippet":"max-snippet:-1","max-image-preview":"max-image-preview:large","max-video-preview":"max-video-preview:-1"},"canonical":"https:\/\/bakrona.ch\/fr\/validation-thermique","og_locale":"fr_FR","og_type":"article","og_title":"VALIDATION THERMIQUE - BAKRONA AG","og_description":"VALIDATION D\u2018AUTOCLAVES ET DE PROC\u00c9D\u00c9S THERMIQUESBakrona fournit des syst\u00e8mes de validation d\u2018Ellab pour la validation d\u2019autoclaves \u00e0 vapeur et d\u2019autres proc\u00e9d\u00e9s thermiques, dans une plage de temp\u00e9rature de -100 \u00b0C \u00e0 400 \u00b0C.Contact&nbsp;SYST\u00c8MES DE VALIDATION AVEC DATALOGGERS SANS FILS OU THERMOCOUPLES Gr\u00e2ce \u00e0 sa longue exp\u00e9rience dans la mesure de temp\u00e9rature et dans les technologies innovantes, Ellab est un leader ... Read More","og_url":"https:\/\/bakrona.ch\/fr\/validation-thermique","og_site_name":"BAKRONA AG","article_modified_time":"2020-09-25T19:29:04+00:00","og_image":[{"url":"http:\/\/bakrona.ch\/wp-content\/uploads\/2015\/12\/Datenlogger-TrackSense.jpg","type":"","width":"","height":""}],"twitter_card":"summary_large_image","twitter_misc":{"Dur\u00e9e de lecture estim\u00e9e":"10 minutes"},"schema":{"@context":"https:\/\/schema.org","@graph":[{"@type":"WebPage","@id":"https:\/\/bakrona.ch\/fr\/validation-thermique","url":"https:\/\/bakrona.ch\/fr\/validation-thermique","name":"VALIDATION THERMIQUE - BAKRONA AG","isPartOf":{"@id":"https:\/\/bakrona.ch\/#website"},"primaryImageOfPage":{"@id":"https:\/\/bakrona.ch\/fr\/validation-thermique#primaryimage"},"image":{"@id":"https:\/\/bakrona.ch\/fr\/validation-thermique#primaryimage"},"thumbnailUrl":"http:\/\/bakrona.ch\/wp-content\/uploads\/2015\/12\/Datenlogger-TrackSense.jpg","datePublished":"2016-08-29T13:04:27+00:00","dateModified":"2020-09-25T19:29:04+00:00","breadcrumb":{"@id":"https:\/\/bakrona.ch\/fr\/validation-thermique#breadcrumb"},"inLanguage":"fr-FR","potentialAction":[{"@type":"ReadAction","target":["https:\/\/bakrona.ch\/fr\/validation-thermique"]}]},{"@type":"ImageObject","inLanguage":"fr-FR","@id":"https:\/\/bakrona.ch\/fr\/validation-thermique#primaryimage","url":"http:\/\/bakrona.ch\/wp-content\/uploads\/2015\/12\/Datenlogger-TrackSense.jpg","contentUrl":"http:\/\/bakrona.ch\/wp-content\/uploads\/2015\/12\/Datenlogger-TrackSense.jpg"},{"@type":"BreadcrumbList","@id":"https:\/\/bakrona.ch\/fr\/validation-thermique#breadcrumb","itemListElement":[{"@type":"ListItem","position":1,"name":"Home","item":"https:\/\/bakrona.ch\/fr"},{"@type":"ListItem","position":2,"name":"VALIDATION THERMIQUE"}]},{"@type":"WebSite","@id":"https:\/\/bakrona.ch\/#website","url":"https:\/\/bakrona.ch\/","name":"Bakrona Messtechnik und Engineering","description":"Bakrona Messtechnik &amp; Engineering","publisher":{"@id":"https:\/\/bakrona.ch\/#organization"},"potentialAction":[{"@type":"SearchAction","target":{"@type":"EntryPoint","urlTemplate":"https:\/\/bakrona.ch\/?s={search_term_string}"},"query-input":{"@type":"PropertyValueSpecification","valueRequired":true,"valueName":"search_term_string"}}],"inLanguage":"fr-FR"},{"@type":"Organization","@id":"https:\/\/bakrona.ch\/#organization","name":"Bakrona AG","url":"https:\/\/bakrona.ch\/","logo":{"@type":"ImageObject","inLanguage":"fr-FR","@id":"https:\/\/bakrona.ch\/#\/schema\/logo\/image\/","url":"https:\/\/bakrona.ch\/wp-content\/uploads\/2016\/09\/logo-02.png","contentUrl":"https:\/\/bakrona.ch\/wp-content\/uploads\/2016\/09\/logo-02.png","width":2769,"height":762,"caption":"Bakrona AG"},"image":{"@id":"https:\/\/bakrona.ch\/#\/schema\/logo\/image\/"}}]}},"_links":{"self":[{"href":"https:\/\/bakrona.ch\/fr\/wp-json\/wp\/v2\/pages\/9806","targetHints":{"allow":["GET"]}}],"collection":[{"href":"https:\/\/bakrona.ch\/fr\/wp-json\/wp\/v2\/pages"}],"about":[{"href":"https:\/\/bakrona.ch\/fr\/wp-json\/wp\/v2\/types\/page"}],"author":[{"embeddable":true,"href":"https:\/\/bakrona.ch\/fr\/wp-json\/wp\/v2\/users\/1"}],"replies":[{"embeddable":true,"href":"https:\/\/bakrona.ch\/fr\/wp-json\/wp\/v2\/comments?post=9806"}],"version-history":[{"count":17,"href":"https:\/\/bakrona.ch\/fr\/wp-json\/wp\/v2\/pages\/9806\/revisions"}],"predecessor-version":[{"id":13705,"href":"https:\/\/bakrona.ch\/fr\/wp-json\/wp\/v2\/pages\/9806\/revisions\/13705"}],"wp:attachment":[{"href":"https:\/\/bakrona.ch\/fr\/wp-json\/wp\/v2\/media?parent=9806"}],"curies":[{"name":"wp","href":"https:\/\/api.w.org\/{rel}","templated":true}]}}