{"id":9659,"date":"2016-08-28T16:45:12","date_gmt":"2016-08-28T16:45:12","guid":{"rendered":"http:\/\/194.126.200.62\/~bakronat\/?page_id=9659&#038;lang=fr"},"modified":"2022-05-08T15:42:13","modified_gmt":"2022-05-08T15:42:13","slug":"mesures-de-particules-dans-les-gaz-comprimes","status":"publish","type":"page","link":"https:\/\/bakrona.ch\/fr\/mesure-de-particules\/mesures-de-particules-dans-les-gaz-comprimes","title":{"rendered":"Mesures de particules dans les gaz comprim\u00e9s"},"content":{"rendered":"<div id=\"cs-content\" class=\"cs-content\"><\/div>\n","protected":false},"excerpt":{"rendered":"<p>MESURE DE PARTICULES DANS LES GAZ COMPRIM\u00c9SLes diffuseurs et r\u00e9gulateurs hautes pressions sont utilis\u00e9es pour la mesure de particules dans les gaz comprim\u00e9s comme organe interm\u00e9diaire entre la source de gaz et les compteurs conform\u00e9ment \u00e0 la norme ISO 8573. Le diffuseur haute pression r\u00e9gule la pression en \u00e9vacuant l&rsquo;exc\u00e8s de gaz vers l&rsquo;ext\u00e9rieur. Le r\u00e9gulateur haute pression 1100 utilise &#8230; <\/p>\n<div><a href=\"https:\/\/bakrona.ch\/fr\/mesure-de-particules\/mesures-de-particules-dans-les-gaz-comprimes\" class=\"more-link\">Read More<\/a><\/div>\n","protected":false},"author":1,"featured_media":0,"parent":9534,"menu_order":3,"comment_status":"closed","ping_status":"closed","template":"template-blank-4.php","meta":{"footnotes":""},"class_list":["post-9659","page","type-page","status-publish","hentry","no-post-thumbnail"],"yoast_head":"<!-- This site is optimized with the Yoast SEO plugin v25.8 - https:\/\/yoast.com\/wordpress\/plugins\/seo\/ -->\n<title>Mesures de particules dans les gaz comprim\u00e9 I BAKRONA SA<\/title>\n<meta name=\"description\" content=\"Diffuseurs et r\u00e9gulateurs hautes pressions pour mesure de particules dans les gaz comprim\u00e9s conforme \u00e0 la norme ISO 8573.\" \/>\n<meta name=\"robots\" content=\"index, follow, max-snippet:-1, max-image-preview:large, max-video-preview:-1\" \/>\n<link rel=\"canonical\" href=\"https:\/\/bakrona.ch\/fr\/mesure-de-particules\/mesures-de-particules-dans-les-gaz-comprimes\" \/>\n<meta property=\"og:locale\" content=\"fr_FR\" \/>\n<meta property=\"og:type\" content=\"article\" \/>\n<meta property=\"og:title\" content=\"Mesures de particules dans les gaz comprim\u00e9 I BAKRONA SA\" \/>\n<meta property=\"og:description\" content=\"Diffuseurs et r\u00e9gulateurs hautes pressions pour mesure de particules dans les gaz comprim\u00e9s conforme \u00e0 la norme ISO 8573.\" \/>\n<meta property=\"og:url\" content=\"https:\/\/bakrona.ch\/fr\/mesure-de-particules\/mesures-de-particules-dans-les-gaz-comprimes\" \/>\n<meta property=\"og:site_name\" content=\"BAKRONA AG\" \/>\n<meta property=\"article:modified_time\" content=\"2022-05-08T15:42:13+00:00\" \/>\n<meta name=\"twitter:card\" content=\"summary_large_image\" \/>\n<meta name=\"twitter:label1\" content=\"Dur\u00e9e de lecture estim\u00e9e\" \/>\n\t<meta name=\"twitter:data1\" content=\"4 minutes\" \/>\n<script type=\"application\/ld+json\" class=\"yoast-schema-graph\">{\"@context\":\"https:\/\/schema.org\",\"@graph\":[{\"@type\":\"WebPage\",\"@id\":\"https:\/\/bakrona.ch\/fr\/mesure-de-particules\/mesures-de-particules-dans-les-gaz-comprimes\",\"url\":\"https:\/\/bakrona.ch\/fr\/mesure-de-particules\/mesures-de-particules-dans-les-gaz-comprimes\",\"name\":\"Mesures de particules dans les gaz comprim\u00e9 I BAKRONA SA\",\"isPartOf\":{\"@id\":\"https:\/\/bakrona.ch\/#website\"},\"datePublished\":\"2016-08-28T16:45:12+00:00\",\"dateModified\":\"2022-05-08T15:42:13+00:00\",\"description\":\"Diffuseurs et r\u00e9gulateurs hautes pressions pour mesure de particules dans les gaz comprim\u00e9s conforme \u00e0 la norme ISO 8573.\",\"breadcrumb\":{\"@id\":\"https:\/\/bakrona.ch\/fr\/mesure-de-particules\/mesures-de-particules-dans-les-gaz-comprimes#breadcrumb\"},\"inLanguage\":\"fr-FR\",\"potentialAction\":[{\"@type\":\"ReadAction\",\"target\":[\"https:\/\/bakrona.ch\/fr\/mesure-de-particules\/mesures-de-particules-dans-les-gaz-comprimes\"]}]},{\"@type\":\"BreadcrumbList\",\"@id\":\"https:\/\/bakrona.ch\/fr\/mesure-de-particules\/mesures-de-particules-dans-les-gaz-comprimes#breadcrumb\",\"itemListElement\":[{\"@type\":\"ListItem\",\"position\":1,\"name\":\"Home\",\"item\":\"https:\/\/bakrona.ch\/fr\"},{\"@type\":\"ListItem\",\"position\":2,\"name\":\"MESURE DE PARTICULES\",\"item\":\"https:\/\/bakrona.ch\/fr\/mesure-de-particules\"},{\"@type\":\"ListItem\",\"position\":3,\"name\":\"Mesures de particules dans les gaz comprim\u00e9s\"}]},{\"@type\":\"WebSite\",\"@id\":\"https:\/\/bakrona.ch\/#website\",\"url\":\"https:\/\/bakrona.ch\/\",\"name\":\"Bakrona Messtechnik und Engineering\",\"description\":\"Bakrona Messtechnik &amp; Engineering\",\"publisher\":{\"@id\":\"https:\/\/bakrona.ch\/#organization\"},\"potentialAction\":[{\"@type\":\"SearchAction\",\"target\":{\"@type\":\"EntryPoint\",\"urlTemplate\":\"https:\/\/bakrona.ch\/?s={search_term_string}\"},\"query-input\":{\"@type\":\"PropertyValueSpecification\",\"valueRequired\":true,\"valueName\":\"search_term_string\"}}],\"inLanguage\":\"fr-FR\"},{\"@type\":\"Organization\",\"@id\":\"https:\/\/bakrona.ch\/#organization\",\"name\":\"Bakrona AG\",\"url\":\"https:\/\/bakrona.ch\/\",\"logo\":{\"@type\":\"ImageObject\",\"inLanguage\":\"fr-FR\",\"@id\":\"https:\/\/bakrona.ch\/#\/schema\/logo\/image\/\",\"url\":\"https:\/\/bakrona.ch\/wp-content\/uploads\/2016\/09\/logo-02.png\",\"contentUrl\":\"https:\/\/bakrona.ch\/wp-content\/uploads\/2016\/09\/logo-02.png\",\"width\":2769,\"height\":762,\"caption\":\"Bakrona AG\"},\"image\":{\"@id\":\"https:\/\/bakrona.ch\/#\/schema\/logo\/image\/\"}}]}<\/script>\n<!-- \/ Yoast SEO plugin. -->","yoast_head_json":{"title":"Mesures de particules dans les gaz comprim\u00e9 I BAKRONA SA","description":"Diffuseurs et r\u00e9gulateurs hautes pressions pour mesure de particules dans les gaz comprim\u00e9s conforme \u00e0 la norme ISO 8573.","robots":{"index":"index","follow":"follow","max-snippet":"max-snippet:-1","max-image-preview":"max-image-preview:large","max-video-preview":"max-video-preview:-1"},"canonical":"https:\/\/bakrona.ch\/fr\/mesure-de-particules\/mesures-de-particules-dans-les-gaz-comprimes","og_locale":"fr_FR","og_type":"article","og_title":"Mesures de particules dans les gaz comprim\u00e9 I BAKRONA SA","og_description":"Diffuseurs et r\u00e9gulateurs hautes pressions pour mesure de particules dans les gaz comprim\u00e9s conforme \u00e0 la norme ISO 8573.","og_url":"https:\/\/bakrona.ch\/fr\/mesure-de-particules\/mesures-de-particules-dans-les-gaz-comprimes","og_site_name":"BAKRONA AG","article_modified_time":"2022-05-08T15:42:13+00:00","twitter_card":"summary_large_image","twitter_misc":{"Dur\u00e9e de lecture estim\u00e9e":"4 minutes"},"schema":{"@context":"https:\/\/schema.org","@graph":[{"@type":"WebPage","@id":"https:\/\/bakrona.ch\/fr\/mesure-de-particules\/mesures-de-particules-dans-les-gaz-comprimes","url":"https:\/\/bakrona.ch\/fr\/mesure-de-particules\/mesures-de-particules-dans-les-gaz-comprimes","name":"Mesures de particules dans les gaz comprim\u00e9 I BAKRONA SA","isPartOf":{"@id":"https:\/\/bakrona.ch\/#website"},"datePublished":"2016-08-28T16:45:12+00:00","dateModified":"2022-05-08T15:42:13+00:00","description":"Diffuseurs et r\u00e9gulateurs hautes pressions pour mesure de particules dans les gaz comprim\u00e9s conforme \u00e0 la norme ISO 8573.","breadcrumb":{"@id":"https:\/\/bakrona.ch\/fr\/mesure-de-particules\/mesures-de-particules-dans-les-gaz-comprimes#breadcrumb"},"inLanguage":"fr-FR","potentialAction":[{"@type":"ReadAction","target":["https:\/\/bakrona.ch\/fr\/mesure-de-particules\/mesures-de-particules-dans-les-gaz-comprimes"]}]},{"@type":"BreadcrumbList","@id":"https:\/\/bakrona.ch\/fr\/mesure-de-particules\/mesures-de-particules-dans-les-gaz-comprimes#breadcrumb","itemListElement":[{"@type":"ListItem","position":1,"name":"Home","item":"https:\/\/bakrona.ch\/fr"},{"@type":"ListItem","position":2,"name":"MESURE DE PARTICULES","item":"https:\/\/bakrona.ch\/fr\/mesure-de-particules"},{"@type":"ListItem","position":3,"name":"Mesures de particules dans les gaz comprim\u00e9s"}]},{"@type":"WebSite","@id":"https:\/\/bakrona.ch\/#website","url":"https:\/\/bakrona.ch\/","name":"Bakrona Messtechnik und Engineering","description":"Bakrona Messtechnik &amp; Engineering","publisher":{"@id":"https:\/\/bakrona.ch\/#organization"},"potentialAction":[{"@type":"SearchAction","target":{"@type":"EntryPoint","urlTemplate":"https:\/\/bakrona.ch\/?s={search_term_string}"},"query-input":{"@type":"PropertyValueSpecification","valueRequired":true,"valueName":"search_term_string"}}],"inLanguage":"fr-FR"},{"@type":"Organization","@id":"https:\/\/bakrona.ch\/#organization","name":"Bakrona AG","url":"https:\/\/bakrona.ch\/","logo":{"@type":"ImageObject","inLanguage":"fr-FR","@id":"https:\/\/bakrona.ch\/#\/schema\/logo\/image\/","url":"https:\/\/bakrona.ch\/wp-content\/uploads\/2016\/09\/logo-02.png","contentUrl":"https:\/\/bakrona.ch\/wp-content\/uploads\/2016\/09\/logo-02.png","width":2769,"height":762,"caption":"Bakrona AG"},"image":{"@id":"https:\/\/bakrona.ch\/#\/schema\/logo\/image\/"}}]}},"_links":{"self":[{"href":"https:\/\/bakrona.ch\/fr\/wp-json\/wp\/v2\/pages\/9659","targetHints":{"allow":["GET"]}}],"collection":[{"href":"https:\/\/bakrona.ch\/fr\/wp-json\/wp\/v2\/pages"}],"about":[{"href":"https:\/\/bakrona.ch\/fr\/wp-json\/wp\/v2\/types\/page"}],"author":[{"embeddable":true,"href":"https:\/\/bakrona.ch\/fr\/wp-json\/wp\/v2\/users\/1"}],"replies":[{"embeddable":true,"href":"https:\/\/bakrona.ch\/fr\/wp-json\/wp\/v2\/comments?post=9659"}],"version-history":[{"count":19,"href":"https:\/\/bakrona.ch\/fr\/wp-json\/wp\/v2\/pages\/9659\/revisions"}],"predecessor-version":[{"id":17696,"href":"https:\/\/bakrona.ch\/fr\/wp-json\/wp\/v2\/pages\/9659\/revisions\/17696"}],"up":[{"embeddable":true,"href":"https:\/\/bakrona.ch\/fr\/wp-json\/wp\/v2\/pages\/9534"}],"wp:attachment":[{"href":"https:\/\/bakrona.ch\/fr\/wp-json\/wp\/v2\/media?parent=9659"}],"curies":[{"name":"wp","href":"https:\/\/api.w.org\/{rel}","templated":true}]}}