{"id":9643,"date":"2016-08-28T14:14:52","date_gmt":"2016-08-28T14:14:52","guid":{"rendered":"http:\/\/194.126.200.62\/~bakronat\/?page_id=9643&#038;lang=fr"},"modified":"2022-05-03T09:46:21","modified_gmt":"2022-05-03T09:46:21","slug":"detecteur-de-particules-remote-1104ld","status":"publish","type":"page","link":"https:\/\/bakrona.ch\/fr\/mesure-de-particules\/detecteur-de-particules-remote-1104ld","title":{"rendered":"D\u00e9tecteur de Particules Remote 1104LD"},"content":{"rendered":"<div id=\"cs-content\" class=\"cs-content\"><\/div>\n","protected":false},"excerpt":{"rendered":"<p>D\u00c9TECTEUR DE PARTICULES REMOTE 1104LDCompteur de particules pour acquisition de donn\u00e9es \u00e0 partir de 0.10 \u00b5m. REMOTE 1104LD est le plus petit compteur de particule install\u00e9 en fixe \u00e0 base d\u2019une diode laser ayant une sensibilit\u00e9 de 0,10 micron et un d\u00e9bit \u00e9lev\u00e9 de 28,3 l\/min (1 cfm). La technologie de diode laser moderne et de longue dur\u00e9e permet des &#8230; <\/p>\n<div><a href=\"https:\/\/bakrona.ch\/fr\/mesure-de-particules\/detecteur-de-particules-remote-1104ld\" class=\"more-link\">Read More<\/a><\/div>\n","protected":false},"author":1,"featured_media":0,"parent":9534,"menu_order":4,"comment_status":"closed","ping_status":"closed","template":"template-blank-4.php","meta":{"footnotes":""},"class_list":["post-9643","page","type-page","status-publish","hentry","no-post-thumbnail"],"yoast_head":"<!-- This site is optimized with the Yoast SEO plugin v25.8 - https:\/\/yoast.com\/wordpress\/plugins\/seo\/ -->\n<title>D\u00e9tecteur de Particules Remote 1104LD - BAKRONA AG<\/title>\n<meta name=\"robots\" content=\"index, follow, max-snippet:-1, max-image-preview:large, max-video-preview:-1\" \/>\n<link rel=\"canonical\" href=\"https:\/\/bakrona.ch\/fr\/mesure-de-particules\/detecteur-de-particules-remote-1104ld\" \/>\n<meta property=\"og:locale\" content=\"fr_FR\" \/>\n<meta property=\"og:type\" content=\"article\" \/>\n<meta property=\"og:title\" content=\"D\u00e9tecteur de Particules Remote 1104LD - BAKRONA AG\" \/>\n<meta property=\"og:description\" content=\"D\u00c9TECTEUR DE PARTICULES REMOTE 1104LDCompteur de particules pour acquisition de donn\u00e9es \u00e0 partir de 0.10 \u00b5m. REMOTE 1104LD est le plus petit compteur de particule install\u00e9 en fixe \u00e0 base d\u2019une diode laser ayant une sensibilit\u00e9 de 0,10 micron et un d\u00e9bit \u00e9lev\u00e9 de 28,3 l\/min (1 cfm). La technologie de diode laser moderne et de longue dur\u00e9e permet des ... Read More\" \/>\n<meta property=\"og:url\" content=\"https:\/\/bakrona.ch\/fr\/mesure-de-particules\/detecteur-de-particules-remote-1104ld\" \/>\n<meta property=\"og:site_name\" content=\"BAKRONA AG\" \/>\n<meta property=\"article:modified_time\" content=\"2022-05-03T09:46:21+00:00\" \/>\n<meta name=\"twitter:card\" content=\"summary_large_image\" \/>\n<meta name=\"twitter:label1\" content=\"Dur\u00e9e de lecture estim\u00e9e\" \/>\n\t<meta name=\"twitter:data1\" content=\"4 minutes\" \/>\n<script type=\"application\/ld+json\" class=\"yoast-schema-graph\">{\"@context\":\"https:\/\/schema.org\",\"@graph\":[{\"@type\":\"WebPage\",\"@id\":\"https:\/\/bakrona.ch\/fr\/mesure-de-particules\/detecteur-de-particules-remote-1104ld\",\"url\":\"https:\/\/bakrona.ch\/fr\/mesure-de-particules\/detecteur-de-particules-remote-1104ld\",\"name\":\"D\u00e9tecteur de Particules Remote 1104LD - BAKRONA AG\",\"isPartOf\":{\"@id\":\"https:\/\/bakrona.ch\/#website\"},\"datePublished\":\"2016-08-28T14:14:52+00:00\",\"dateModified\":\"2022-05-03T09:46:21+00:00\",\"breadcrumb\":{\"@id\":\"https:\/\/bakrona.ch\/fr\/mesure-de-particules\/detecteur-de-particules-remote-1104ld#breadcrumb\"},\"inLanguage\":\"fr-FR\",\"potentialAction\":[{\"@type\":\"ReadAction\",\"target\":[\"https:\/\/bakrona.ch\/fr\/mesure-de-particules\/detecteur-de-particules-remote-1104ld\"]}]},{\"@type\":\"BreadcrumbList\",\"@id\":\"https:\/\/bakrona.ch\/fr\/mesure-de-particules\/detecteur-de-particules-remote-1104ld#breadcrumb\",\"itemListElement\":[{\"@type\":\"ListItem\",\"position\":1,\"name\":\"Home\",\"item\":\"https:\/\/bakrona.ch\/fr\"},{\"@type\":\"ListItem\",\"position\":2,\"name\":\"MESURE DE PARTICULES\",\"item\":\"https:\/\/bakrona.ch\/fr\/mesure-de-particules\"},{\"@type\":\"ListItem\",\"position\":3,\"name\":\"D\u00e9tecteur de Particules Remote 1104LD\"}]},{\"@type\":\"WebSite\",\"@id\":\"https:\/\/bakrona.ch\/#website\",\"url\":\"https:\/\/bakrona.ch\/\",\"name\":\"Bakrona Messtechnik und Engineering\",\"description\":\"Bakrona Messtechnik &amp; Engineering\",\"publisher\":{\"@id\":\"https:\/\/bakrona.ch\/#organization\"},\"potentialAction\":[{\"@type\":\"SearchAction\",\"target\":{\"@type\":\"EntryPoint\",\"urlTemplate\":\"https:\/\/bakrona.ch\/?s={search_term_string}\"},\"query-input\":{\"@type\":\"PropertyValueSpecification\",\"valueRequired\":true,\"valueName\":\"search_term_string\"}}],\"inLanguage\":\"fr-FR\"},{\"@type\":\"Organization\",\"@id\":\"https:\/\/bakrona.ch\/#organization\",\"name\":\"Bakrona AG\",\"url\":\"https:\/\/bakrona.ch\/\",\"logo\":{\"@type\":\"ImageObject\",\"inLanguage\":\"fr-FR\",\"@id\":\"https:\/\/bakrona.ch\/#\/schema\/logo\/image\/\",\"url\":\"https:\/\/bakrona.ch\/wp-content\/uploads\/2016\/09\/logo-02.png\",\"contentUrl\":\"https:\/\/bakrona.ch\/wp-content\/uploads\/2016\/09\/logo-02.png\",\"width\":2769,\"height\":762,\"caption\":\"Bakrona AG\"},\"image\":{\"@id\":\"https:\/\/bakrona.ch\/#\/schema\/logo\/image\/\"}}]}<\/script>\n<!-- \/ Yoast SEO plugin. -->","yoast_head_json":{"title":"D\u00e9tecteur de Particules Remote 1104LD - BAKRONA AG","robots":{"index":"index","follow":"follow","max-snippet":"max-snippet:-1","max-image-preview":"max-image-preview:large","max-video-preview":"max-video-preview:-1"},"canonical":"https:\/\/bakrona.ch\/fr\/mesure-de-particules\/detecteur-de-particules-remote-1104ld","og_locale":"fr_FR","og_type":"article","og_title":"D\u00e9tecteur de Particules Remote 1104LD - BAKRONA AG","og_description":"D\u00c9TECTEUR DE PARTICULES REMOTE 1104LDCompteur de particules pour acquisition de donn\u00e9es \u00e0 partir de 0.10 \u00b5m. REMOTE 1104LD est le plus petit compteur de particule install\u00e9 en fixe \u00e0 base d\u2019une diode laser ayant une sensibilit\u00e9 de 0,10 micron et un d\u00e9bit \u00e9lev\u00e9 de 28,3 l\/min (1 cfm). La technologie de diode laser moderne et de longue dur\u00e9e permet des ... Read More","og_url":"https:\/\/bakrona.ch\/fr\/mesure-de-particules\/detecteur-de-particules-remote-1104ld","og_site_name":"BAKRONA AG","article_modified_time":"2022-05-03T09:46:21+00:00","twitter_card":"summary_large_image","twitter_misc":{"Dur\u00e9e de lecture estim\u00e9e":"4 minutes"},"schema":{"@context":"https:\/\/schema.org","@graph":[{"@type":"WebPage","@id":"https:\/\/bakrona.ch\/fr\/mesure-de-particules\/detecteur-de-particules-remote-1104ld","url":"https:\/\/bakrona.ch\/fr\/mesure-de-particules\/detecteur-de-particules-remote-1104ld","name":"D\u00e9tecteur de Particules Remote 1104LD - BAKRONA AG","isPartOf":{"@id":"https:\/\/bakrona.ch\/#website"},"datePublished":"2016-08-28T14:14:52+00:00","dateModified":"2022-05-03T09:46:21+00:00","breadcrumb":{"@id":"https:\/\/bakrona.ch\/fr\/mesure-de-particules\/detecteur-de-particules-remote-1104ld#breadcrumb"},"inLanguage":"fr-FR","potentialAction":[{"@type":"ReadAction","target":["https:\/\/bakrona.ch\/fr\/mesure-de-particules\/detecteur-de-particules-remote-1104ld"]}]},{"@type":"BreadcrumbList","@id":"https:\/\/bakrona.ch\/fr\/mesure-de-particules\/detecteur-de-particules-remote-1104ld#breadcrumb","itemListElement":[{"@type":"ListItem","position":1,"name":"Home","item":"https:\/\/bakrona.ch\/fr"},{"@type":"ListItem","position":2,"name":"MESURE DE PARTICULES","item":"https:\/\/bakrona.ch\/fr\/mesure-de-particules"},{"@type":"ListItem","position":3,"name":"D\u00e9tecteur de Particules Remote 1104LD"}]},{"@type":"WebSite","@id":"https:\/\/bakrona.ch\/#website","url":"https:\/\/bakrona.ch\/","name":"Bakrona Messtechnik und Engineering","description":"Bakrona Messtechnik &amp; Engineering","publisher":{"@id":"https:\/\/bakrona.ch\/#organization"},"potentialAction":[{"@type":"SearchAction","target":{"@type":"EntryPoint","urlTemplate":"https:\/\/bakrona.ch\/?s={search_term_string}"},"query-input":{"@type":"PropertyValueSpecification","valueRequired":true,"valueName":"search_term_string"}}],"inLanguage":"fr-FR"},{"@type":"Organization","@id":"https:\/\/bakrona.ch\/#organization","name":"Bakrona AG","url":"https:\/\/bakrona.ch\/","logo":{"@type":"ImageObject","inLanguage":"fr-FR","@id":"https:\/\/bakrona.ch\/#\/schema\/logo\/image\/","url":"https:\/\/bakrona.ch\/wp-content\/uploads\/2016\/09\/logo-02.png","contentUrl":"https:\/\/bakrona.ch\/wp-content\/uploads\/2016\/09\/logo-02.png","width":2769,"height":762,"caption":"Bakrona AG"},"image":{"@id":"https:\/\/bakrona.ch\/#\/schema\/logo\/image\/"}}]}},"_links":{"self":[{"href":"https:\/\/bakrona.ch\/fr\/wp-json\/wp\/v2\/pages\/9643","targetHints":{"allow":["GET"]}}],"collection":[{"href":"https:\/\/bakrona.ch\/fr\/wp-json\/wp\/v2\/pages"}],"about":[{"href":"https:\/\/bakrona.ch\/fr\/wp-json\/wp\/v2\/types\/page"}],"author":[{"embeddable":true,"href":"https:\/\/bakrona.ch\/fr\/wp-json\/wp\/v2\/users\/1"}],"replies":[{"embeddable":true,"href":"https:\/\/bakrona.ch\/fr\/wp-json\/wp\/v2\/comments?post=9643"}],"version-history":[{"count":14,"href":"https:\/\/bakrona.ch\/fr\/wp-json\/wp\/v2\/pages\/9643\/revisions"}],"predecessor-version":[{"id":17637,"href":"https:\/\/bakrona.ch\/fr\/wp-json\/wp\/v2\/pages\/9643\/revisions\/17637"}],"up":[{"embeddable":true,"href":"https:\/\/bakrona.ch\/fr\/wp-json\/wp\/v2\/pages\/9534"}],"wp:attachment":[{"href":"https:\/\/bakrona.ch\/fr\/wp-json\/wp\/v2\/media?parent=9643"}],"curies":[{"name":"wp","href":"https:\/\/api.w.org\/{rel}","templated":true}]}}