{"id":9616,"date":"2016-08-28T13:16:43","date_gmt":"2016-08-28T13:16:43","guid":{"rendered":"http:\/\/194.126.200.62\/~bakronat\/?page_id=9616&#038;lang=fr"},"modified":"2022-05-02T11:13:37","modified_gmt":"2022-05-02T11:13:37","slug":"compteur-de-particules-apex-remote","status":"publish","type":"page","link":"https:\/\/bakrona.ch\/fr\/mesure-de-particules\/compteur-de-particules-apex-remote","title":{"rendered":"Compteur de particules APEX Remote"},"content":{"rendered":"<div id=\"cs-content\" class=\"cs-content\"><\/div>\n","protected":false},"excerpt":{"rendered":"<p>COMPTEUR DE PARTICULES APEX REMOTE POUR LA MESURE DES PARTICULES EN CONTINUELes appareils de la s\u00e9rie APEX Remote repr\u00e9sentent une solution \u00e9conomique pour la surveillance de particules en continu. Ils sont utilis\u00e9s dans toutes les industries pour le contr\u00f4le de processus et la surveillance d&rsquo;environnements. Le choix des points de mesure est r\u00e9alis\u00e9 suivant une analyse de risque, une connexion &#8230; <\/p>\n<div><a href=\"https:\/\/bakrona.ch\/fr\/mesure-de-particules\/compteur-de-particules-apex-remote\" class=\"more-link\">Read More<\/a><\/div>\n","protected":false},"author":1,"featured_media":0,"parent":9534,"menu_order":0,"comment_status":"closed","ping_status":"closed","template":"template-blank-4.php","meta":{"footnotes":""},"class_list":["post-9616","page","type-page","status-publish","hentry","no-post-thumbnail"],"yoast_head":"<!-- This site is optimized with the Yoast SEO plugin v25.8 - https:\/\/yoast.com\/wordpress\/plugins\/seo\/ -->\n<title>Compteur de particules Lighthouse APEX Remote<\/title>\n<meta name=\"robots\" content=\"index, follow, max-snippet:-1, max-image-preview:large, max-video-preview:-1\" \/>\n<link rel=\"canonical\" href=\"https:\/\/bakrona.ch\/fr\/mesure-de-particules\/compteur-de-particules-apex-remote\" \/>\n<meta property=\"og:locale\" content=\"fr_FR\" \/>\n<meta property=\"og:type\" content=\"article\" \/>\n<meta property=\"og:title\" content=\"Compteur de particules Lighthouse APEX Remote\" \/>\n<meta property=\"og:description\" content=\"COMPTEUR DE PARTICULES APEX REMOTE POUR LA MESURE DES PARTICULES EN CONTINUELes appareils de la s\u00e9rie APEX Remote repr\u00e9sentent une solution \u00e9conomique pour la surveillance de particules en continu. Ils sont utilis\u00e9s dans toutes les industries pour le contr\u00f4le de processus et la surveillance d&#039;environnements. Le choix des points de mesure est r\u00e9alis\u00e9 suivant une analyse de risque, une connexion ... Read More\" \/>\n<meta property=\"og:url\" content=\"https:\/\/bakrona.ch\/fr\/mesure-de-particules\/compteur-de-particules-apex-remote\" \/>\n<meta property=\"og:site_name\" content=\"BAKRONA AG\" \/>\n<meta property=\"article:modified_time\" content=\"2022-05-02T11:13:37+00:00\" \/>\n<meta name=\"twitter:card\" content=\"summary_large_image\" \/>\n<meta name=\"twitter:label1\" content=\"Dur\u00e9e de lecture estim\u00e9e\" \/>\n\t<meta name=\"twitter:data1\" content=\"6 minutes\" \/>\n<script type=\"application\/ld+json\" class=\"yoast-schema-graph\">{\"@context\":\"https:\/\/schema.org\",\"@graph\":[{\"@type\":\"WebPage\",\"@id\":\"https:\/\/bakrona.ch\/fr\/mesure-de-particules\/compteur-de-particules-apex-remote\",\"url\":\"https:\/\/bakrona.ch\/fr\/mesure-de-particules\/compteur-de-particules-apex-remote\",\"name\":\"Compteur de particules Lighthouse APEX Remote\",\"isPartOf\":{\"@id\":\"https:\/\/bakrona.ch\/#website\"},\"datePublished\":\"2016-08-28T13:16:43+00:00\",\"dateModified\":\"2022-05-02T11:13:37+00:00\",\"breadcrumb\":{\"@id\":\"https:\/\/bakrona.ch\/fr\/mesure-de-particules\/compteur-de-particules-apex-remote#breadcrumb\"},\"inLanguage\":\"fr-FR\",\"potentialAction\":[{\"@type\":\"ReadAction\",\"target\":[\"https:\/\/bakrona.ch\/fr\/mesure-de-particules\/compteur-de-particules-apex-remote\"]}]},{\"@type\":\"BreadcrumbList\",\"@id\":\"https:\/\/bakrona.ch\/fr\/mesure-de-particules\/compteur-de-particules-apex-remote#breadcrumb\",\"itemListElement\":[{\"@type\":\"ListItem\",\"position\":1,\"name\":\"Home\",\"item\":\"https:\/\/bakrona.ch\/fr\"},{\"@type\":\"ListItem\",\"position\":2,\"name\":\"MESURE DE PARTICULES\",\"item\":\"https:\/\/bakrona.ch\/fr\/mesure-de-particules\"},{\"@type\":\"ListItem\",\"position\":3,\"name\":\"Compteur de particules APEX Remote\"}]},{\"@type\":\"WebSite\",\"@id\":\"https:\/\/bakrona.ch\/#website\",\"url\":\"https:\/\/bakrona.ch\/\",\"name\":\"Bakrona Messtechnik und Engineering\",\"description\":\"Bakrona Messtechnik &amp; Engineering\",\"publisher\":{\"@id\":\"https:\/\/bakrona.ch\/#organization\"},\"potentialAction\":[{\"@type\":\"SearchAction\",\"target\":{\"@type\":\"EntryPoint\",\"urlTemplate\":\"https:\/\/bakrona.ch\/?s={search_term_string}\"},\"query-input\":{\"@type\":\"PropertyValueSpecification\",\"valueRequired\":true,\"valueName\":\"search_term_string\"}}],\"inLanguage\":\"fr-FR\"},{\"@type\":\"Organization\",\"@id\":\"https:\/\/bakrona.ch\/#organization\",\"name\":\"Bakrona AG\",\"url\":\"https:\/\/bakrona.ch\/\",\"logo\":{\"@type\":\"ImageObject\",\"inLanguage\":\"fr-FR\",\"@id\":\"https:\/\/bakrona.ch\/#\/schema\/logo\/image\/\",\"url\":\"https:\/\/bakrona.ch\/wp-content\/uploads\/2016\/09\/logo-02.png\",\"contentUrl\":\"https:\/\/bakrona.ch\/wp-content\/uploads\/2016\/09\/logo-02.png\",\"width\":2769,\"height\":762,\"caption\":\"Bakrona AG\"},\"image\":{\"@id\":\"https:\/\/bakrona.ch\/#\/schema\/logo\/image\/\"}}]}<\/script>\n<!-- \/ Yoast SEO plugin. -->","yoast_head_json":{"title":"Compteur de particules Lighthouse APEX Remote","robots":{"index":"index","follow":"follow","max-snippet":"max-snippet:-1","max-image-preview":"max-image-preview:large","max-video-preview":"max-video-preview:-1"},"canonical":"https:\/\/bakrona.ch\/fr\/mesure-de-particules\/compteur-de-particules-apex-remote","og_locale":"fr_FR","og_type":"article","og_title":"Compteur de particules Lighthouse APEX Remote","og_description":"COMPTEUR DE PARTICULES APEX REMOTE POUR LA MESURE DES PARTICULES EN CONTINUELes appareils de la s\u00e9rie APEX Remote repr\u00e9sentent une solution \u00e9conomique pour la surveillance de particules en continu. Ils sont utilis\u00e9s dans toutes les industries pour le contr\u00f4le de processus et la surveillance d'environnements. Le choix des points de mesure est r\u00e9alis\u00e9 suivant une analyse de risque, une connexion ... Read More","og_url":"https:\/\/bakrona.ch\/fr\/mesure-de-particules\/compteur-de-particules-apex-remote","og_site_name":"BAKRONA AG","article_modified_time":"2022-05-02T11:13:37+00:00","twitter_card":"summary_large_image","twitter_misc":{"Dur\u00e9e de lecture estim\u00e9e":"6 minutes"},"schema":{"@context":"https:\/\/schema.org","@graph":[{"@type":"WebPage","@id":"https:\/\/bakrona.ch\/fr\/mesure-de-particules\/compteur-de-particules-apex-remote","url":"https:\/\/bakrona.ch\/fr\/mesure-de-particules\/compteur-de-particules-apex-remote","name":"Compteur de particules Lighthouse APEX Remote","isPartOf":{"@id":"https:\/\/bakrona.ch\/#website"},"datePublished":"2016-08-28T13:16:43+00:00","dateModified":"2022-05-02T11:13:37+00:00","breadcrumb":{"@id":"https:\/\/bakrona.ch\/fr\/mesure-de-particules\/compteur-de-particules-apex-remote#breadcrumb"},"inLanguage":"fr-FR","potentialAction":[{"@type":"ReadAction","target":["https:\/\/bakrona.ch\/fr\/mesure-de-particules\/compteur-de-particules-apex-remote"]}]},{"@type":"BreadcrumbList","@id":"https:\/\/bakrona.ch\/fr\/mesure-de-particules\/compteur-de-particules-apex-remote#breadcrumb","itemListElement":[{"@type":"ListItem","position":1,"name":"Home","item":"https:\/\/bakrona.ch\/fr"},{"@type":"ListItem","position":2,"name":"MESURE DE PARTICULES","item":"https:\/\/bakrona.ch\/fr\/mesure-de-particules"},{"@type":"ListItem","position":3,"name":"Compteur de particules APEX Remote"}]},{"@type":"WebSite","@id":"https:\/\/bakrona.ch\/#website","url":"https:\/\/bakrona.ch\/","name":"Bakrona Messtechnik und Engineering","description":"Bakrona Messtechnik &amp; Engineering","publisher":{"@id":"https:\/\/bakrona.ch\/#organization"},"potentialAction":[{"@type":"SearchAction","target":{"@type":"EntryPoint","urlTemplate":"https:\/\/bakrona.ch\/?s={search_term_string}"},"query-input":{"@type":"PropertyValueSpecification","valueRequired":true,"valueName":"search_term_string"}}],"inLanguage":"fr-FR"},{"@type":"Organization","@id":"https:\/\/bakrona.ch\/#organization","name":"Bakrona AG","url":"https:\/\/bakrona.ch\/","logo":{"@type":"ImageObject","inLanguage":"fr-FR","@id":"https:\/\/bakrona.ch\/#\/schema\/logo\/image\/","url":"https:\/\/bakrona.ch\/wp-content\/uploads\/2016\/09\/logo-02.png","contentUrl":"https:\/\/bakrona.ch\/wp-content\/uploads\/2016\/09\/logo-02.png","width":2769,"height":762,"caption":"Bakrona AG"},"image":{"@id":"https:\/\/bakrona.ch\/#\/schema\/logo\/image\/"}}]}},"_links":{"self":[{"href":"https:\/\/bakrona.ch\/fr\/wp-json\/wp\/v2\/pages\/9616","targetHints":{"allow":["GET"]}}],"collection":[{"href":"https:\/\/bakrona.ch\/fr\/wp-json\/wp\/v2\/pages"}],"about":[{"href":"https:\/\/bakrona.ch\/fr\/wp-json\/wp\/v2\/types\/page"}],"author":[{"embeddable":true,"href":"https:\/\/bakrona.ch\/fr\/wp-json\/wp\/v2\/users\/1"}],"replies":[{"embeddable":true,"href":"https:\/\/bakrona.ch\/fr\/wp-json\/wp\/v2\/comments?post=9616"}],"version-history":[{"count":28,"href":"https:\/\/bakrona.ch\/fr\/wp-json\/wp\/v2\/pages\/9616\/revisions"}],"predecessor-version":[{"id":17613,"href":"https:\/\/bakrona.ch\/fr\/wp-json\/wp\/v2\/pages\/9616\/revisions\/17613"}],"up":[{"embeddable":true,"href":"https:\/\/bakrona.ch\/fr\/wp-json\/wp\/v2\/pages\/9534"}],"wp:attachment":[{"href":"https:\/\/bakrona.ch\/fr\/wp-json\/wp\/v2\/media?parent=9616"}],"curies":[{"name":"wp","href":"https:\/\/api.w.org\/{rel}","templated":true}]}}