{"id":9603,"date":"2016-08-28T12:41:01","date_gmt":"2016-08-28T12:41:01","guid":{"rendered":"http:\/\/194.126.200.62\/~bakronat\/?page_id=9603&#038;lang=fr"},"modified":"2022-05-01T11:02:06","modified_gmt":"2022-05-01T11:02:06","slug":"compteurs-de-particules-handheld","status":"publish","type":"page","link":"https:\/\/bakrona.ch\/fr\/mesure-de-particules\/compteurs-de-particules-handheld","title":{"rendered":"Compteurs de Particules Handheld"},"content":{"rendered":"<div id=\"cs-content\" class=\"cs-content\"><\/div>\n","protected":false},"excerpt":{"rendered":"<p>COMPTEURS DE PARTICULES HANDHELD Les compteur de particules handheld sont gr\u00e2ce \u00e0 leur \u00e9cran tactile ainsi qu\u2019au bouton Marche\/ Arr\u00eat int\u00e9gr\u00e9 dans la poign\u00e9e tr\u00e8s simple d\u2019utilisation. Leur taille et leur portabilit\u00e9 en font un outil id\u00e9al pour la surveillance de la qualit\u00e9 de l\u2019air int\u00e9rieur, pour le contr\u00f4le ponctuel de particules dans l\u2019environnement ainsi que les tests ponctuels en &#8230; <\/p>\n<div><a href=\"https:\/\/bakrona.ch\/fr\/mesure-de-particules\/compteurs-de-particules-handheld\" class=\"more-link\">Read More<\/a><\/div>\n","protected":false},"author":1,"featured_media":0,"parent":9534,"menu_order":0,"comment_status":"closed","ping_status":"closed","template":"template-blank-4.php","meta":{"footnotes":""},"class_list":["post-9603","page","type-page","status-publish","hentry","no-post-thumbnail"],"yoast_head":"<!-- This site is optimized with the Yoast SEO plugin v25.8 - https:\/\/yoast.com\/wordpress\/plugins\/seo\/ -->\n<title>Compteurs de Particules portable pour tests ponctuels en salles blanches<\/title>\n<meta name=\"description\" content=\"Compteur de particules portable pour surveillance de qualit\u00e9 d&#039;air int\u00e9rieur &amp; contr\u00f4le de particules dans salles blanches.\" \/>\n<meta name=\"robots\" content=\"index, follow, max-snippet:-1, max-image-preview:large, max-video-preview:-1\" \/>\n<link rel=\"canonical\" href=\"https:\/\/bakrona.ch\/fr\/mesure-de-particules\/compteurs-de-particules-handheld\" \/>\n<meta property=\"og:locale\" content=\"fr_FR\" \/>\n<meta property=\"og:type\" content=\"article\" \/>\n<meta property=\"og:title\" content=\"Compteurs de Particules portable pour tests ponctuels en salles blanches\" \/>\n<meta property=\"og:description\" content=\"Compteur de particules portable pour surveillance de qualit\u00e9 d&#039;air int\u00e9rieur &amp; contr\u00f4le de particules dans salles blanches.\" \/>\n<meta property=\"og:url\" content=\"https:\/\/bakrona.ch\/fr\/mesure-de-particules\/compteurs-de-particules-handheld\" \/>\n<meta property=\"og:site_name\" content=\"BAKRONA AG\" \/>\n<meta property=\"article:modified_time\" content=\"2022-05-01T11:02:06+00:00\" \/>\n<meta name=\"twitter:card\" content=\"summary_large_image\" \/>\n<meta name=\"twitter:label1\" content=\"Dur\u00e9e de lecture estim\u00e9e\" \/>\n\t<meta name=\"twitter:data1\" content=\"7 minutes\" \/>\n<script type=\"application\/ld+json\" class=\"yoast-schema-graph\">{\"@context\":\"https:\/\/schema.org\",\"@graph\":[{\"@type\":\"WebPage\",\"@id\":\"https:\/\/bakrona.ch\/fr\/mesure-de-particules\/compteurs-de-particules-handheld\",\"url\":\"https:\/\/bakrona.ch\/fr\/mesure-de-particules\/compteurs-de-particules-handheld\",\"name\":\"Compteurs de Particules portable pour tests ponctuels en salles blanches\",\"isPartOf\":{\"@id\":\"https:\/\/bakrona.ch\/#website\"},\"datePublished\":\"2016-08-28T12:41:01+00:00\",\"dateModified\":\"2022-05-01T11:02:06+00:00\",\"description\":\"Compteur de particules portable pour surveillance de qualit\u00e9 d'air int\u00e9rieur & contr\u00f4le de particules dans salles blanches.\",\"breadcrumb\":{\"@id\":\"https:\/\/bakrona.ch\/fr\/mesure-de-particules\/compteurs-de-particules-handheld#breadcrumb\"},\"inLanguage\":\"fr-FR\",\"potentialAction\":[{\"@type\":\"ReadAction\",\"target\":[\"https:\/\/bakrona.ch\/fr\/mesure-de-particules\/compteurs-de-particules-handheld\"]}]},{\"@type\":\"BreadcrumbList\",\"@id\":\"https:\/\/bakrona.ch\/fr\/mesure-de-particules\/compteurs-de-particules-handheld#breadcrumb\",\"itemListElement\":[{\"@type\":\"ListItem\",\"position\":1,\"name\":\"Home\",\"item\":\"https:\/\/bakrona.ch\/fr\"},{\"@type\":\"ListItem\",\"position\":2,\"name\":\"MESURE DE PARTICULES\",\"item\":\"https:\/\/bakrona.ch\/fr\/mesure-de-particules\"},{\"@type\":\"ListItem\",\"position\":3,\"name\":\"Compteurs de Particules Handheld\"}]},{\"@type\":\"WebSite\",\"@id\":\"https:\/\/bakrona.ch\/#website\",\"url\":\"https:\/\/bakrona.ch\/\",\"name\":\"Bakrona Messtechnik und Engineering\",\"description\":\"Bakrona Messtechnik &amp; Engineering\",\"publisher\":{\"@id\":\"https:\/\/bakrona.ch\/#organization\"},\"potentialAction\":[{\"@type\":\"SearchAction\",\"target\":{\"@type\":\"EntryPoint\",\"urlTemplate\":\"https:\/\/bakrona.ch\/?s={search_term_string}\"},\"query-input\":{\"@type\":\"PropertyValueSpecification\",\"valueRequired\":true,\"valueName\":\"search_term_string\"}}],\"inLanguage\":\"fr-FR\"},{\"@type\":\"Organization\",\"@id\":\"https:\/\/bakrona.ch\/#organization\",\"name\":\"Bakrona AG\",\"url\":\"https:\/\/bakrona.ch\/\",\"logo\":{\"@type\":\"ImageObject\",\"inLanguage\":\"fr-FR\",\"@id\":\"https:\/\/bakrona.ch\/#\/schema\/logo\/image\/\",\"url\":\"https:\/\/bakrona.ch\/wp-content\/uploads\/2016\/09\/logo-02.png\",\"contentUrl\":\"https:\/\/bakrona.ch\/wp-content\/uploads\/2016\/09\/logo-02.png\",\"width\":2769,\"height\":762,\"caption\":\"Bakrona AG\"},\"image\":{\"@id\":\"https:\/\/bakrona.ch\/#\/schema\/logo\/image\/\"}}]}<\/script>\n<!-- \/ Yoast SEO plugin. -->","yoast_head_json":{"title":"Compteurs de Particules portable pour tests ponctuels en salles blanches","description":"Compteur de particules portable pour surveillance de qualit\u00e9 d'air int\u00e9rieur & contr\u00f4le de particules dans salles blanches.","robots":{"index":"index","follow":"follow","max-snippet":"max-snippet:-1","max-image-preview":"max-image-preview:large","max-video-preview":"max-video-preview:-1"},"canonical":"https:\/\/bakrona.ch\/fr\/mesure-de-particules\/compteurs-de-particules-handheld","og_locale":"fr_FR","og_type":"article","og_title":"Compteurs de Particules portable pour tests ponctuels en salles blanches","og_description":"Compteur de particules portable pour surveillance de qualit\u00e9 d'air int\u00e9rieur & contr\u00f4le de particules dans salles blanches.","og_url":"https:\/\/bakrona.ch\/fr\/mesure-de-particules\/compteurs-de-particules-handheld","og_site_name":"BAKRONA AG","article_modified_time":"2022-05-01T11:02:06+00:00","twitter_card":"summary_large_image","twitter_misc":{"Dur\u00e9e de lecture estim\u00e9e":"7 minutes"},"schema":{"@context":"https:\/\/schema.org","@graph":[{"@type":"WebPage","@id":"https:\/\/bakrona.ch\/fr\/mesure-de-particules\/compteurs-de-particules-handheld","url":"https:\/\/bakrona.ch\/fr\/mesure-de-particules\/compteurs-de-particules-handheld","name":"Compteurs de Particules portable pour tests ponctuels en salles blanches","isPartOf":{"@id":"https:\/\/bakrona.ch\/#website"},"datePublished":"2016-08-28T12:41:01+00:00","dateModified":"2022-05-01T11:02:06+00:00","description":"Compteur de particules portable pour surveillance de qualit\u00e9 d'air int\u00e9rieur & contr\u00f4le de particules dans salles blanches.","breadcrumb":{"@id":"https:\/\/bakrona.ch\/fr\/mesure-de-particules\/compteurs-de-particules-handheld#breadcrumb"},"inLanguage":"fr-FR","potentialAction":[{"@type":"ReadAction","target":["https:\/\/bakrona.ch\/fr\/mesure-de-particules\/compteurs-de-particules-handheld"]}]},{"@type":"BreadcrumbList","@id":"https:\/\/bakrona.ch\/fr\/mesure-de-particules\/compteurs-de-particules-handheld#breadcrumb","itemListElement":[{"@type":"ListItem","position":1,"name":"Home","item":"https:\/\/bakrona.ch\/fr"},{"@type":"ListItem","position":2,"name":"MESURE DE PARTICULES","item":"https:\/\/bakrona.ch\/fr\/mesure-de-particules"},{"@type":"ListItem","position":3,"name":"Compteurs de Particules Handheld"}]},{"@type":"WebSite","@id":"https:\/\/bakrona.ch\/#website","url":"https:\/\/bakrona.ch\/","name":"Bakrona Messtechnik und Engineering","description":"Bakrona Messtechnik &amp; Engineering","publisher":{"@id":"https:\/\/bakrona.ch\/#organization"},"potentialAction":[{"@type":"SearchAction","target":{"@type":"EntryPoint","urlTemplate":"https:\/\/bakrona.ch\/?s={search_term_string}"},"query-input":{"@type":"PropertyValueSpecification","valueRequired":true,"valueName":"search_term_string"}}],"inLanguage":"fr-FR"},{"@type":"Organization","@id":"https:\/\/bakrona.ch\/#organization","name":"Bakrona AG","url":"https:\/\/bakrona.ch\/","logo":{"@type":"ImageObject","inLanguage":"fr-FR","@id":"https:\/\/bakrona.ch\/#\/schema\/logo\/image\/","url":"https:\/\/bakrona.ch\/wp-content\/uploads\/2016\/09\/logo-02.png","contentUrl":"https:\/\/bakrona.ch\/wp-content\/uploads\/2016\/09\/logo-02.png","width":2769,"height":762,"caption":"Bakrona AG"},"image":{"@id":"https:\/\/bakrona.ch\/#\/schema\/logo\/image\/"}}]}},"_links":{"self":[{"href":"https:\/\/bakrona.ch\/fr\/wp-json\/wp\/v2\/pages\/9603","targetHints":{"allow":["GET"]}}],"collection":[{"href":"https:\/\/bakrona.ch\/fr\/wp-json\/wp\/v2\/pages"}],"about":[{"href":"https:\/\/bakrona.ch\/fr\/wp-json\/wp\/v2\/types\/page"}],"author":[{"embeddable":true,"href":"https:\/\/bakrona.ch\/fr\/wp-json\/wp\/v2\/users\/1"}],"replies":[{"embeddable":true,"href":"https:\/\/bakrona.ch\/fr\/wp-json\/wp\/v2\/comments?post=9603"}],"version-history":[{"count":19,"href":"https:\/\/bakrona.ch\/fr\/wp-json\/wp\/v2\/pages\/9603\/revisions"}],"predecessor-version":[{"id":17571,"href":"https:\/\/bakrona.ch\/fr\/wp-json\/wp\/v2\/pages\/9603\/revisions\/17571"}],"up":[{"embeddable":true,"href":"https:\/\/bakrona.ch\/fr\/wp-json\/wp\/v2\/pages\/9534"}],"wp:attachment":[{"href":"https:\/\/bakrona.ch\/fr\/wp-json\/wp\/v2\/media?parent=9603"}],"curies":[{"name":"wp","href":"https:\/\/api.w.org\/{rel}","templated":true}]}}