{"id":9596,"date":"2016-08-28T11:58:29","date_gmt":"2016-08-28T11:58:29","guid":{"rendered":"http:\/\/194.126.200.62\/~bakronat\/?page_id=9596&#038;lang=fr"},"modified":"2022-05-01T12:23:08","modified_gmt":"2022-05-01T12:23:08","slug":"analyseur-de-particules-portable-solair-1100ld","status":"publish","type":"page","link":"https:\/\/bakrona.ch\/fr\/mesure-de-particules\/analyseur-de-particules-portable-solair-1100ld","title":{"rendered":"Analyseur de Particules Portable Solair 1100LD"},"content":{"rendered":"<div id=\"cs-content\" class=\"cs-content\"><\/div>\n","protected":false},"excerpt":{"rendered":"<p>COMPTEUR DE PARTICULES 0.1 \u00b5M SOLAIR 1100LDLe Solair 1100LD dispose d&rsquo;un laser nouvelle g\u00e9n\u00e9ration, qui se distingue par une pr\u00e9cision de mesure et une dur\u00e9e de vie optimis\u00e9e en comparaison \u00e0 la technologie conventionnelle des compteurs de particules avec tube de laser \u00e0 gaz. La technologie \u00e0 diode laser est une technologie moderne, qui permet une meilleure d\u00e9tection des particules. &#8230; <\/p>\n<div><a href=\"https:\/\/bakrona.ch\/fr\/mesure-de-particules\/analyseur-de-particules-portable-solair-1100ld\" class=\"more-link\">Read More<\/a><\/div>\n","protected":false},"author":1,"featured_media":0,"parent":9534,"menu_order":0,"comment_status":"closed","ping_status":"closed","template":"template-blank-4.php","meta":{"footnotes":""},"class_list":["post-9596","page","type-page","status-publish","hentry","no-post-thumbnail"],"yoast_head":"<!-- This site is optimized with the Yoast SEO plugin v25.8 - https:\/\/yoast.com\/wordpress\/plugins\/seo\/ -->\n<title>Analyseur de Particules Portable Solair 1100LD - BAKRONA AG<\/title>\n<meta name=\"robots\" content=\"index, follow, max-snippet:-1, max-image-preview:large, max-video-preview:-1\" \/>\n<link rel=\"canonical\" href=\"https:\/\/bakrona.ch\/fr\/mesure-de-particules\/analyseur-de-particules-portable-solair-1100ld\" \/>\n<meta property=\"og:locale\" content=\"fr_FR\" \/>\n<meta property=\"og:type\" content=\"article\" \/>\n<meta property=\"og:title\" content=\"Analyseur de Particules Portable Solair 1100LD - BAKRONA AG\" \/>\n<meta property=\"og:description\" content=\"COMPTEUR DE PARTICULES 0.1 \u00b5M SOLAIR 1100LDLe Solair 1100LD dispose d&#039;un laser nouvelle g\u00e9n\u00e9ration, qui se distingue par une pr\u00e9cision de mesure et une dur\u00e9e de vie optimis\u00e9e en comparaison \u00e0 la technologie conventionnelle des compteurs de particules avec tube de laser \u00e0 gaz. La technologie \u00e0 diode laser est une technologie moderne, qui permet une meilleure d\u00e9tection des particules. ... Read More\" \/>\n<meta property=\"og:url\" content=\"https:\/\/bakrona.ch\/fr\/mesure-de-particules\/analyseur-de-particules-portable-solair-1100ld\" \/>\n<meta property=\"og:site_name\" content=\"BAKRONA AG\" \/>\n<meta property=\"article:modified_time\" content=\"2022-05-01T12:23:08+00:00\" \/>\n<meta name=\"twitter:card\" content=\"summary_large_image\" \/>\n<meta name=\"twitter:label1\" content=\"Dur\u00e9e de lecture estim\u00e9e\" \/>\n\t<meta name=\"twitter:data1\" content=\"5 minutes\" \/>\n<script type=\"application\/ld+json\" class=\"yoast-schema-graph\">{\"@context\":\"https:\/\/schema.org\",\"@graph\":[{\"@type\":\"WebPage\",\"@id\":\"https:\/\/bakrona.ch\/fr\/mesure-de-particules\/analyseur-de-particules-portable-solair-1100ld\",\"url\":\"https:\/\/bakrona.ch\/fr\/mesure-de-particules\/analyseur-de-particules-portable-solair-1100ld\",\"name\":\"Analyseur de Particules Portable Solair 1100LD - BAKRONA AG\",\"isPartOf\":{\"@id\":\"https:\/\/bakrona.ch\/#website\"},\"datePublished\":\"2016-08-28T11:58:29+00:00\",\"dateModified\":\"2022-05-01T12:23:08+00:00\",\"breadcrumb\":{\"@id\":\"https:\/\/bakrona.ch\/fr\/mesure-de-particules\/analyseur-de-particules-portable-solair-1100ld#breadcrumb\"},\"inLanguage\":\"fr-FR\",\"potentialAction\":[{\"@type\":\"ReadAction\",\"target\":[\"https:\/\/bakrona.ch\/fr\/mesure-de-particules\/analyseur-de-particules-portable-solair-1100ld\"]}]},{\"@type\":\"BreadcrumbList\",\"@id\":\"https:\/\/bakrona.ch\/fr\/mesure-de-particules\/analyseur-de-particules-portable-solair-1100ld#breadcrumb\",\"itemListElement\":[{\"@type\":\"ListItem\",\"position\":1,\"name\":\"Home\",\"item\":\"https:\/\/bakrona.ch\/fr\"},{\"@type\":\"ListItem\",\"position\":2,\"name\":\"MESURE DE PARTICULES\",\"item\":\"https:\/\/bakrona.ch\/fr\/mesure-de-particules\"},{\"@type\":\"ListItem\",\"position\":3,\"name\":\"Analyseur de Particules Portable Solair 1100LD\"}]},{\"@type\":\"WebSite\",\"@id\":\"https:\/\/bakrona.ch\/#website\",\"url\":\"https:\/\/bakrona.ch\/\",\"name\":\"Bakrona Messtechnik und Engineering\",\"description\":\"Bakrona Messtechnik &amp; Engineering\",\"publisher\":{\"@id\":\"https:\/\/bakrona.ch\/#organization\"},\"potentialAction\":[{\"@type\":\"SearchAction\",\"target\":{\"@type\":\"EntryPoint\",\"urlTemplate\":\"https:\/\/bakrona.ch\/?s={search_term_string}\"},\"query-input\":{\"@type\":\"PropertyValueSpecification\",\"valueRequired\":true,\"valueName\":\"search_term_string\"}}],\"inLanguage\":\"fr-FR\"},{\"@type\":\"Organization\",\"@id\":\"https:\/\/bakrona.ch\/#organization\",\"name\":\"Bakrona AG\",\"url\":\"https:\/\/bakrona.ch\/\",\"logo\":{\"@type\":\"ImageObject\",\"inLanguage\":\"fr-FR\",\"@id\":\"https:\/\/bakrona.ch\/#\/schema\/logo\/image\/\",\"url\":\"https:\/\/bakrona.ch\/wp-content\/uploads\/2016\/09\/logo-02.png\",\"contentUrl\":\"https:\/\/bakrona.ch\/wp-content\/uploads\/2016\/09\/logo-02.png\",\"width\":2769,\"height\":762,\"caption\":\"Bakrona AG\"},\"image\":{\"@id\":\"https:\/\/bakrona.ch\/#\/schema\/logo\/image\/\"}}]}<\/script>\n<!-- \/ Yoast SEO plugin. -->","yoast_head_json":{"title":"Analyseur de Particules Portable Solair 1100LD - BAKRONA AG","robots":{"index":"index","follow":"follow","max-snippet":"max-snippet:-1","max-image-preview":"max-image-preview:large","max-video-preview":"max-video-preview:-1"},"canonical":"https:\/\/bakrona.ch\/fr\/mesure-de-particules\/analyseur-de-particules-portable-solair-1100ld","og_locale":"fr_FR","og_type":"article","og_title":"Analyseur de Particules Portable Solair 1100LD - BAKRONA AG","og_description":"COMPTEUR DE PARTICULES 0.1 \u00b5M SOLAIR 1100LDLe Solair 1100LD dispose d'un laser nouvelle g\u00e9n\u00e9ration, qui se distingue par une pr\u00e9cision de mesure et une dur\u00e9e de vie optimis\u00e9e en comparaison \u00e0 la technologie conventionnelle des compteurs de particules avec tube de laser \u00e0 gaz. La technologie \u00e0 diode laser est une technologie moderne, qui permet une meilleure d\u00e9tection des particules. ... Read More","og_url":"https:\/\/bakrona.ch\/fr\/mesure-de-particules\/analyseur-de-particules-portable-solair-1100ld","og_site_name":"BAKRONA AG","article_modified_time":"2022-05-01T12:23:08+00:00","twitter_card":"summary_large_image","twitter_misc":{"Dur\u00e9e de lecture estim\u00e9e":"5 minutes"},"schema":{"@context":"https:\/\/schema.org","@graph":[{"@type":"WebPage","@id":"https:\/\/bakrona.ch\/fr\/mesure-de-particules\/analyseur-de-particules-portable-solair-1100ld","url":"https:\/\/bakrona.ch\/fr\/mesure-de-particules\/analyseur-de-particules-portable-solair-1100ld","name":"Analyseur de Particules Portable Solair 1100LD - BAKRONA AG","isPartOf":{"@id":"https:\/\/bakrona.ch\/#website"},"datePublished":"2016-08-28T11:58:29+00:00","dateModified":"2022-05-01T12:23:08+00:00","breadcrumb":{"@id":"https:\/\/bakrona.ch\/fr\/mesure-de-particules\/analyseur-de-particules-portable-solair-1100ld#breadcrumb"},"inLanguage":"fr-FR","potentialAction":[{"@type":"ReadAction","target":["https:\/\/bakrona.ch\/fr\/mesure-de-particules\/analyseur-de-particules-portable-solair-1100ld"]}]},{"@type":"BreadcrumbList","@id":"https:\/\/bakrona.ch\/fr\/mesure-de-particules\/analyseur-de-particules-portable-solair-1100ld#breadcrumb","itemListElement":[{"@type":"ListItem","position":1,"name":"Home","item":"https:\/\/bakrona.ch\/fr"},{"@type":"ListItem","position":2,"name":"MESURE DE PARTICULES","item":"https:\/\/bakrona.ch\/fr\/mesure-de-particules"},{"@type":"ListItem","position":3,"name":"Analyseur de Particules Portable Solair 1100LD"}]},{"@type":"WebSite","@id":"https:\/\/bakrona.ch\/#website","url":"https:\/\/bakrona.ch\/","name":"Bakrona Messtechnik und Engineering","description":"Bakrona Messtechnik &amp; Engineering","publisher":{"@id":"https:\/\/bakrona.ch\/#organization"},"potentialAction":[{"@type":"SearchAction","target":{"@type":"EntryPoint","urlTemplate":"https:\/\/bakrona.ch\/?s={search_term_string}"},"query-input":{"@type":"PropertyValueSpecification","valueRequired":true,"valueName":"search_term_string"}}],"inLanguage":"fr-FR"},{"@type":"Organization","@id":"https:\/\/bakrona.ch\/#organization","name":"Bakrona AG","url":"https:\/\/bakrona.ch\/","logo":{"@type":"ImageObject","inLanguage":"fr-FR","@id":"https:\/\/bakrona.ch\/#\/schema\/logo\/image\/","url":"https:\/\/bakrona.ch\/wp-content\/uploads\/2016\/09\/logo-02.png","contentUrl":"https:\/\/bakrona.ch\/wp-content\/uploads\/2016\/09\/logo-02.png","width":2769,"height":762,"caption":"Bakrona AG"},"image":{"@id":"https:\/\/bakrona.ch\/#\/schema\/logo\/image\/"}}]}},"_links":{"self":[{"href":"https:\/\/bakrona.ch\/fr\/wp-json\/wp\/v2\/pages\/9596","targetHints":{"allow":["GET"]}}],"collection":[{"href":"https:\/\/bakrona.ch\/fr\/wp-json\/wp\/v2\/pages"}],"about":[{"href":"https:\/\/bakrona.ch\/fr\/wp-json\/wp\/v2\/types\/page"}],"author":[{"embeddable":true,"href":"https:\/\/bakrona.ch\/fr\/wp-json\/wp\/v2\/users\/1"}],"replies":[{"embeddable":true,"href":"https:\/\/bakrona.ch\/fr\/wp-json\/wp\/v2\/comments?post=9596"}],"version-history":[{"count":15,"href":"https:\/\/bakrona.ch\/fr\/wp-json\/wp\/v2\/pages\/9596\/revisions"}],"predecessor-version":[{"id":17587,"href":"https:\/\/bakrona.ch\/fr\/wp-json\/wp\/v2\/pages\/9596\/revisions\/17587"}],"up":[{"embeddable":true,"href":"https:\/\/bakrona.ch\/fr\/wp-json\/wp\/v2\/pages\/9534"}],"wp:attachment":[{"href":"https:\/\/bakrona.ch\/fr\/wp-json\/wp\/v2\/media?parent=9596"}],"curies":[{"name":"wp","href":"https:\/\/api.w.org\/{rel}","templated":true}]}}