{"id":9587,"date":"2016-08-28T11:38:29","date_gmt":"2016-08-28T11:38:29","guid":{"rendered":"http:\/\/194.126.200.62\/~bakronat\/?page_id=9587&#038;lang=fr"},"modified":"2022-05-23T11:01:34","modified_gmt":"2022-05-23T11:01:34","slug":"compteur-de-particule-solair","status":"publish","type":"page","link":"https:\/\/bakrona.ch\/fr\/mesure-de-particules\/compteur-de-particule-solair","title":{"rendered":"Compteur de Particule Solair"},"content":{"rendered":"<div id=\"cs-content\" class=\"cs-content\"><\/div>\n","protected":false},"excerpt":{"rendered":"<p>COMPTEURS DE PARTICULES PORTABLES SOLAIRCOMPTEURS DE PARTICULES PORTABLES POUR LES APPLICATIONS EN SALLE BLANCHECOMPTEURS DE PARTICULES POLYVALENTS POUR LE CONTR\u00d4LE ET LA CERTIFICATION DES SALLES BLANCHESLes compteurs de particules portables Solair de Lighthouse Worldwide Solutions mesurent simultan\u00e9ment 6 ou 8 canaux de particules dans la plage de 0,1 \u00e0 100 \u00b5m. Jusqu&rsquo;\u00e0 3&rsquo;000 mesures et 50 recettes d&rsquo;\u00e9chantillonnage peuvent \u00eatre &#8230; <\/p>\n<div><a href=\"https:\/\/bakrona.ch\/fr\/mesure-de-particules\/compteur-de-particule-solair\" class=\"more-link\">Read More<\/a><\/div>\n","protected":false},"author":1,"featured_media":0,"parent":9534,"menu_order":1,"comment_status":"closed","ping_status":"closed","template":"template-blank-4.php","meta":{"footnotes":""},"class_list":["post-9587","page","type-page","status-publish","hentry","no-post-thumbnail"],"yoast_head":"<!-- This site is optimized with the Yoast SEO plugin v25.8 - https:\/\/yoast.com\/wordpress\/plugins\/seo\/ -->\n<title>Compteur de Particules Solair - Contr\u00f4le et certification des salles blanches<\/title>\n<meta name=\"description\" content=\"Surveillance de particule dans les zones propres. Test de certification de salles blanches selon ISO 14644-1, EC GMP Annexe 1 ou FS-209E. BAKRONA SA\" \/>\n<meta name=\"robots\" content=\"index, follow, max-snippet:-1, max-image-preview:large, max-video-preview:-1\" \/>\n<link rel=\"canonical\" href=\"https:\/\/bakrona.ch\/fr\/mesure-de-particules\/compteur-de-particule-solair\" \/>\n<meta property=\"og:locale\" content=\"fr_FR\" \/>\n<meta property=\"og:type\" content=\"article\" \/>\n<meta property=\"og:title\" content=\"Compteur de Particules Solair - Contr\u00f4le et certification des salles blanches\" \/>\n<meta property=\"og:description\" content=\"Surveillance de particule dans les zones propres. Test de certification de salles blanches selon ISO 14644-1, EC GMP Annexe 1 ou FS-209E. BAKRONA SA\" \/>\n<meta property=\"og:url\" content=\"https:\/\/bakrona.ch\/fr\/mesure-de-particules\/compteur-de-particule-solair\" \/>\n<meta property=\"og:site_name\" content=\"BAKRONA AG\" \/>\n<meta property=\"article:modified_time\" content=\"2022-05-23T11:01:34+00:00\" \/>\n<meta name=\"twitter:card\" content=\"summary_large_image\" \/>\n<meta name=\"twitter:label1\" content=\"Dur\u00e9e de lecture estim\u00e9e\" \/>\n\t<meta name=\"twitter:data1\" content=\"11 minutes\" \/>\n<script type=\"application\/ld+json\" class=\"yoast-schema-graph\">{\"@context\":\"https:\/\/schema.org\",\"@graph\":[{\"@type\":\"WebPage\",\"@id\":\"https:\/\/bakrona.ch\/fr\/mesure-de-particules\/compteur-de-particule-solair\",\"url\":\"https:\/\/bakrona.ch\/fr\/mesure-de-particules\/compteur-de-particule-solair\",\"name\":\"Compteur de Particules Solair - Contr\u00f4le et certification des salles blanches\",\"isPartOf\":{\"@id\":\"https:\/\/bakrona.ch\/#website\"},\"datePublished\":\"2016-08-28T11:38:29+00:00\",\"dateModified\":\"2022-05-23T11:01:34+00:00\",\"description\":\"Surveillance de particule dans les zones propres. Test de certification de salles blanches selon ISO 14644-1, EC GMP Annexe 1 ou FS-209E. BAKRONA SA\",\"breadcrumb\":{\"@id\":\"https:\/\/bakrona.ch\/fr\/mesure-de-particules\/compteur-de-particule-solair#breadcrumb\"},\"inLanguage\":\"fr-FR\",\"potentialAction\":[{\"@type\":\"ReadAction\",\"target\":[\"https:\/\/bakrona.ch\/fr\/mesure-de-particules\/compteur-de-particule-solair\"]}]},{\"@type\":\"BreadcrumbList\",\"@id\":\"https:\/\/bakrona.ch\/fr\/mesure-de-particules\/compteur-de-particule-solair#breadcrumb\",\"itemListElement\":[{\"@type\":\"ListItem\",\"position\":1,\"name\":\"Home\",\"item\":\"https:\/\/bakrona.ch\/fr\"},{\"@type\":\"ListItem\",\"position\":2,\"name\":\"MESURE DE PARTICULES\",\"item\":\"https:\/\/bakrona.ch\/fr\/mesure-de-particules\"},{\"@type\":\"ListItem\",\"position\":3,\"name\":\"Compteur de Particule Solair\"}]},{\"@type\":\"WebSite\",\"@id\":\"https:\/\/bakrona.ch\/#website\",\"url\":\"https:\/\/bakrona.ch\/\",\"name\":\"Bakrona Messtechnik und Engineering\",\"description\":\"Bakrona Messtechnik &amp; Engineering\",\"publisher\":{\"@id\":\"https:\/\/bakrona.ch\/#organization\"},\"potentialAction\":[{\"@type\":\"SearchAction\",\"target\":{\"@type\":\"EntryPoint\",\"urlTemplate\":\"https:\/\/bakrona.ch\/?s={search_term_string}\"},\"query-input\":{\"@type\":\"PropertyValueSpecification\",\"valueRequired\":true,\"valueName\":\"search_term_string\"}}],\"inLanguage\":\"fr-FR\"},{\"@type\":\"Organization\",\"@id\":\"https:\/\/bakrona.ch\/#organization\",\"name\":\"Bakrona AG\",\"url\":\"https:\/\/bakrona.ch\/\",\"logo\":{\"@type\":\"ImageObject\",\"inLanguage\":\"fr-FR\",\"@id\":\"https:\/\/bakrona.ch\/#\/schema\/logo\/image\/\",\"url\":\"https:\/\/bakrona.ch\/wp-content\/uploads\/2016\/09\/logo-02.png\",\"contentUrl\":\"https:\/\/bakrona.ch\/wp-content\/uploads\/2016\/09\/logo-02.png\",\"width\":2769,\"height\":762,\"caption\":\"Bakrona AG\"},\"image\":{\"@id\":\"https:\/\/bakrona.ch\/#\/schema\/logo\/image\/\"}}]}<\/script>\n<!-- \/ Yoast SEO plugin. -->","yoast_head_json":{"title":"Compteur de Particules Solair - Contr\u00f4le et certification des salles blanches","description":"Surveillance de particule dans les zones propres. Test de certification de salles blanches selon ISO 14644-1, EC GMP Annexe 1 ou FS-209E. BAKRONA SA","robots":{"index":"index","follow":"follow","max-snippet":"max-snippet:-1","max-image-preview":"max-image-preview:large","max-video-preview":"max-video-preview:-1"},"canonical":"https:\/\/bakrona.ch\/fr\/mesure-de-particules\/compteur-de-particule-solair","og_locale":"fr_FR","og_type":"article","og_title":"Compteur de Particules Solair - Contr\u00f4le et certification des salles blanches","og_description":"Surveillance de particule dans les zones propres. Test de certification de salles blanches selon ISO 14644-1, EC GMP Annexe 1 ou FS-209E. BAKRONA SA","og_url":"https:\/\/bakrona.ch\/fr\/mesure-de-particules\/compteur-de-particule-solair","og_site_name":"BAKRONA AG","article_modified_time":"2022-05-23T11:01:34+00:00","twitter_card":"summary_large_image","twitter_misc":{"Dur\u00e9e de lecture estim\u00e9e":"11 minutes"},"schema":{"@context":"https:\/\/schema.org","@graph":[{"@type":"WebPage","@id":"https:\/\/bakrona.ch\/fr\/mesure-de-particules\/compteur-de-particule-solair","url":"https:\/\/bakrona.ch\/fr\/mesure-de-particules\/compteur-de-particule-solair","name":"Compteur de Particules Solair - Contr\u00f4le et certification des salles blanches","isPartOf":{"@id":"https:\/\/bakrona.ch\/#website"},"datePublished":"2016-08-28T11:38:29+00:00","dateModified":"2022-05-23T11:01:34+00:00","description":"Surveillance de particule dans les zones propres. Test de certification de salles blanches selon ISO 14644-1, EC GMP Annexe 1 ou FS-209E. BAKRONA SA","breadcrumb":{"@id":"https:\/\/bakrona.ch\/fr\/mesure-de-particules\/compteur-de-particule-solair#breadcrumb"},"inLanguage":"fr-FR","potentialAction":[{"@type":"ReadAction","target":["https:\/\/bakrona.ch\/fr\/mesure-de-particules\/compteur-de-particule-solair"]}]},{"@type":"BreadcrumbList","@id":"https:\/\/bakrona.ch\/fr\/mesure-de-particules\/compteur-de-particule-solair#breadcrumb","itemListElement":[{"@type":"ListItem","position":1,"name":"Home","item":"https:\/\/bakrona.ch\/fr"},{"@type":"ListItem","position":2,"name":"MESURE DE PARTICULES","item":"https:\/\/bakrona.ch\/fr\/mesure-de-particules"},{"@type":"ListItem","position":3,"name":"Compteur de Particule Solair"}]},{"@type":"WebSite","@id":"https:\/\/bakrona.ch\/#website","url":"https:\/\/bakrona.ch\/","name":"Bakrona Messtechnik und Engineering","description":"Bakrona Messtechnik &amp; Engineering","publisher":{"@id":"https:\/\/bakrona.ch\/#organization"},"potentialAction":[{"@type":"SearchAction","target":{"@type":"EntryPoint","urlTemplate":"https:\/\/bakrona.ch\/?s={search_term_string}"},"query-input":{"@type":"PropertyValueSpecification","valueRequired":true,"valueName":"search_term_string"}}],"inLanguage":"fr-FR"},{"@type":"Organization","@id":"https:\/\/bakrona.ch\/#organization","name":"Bakrona AG","url":"https:\/\/bakrona.ch\/","logo":{"@type":"ImageObject","inLanguage":"fr-FR","@id":"https:\/\/bakrona.ch\/#\/schema\/logo\/image\/","url":"https:\/\/bakrona.ch\/wp-content\/uploads\/2016\/09\/logo-02.png","contentUrl":"https:\/\/bakrona.ch\/wp-content\/uploads\/2016\/09\/logo-02.png","width":2769,"height":762,"caption":"Bakrona AG"},"image":{"@id":"https:\/\/bakrona.ch\/#\/schema\/logo\/image\/"}}]}},"_links":{"self":[{"href":"https:\/\/bakrona.ch\/fr\/wp-json\/wp\/v2\/pages\/9587","targetHints":{"allow":["GET"]}}],"collection":[{"href":"https:\/\/bakrona.ch\/fr\/wp-json\/wp\/v2\/pages"}],"about":[{"href":"https:\/\/bakrona.ch\/fr\/wp-json\/wp\/v2\/types\/page"}],"author":[{"embeddable":true,"href":"https:\/\/bakrona.ch\/fr\/wp-json\/wp\/v2\/users\/1"}],"replies":[{"embeddable":true,"href":"https:\/\/bakrona.ch\/fr\/wp-json\/wp\/v2\/comments?post=9587"}],"version-history":[{"count":19,"href":"https:\/\/bakrona.ch\/fr\/wp-json\/wp\/v2\/pages\/9587\/revisions"}],"predecessor-version":[{"id":17468,"href":"https:\/\/bakrona.ch\/fr\/wp-json\/wp\/v2\/pages\/9587\/revisions\/17468"}],"up":[{"embeddable":true,"href":"https:\/\/bakrona.ch\/fr\/wp-json\/wp\/v2\/pages\/9534"}],"wp:attachment":[{"href":"https:\/\/bakrona.ch\/fr\/wp-json\/wp\/v2\/media?parent=9587"}],"curies":[{"name":"wp","href":"https:\/\/api.w.org\/{rel}","templated":true}]}}