{"id":9403,"date":"2016-08-26T12:00:19","date_gmt":"2016-08-26T12:00:19","guid":{"rendered":"http:\/\/194.126.200.62\/~bakronat\/?page_id=9403&#038;lang=fr"},"modified":"2020-12-24T15:55:39","modified_gmt":"2020-12-24T15:55:39","slug":"fours-detalonnage-a-bloc-sec","status":"publish","type":"page","link":"https:\/\/bakrona.ch\/fr\/validation-thermique\/calibrateurs-de-temperature\/fours-detalonnage-a-bloc-sec","title":{"rendered":"Fours d&rsquo;\u00e9talonnage \u00e0 bloc sec"},"content":{"rendered":"<div id=\"cs-content\" class=\"cs-content\"><\/div>\n","protected":false},"excerpt":{"rendered":"<p>FOURS D&rsquo;\u00c9TALONNAGE \u00c0 BLOC SEC \u00c9talonnages dans la plage de temp\u00e9rature de -100 \u00e0 +350 \u00b0C Brochure Contact FOURS D&rsquo;\u00c9TALONNAGE PORTABLESLes calibrateurs de temp\u00e9rature sont caract\u00e9ris\u00e9s par un temps de refroidissement, respectivement de chauffage rapide et un fonctionnement silencieux. Il existe un grand choix d&rsquo;inserts en aluminium avec divers trous pour les capteurs et sondes \u00e0 \u00e9talonner Les inserts sont &#8230; <\/p>\n<div><a href=\"https:\/\/bakrona.ch\/fr\/validation-thermique\/calibrateurs-de-temperature\/fours-detalonnage-a-bloc-sec\" class=\"more-link\">Read More<\/a><\/div>\n","protected":false},"author":1,"featured_media":0,"parent":10399,"menu_order":2,"comment_status":"closed","ping_status":"closed","template":"template-blank-5.php","meta":{"footnotes":""},"class_list":["post-9403","page","type-page","status-publish","hentry","no-post-thumbnail"],"yoast_head":"<!-- This site is optimized with the Yoast SEO plugin v25.8 - https:\/\/yoast.com\/wordpress\/plugins\/seo\/ -->\n<title>Four d&#039;\u00e9talonnage \u00e0 block sec - BAKRONA<\/title>\n<meta name=\"description\" content=\"Fours d&#039;\u00e9talonnage \u00e0 block sec portables Jofra pour \u00e9talonnage de temp\u00e9rature de -100 \u00b0C \u00e0 +350 \u00b0C. \u00c9talonnage de PT100 et thermocouples\" \/>\n<meta name=\"robots\" content=\"index, follow, max-snippet:-1, max-image-preview:large, max-video-preview:-1\" \/>\n<link rel=\"canonical\" href=\"https:\/\/bakrona.ch\/fr\/validation-thermique\/calibrateurs-de-temperature\/fours-detalonnage-a-bloc-sec\" \/>\n<meta property=\"og:locale\" content=\"fr_FR\" \/>\n<meta property=\"og:type\" content=\"article\" \/>\n<meta property=\"og:title\" content=\"Four d&#039;\u00e9talonnage \u00e0 block sec - BAKRONA\" \/>\n<meta property=\"og:description\" content=\"Fours d&#039;\u00e9talonnage \u00e0 block sec portables Jofra pour \u00e9talonnage de temp\u00e9rature de -100 \u00b0C \u00e0 +350 \u00b0C. \u00c9talonnage de PT100 et thermocouples\" \/>\n<meta property=\"og:url\" content=\"https:\/\/bakrona.ch\/fr\/validation-thermique\/calibrateurs-de-temperature\/fours-detalonnage-a-bloc-sec\" \/>\n<meta property=\"og:site_name\" content=\"BAKRONA AG\" \/>\n<meta property=\"article:modified_time\" content=\"2020-12-24T15:55:39+00:00\" \/>\n<meta property=\"og:image\" content=\"http:\/\/bakrona.ch\/wp-content\/uploads\/2015\/12\/Blockkalibrator-RTC156A.png\" \/>\n<meta name=\"twitter:card\" content=\"summary_large_image\" \/>\n<meta name=\"twitter:label1\" content=\"Dur\u00e9e de lecture estim\u00e9e\" \/>\n\t<meta name=\"twitter:data1\" content=\"13 minutes\" \/>\n<script type=\"application\/ld+json\" class=\"yoast-schema-graph\">{\"@context\":\"https:\/\/schema.org\",\"@graph\":[{\"@type\":\"WebPage\",\"@id\":\"https:\/\/bakrona.ch\/fr\/validation-thermique\/calibrateurs-de-temperature\/fours-detalonnage-a-bloc-sec\",\"url\":\"https:\/\/bakrona.ch\/fr\/validation-thermique\/calibrateurs-de-temperature\/fours-detalonnage-a-bloc-sec\",\"name\":\"Four d'\u00e9talonnage \u00e0 block sec - BAKRONA\",\"isPartOf\":{\"@id\":\"https:\/\/bakrona.ch\/#website\"},\"primaryImageOfPage\":{\"@id\":\"https:\/\/bakrona.ch\/fr\/validation-thermique\/calibrateurs-de-temperature\/fours-detalonnage-a-bloc-sec#primaryimage\"},\"image\":{\"@id\":\"https:\/\/bakrona.ch\/fr\/validation-thermique\/calibrateurs-de-temperature\/fours-detalonnage-a-bloc-sec#primaryimage\"},\"thumbnailUrl\":\"http:\/\/bakrona.ch\/wp-content\/uploads\/2015\/12\/Blockkalibrator-RTC156A.png\",\"datePublished\":\"2016-08-26T12:00:19+00:00\",\"dateModified\":\"2020-12-24T15:55:39+00:00\",\"description\":\"Fours d'\u00e9talonnage \u00e0 block sec portables Jofra pour \u00e9talonnage de temp\u00e9rature de -100 \u00b0C \u00e0 +350 \u00b0C. \u00c9talonnage de PT100 et thermocouples\",\"breadcrumb\":{\"@id\":\"https:\/\/bakrona.ch\/fr\/validation-thermique\/calibrateurs-de-temperature\/fours-detalonnage-a-bloc-sec#breadcrumb\"},\"inLanguage\":\"fr-FR\",\"potentialAction\":[{\"@type\":\"ReadAction\",\"target\":[\"https:\/\/bakrona.ch\/fr\/validation-thermique\/calibrateurs-de-temperature\/fours-detalonnage-a-bloc-sec\"]}]},{\"@type\":\"ImageObject\",\"inLanguage\":\"fr-FR\",\"@id\":\"https:\/\/bakrona.ch\/fr\/validation-thermique\/calibrateurs-de-temperature\/fours-detalonnage-a-bloc-sec#primaryimage\",\"url\":\"http:\/\/bakrona.ch\/wp-content\/uploads\/2015\/12\/Blockkalibrator-RTC156A.png\",\"contentUrl\":\"http:\/\/bakrona.ch\/wp-content\/uploads\/2015\/12\/Blockkalibrator-RTC156A.png\"},{\"@type\":\"BreadcrumbList\",\"@id\":\"https:\/\/bakrona.ch\/fr\/validation-thermique\/calibrateurs-de-temperature\/fours-detalonnage-a-bloc-sec#breadcrumb\",\"itemListElement\":[{\"@type\":\"ListItem\",\"position\":1,\"name\":\"Home\",\"item\":\"https:\/\/bakrona.ch\/fr\"},{\"@type\":\"ListItem\",\"position\":2,\"name\":\"VALIDATION THERMIQUE\",\"item\":\"https:\/\/bakrona.ch\/fr\/validation-thermique\"},{\"@type\":\"ListItem\",\"position\":3,\"name\":\"calibrateurs-de-temperature\",\"item\":\"https:\/\/bakrona.ch\/fr\/validation-thermique\/calibrateurs-de-temperature\"},{\"@type\":\"ListItem\",\"position\":4,\"name\":\"Fours d&rsquo;\u00e9talonnage \u00e0 bloc sec\"}]},{\"@type\":\"WebSite\",\"@id\":\"https:\/\/bakrona.ch\/#website\",\"url\":\"https:\/\/bakrona.ch\/\",\"name\":\"Bakrona Messtechnik und Engineering\",\"description\":\"Bakrona Messtechnik &amp; Engineering\",\"publisher\":{\"@id\":\"https:\/\/bakrona.ch\/#organization\"},\"potentialAction\":[{\"@type\":\"SearchAction\",\"target\":{\"@type\":\"EntryPoint\",\"urlTemplate\":\"https:\/\/bakrona.ch\/?s={search_term_string}\"},\"query-input\":{\"@type\":\"PropertyValueSpecification\",\"valueRequired\":true,\"valueName\":\"search_term_string\"}}],\"inLanguage\":\"fr-FR\"},{\"@type\":\"Organization\",\"@id\":\"https:\/\/bakrona.ch\/#organization\",\"name\":\"Bakrona AG\",\"url\":\"https:\/\/bakrona.ch\/\",\"logo\":{\"@type\":\"ImageObject\",\"inLanguage\":\"fr-FR\",\"@id\":\"https:\/\/bakrona.ch\/#\/schema\/logo\/image\/\",\"url\":\"https:\/\/bakrona.ch\/wp-content\/uploads\/2016\/09\/logo-02.png\",\"contentUrl\":\"https:\/\/bakrona.ch\/wp-content\/uploads\/2016\/09\/logo-02.png\",\"width\":2769,\"height\":762,\"caption\":\"Bakrona AG\"},\"image\":{\"@id\":\"https:\/\/bakrona.ch\/#\/schema\/logo\/image\/\"}}]}<\/script>\n<!-- \/ Yoast SEO plugin. -->","yoast_head_json":{"title":"Four d'\u00e9talonnage \u00e0 block sec - BAKRONA","description":"Fours d'\u00e9talonnage \u00e0 block sec portables Jofra pour \u00e9talonnage de temp\u00e9rature de -100 \u00b0C \u00e0 +350 \u00b0C. \u00c9talonnage de PT100 et thermocouples","robots":{"index":"index","follow":"follow","max-snippet":"max-snippet:-1","max-image-preview":"max-image-preview:large","max-video-preview":"max-video-preview:-1"},"canonical":"https:\/\/bakrona.ch\/fr\/validation-thermique\/calibrateurs-de-temperature\/fours-detalonnage-a-bloc-sec","og_locale":"fr_FR","og_type":"article","og_title":"Four d'\u00e9talonnage \u00e0 block sec - BAKRONA","og_description":"Fours d'\u00e9talonnage \u00e0 block sec portables Jofra pour \u00e9talonnage de temp\u00e9rature de -100 \u00b0C \u00e0 +350 \u00b0C. \u00c9talonnage de PT100 et thermocouples","og_url":"https:\/\/bakrona.ch\/fr\/validation-thermique\/calibrateurs-de-temperature\/fours-detalonnage-a-bloc-sec","og_site_name":"BAKRONA AG","article_modified_time":"2020-12-24T15:55:39+00:00","og_image":[{"url":"http:\/\/bakrona.ch\/wp-content\/uploads\/2015\/12\/Blockkalibrator-RTC156A.png","type":"","width":"","height":""}],"twitter_card":"summary_large_image","twitter_misc":{"Dur\u00e9e de lecture estim\u00e9e":"13 minutes"},"schema":{"@context":"https:\/\/schema.org","@graph":[{"@type":"WebPage","@id":"https:\/\/bakrona.ch\/fr\/validation-thermique\/calibrateurs-de-temperature\/fours-detalonnage-a-bloc-sec","url":"https:\/\/bakrona.ch\/fr\/validation-thermique\/calibrateurs-de-temperature\/fours-detalonnage-a-bloc-sec","name":"Four d'\u00e9talonnage \u00e0 block sec - BAKRONA","isPartOf":{"@id":"https:\/\/bakrona.ch\/#website"},"primaryImageOfPage":{"@id":"https:\/\/bakrona.ch\/fr\/validation-thermique\/calibrateurs-de-temperature\/fours-detalonnage-a-bloc-sec#primaryimage"},"image":{"@id":"https:\/\/bakrona.ch\/fr\/validation-thermique\/calibrateurs-de-temperature\/fours-detalonnage-a-bloc-sec#primaryimage"},"thumbnailUrl":"http:\/\/bakrona.ch\/wp-content\/uploads\/2015\/12\/Blockkalibrator-RTC156A.png","datePublished":"2016-08-26T12:00:19+00:00","dateModified":"2020-12-24T15:55:39+00:00","description":"Fours d'\u00e9talonnage \u00e0 block sec portables Jofra pour \u00e9talonnage de temp\u00e9rature de -100 \u00b0C \u00e0 +350 \u00b0C. \u00c9talonnage de PT100 et thermocouples","breadcrumb":{"@id":"https:\/\/bakrona.ch\/fr\/validation-thermique\/calibrateurs-de-temperature\/fours-detalonnage-a-bloc-sec#breadcrumb"},"inLanguage":"fr-FR","potentialAction":[{"@type":"ReadAction","target":["https:\/\/bakrona.ch\/fr\/validation-thermique\/calibrateurs-de-temperature\/fours-detalonnage-a-bloc-sec"]}]},{"@type":"ImageObject","inLanguage":"fr-FR","@id":"https:\/\/bakrona.ch\/fr\/validation-thermique\/calibrateurs-de-temperature\/fours-detalonnage-a-bloc-sec#primaryimage","url":"http:\/\/bakrona.ch\/wp-content\/uploads\/2015\/12\/Blockkalibrator-RTC156A.png","contentUrl":"http:\/\/bakrona.ch\/wp-content\/uploads\/2015\/12\/Blockkalibrator-RTC156A.png"},{"@type":"BreadcrumbList","@id":"https:\/\/bakrona.ch\/fr\/validation-thermique\/calibrateurs-de-temperature\/fours-detalonnage-a-bloc-sec#breadcrumb","itemListElement":[{"@type":"ListItem","position":1,"name":"Home","item":"https:\/\/bakrona.ch\/fr"},{"@type":"ListItem","position":2,"name":"VALIDATION THERMIQUE","item":"https:\/\/bakrona.ch\/fr\/validation-thermique"},{"@type":"ListItem","position":3,"name":"calibrateurs-de-temperature","item":"https:\/\/bakrona.ch\/fr\/validation-thermique\/calibrateurs-de-temperature"},{"@type":"ListItem","position":4,"name":"Fours d&rsquo;\u00e9talonnage \u00e0 bloc sec"}]},{"@type":"WebSite","@id":"https:\/\/bakrona.ch\/#website","url":"https:\/\/bakrona.ch\/","name":"Bakrona Messtechnik und Engineering","description":"Bakrona Messtechnik &amp; Engineering","publisher":{"@id":"https:\/\/bakrona.ch\/#organization"},"potentialAction":[{"@type":"SearchAction","target":{"@type":"EntryPoint","urlTemplate":"https:\/\/bakrona.ch\/?s={search_term_string}"},"query-input":{"@type":"PropertyValueSpecification","valueRequired":true,"valueName":"search_term_string"}}],"inLanguage":"fr-FR"},{"@type":"Organization","@id":"https:\/\/bakrona.ch\/#organization","name":"Bakrona AG","url":"https:\/\/bakrona.ch\/","logo":{"@type":"ImageObject","inLanguage":"fr-FR","@id":"https:\/\/bakrona.ch\/#\/schema\/logo\/image\/","url":"https:\/\/bakrona.ch\/wp-content\/uploads\/2016\/09\/logo-02.png","contentUrl":"https:\/\/bakrona.ch\/wp-content\/uploads\/2016\/09\/logo-02.png","width":2769,"height":762,"caption":"Bakrona AG"},"image":{"@id":"https:\/\/bakrona.ch\/#\/schema\/logo\/image\/"}}]}},"_links":{"self":[{"href":"https:\/\/bakrona.ch\/fr\/wp-json\/wp\/v2\/pages\/9403","targetHints":{"allow":["GET"]}}],"collection":[{"href":"https:\/\/bakrona.ch\/fr\/wp-json\/wp\/v2\/pages"}],"about":[{"href":"https:\/\/bakrona.ch\/fr\/wp-json\/wp\/v2\/types\/page"}],"author":[{"embeddable":true,"href":"https:\/\/bakrona.ch\/fr\/wp-json\/wp\/v2\/users\/1"}],"replies":[{"embeddable":true,"href":"https:\/\/bakrona.ch\/fr\/wp-json\/wp\/v2\/comments?post=9403"}],"version-history":[{"count":18,"href":"https:\/\/bakrona.ch\/fr\/wp-json\/wp\/v2\/pages\/9403\/revisions"}],"predecessor-version":[{"id":13970,"href":"https:\/\/bakrona.ch\/fr\/wp-json\/wp\/v2\/pages\/9403\/revisions\/13970"}],"up":[{"embeddable":true,"href":"https:\/\/bakrona.ch\/fr\/wp-json\/wp\/v2\/pages\/10399"}],"wp:attachment":[{"href":"https:\/\/bakrona.ch\/fr\/wp-json\/wp\/v2\/media?parent=9403"}],"curies":[{"name":"wp","href":"https:\/\/api.w.org\/{rel}","templated":true}]}}