{"id":9352,"date":"2016-08-25T16:07:00","date_gmt":"2016-08-25T16:07:00","guid":{"rendered":"http:\/\/194.126.200.62\/~bakronat\/?page_id=9352&#038;lang=fr"},"modified":"2022-05-23T17:03:32","modified_gmt":"2022-05-23T17:03:32","slug":"monitoring","status":"publish","type":"page","link":"https:\/\/bakrona.ch\/fr\/monitoring","title":{"rendered":"Monitoring de salles blanches &#8211; Surveillance en continu de salles blanches avec compteurs de particules"},"content":{"rendered":"<div id=\"cs-content\" class=\"cs-content\"><\/div>\n","protected":false},"excerpt":{"rendered":"<p>SURVEILLANCE DE SALLES BLANCHES (FACILITY MONITORING SYSTEM)La surveillance continue des salles blanches est un outil de processus fondamental pour surveiller l&rsquo;environnement de fabrication aseptique. Compte tenu des exigences GMP et normes applicables en constante \u00e9volution, il est crucial que la planification, la conception, l&rsquo;approvisionnement, la mise en \u0153uvre, la validation et la maintenance soient soigneusement organis\u00e9s. Bakrona met en \u0153uvre &#8230; <\/p>\n<div><a href=\"https:\/\/bakrona.ch\/fr\/monitoring\" class=\"more-link\">Read More<\/a><\/div>\n","protected":false},"author":1,"featured_media":0,"parent":0,"menu_order":0,"comment_status":"closed","ping_status":"closed","template":"template-blank-4.php","meta":{"footnotes":""},"class_list":["post-9352","page","type-page","status-publish","hentry","no-post-thumbnail"],"yoast_head":"<!-- This site is optimized with the Yoast SEO plugin v25.8 - https:\/\/yoast.com\/wordpress\/plugins\/seo\/ -->\n<title>Monitoring de salles blanches - Surveillance en continu de salles blanches avec compteurs de particules - BAKRONA AG<\/title>\n<meta name=\"robots\" content=\"index, follow, max-snippet:-1, max-image-preview:large, max-video-preview:-1\" \/>\n<link rel=\"canonical\" href=\"https:\/\/bakrona.ch\/fr\/monitoring\" \/>\n<meta property=\"og:locale\" content=\"fr_FR\" \/>\n<meta property=\"og:type\" content=\"article\" \/>\n<meta property=\"og:title\" content=\"Monitoring de salles blanches - Surveillance en continu de salles blanches avec compteurs de particules - BAKRONA AG\" \/>\n<meta property=\"og:description\" content=\"SURVEILLANCE DE SALLES BLANCHES (FACILITY MONITORING SYSTEM)La surveillance continue des salles blanches est un outil de processus fondamental pour surveiller l&#039;environnement de fabrication aseptique. Compte tenu des exigences GMP et normes applicables en constante \u00e9volution, il est crucial que la planification, la conception, l&#039;approvisionnement, la mise en \u0153uvre, la validation et la maintenance soient soigneusement organis\u00e9s. Bakrona met en \u0153uvre ... Read More\" \/>\n<meta property=\"og:url\" content=\"https:\/\/bakrona.ch\/fr\/monitoring\" \/>\n<meta property=\"og:site_name\" content=\"BAKRONA AG\" \/>\n<meta property=\"article:modified_time\" content=\"2022-05-23T17:03:32+00:00\" \/>\n<meta name=\"twitter:card\" content=\"summary_large_image\" \/>\n<meta name=\"twitter:label1\" content=\"Dur\u00e9e de lecture estim\u00e9e\" \/>\n\t<meta name=\"twitter:data1\" content=\"12 minutes\" \/>\n<script type=\"application\/ld+json\" class=\"yoast-schema-graph\">{\"@context\":\"https:\/\/schema.org\",\"@graph\":[{\"@type\":\"WebPage\",\"@id\":\"https:\/\/bakrona.ch\/fr\/monitoring\",\"url\":\"https:\/\/bakrona.ch\/fr\/monitoring\",\"name\":\"Monitoring de salles blanches - Surveillance en continu de salles blanches avec compteurs de particules - BAKRONA AG\",\"isPartOf\":{\"@id\":\"https:\/\/bakrona.ch\/#website\"},\"datePublished\":\"2016-08-25T16:07:00+00:00\",\"dateModified\":\"2022-05-23T17:03:32+00:00\",\"breadcrumb\":{\"@id\":\"https:\/\/bakrona.ch\/fr\/monitoring#breadcrumb\"},\"inLanguage\":\"fr-FR\",\"potentialAction\":[{\"@type\":\"ReadAction\",\"target\":[\"https:\/\/bakrona.ch\/fr\/monitoring\"]}]},{\"@type\":\"BreadcrumbList\",\"@id\":\"https:\/\/bakrona.ch\/fr\/monitoring#breadcrumb\",\"itemListElement\":[{\"@type\":\"ListItem\",\"position\":1,\"name\":\"Home\",\"item\":\"https:\/\/bakrona.ch\/fr\"},{\"@type\":\"ListItem\",\"position\":2,\"name\":\"Monitoring de salles blanches &#8211; Surveillance en continu de salles blanches avec compteurs de particules\"}]},{\"@type\":\"WebSite\",\"@id\":\"https:\/\/bakrona.ch\/#website\",\"url\":\"https:\/\/bakrona.ch\/\",\"name\":\"Bakrona Messtechnik und Engineering\",\"description\":\"Bakrona Messtechnik &amp; Engineering\",\"publisher\":{\"@id\":\"https:\/\/bakrona.ch\/#organization\"},\"potentialAction\":[{\"@type\":\"SearchAction\",\"target\":{\"@type\":\"EntryPoint\",\"urlTemplate\":\"https:\/\/bakrona.ch\/?s={search_term_string}\"},\"query-input\":{\"@type\":\"PropertyValueSpecification\",\"valueRequired\":true,\"valueName\":\"search_term_string\"}}],\"inLanguage\":\"fr-FR\"},{\"@type\":\"Organization\",\"@id\":\"https:\/\/bakrona.ch\/#organization\",\"name\":\"Bakrona AG\",\"url\":\"https:\/\/bakrona.ch\/\",\"logo\":{\"@type\":\"ImageObject\",\"inLanguage\":\"fr-FR\",\"@id\":\"https:\/\/bakrona.ch\/#\/schema\/logo\/image\/\",\"url\":\"https:\/\/bakrona.ch\/wp-content\/uploads\/2016\/09\/logo-02.png\",\"contentUrl\":\"https:\/\/bakrona.ch\/wp-content\/uploads\/2016\/09\/logo-02.png\",\"width\":2769,\"height\":762,\"caption\":\"Bakrona AG\"},\"image\":{\"@id\":\"https:\/\/bakrona.ch\/#\/schema\/logo\/image\/\"}}]}<\/script>\n<!-- \/ Yoast SEO plugin. -->","yoast_head_json":{"title":"Monitoring de salles blanches - Surveillance en continu de salles blanches avec compteurs de particules - BAKRONA AG","robots":{"index":"index","follow":"follow","max-snippet":"max-snippet:-1","max-image-preview":"max-image-preview:large","max-video-preview":"max-video-preview:-1"},"canonical":"https:\/\/bakrona.ch\/fr\/monitoring","og_locale":"fr_FR","og_type":"article","og_title":"Monitoring de salles blanches - Surveillance en continu de salles blanches avec compteurs de particules - BAKRONA AG","og_description":"SURVEILLANCE DE SALLES BLANCHES (FACILITY MONITORING SYSTEM)La surveillance continue des salles blanches est un outil de processus fondamental pour surveiller l'environnement de fabrication aseptique. Compte tenu des exigences GMP et normes applicables en constante \u00e9volution, il est crucial que la planification, la conception, l'approvisionnement, la mise en \u0153uvre, la validation et la maintenance soient soigneusement organis\u00e9s. Bakrona met en \u0153uvre ... Read More","og_url":"https:\/\/bakrona.ch\/fr\/monitoring","og_site_name":"BAKRONA AG","article_modified_time":"2022-05-23T17:03:32+00:00","twitter_card":"summary_large_image","twitter_misc":{"Dur\u00e9e de lecture estim\u00e9e":"12 minutes"},"schema":{"@context":"https:\/\/schema.org","@graph":[{"@type":"WebPage","@id":"https:\/\/bakrona.ch\/fr\/monitoring","url":"https:\/\/bakrona.ch\/fr\/monitoring","name":"Monitoring de salles blanches - Surveillance en continu de salles blanches avec compteurs de particules - BAKRONA AG","isPartOf":{"@id":"https:\/\/bakrona.ch\/#website"},"datePublished":"2016-08-25T16:07:00+00:00","dateModified":"2022-05-23T17:03:32+00:00","breadcrumb":{"@id":"https:\/\/bakrona.ch\/fr\/monitoring#breadcrumb"},"inLanguage":"fr-FR","potentialAction":[{"@type":"ReadAction","target":["https:\/\/bakrona.ch\/fr\/monitoring"]}]},{"@type":"BreadcrumbList","@id":"https:\/\/bakrona.ch\/fr\/monitoring#breadcrumb","itemListElement":[{"@type":"ListItem","position":1,"name":"Home","item":"https:\/\/bakrona.ch\/fr"},{"@type":"ListItem","position":2,"name":"Monitoring de salles blanches &#8211; Surveillance en continu de salles blanches avec compteurs de particules"}]},{"@type":"WebSite","@id":"https:\/\/bakrona.ch\/#website","url":"https:\/\/bakrona.ch\/","name":"Bakrona Messtechnik und Engineering","description":"Bakrona Messtechnik &amp; Engineering","publisher":{"@id":"https:\/\/bakrona.ch\/#organization"},"potentialAction":[{"@type":"SearchAction","target":{"@type":"EntryPoint","urlTemplate":"https:\/\/bakrona.ch\/?s={search_term_string}"},"query-input":{"@type":"PropertyValueSpecification","valueRequired":true,"valueName":"search_term_string"}}],"inLanguage":"fr-FR"},{"@type":"Organization","@id":"https:\/\/bakrona.ch\/#organization","name":"Bakrona AG","url":"https:\/\/bakrona.ch\/","logo":{"@type":"ImageObject","inLanguage":"fr-FR","@id":"https:\/\/bakrona.ch\/#\/schema\/logo\/image\/","url":"https:\/\/bakrona.ch\/wp-content\/uploads\/2016\/09\/logo-02.png","contentUrl":"https:\/\/bakrona.ch\/wp-content\/uploads\/2016\/09\/logo-02.png","width":2769,"height":762,"caption":"Bakrona AG"},"image":{"@id":"https:\/\/bakrona.ch\/#\/schema\/logo\/image\/"}}]}},"_links":{"self":[{"href":"https:\/\/bakrona.ch\/fr\/wp-json\/wp\/v2\/pages\/9352","targetHints":{"allow":["GET"]}}],"collection":[{"href":"https:\/\/bakrona.ch\/fr\/wp-json\/wp\/v2\/pages"}],"about":[{"href":"https:\/\/bakrona.ch\/fr\/wp-json\/wp\/v2\/types\/page"}],"author":[{"embeddable":true,"href":"https:\/\/bakrona.ch\/fr\/wp-json\/wp\/v2\/users\/1"}],"replies":[{"embeddable":true,"href":"https:\/\/bakrona.ch\/fr\/wp-json\/wp\/v2\/comments?post=9352"}],"version-history":[{"count":35,"href":"https:\/\/bakrona.ch\/fr\/wp-json\/wp\/v2\/pages\/9352\/revisions"}],"predecessor-version":[{"id":17947,"href":"https:\/\/bakrona.ch\/fr\/wp-json\/wp\/v2\/pages\/9352\/revisions\/17947"}],"wp:attachment":[{"href":"https:\/\/bakrona.ch\/fr\/wp-json\/wp\/v2\/media?parent=9352"}],"curies":[{"name":"wp","href":"https:\/\/api.w.org\/{rel}","templated":true}]}}