{"id":9309,"date":"2016-08-25T12:55:25","date_gmt":"2016-08-25T12:55:25","guid":{"rendered":"http:\/\/194.126.200.62\/~bakronat\/?page_id=9309&#038;lang=fr"},"modified":"2024-02-28T13:14:19","modified_gmt":"2024-02-28T13:14:19","slug":"traversees-etanches-rg-et-hd","status":"publish","type":"page","link":"https:\/\/bakrona.ch\/fr\/traversees-etanches-rg-et-hd","title":{"rendered":"Travers\u00e9es \u00e9tanches pour Thermocouples RG et HD"},"content":{"rendered":"<div id=\"cs-content\" class=\"cs-content\"><\/div>\n","protected":false},"excerpt":{"rendered":"<p>TRAVERS\u00c9ES \u00c9TANCHES POUR THERMOCOUPLESLes travers\u00e9es pour thermocouple sont utilis\u00e9es pour introduire des thermocouples dans des chambres. Les travers\u00e9es RG permettent d&rsquo;introduire des thermocouples dans des chambres sous pression comme les autoclaves. Les travers\u00e9es au vide HD sont utilis\u00e9es pour mesurer la temp\u00e9rature dans des environnements sous vide, par exemple dans des lyophilisateurs. TRAVERS\u00c9ES RG POUR AUTOCLAVES, \u00c9QUIPEMENTS CIP-SIP ET BIOR\u00c9ACTEURS &#8230; <\/p>\n<div><a href=\"https:\/\/bakrona.ch\/fr\/traversees-etanches-rg-et-hd\" class=\"more-link\">Read More<\/a><\/div>\n","protected":false},"author":1,"featured_media":0,"parent":0,"menu_order":2,"comment_status":"closed","ping_status":"closed","template":"template-blank-4.php","meta":{"footnotes":""},"class_list":["post-9309","page","type-page","status-publish","hentry","no-post-thumbnail"],"yoast_head":"<!-- This site is optimized with the Yoast SEO plugin v25.8 - https:\/\/yoast.com\/wordpress\/plugins\/seo\/ -->\n<title>Travers\u00e9es \u00e9tanches pour Thermocouples RG et HD - BAKRONA AG<\/title>\n<meta name=\"robots\" content=\"index, follow, max-snippet:-1, max-image-preview:large, max-video-preview:-1\" \/>\n<link rel=\"canonical\" href=\"https:\/\/bakrona.ch\/fr\/traversees-etanches-rg-et-hd\" \/>\n<meta property=\"og:locale\" content=\"fr_FR\" \/>\n<meta property=\"og:type\" content=\"article\" \/>\n<meta property=\"og:title\" content=\"Travers\u00e9es \u00e9tanches pour Thermocouples RG et HD - BAKRONA AG\" \/>\n<meta property=\"og:description\" content=\"TRAVERS\u00c9ES \u00c9TANCHES POUR THERMOCOUPLESLes travers\u00e9es pour thermocouple sont utilis\u00e9es pour introduire des thermocouples dans des chambres. Les travers\u00e9es RG permettent d&#039;introduire des thermocouples dans des chambres sous pression comme les autoclaves. Les travers\u00e9es au vide HD sont utilis\u00e9es pour mesurer la temp\u00e9rature dans des environnements sous vide, par exemple dans des lyophilisateurs. TRAVERS\u00c9ES RG POUR AUTOCLAVES, \u00c9QUIPEMENTS CIP-SIP ET BIOR\u00c9ACTEURS ... Read More\" \/>\n<meta property=\"og:url\" content=\"https:\/\/bakrona.ch\/fr\/traversees-etanches-rg-et-hd\" \/>\n<meta property=\"og:site_name\" content=\"BAKRONA AG\" \/>\n<meta property=\"article:modified_time\" content=\"2024-02-28T13:14:19+00:00\" \/>\n<meta name=\"twitter:card\" content=\"summary_large_image\" \/>\n<meta name=\"twitter:label1\" content=\"Dur\u00e9e de lecture estim\u00e9e\" \/>\n\t<meta name=\"twitter:data1\" content=\"5 minutes\" \/>\n<script type=\"application\/ld+json\" class=\"yoast-schema-graph\">{\"@context\":\"https:\/\/schema.org\",\"@graph\":[{\"@type\":\"WebPage\",\"@id\":\"https:\/\/bakrona.ch\/fr\/traversees-etanches-rg-et-hd\",\"url\":\"https:\/\/bakrona.ch\/fr\/traversees-etanches-rg-et-hd\",\"name\":\"Travers\u00e9es \u00e9tanches pour Thermocouples RG et HD - BAKRONA AG\",\"isPartOf\":{\"@id\":\"https:\/\/bakrona.ch\/#website\"},\"datePublished\":\"2016-08-25T12:55:25+00:00\",\"dateModified\":\"2024-02-28T13:14:19+00:00\",\"breadcrumb\":{\"@id\":\"https:\/\/bakrona.ch\/fr\/traversees-etanches-rg-et-hd#breadcrumb\"},\"inLanguage\":\"fr-FR\",\"potentialAction\":[{\"@type\":\"ReadAction\",\"target\":[\"https:\/\/bakrona.ch\/fr\/traversees-etanches-rg-et-hd\"]}]},{\"@type\":\"BreadcrumbList\",\"@id\":\"https:\/\/bakrona.ch\/fr\/traversees-etanches-rg-et-hd#breadcrumb\",\"itemListElement\":[{\"@type\":\"ListItem\",\"position\":1,\"name\":\"Home\",\"item\":\"https:\/\/bakrona.ch\/fr\"},{\"@type\":\"ListItem\",\"position\":2,\"name\":\"Travers\u00e9es \u00e9tanches pour Thermocouples RG et HD\"}]},{\"@type\":\"WebSite\",\"@id\":\"https:\/\/bakrona.ch\/#website\",\"url\":\"https:\/\/bakrona.ch\/\",\"name\":\"Bakrona Messtechnik und Engineering\",\"description\":\"Bakrona Messtechnik &amp; Engineering\",\"publisher\":{\"@id\":\"https:\/\/bakrona.ch\/#organization\"},\"potentialAction\":[{\"@type\":\"SearchAction\",\"target\":{\"@type\":\"EntryPoint\",\"urlTemplate\":\"https:\/\/bakrona.ch\/?s={search_term_string}\"},\"query-input\":{\"@type\":\"PropertyValueSpecification\",\"valueRequired\":true,\"valueName\":\"search_term_string\"}}],\"inLanguage\":\"fr-FR\"},{\"@type\":\"Organization\",\"@id\":\"https:\/\/bakrona.ch\/#organization\",\"name\":\"Bakrona AG\",\"url\":\"https:\/\/bakrona.ch\/\",\"logo\":{\"@type\":\"ImageObject\",\"inLanguage\":\"fr-FR\",\"@id\":\"https:\/\/bakrona.ch\/#\/schema\/logo\/image\/\",\"url\":\"https:\/\/bakrona.ch\/wp-content\/uploads\/2016\/09\/logo-02.png\",\"contentUrl\":\"https:\/\/bakrona.ch\/wp-content\/uploads\/2016\/09\/logo-02.png\",\"width\":2769,\"height\":762,\"caption\":\"Bakrona AG\"},\"image\":{\"@id\":\"https:\/\/bakrona.ch\/#\/schema\/logo\/image\/\"}}]}<\/script>\n<!-- \/ Yoast SEO plugin. -->","yoast_head_json":{"title":"Travers\u00e9es \u00e9tanches pour Thermocouples RG et HD - BAKRONA AG","robots":{"index":"index","follow":"follow","max-snippet":"max-snippet:-1","max-image-preview":"max-image-preview:large","max-video-preview":"max-video-preview:-1"},"canonical":"https:\/\/bakrona.ch\/fr\/traversees-etanches-rg-et-hd","og_locale":"fr_FR","og_type":"article","og_title":"Travers\u00e9es \u00e9tanches pour Thermocouples RG et HD - BAKRONA AG","og_description":"TRAVERS\u00c9ES \u00c9TANCHES POUR THERMOCOUPLESLes travers\u00e9es pour thermocouple sont utilis\u00e9es pour introduire des thermocouples dans des chambres. Les travers\u00e9es RG permettent d'introduire des thermocouples dans des chambres sous pression comme les autoclaves. Les travers\u00e9es au vide HD sont utilis\u00e9es pour mesurer la temp\u00e9rature dans des environnements sous vide, par exemple dans des lyophilisateurs. TRAVERS\u00c9ES RG POUR AUTOCLAVES, \u00c9QUIPEMENTS CIP-SIP ET BIOR\u00c9ACTEURS ... Read More","og_url":"https:\/\/bakrona.ch\/fr\/traversees-etanches-rg-et-hd","og_site_name":"BAKRONA AG","article_modified_time":"2024-02-28T13:14:19+00:00","twitter_card":"summary_large_image","twitter_misc":{"Dur\u00e9e de lecture estim\u00e9e":"5 minutes"},"schema":{"@context":"https:\/\/schema.org","@graph":[{"@type":"WebPage","@id":"https:\/\/bakrona.ch\/fr\/traversees-etanches-rg-et-hd","url":"https:\/\/bakrona.ch\/fr\/traversees-etanches-rg-et-hd","name":"Travers\u00e9es \u00e9tanches pour Thermocouples RG et HD - BAKRONA AG","isPartOf":{"@id":"https:\/\/bakrona.ch\/#website"},"datePublished":"2016-08-25T12:55:25+00:00","dateModified":"2024-02-28T13:14:19+00:00","breadcrumb":{"@id":"https:\/\/bakrona.ch\/fr\/traversees-etanches-rg-et-hd#breadcrumb"},"inLanguage":"fr-FR","potentialAction":[{"@type":"ReadAction","target":["https:\/\/bakrona.ch\/fr\/traversees-etanches-rg-et-hd"]}]},{"@type":"BreadcrumbList","@id":"https:\/\/bakrona.ch\/fr\/traversees-etanches-rg-et-hd#breadcrumb","itemListElement":[{"@type":"ListItem","position":1,"name":"Home","item":"https:\/\/bakrona.ch\/fr"},{"@type":"ListItem","position":2,"name":"Travers\u00e9es \u00e9tanches pour Thermocouples RG et HD"}]},{"@type":"WebSite","@id":"https:\/\/bakrona.ch\/#website","url":"https:\/\/bakrona.ch\/","name":"Bakrona Messtechnik und Engineering","description":"Bakrona Messtechnik &amp; Engineering","publisher":{"@id":"https:\/\/bakrona.ch\/#organization"},"potentialAction":[{"@type":"SearchAction","target":{"@type":"EntryPoint","urlTemplate":"https:\/\/bakrona.ch\/?s={search_term_string}"},"query-input":{"@type":"PropertyValueSpecification","valueRequired":true,"valueName":"search_term_string"}}],"inLanguage":"fr-FR"},{"@type":"Organization","@id":"https:\/\/bakrona.ch\/#organization","name":"Bakrona AG","url":"https:\/\/bakrona.ch\/","logo":{"@type":"ImageObject","inLanguage":"fr-FR","@id":"https:\/\/bakrona.ch\/#\/schema\/logo\/image\/","url":"https:\/\/bakrona.ch\/wp-content\/uploads\/2016\/09\/logo-02.png","contentUrl":"https:\/\/bakrona.ch\/wp-content\/uploads\/2016\/09\/logo-02.png","width":2769,"height":762,"caption":"Bakrona AG"},"image":{"@id":"https:\/\/bakrona.ch\/#\/schema\/logo\/image\/"}}]}},"_links":{"self":[{"href":"https:\/\/bakrona.ch\/fr\/wp-json\/wp\/v2\/pages\/9309","targetHints":{"allow":["GET"]}}],"collection":[{"href":"https:\/\/bakrona.ch\/fr\/wp-json\/wp\/v2\/pages"}],"about":[{"href":"https:\/\/bakrona.ch\/fr\/wp-json\/wp\/v2\/types\/page"}],"author":[{"embeddable":true,"href":"https:\/\/bakrona.ch\/fr\/wp-json\/wp\/v2\/users\/1"}],"replies":[{"embeddable":true,"href":"https:\/\/bakrona.ch\/fr\/wp-json\/wp\/v2\/comments?post=9309"}],"version-history":[{"count":20,"href":"https:\/\/bakrona.ch\/fr\/wp-json\/wp\/v2\/pages\/9309\/revisions"}],"predecessor-version":[{"id":18327,"href":"https:\/\/bakrona.ch\/fr\/wp-json\/wp\/v2\/pages\/9309\/revisions\/18327"}],"wp:attachment":[{"href":"https:\/\/bakrona.ch\/fr\/wp-json\/wp\/v2\/media?parent=9309"}],"curies":[{"name":"wp","href":"https:\/\/api.w.org\/{rel}","templated":true}]}}