{"id":9300,"date":"2016-08-25T12:27:28","date_gmt":"2016-08-25T12:27:28","guid":{"rendered":"http:\/\/194.126.200.62\/~bakronat\/?page_id=9300&#038;lang=fr"},"modified":"2025-07-04T13:34:05","modified_gmt":"2025-07-04T13:34:05","slug":"thermocouples-type-t","status":"publish","type":"page","link":"https:\/\/bakrona.ch\/fr\/validation-thermique\/thermocouples-type-t","title":{"rendered":"Thermocouples type T pour la validation thermique"},"content":{"rendered":"<div id=\"cs-content\" class=\"cs-content\"><\/div>\n","protected":false},"excerpt":{"rendered":"<p>Thermocouples Type T pour la validation et la qualification thermiquesBakrona fournit des thermocouples de type T pr\u00e9assembl\u00e9s, parfaitement adapt\u00e9s aux t\u00e2ches de validation exigeantes dans les domaines pharmaceutique, biotechnologique et de la technologie m\u00e9dicale. Nos thermocouples en cuivre\/constantan (type T) sont disponibles avec des tol\u00e9rances \u00e9troites selon les \u00ab\u00a0special limits\u00a0\u00bb ainsi qu\u2019en qualit\u00e9 premium. Nous proposons \u00e9galement des fils et &#8230; <\/p>\n<div><a href=\"https:\/\/bakrona.ch\/fr\/validation-thermique\/thermocouples-type-t\" class=\"more-link\">Read More<\/a><\/div>\n","protected":false},"author":1,"featured_media":0,"parent":9806,"menu_order":1,"comment_status":"closed","ping_status":"closed","template":"template-blank-5.php","meta":{"footnotes":""},"class_list":["post-9300","page","type-page","status-publish","hentry","no-post-thumbnail"],"yoast_head":"<!-- This site is optimized with the Yoast SEO plugin v25.8 - https:\/\/yoast.com\/wordpress\/plugins\/seo\/ -->\n<title>Thermocouples type T pour la validation thermique - BAKRONA AG<\/title>\n<meta name=\"robots\" content=\"index, follow, max-snippet:-1, max-image-preview:large, max-video-preview:-1\" \/>\n<link rel=\"canonical\" href=\"https:\/\/bakrona.ch\/fr\/validation-thermique\/thermocouples-type-t\" \/>\n<meta property=\"og:locale\" content=\"fr_FR\" \/>\n<meta property=\"og:type\" content=\"article\" \/>\n<meta property=\"og:title\" content=\"Thermocouples type T pour la validation thermique - BAKRONA AG\" \/>\n<meta property=\"og:description\" content=\"Thermocouples Type T pour la validation et la qualification thermiquesBakrona fournit des thermocouples de type T pr\u00e9assembl\u00e9s, parfaitement adapt\u00e9s aux t\u00e2ches de validation exigeantes dans les domaines pharmaceutique, biotechnologique et de la technologie m\u00e9dicale. Nos thermocouples en cuivre\/constantan (type T) sont disponibles avec des tol\u00e9rances \u00e9troites selon les \u00ab\u00a0special limits\u00a0\u00bb ainsi qu\u2019en qualit\u00e9 premium. Nous proposons \u00e9galement des fils et ... Read More\" \/>\n<meta property=\"og:url\" content=\"https:\/\/bakrona.ch\/fr\/validation-thermique\/thermocouples-type-t\" \/>\n<meta property=\"og:site_name\" content=\"BAKRONA AG\" \/>\n<meta property=\"article:modified_time\" content=\"2025-07-04T13:34:05+00:00\" \/>\n<meta name=\"twitter:card\" content=\"summary_large_image\" \/>\n<meta name=\"twitter:label1\" content=\"Dur\u00e9e de lecture estim\u00e9e\" \/>\n\t<meta name=\"twitter:data1\" content=\"9 minutes\" \/>\n<script type=\"application\/ld+json\" class=\"yoast-schema-graph\">{\"@context\":\"https:\/\/schema.org\",\"@graph\":[{\"@type\":\"WebPage\",\"@id\":\"https:\/\/bakrona.ch\/fr\/validation-thermique\/thermocouples-type-t\",\"url\":\"https:\/\/bakrona.ch\/fr\/validation-thermique\/thermocouples-type-t\",\"name\":\"Thermocouples type T pour la validation thermique - BAKRONA AG\",\"isPartOf\":{\"@id\":\"https:\/\/bakrona.ch\/#website\"},\"datePublished\":\"2016-08-25T12:27:28+00:00\",\"dateModified\":\"2025-07-04T13:34:05+00:00\",\"breadcrumb\":{\"@id\":\"https:\/\/bakrona.ch\/fr\/validation-thermique\/thermocouples-type-t#breadcrumb\"},\"inLanguage\":\"fr-FR\",\"potentialAction\":[{\"@type\":\"ReadAction\",\"target\":[\"https:\/\/bakrona.ch\/fr\/validation-thermique\/thermocouples-type-t\"]}]},{\"@type\":\"BreadcrumbList\",\"@id\":\"https:\/\/bakrona.ch\/fr\/validation-thermique\/thermocouples-type-t#breadcrumb\",\"itemListElement\":[{\"@type\":\"ListItem\",\"position\":1,\"name\":\"Home\",\"item\":\"https:\/\/bakrona.ch\/fr\"},{\"@type\":\"ListItem\",\"position\":2,\"name\":\"VALIDATION THERMIQUE\",\"item\":\"https:\/\/bakrona.ch\/fr\/validation-thermique\"},{\"@type\":\"ListItem\",\"position\":3,\"name\":\"Thermocouples type T pour la validation thermique\"}]},{\"@type\":\"WebSite\",\"@id\":\"https:\/\/bakrona.ch\/#website\",\"url\":\"https:\/\/bakrona.ch\/\",\"name\":\"Bakrona Messtechnik und Engineering\",\"description\":\"Bakrona Messtechnik &amp; Engineering\",\"publisher\":{\"@id\":\"https:\/\/bakrona.ch\/#organization\"},\"potentialAction\":[{\"@type\":\"SearchAction\",\"target\":{\"@type\":\"EntryPoint\",\"urlTemplate\":\"https:\/\/bakrona.ch\/?s={search_term_string}\"},\"query-input\":{\"@type\":\"PropertyValueSpecification\",\"valueRequired\":true,\"valueName\":\"search_term_string\"}}],\"inLanguage\":\"fr-FR\"},{\"@type\":\"Organization\",\"@id\":\"https:\/\/bakrona.ch\/#organization\",\"name\":\"Bakrona AG\",\"url\":\"https:\/\/bakrona.ch\/\",\"logo\":{\"@type\":\"ImageObject\",\"inLanguage\":\"fr-FR\",\"@id\":\"https:\/\/bakrona.ch\/#\/schema\/logo\/image\/\",\"url\":\"https:\/\/bakrona.ch\/wp-content\/uploads\/2016\/09\/logo-02.png\",\"contentUrl\":\"https:\/\/bakrona.ch\/wp-content\/uploads\/2016\/09\/logo-02.png\",\"width\":2769,\"height\":762,\"caption\":\"Bakrona AG\"},\"image\":{\"@id\":\"https:\/\/bakrona.ch\/#\/schema\/logo\/image\/\"}}]}<\/script>\n<!-- \/ Yoast SEO plugin. -->","yoast_head_json":{"title":"Thermocouples type T pour la validation thermique - BAKRONA AG","robots":{"index":"index","follow":"follow","max-snippet":"max-snippet:-1","max-image-preview":"max-image-preview:large","max-video-preview":"max-video-preview:-1"},"canonical":"https:\/\/bakrona.ch\/fr\/validation-thermique\/thermocouples-type-t","og_locale":"fr_FR","og_type":"article","og_title":"Thermocouples type T pour la validation thermique - BAKRONA AG","og_description":"Thermocouples Type T pour la validation et la qualification thermiquesBakrona fournit des thermocouples de type T pr\u00e9assembl\u00e9s, parfaitement adapt\u00e9s aux t\u00e2ches de validation exigeantes dans les domaines pharmaceutique, biotechnologique et de la technologie m\u00e9dicale. Nos thermocouples en cuivre\/constantan (type T) sont disponibles avec des tol\u00e9rances \u00e9troites selon les \u00ab\u00a0special limits\u00a0\u00bb ainsi qu\u2019en qualit\u00e9 premium. Nous proposons \u00e9galement des fils et ... Read More","og_url":"https:\/\/bakrona.ch\/fr\/validation-thermique\/thermocouples-type-t","og_site_name":"BAKRONA AG","article_modified_time":"2025-07-04T13:34:05+00:00","twitter_card":"summary_large_image","twitter_misc":{"Dur\u00e9e de lecture estim\u00e9e":"9 minutes"},"schema":{"@context":"https:\/\/schema.org","@graph":[{"@type":"WebPage","@id":"https:\/\/bakrona.ch\/fr\/validation-thermique\/thermocouples-type-t","url":"https:\/\/bakrona.ch\/fr\/validation-thermique\/thermocouples-type-t","name":"Thermocouples type T pour la validation thermique - BAKRONA AG","isPartOf":{"@id":"https:\/\/bakrona.ch\/#website"},"datePublished":"2016-08-25T12:27:28+00:00","dateModified":"2025-07-04T13:34:05+00:00","breadcrumb":{"@id":"https:\/\/bakrona.ch\/fr\/validation-thermique\/thermocouples-type-t#breadcrumb"},"inLanguage":"fr-FR","potentialAction":[{"@type":"ReadAction","target":["https:\/\/bakrona.ch\/fr\/validation-thermique\/thermocouples-type-t"]}]},{"@type":"BreadcrumbList","@id":"https:\/\/bakrona.ch\/fr\/validation-thermique\/thermocouples-type-t#breadcrumb","itemListElement":[{"@type":"ListItem","position":1,"name":"Home","item":"https:\/\/bakrona.ch\/fr"},{"@type":"ListItem","position":2,"name":"VALIDATION THERMIQUE","item":"https:\/\/bakrona.ch\/fr\/validation-thermique"},{"@type":"ListItem","position":3,"name":"Thermocouples type T pour la validation thermique"}]},{"@type":"WebSite","@id":"https:\/\/bakrona.ch\/#website","url":"https:\/\/bakrona.ch\/","name":"Bakrona Messtechnik und Engineering","description":"Bakrona Messtechnik &amp; Engineering","publisher":{"@id":"https:\/\/bakrona.ch\/#organization"},"potentialAction":[{"@type":"SearchAction","target":{"@type":"EntryPoint","urlTemplate":"https:\/\/bakrona.ch\/?s={search_term_string}"},"query-input":{"@type":"PropertyValueSpecification","valueRequired":true,"valueName":"search_term_string"}}],"inLanguage":"fr-FR"},{"@type":"Organization","@id":"https:\/\/bakrona.ch\/#organization","name":"Bakrona AG","url":"https:\/\/bakrona.ch\/","logo":{"@type":"ImageObject","inLanguage":"fr-FR","@id":"https:\/\/bakrona.ch\/#\/schema\/logo\/image\/","url":"https:\/\/bakrona.ch\/wp-content\/uploads\/2016\/09\/logo-02.png","contentUrl":"https:\/\/bakrona.ch\/wp-content\/uploads\/2016\/09\/logo-02.png","width":2769,"height":762,"caption":"Bakrona AG"},"image":{"@id":"https:\/\/bakrona.ch\/#\/schema\/logo\/image\/"}}]}},"_links":{"self":[{"href":"https:\/\/bakrona.ch\/fr\/wp-json\/wp\/v2\/pages\/9300","targetHints":{"allow":["GET"]}}],"collection":[{"href":"https:\/\/bakrona.ch\/fr\/wp-json\/wp\/v2\/pages"}],"about":[{"href":"https:\/\/bakrona.ch\/fr\/wp-json\/wp\/v2\/types\/page"}],"author":[{"embeddable":true,"href":"https:\/\/bakrona.ch\/fr\/wp-json\/wp\/v2\/users\/1"}],"replies":[{"embeddable":true,"href":"https:\/\/bakrona.ch\/fr\/wp-json\/wp\/v2\/comments?post=9300"}],"version-history":[{"count":22,"href":"https:\/\/bakrona.ch\/fr\/wp-json\/wp\/v2\/pages\/9300\/revisions"}],"predecessor-version":[{"id":18827,"href":"https:\/\/bakrona.ch\/fr\/wp-json\/wp\/v2\/pages\/9300\/revisions\/18827"}],"up":[{"embeddable":true,"href":"https:\/\/bakrona.ch\/fr\/wp-json\/wp\/v2\/pages\/9806"}],"wp:attachment":[{"href":"https:\/\/bakrona.ch\/fr\/wp-json\/wp\/v2\/media?parent=9300"}],"curies":[{"name":"wp","href":"https:\/\/api.w.org\/{rel}","templated":true}]}}