{"id":9274,"date":"2016-08-25T11:01:28","date_gmt":"2016-08-25T11:01:28","guid":{"rendered":"http:\/\/194.126.200.62\/~bakronat\/?page_id=9274&#038;lang=fr"},"modified":"2020-09-25T19:32:51","modified_gmt":"2020-09-25T19:32:51","slug":"logiciel-de-validation","status":"publish","type":"page","link":"https:\/\/bakrona.ch\/fr\/validation-thermique\/logiciel-de-validation","title":{"rendered":"BAKRONA &#8211; Logiciel de validation ValSuite"},"content":{"rendered":"<div id=\"cs-content\" class=\"cs-content\"><\/div>\n","protected":false},"excerpt":{"rendered":"<p>LOGICIEL DE VALIDATIONLogiciel ValSuite d&rsquo;Ellab Test logiciel Voir vid\u00e9o PLATE-FORME LOGICIELLE COMMUNE POUR DATALOGGER ET SYSTEMES A THERMOCOUPLESValSuite est la plate-forme logicielle commune pour les dataloggers sans fil TrackSense Pro et le syst\u00e8me avec thermocouples E-Val Pro d\u2019 Ellab. Les donn\u00e9es issues de chacun des syst\u00e8mes peuvent \u00eatre enregistr\u00e9es et \u00e9valu\u00e9es simultan\u00e9ment dans la m\u00eame session. Jusqu\u2019\u00e0 128 canaux peuvent &#8230; <\/p>\n<div><a href=\"https:\/\/bakrona.ch\/fr\/validation-thermique\/logiciel-de-validation\" class=\"more-link\">Read More<\/a><\/div>\n","protected":false},"author":1,"featured_media":0,"parent":9806,"menu_order":0,"comment_status":"closed","ping_status":"closed","template":"template-blank-4.php","meta":{"footnotes":""},"class_list":["post-9274","page","type-page","status-publish","hentry","no-post-thumbnail"],"yoast_head":"<!-- This site is optimized with the Yoast SEO plugin v25.8 - https:\/\/yoast.com\/wordpress\/plugins\/seo\/ -->\n<title>BAKRONA - Logiciel de validation ValSuite - BAKRONA AG<\/title>\n<meta name=\"robots\" content=\"index, follow, max-snippet:-1, max-image-preview:large, max-video-preview:-1\" \/>\n<link rel=\"canonical\" href=\"https:\/\/bakrona.ch\/fr\/validation-thermique\/logiciel-de-validation\" \/>\n<meta property=\"og:locale\" content=\"fr_FR\" \/>\n<meta property=\"og:type\" content=\"article\" \/>\n<meta property=\"og:title\" content=\"BAKRONA - Logiciel de validation ValSuite - BAKRONA AG\" \/>\n<meta property=\"og:description\" content=\"LOGICIEL DE VALIDATIONLogiciel ValSuite d&rsquo;Ellab Test logiciel Voir vid\u00e9o PLATE-FORME LOGICIELLE COMMUNE POUR DATALOGGER ET SYSTEMES A THERMOCOUPLESValSuite est la plate-forme logicielle commune pour les dataloggers sans fil TrackSense Pro et le syst\u00e8me avec thermocouples E-Val Pro d\u2019 Ellab. Les donn\u00e9es issues de chacun des syst\u00e8mes peuvent \u00eatre enregistr\u00e9es et \u00e9valu\u00e9es simultan\u00e9ment dans la m\u00eame session. Jusqu\u2019\u00e0 128 canaux peuvent ... Read More\" \/>\n<meta property=\"og:url\" content=\"https:\/\/bakrona.ch\/fr\/validation-thermique\/logiciel-de-validation\" \/>\n<meta property=\"og:site_name\" content=\"BAKRONA AG\" \/>\n<meta property=\"article:modified_time\" content=\"2020-09-25T19:32:51+00:00\" \/>\n<meta property=\"og:image\" content=\"http:\/\/bakrona.ch\/wp-content\/uploads\/2015\/09\/ValSuite-Valididation-Software-on-Labtop_800x600.png\" \/>\n<meta name=\"twitter:card\" content=\"summary_large_image\" \/>\n<meta name=\"twitter:label1\" content=\"Dur\u00e9e de lecture estim\u00e9e\" \/>\n\t<meta name=\"twitter:data1\" content=\"21 minutes\" \/>\n<script type=\"application\/ld+json\" class=\"yoast-schema-graph\">{\"@context\":\"https:\/\/schema.org\",\"@graph\":[{\"@type\":\"WebPage\",\"@id\":\"https:\/\/bakrona.ch\/fr\/validation-thermique\/logiciel-de-validation\",\"url\":\"https:\/\/bakrona.ch\/fr\/validation-thermique\/logiciel-de-validation\",\"name\":\"BAKRONA - Logiciel de validation ValSuite - BAKRONA AG\",\"isPartOf\":{\"@id\":\"https:\/\/bakrona.ch\/#website\"},\"primaryImageOfPage\":{\"@id\":\"https:\/\/bakrona.ch\/fr\/validation-thermique\/logiciel-de-validation#primaryimage\"},\"image\":{\"@id\":\"https:\/\/bakrona.ch\/fr\/validation-thermique\/logiciel-de-validation#primaryimage\"},\"thumbnailUrl\":\"http:\/\/bakrona.ch\/wp-content\/uploads\/2015\/09\/ValSuite-Valididation-Software-on-Labtop_800x600.png\",\"datePublished\":\"2016-08-25T11:01:28+00:00\",\"dateModified\":\"2020-09-25T19:32:51+00:00\",\"breadcrumb\":{\"@id\":\"https:\/\/bakrona.ch\/fr\/validation-thermique\/logiciel-de-validation#breadcrumb\"},\"inLanguage\":\"fr-FR\",\"potentialAction\":[{\"@type\":\"ReadAction\",\"target\":[\"https:\/\/bakrona.ch\/fr\/validation-thermique\/logiciel-de-validation\"]}]},{\"@type\":\"ImageObject\",\"inLanguage\":\"fr-FR\",\"@id\":\"https:\/\/bakrona.ch\/fr\/validation-thermique\/logiciel-de-validation#primaryimage\",\"url\":\"http:\/\/bakrona.ch\/wp-content\/uploads\/2015\/09\/ValSuite-Valididation-Software-on-Labtop_800x600.png\",\"contentUrl\":\"http:\/\/bakrona.ch\/wp-content\/uploads\/2015\/09\/ValSuite-Valididation-Software-on-Labtop_800x600.png\"},{\"@type\":\"BreadcrumbList\",\"@id\":\"https:\/\/bakrona.ch\/fr\/validation-thermique\/logiciel-de-validation#breadcrumb\",\"itemListElement\":[{\"@type\":\"ListItem\",\"position\":1,\"name\":\"Home\",\"item\":\"https:\/\/bakrona.ch\/fr\"},{\"@type\":\"ListItem\",\"position\":2,\"name\":\"VALIDATION THERMIQUE\",\"item\":\"https:\/\/bakrona.ch\/fr\/validation-thermique\"},{\"@type\":\"ListItem\",\"position\":3,\"name\":\"BAKRONA &#8211; Logiciel de validation ValSuite\"}]},{\"@type\":\"WebSite\",\"@id\":\"https:\/\/bakrona.ch\/#website\",\"url\":\"https:\/\/bakrona.ch\/\",\"name\":\"Bakrona Messtechnik und Engineering\",\"description\":\"Bakrona Messtechnik &amp; Engineering\",\"publisher\":{\"@id\":\"https:\/\/bakrona.ch\/#organization\"},\"potentialAction\":[{\"@type\":\"SearchAction\",\"target\":{\"@type\":\"EntryPoint\",\"urlTemplate\":\"https:\/\/bakrona.ch\/?s={search_term_string}\"},\"query-input\":{\"@type\":\"PropertyValueSpecification\",\"valueRequired\":true,\"valueName\":\"search_term_string\"}}],\"inLanguage\":\"fr-FR\"},{\"@type\":\"Organization\",\"@id\":\"https:\/\/bakrona.ch\/#organization\",\"name\":\"Bakrona AG\",\"url\":\"https:\/\/bakrona.ch\/\",\"logo\":{\"@type\":\"ImageObject\",\"inLanguage\":\"fr-FR\",\"@id\":\"https:\/\/bakrona.ch\/#\/schema\/logo\/image\/\",\"url\":\"https:\/\/bakrona.ch\/wp-content\/uploads\/2016\/09\/logo-02.png\",\"contentUrl\":\"https:\/\/bakrona.ch\/wp-content\/uploads\/2016\/09\/logo-02.png\",\"width\":2769,\"height\":762,\"caption\":\"Bakrona AG\"},\"image\":{\"@id\":\"https:\/\/bakrona.ch\/#\/schema\/logo\/image\/\"}}]}<\/script>\n<!-- \/ Yoast SEO plugin. -->","yoast_head_json":{"title":"BAKRONA - Logiciel de validation ValSuite - BAKRONA AG","robots":{"index":"index","follow":"follow","max-snippet":"max-snippet:-1","max-image-preview":"max-image-preview:large","max-video-preview":"max-video-preview:-1"},"canonical":"https:\/\/bakrona.ch\/fr\/validation-thermique\/logiciel-de-validation","og_locale":"fr_FR","og_type":"article","og_title":"BAKRONA - Logiciel de validation ValSuite - BAKRONA AG","og_description":"LOGICIEL DE VALIDATIONLogiciel ValSuite d&rsquo;Ellab Test logiciel Voir vid\u00e9o PLATE-FORME LOGICIELLE COMMUNE POUR DATALOGGER ET SYSTEMES A THERMOCOUPLESValSuite est la plate-forme logicielle commune pour les dataloggers sans fil TrackSense Pro et le syst\u00e8me avec thermocouples E-Val Pro d\u2019 Ellab. Les donn\u00e9es issues de chacun des syst\u00e8mes peuvent \u00eatre enregistr\u00e9es et \u00e9valu\u00e9es simultan\u00e9ment dans la m\u00eame session. Jusqu\u2019\u00e0 128 canaux peuvent ... Read More","og_url":"https:\/\/bakrona.ch\/fr\/validation-thermique\/logiciel-de-validation","og_site_name":"BAKRONA AG","article_modified_time":"2020-09-25T19:32:51+00:00","og_image":[{"url":"http:\/\/bakrona.ch\/wp-content\/uploads\/2015\/09\/ValSuite-Valididation-Software-on-Labtop_800x600.png","type":"","width":"","height":""}],"twitter_card":"summary_large_image","twitter_misc":{"Dur\u00e9e de lecture estim\u00e9e":"21 minutes"},"schema":{"@context":"https:\/\/schema.org","@graph":[{"@type":"WebPage","@id":"https:\/\/bakrona.ch\/fr\/validation-thermique\/logiciel-de-validation","url":"https:\/\/bakrona.ch\/fr\/validation-thermique\/logiciel-de-validation","name":"BAKRONA - Logiciel de validation ValSuite - BAKRONA AG","isPartOf":{"@id":"https:\/\/bakrona.ch\/#website"},"primaryImageOfPage":{"@id":"https:\/\/bakrona.ch\/fr\/validation-thermique\/logiciel-de-validation#primaryimage"},"image":{"@id":"https:\/\/bakrona.ch\/fr\/validation-thermique\/logiciel-de-validation#primaryimage"},"thumbnailUrl":"http:\/\/bakrona.ch\/wp-content\/uploads\/2015\/09\/ValSuite-Valididation-Software-on-Labtop_800x600.png","datePublished":"2016-08-25T11:01:28+00:00","dateModified":"2020-09-25T19:32:51+00:00","breadcrumb":{"@id":"https:\/\/bakrona.ch\/fr\/validation-thermique\/logiciel-de-validation#breadcrumb"},"inLanguage":"fr-FR","potentialAction":[{"@type":"ReadAction","target":["https:\/\/bakrona.ch\/fr\/validation-thermique\/logiciel-de-validation"]}]},{"@type":"ImageObject","inLanguage":"fr-FR","@id":"https:\/\/bakrona.ch\/fr\/validation-thermique\/logiciel-de-validation#primaryimage","url":"http:\/\/bakrona.ch\/wp-content\/uploads\/2015\/09\/ValSuite-Valididation-Software-on-Labtop_800x600.png","contentUrl":"http:\/\/bakrona.ch\/wp-content\/uploads\/2015\/09\/ValSuite-Valididation-Software-on-Labtop_800x600.png"},{"@type":"BreadcrumbList","@id":"https:\/\/bakrona.ch\/fr\/validation-thermique\/logiciel-de-validation#breadcrumb","itemListElement":[{"@type":"ListItem","position":1,"name":"Home","item":"https:\/\/bakrona.ch\/fr"},{"@type":"ListItem","position":2,"name":"VALIDATION THERMIQUE","item":"https:\/\/bakrona.ch\/fr\/validation-thermique"},{"@type":"ListItem","position":3,"name":"BAKRONA &#8211; Logiciel de validation ValSuite"}]},{"@type":"WebSite","@id":"https:\/\/bakrona.ch\/#website","url":"https:\/\/bakrona.ch\/","name":"Bakrona Messtechnik und Engineering","description":"Bakrona Messtechnik &amp; Engineering","publisher":{"@id":"https:\/\/bakrona.ch\/#organization"},"potentialAction":[{"@type":"SearchAction","target":{"@type":"EntryPoint","urlTemplate":"https:\/\/bakrona.ch\/?s={search_term_string}"},"query-input":{"@type":"PropertyValueSpecification","valueRequired":true,"valueName":"search_term_string"}}],"inLanguage":"fr-FR"},{"@type":"Organization","@id":"https:\/\/bakrona.ch\/#organization","name":"Bakrona AG","url":"https:\/\/bakrona.ch\/","logo":{"@type":"ImageObject","inLanguage":"fr-FR","@id":"https:\/\/bakrona.ch\/#\/schema\/logo\/image\/","url":"https:\/\/bakrona.ch\/wp-content\/uploads\/2016\/09\/logo-02.png","contentUrl":"https:\/\/bakrona.ch\/wp-content\/uploads\/2016\/09\/logo-02.png","width":2769,"height":762,"caption":"Bakrona AG"},"image":{"@id":"https:\/\/bakrona.ch\/#\/schema\/logo\/image\/"}}]}},"_links":{"self":[{"href":"https:\/\/bakrona.ch\/fr\/wp-json\/wp\/v2\/pages\/9274","targetHints":{"allow":["GET"]}}],"collection":[{"href":"https:\/\/bakrona.ch\/fr\/wp-json\/wp\/v2\/pages"}],"about":[{"href":"https:\/\/bakrona.ch\/fr\/wp-json\/wp\/v2\/types\/page"}],"author":[{"embeddable":true,"href":"https:\/\/bakrona.ch\/fr\/wp-json\/wp\/v2\/users\/1"}],"replies":[{"embeddable":true,"href":"https:\/\/bakrona.ch\/fr\/wp-json\/wp\/v2\/comments?post=9274"}],"version-history":[{"count":17,"href":"https:\/\/bakrona.ch\/fr\/wp-json\/wp\/v2\/pages\/9274\/revisions"}],"predecessor-version":[{"id":13708,"href":"https:\/\/bakrona.ch\/fr\/wp-json\/wp\/v2\/pages\/9274\/revisions\/13708"}],"up":[{"embeddable":true,"href":"https:\/\/bakrona.ch\/fr\/wp-json\/wp\/v2\/pages\/9806"}],"wp:attachment":[{"href":"https:\/\/bakrona.ch\/fr\/wp-json\/wp\/v2\/media?parent=9274"}],"curies":[{"name":"wp","href":"https:\/\/api.w.org\/{rel}","templated":true}]}}