{"id":9200,"date":"2016-08-18T11:10:13","date_gmt":"2016-08-18T11:10:13","guid":{"rendered":"http:\/\/194.126.200.62\/~bakronat\/?page_id=9200&#038;lang=fr"},"modified":"2020-09-25T19:30:15","modified_gmt":"2020-09-25T19:30:15","slug":"logger-tracksense","status":"publish","type":"page","link":"https:\/\/bakrona.ch\/fr\/validation-thermique\/logger-tracksense","title":{"rendered":"Loggers autonomes pour validation et c\u00f4ntrole de routine"},"content":{"rendered":"<div id=\"cs-content\" class=\"cs-content\"><\/div>\n","protected":false},"excerpt":{"rendered":"<p>DATALOGGERS AUTONOMES SANS FILSDATALOGGERS AUTONOMES POUR VALIDATION ET C\u00d4NTROLE DE ROUTINELes loggers TrackSense Pro sont con\u00e7us pour la mesure\u00a0de temp\u00e9rature de -90 \u00b0C \u00e0 +150 \u00b0C\u00a0et la mesure de pression sur une plage allant de 1 mbar \u00e0 10 bar. Les capteurs sont ainsi utilisables dans de nombreuses applications et ils sont particuli\u00e8rement adapt\u00e9s aux contr\u00f4les des autoclaves de st\u00e9rilisation &#8230; <\/p>\n<div><a href=\"https:\/\/bakrona.ch\/fr\/validation-thermique\/logger-tracksense\" class=\"more-link\">Read More<\/a><\/div>\n","protected":false},"author":1,"featured_media":0,"parent":9806,"menu_order":1,"comment_status":"closed","ping_status":"closed","template":"template-blank-4.php","meta":{"footnotes":""},"class_list":["post-9200","page","type-page","status-publish","hentry","no-post-thumbnail"],"yoast_head":"<!-- This site is optimized with the Yoast SEO plugin v25.8 - https:\/\/yoast.com\/wordpress\/plugins\/seo\/ -->\n<title>Loggers autonomes pour validation et c\u00f4ntrole de routine - BAKRONA AG<\/title>\n<meta name=\"robots\" content=\"index, follow, max-snippet:-1, max-image-preview:large, max-video-preview:-1\" \/>\n<link rel=\"canonical\" href=\"https:\/\/bakrona.ch\/fr\/validation-thermique\/logger-tracksense\" \/>\n<meta property=\"og:locale\" content=\"fr_FR\" \/>\n<meta property=\"og:type\" content=\"article\" \/>\n<meta property=\"og:title\" content=\"Loggers autonomes pour validation et c\u00f4ntrole de routine - BAKRONA AG\" \/>\n<meta property=\"og:description\" content=\"DATALOGGERS AUTONOMES SANS FILSDATALOGGERS AUTONOMES POUR VALIDATION ET C\u00d4NTROLE DE ROUTINELes loggers TrackSense Pro sont con\u00e7us pour la mesure\u00a0de temp\u00e9rature de -90 \u00b0C \u00e0 +150 \u00b0C\u00a0et la mesure de pression sur une plage allant de 1 mbar \u00e0 10 bar. Les capteurs sont ainsi utilisables dans de nombreuses applications et ils sont particuli\u00e8rement adapt\u00e9s aux contr\u00f4les des autoclaves de st\u00e9rilisation ... Read More\" \/>\n<meta property=\"og:url\" content=\"https:\/\/bakrona.ch\/fr\/validation-thermique\/logger-tracksense\" \/>\n<meta property=\"og:site_name\" content=\"BAKRONA AG\" \/>\n<meta property=\"article:modified_time\" content=\"2020-09-25T19:30:15+00:00\" \/>\n<meta property=\"og:image\" content=\"http:\/\/bakrona.ch\/wp-content\/uploads\/2016\/02\/Drahtlose-Datenlogger-1.jpg\" \/>\n<meta name=\"twitter:card\" content=\"summary_large_image\" \/>\n<meta name=\"twitter:label1\" content=\"Dur\u00e9e de lecture estim\u00e9e\" \/>\n\t<meta name=\"twitter:data1\" content=\"20 minutes\" \/>\n<script type=\"application\/ld+json\" class=\"yoast-schema-graph\">{\"@context\":\"https:\/\/schema.org\",\"@graph\":[{\"@type\":\"WebPage\",\"@id\":\"https:\/\/bakrona.ch\/fr\/validation-thermique\/logger-tracksense\",\"url\":\"https:\/\/bakrona.ch\/fr\/validation-thermique\/logger-tracksense\",\"name\":\"Loggers autonomes pour validation et c\u00f4ntrole de routine - BAKRONA AG\",\"isPartOf\":{\"@id\":\"https:\/\/bakrona.ch\/#website\"},\"primaryImageOfPage\":{\"@id\":\"https:\/\/bakrona.ch\/fr\/validation-thermique\/logger-tracksense#primaryimage\"},\"image\":{\"@id\":\"https:\/\/bakrona.ch\/fr\/validation-thermique\/logger-tracksense#primaryimage\"},\"thumbnailUrl\":\"http:\/\/bakrona.ch\/wp-content\/uploads\/2016\/02\/Drahtlose-Datenlogger-1.jpg\",\"datePublished\":\"2016-08-18T11:10:13+00:00\",\"dateModified\":\"2020-09-25T19:30:15+00:00\",\"breadcrumb\":{\"@id\":\"https:\/\/bakrona.ch\/fr\/validation-thermique\/logger-tracksense#breadcrumb\"},\"inLanguage\":\"fr-FR\",\"potentialAction\":[{\"@type\":\"ReadAction\",\"target\":[\"https:\/\/bakrona.ch\/fr\/validation-thermique\/logger-tracksense\"]}]},{\"@type\":\"ImageObject\",\"inLanguage\":\"fr-FR\",\"@id\":\"https:\/\/bakrona.ch\/fr\/validation-thermique\/logger-tracksense#primaryimage\",\"url\":\"http:\/\/bakrona.ch\/wp-content\/uploads\/2016\/02\/Drahtlose-Datenlogger-1.jpg\",\"contentUrl\":\"http:\/\/bakrona.ch\/wp-content\/uploads\/2016\/02\/Drahtlose-Datenlogger-1.jpg\"},{\"@type\":\"BreadcrumbList\",\"@id\":\"https:\/\/bakrona.ch\/fr\/validation-thermique\/logger-tracksense#breadcrumb\",\"itemListElement\":[{\"@type\":\"ListItem\",\"position\":1,\"name\":\"Home\",\"item\":\"https:\/\/bakrona.ch\/fr\"},{\"@type\":\"ListItem\",\"position\":2,\"name\":\"VALIDATION THERMIQUE\",\"item\":\"https:\/\/bakrona.ch\/fr\/validation-thermique\"},{\"@type\":\"ListItem\",\"position\":3,\"name\":\"Loggers autonomes pour validation et c\u00f4ntrole de routine\"}]},{\"@type\":\"WebSite\",\"@id\":\"https:\/\/bakrona.ch\/#website\",\"url\":\"https:\/\/bakrona.ch\/\",\"name\":\"Bakrona Messtechnik und Engineering\",\"description\":\"Bakrona Messtechnik &amp; Engineering\",\"publisher\":{\"@id\":\"https:\/\/bakrona.ch\/#organization\"},\"potentialAction\":[{\"@type\":\"SearchAction\",\"target\":{\"@type\":\"EntryPoint\",\"urlTemplate\":\"https:\/\/bakrona.ch\/?s={search_term_string}\"},\"query-input\":{\"@type\":\"PropertyValueSpecification\",\"valueRequired\":true,\"valueName\":\"search_term_string\"}}],\"inLanguage\":\"fr-FR\"},{\"@type\":\"Organization\",\"@id\":\"https:\/\/bakrona.ch\/#organization\",\"name\":\"Bakrona AG\",\"url\":\"https:\/\/bakrona.ch\/\",\"logo\":{\"@type\":\"ImageObject\",\"inLanguage\":\"fr-FR\",\"@id\":\"https:\/\/bakrona.ch\/#\/schema\/logo\/image\/\",\"url\":\"https:\/\/bakrona.ch\/wp-content\/uploads\/2016\/09\/logo-02.png\",\"contentUrl\":\"https:\/\/bakrona.ch\/wp-content\/uploads\/2016\/09\/logo-02.png\",\"width\":2769,\"height\":762,\"caption\":\"Bakrona AG\"},\"image\":{\"@id\":\"https:\/\/bakrona.ch\/#\/schema\/logo\/image\/\"}}]}<\/script>\n<!-- \/ Yoast SEO plugin. -->","yoast_head_json":{"title":"Loggers autonomes pour validation et c\u00f4ntrole de routine - BAKRONA AG","robots":{"index":"index","follow":"follow","max-snippet":"max-snippet:-1","max-image-preview":"max-image-preview:large","max-video-preview":"max-video-preview:-1"},"canonical":"https:\/\/bakrona.ch\/fr\/validation-thermique\/logger-tracksense","og_locale":"fr_FR","og_type":"article","og_title":"Loggers autonomes pour validation et c\u00f4ntrole de routine - BAKRONA AG","og_description":"DATALOGGERS AUTONOMES SANS FILSDATALOGGERS AUTONOMES POUR VALIDATION ET C\u00d4NTROLE DE ROUTINELes loggers TrackSense Pro sont con\u00e7us pour la mesure\u00a0de temp\u00e9rature de -90 \u00b0C \u00e0 +150 \u00b0C\u00a0et la mesure de pression sur une plage allant de 1 mbar \u00e0 10 bar. Les capteurs sont ainsi utilisables dans de nombreuses applications et ils sont particuli\u00e8rement adapt\u00e9s aux contr\u00f4les des autoclaves de st\u00e9rilisation ... Read More","og_url":"https:\/\/bakrona.ch\/fr\/validation-thermique\/logger-tracksense","og_site_name":"BAKRONA AG","article_modified_time":"2020-09-25T19:30:15+00:00","og_image":[{"url":"http:\/\/bakrona.ch\/wp-content\/uploads\/2016\/02\/Drahtlose-Datenlogger-1.jpg","type":"","width":"","height":""}],"twitter_card":"summary_large_image","twitter_misc":{"Dur\u00e9e de lecture estim\u00e9e":"20 minutes"},"schema":{"@context":"https:\/\/schema.org","@graph":[{"@type":"WebPage","@id":"https:\/\/bakrona.ch\/fr\/validation-thermique\/logger-tracksense","url":"https:\/\/bakrona.ch\/fr\/validation-thermique\/logger-tracksense","name":"Loggers autonomes pour validation et c\u00f4ntrole de routine - BAKRONA AG","isPartOf":{"@id":"https:\/\/bakrona.ch\/#website"},"primaryImageOfPage":{"@id":"https:\/\/bakrona.ch\/fr\/validation-thermique\/logger-tracksense#primaryimage"},"image":{"@id":"https:\/\/bakrona.ch\/fr\/validation-thermique\/logger-tracksense#primaryimage"},"thumbnailUrl":"http:\/\/bakrona.ch\/wp-content\/uploads\/2016\/02\/Drahtlose-Datenlogger-1.jpg","datePublished":"2016-08-18T11:10:13+00:00","dateModified":"2020-09-25T19:30:15+00:00","breadcrumb":{"@id":"https:\/\/bakrona.ch\/fr\/validation-thermique\/logger-tracksense#breadcrumb"},"inLanguage":"fr-FR","potentialAction":[{"@type":"ReadAction","target":["https:\/\/bakrona.ch\/fr\/validation-thermique\/logger-tracksense"]}]},{"@type":"ImageObject","inLanguage":"fr-FR","@id":"https:\/\/bakrona.ch\/fr\/validation-thermique\/logger-tracksense#primaryimage","url":"http:\/\/bakrona.ch\/wp-content\/uploads\/2016\/02\/Drahtlose-Datenlogger-1.jpg","contentUrl":"http:\/\/bakrona.ch\/wp-content\/uploads\/2016\/02\/Drahtlose-Datenlogger-1.jpg"},{"@type":"BreadcrumbList","@id":"https:\/\/bakrona.ch\/fr\/validation-thermique\/logger-tracksense#breadcrumb","itemListElement":[{"@type":"ListItem","position":1,"name":"Home","item":"https:\/\/bakrona.ch\/fr"},{"@type":"ListItem","position":2,"name":"VALIDATION THERMIQUE","item":"https:\/\/bakrona.ch\/fr\/validation-thermique"},{"@type":"ListItem","position":3,"name":"Loggers autonomes pour validation et c\u00f4ntrole de routine"}]},{"@type":"WebSite","@id":"https:\/\/bakrona.ch\/#website","url":"https:\/\/bakrona.ch\/","name":"Bakrona Messtechnik und Engineering","description":"Bakrona Messtechnik &amp; Engineering","publisher":{"@id":"https:\/\/bakrona.ch\/#organization"},"potentialAction":[{"@type":"SearchAction","target":{"@type":"EntryPoint","urlTemplate":"https:\/\/bakrona.ch\/?s={search_term_string}"},"query-input":{"@type":"PropertyValueSpecification","valueRequired":true,"valueName":"search_term_string"}}],"inLanguage":"fr-FR"},{"@type":"Organization","@id":"https:\/\/bakrona.ch\/#organization","name":"Bakrona AG","url":"https:\/\/bakrona.ch\/","logo":{"@type":"ImageObject","inLanguage":"fr-FR","@id":"https:\/\/bakrona.ch\/#\/schema\/logo\/image\/","url":"https:\/\/bakrona.ch\/wp-content\/uploads\/2016\/09\/logo-02.png","contentUrl":"https:\/\/bakrona.ch\/wp-content\/uploads\/2016\/09\/logo-02.png","width":2769,"height":762,"caption":"Bakrona AG"},"image":{"@id":"https:\/\/bakrona.ch\/#\/schema\/logo\/image\/"}}]}},"_links":{"self":[{"href":"https:\/\/bakrona.ch\/fr\/wp-json\/wp\/v2\/pages\/9200","targetHints":{"allow":["GET"]}}],"collection":[{"href":"https:\/\/bakrona.ch\/fr\/wp-json\/wp\/v2\/pages"}],"about":[{"href":"https:\/\/bakrona.ch\/fr\/wp-json\/wp\/v2\/types\/page"}],"author":[{"embeddable":true,"href":"https:\/\/bakrona.ch\/fr\/wp-json\/wp\/v2\/users\/1"}],"replies":[{"embeddable":true,"href":"https:\/\/bakrona.ch\/fr\/wp-json\/wp\/v2\/comments?post=9200"}],"version-history":[{"count":19,"href":"https:\/\/bakrona.ch\/fr\/wp-json\/wp\/v2\/pages\/9200\/revisions"}],"predecessor-version":[{"id":13706,"href":"https:\/\/bakrona.ch\/fr\/wp-json\/wp\/v2\/pages\/9200\/revisions\/13706"}],"up":[{"embeddable":true,"href":"https:\/\/bakrona.ch\/fr\/wp-json\/wp\/v2\/pages\/9806"}],"wp:attachment":[{"href":"https:\/\/bakrona.ch\/fr\/wp-json\/wp\/v2\/media?parent=9200"}],"curies":[{"name":"wp","href":"https:\/\/api.w.org\/{rel}","templated":true}]}}