{"id":8698,"date":"2016-08-13T15:47:33","date_gmt":"2016-08-13T15:47:33","guid":{"rendered":"http:\/\/194.126.200.62\/~bakronat\/?page_id=8698&#038;lang=fr"},"modified":"2022-05-10T10:33:36","modified_gmt":"2022-05-10T10:33:36","slug":"systemes-de-manifold","status":"publish","type":"page","link":"https:\/\/bakrona.ch\/fr\/mesure-de-particules\/systemes-de-manifold","title":{"rendered":"Syst\u00e8mes de Manifold"},"content":{"rendered":"<div id=\"cs-content\" class=\"cs-content\"><\/div>\n","protected":false},"excerpt":{"rendered":"<p>SYST\u00c8MES DE MANIFOLD POUR L&rsquo;\u00c9CHANTILLONNAGE DE L&rsquo;AIR \u00c0 PLUSIEURS ENDROITS AVEC UN SEUL COMPTEUR DE PARTICULESLes syst\u00e8mes de Manifold sont utilis\u00e9s depuis de nombreuses ann\u00e9es pour la surveillance des particules dans des environnements contr\u00f4l\u00e9s. \u00c0 moins qu&rsquo;une surveillance continue des particules ne soit requise, l&rsquo;\u00e9chantillonnage de l&rsquo;air \u00e0 plusieurs endroits dans une zone propre peut \u00eatre effectu\u00e9 efficacement avec un &#8230; <\/p>\n<div><a href=\"https:\/\/bakrona.ch\/fr\/mesure-de-particules\/systemes-de-manifold\" class=\"more-link\">Read More<\/a><\/div>\n","protected":false},"author":1,"featured_media":0,"parent":9534,"menu_order":0,"comment_status":"closed","ping_status":"closed","template":"template-blank-4.php","meta":{"footnotes":""},"class_list":["post-8698","page","type-page","status-publish","hentry","no-post-thumbnail"],"yoast_head":"<!-- This site is optimized with the Yoast SEO plugin v25.8 - https:\/\/yoast.com\/wordpress\/plugins\/seo\/ -->\n<title>Syst\u00e8mes de Manifold - BAKRONA AG<\/title>\n<meta name=\"robots\" content=\"index, follow, max-snippet:-1, max-image-preview:large, max-video-preview:-1\" \/>\n<link rel=\"canonical\" href=\"https:\/\/bakrona.ch\/fr\/mesure-de-particules\/systemes-de-manifold\" \/>\n<meta property=\"og:locale\" content=\"fr_FR\" \/>\n<meta property=\"og:type\" content=\"article\" \/>\n<meta property=\"og:title\" content=\"Syst\u00e8mes de Manifold - BAKRONA AG\" \/>\n<meta property=\"og:description\" content=\"SYST\u00c8MES DE MANIFOLD POUR L&#039;\u00c9CHANTILLONNAGE DE L&#039;AIR \u00c0 PLUSIEURS ENDROITS AVEC UN SEUL COMPTEUR DE PARTICULESLes syst\u00e8mes de Manifold sont utilis\u00e9s depuis de nombreuses ann\u00e9es pour la surveillance des particules dans des environnements contr\u00f4l\u00e9s. \u00c0 moins qu&#039;une surveillance continue des particules ne soit requise, l&#039;\u00e9chantillonnage de l&#039;air \u00e0 plusieurs endroits dans une zone propre peut \u00eatre effectu\u00e9 efficacement avec un ... Read More\" \/>\n<meta property=\"og:url\" content=\"https:\/\/bakrona.ch\/fr\/mesure-de-particules\/systemes-de-manifold\" \/>\n<meta property=\"og:site_name\" content=\"BAKRONA AG\" \/>\n<meta property=\"article:modified_time\" content=\"2022-05-10T10:33:36+00:00\" \/>\n<meta name=\"twitter:card\" content=\"summary_large_image\" \/>\n<meta name=\"twitter:label1\" content=\"Dur\u00e9e de lecture estim\u00e9e\" \/>\n\t<meta name=\"twitter:data1\" content=\"3 minutes\" \/>\n<script type=\"application\/ld+json\" class=\"yoast-schema-graph\">{\"@context\":\"https:\/\/schema.org\",\"@graph\":[{\"@type\":\"WebPage\",\"@id\":\"https:\/\/bakrona.ch\/fr\/mesure-de-particules\/systemes-de-manifold\",\"url\":\"https:\/\/bakrona.ch\/fr\/mesure-de-particules\/systemes-de-manifold\",\"name\":\"Syst\u00e8mes de Manifold - BAKRONA AG\",\"isPartOf\":{\"@id\":\"https:\/\/bakrona.ch\/#website\"},\"datePublished\":\"2016-08-13T15:47:33+00:00\",\"dateModified\":\"2022-05-10T10:33:36+00:00\",\"breadcrumb\":{\"@id\":\"https:\/\/bakrona.ch\/fr\/mesure-de-particules\/systemes-de-manifold#breadcrumb\"},\"inLanguage\":\"fr-FR\",\"potentialAction\":[{\"@type\":\"ReadAction\",\"target\":[\"https:\/\/bakrona.ch\/fr\/mesure-de-particules\/systemes-de-manifold\"]}]},{\"@type\":\"BreadcrumbList\",\"@id\":\"https:\/\/bakrona.ch\/fr\/mesure-de-particules\/systemes-de-manifold#breadcrumb\",\"itemListElement\":[{\"@type\":\"ListItem\",\"position\":1,\"name\":\"Home\",\"item\":\"https:\/\/bakrona.ch\/fr\"},{\"@type\":\"ListItem\",\"position\":2,\"name\":\"MESURE DE PARTICULES\",\"item\":\"https:\/\/bakrona.ch\/fr\/mesure-de-particules\"},{\"@type\":\"ListItem\",\"position\":3,\"name\":\"Syst\u00e8mes de Manifold\"}]},{\"@type\":\"WebSite\",\"@id\":\"https:\/\/bakrona.ch\/#website\",\"url\":\"https:\/\/bakrona.ch\/\",\"name\":\"Bakrona Messtechnik und Engineering\",\"description\":\"Bakrona Messtechnik &amp; Engineering\",\"publisher\":{\"@id\":\"https:\/\/bakrona.ch\/#organization\"},\"potentialAction\":[{\"@type\":\"SearchAction\",\"target\":{\"@type\":\"EntryPoint\",\"urlTemplate\":\"https:\/\/bakrona.ch\/?s={search_term_string}\"},\"query-input\":{\"@type\":\"PropertyValueSpecification\",\"valueRequired\":true,\"valueName\":\"search_term_string\"}}],\"inLanguage\":\"fr-FR\"},{\"@type\":\"Organization\",\"@id\":\"https:\/\/bakrona.ch\/#organization\",\"name\":\"Bakrona AG\",\"url\":\"https:\/\/bakrona.ch\/\",\"logo\":{\"@type\":\"ImageObject\",\"inLanguage\":\"fr-FR\",\"@id\":\"https:\/\/bakrona.ch\/#\/schema\/logo\/image\/\",\"url\":\"https:\/\/bakrona.ch\/wp-content\/uploads\/2016\/09\/logo-02.png\",\"contentUrl\":\"https:\/\/bakrona.ch\/wp-content\/uploads\/2016\/09\/logo-02.png\",\"width\":2769,\"height\":762,\"caption\":\"Bakrona AG\"},\"image\":{\"@id\":\"https:\/\/bakrona.ch\/#\/schema\/logo\/image\/\"}}]}<\/script>\n<!-- \/ Yoast SEO plugin. -->","yoast_head_json":{"title":"Syst\u00e8mes de Manifold - BAKRONA AG","robots":{"index":"index","follow":"follow","max-snippet":"max-snippet:-1","max-image-preview":"max-image-preview:large","max-video-preview":"max-video-preview:-1"},"canonical":"https:\/\/bakrona.ch\/fr\/mesure-de-particules\/systemes-de-manifold","og_locale":"fr_FR","og_type":"article","og_title":"Syst\u00e8mes de Manifold - BAKRONA AG","og_description":"SYST\u00c8MES DE MANIFOLD POUR L'\u00c9CHANTILLONNAGE DE L'AIR \u00c0 PLUSIEURS ENDROITS AVEC UN SEUL COMPTEUR DE PARTICULESLes syst\u00e8mes de Manifold sont utilis\u00e9s depuis de nombreuses ann\u00e9es pour la surveillance des particules dans des environnements contr\u00f4l\u00e9s. \u00c0 moins qu'une surveillance continue des particules ne soit requise, l'\u00e9chantillonnage de l'air \u00e0 plusieurs endroits dans une zone propre peut \u00eatre effectu\u00e9 efficacement avec un ... Read More","og_url":"https:\/\/bakrona.ch\/fr\/mesure-de-particules\/systemes-de-manifold","og_site_name":"BAKRONA AG","article_modified_time":"2022-05-10T10:33:36+00:00","twitter_card":"summary_large_image","twitter_misc":{"Dur\u00e9e de lecture estim\u00e9e":"3 minutes"},"schema":{"@context":"https:\/\/schema.org","@graph":[{"@type":"WebPage","@id":"https:\/\/bakrona.ch\/fr\/mesure-de-particules\/systemes-de-manifold","url":"https:\/\/bakrona.ch\/fr\/mesure-de-particules\/systemes-de-manifold","name":"Syst\u00e8mes de Manifold - BAKRONA AG","isPartOf":{"@id":"https:\/\/bakrona.ch\/#website"},"datePublished":"2016-08-13T15:47:33+00:00","dateModified":"2022-05-10T10:33:36+00:00","breadcrumb":{"@id":"https:\/\/bakrona.ch\/fr\/mesure-de-particules\/systemes-de-manifold#breadcrumb"},"inLanguage":"fr-FR","potentialAction":[{"@type":"ReadAction","target":["https:\/\/bakrona.ch\/fr\/mesure-de-particules\/systemes-de-manifold"]}]},{"@type":"BreadcrumbList","@id":"https:\/\/bakrona.ch\/fr\/mesure-de-particules\/systemes-de-manifold#breadcrumb","itemListElement":[{"@type":"ListItem","position":1,"name":"Home","item":"https:\/\/bakrona.ch\/fr"},{"@type":"ListItem","position":2,"name":"MESURE DE PARTICULES","item":"https:\/\/bakrona.ch\/fr\/mesure-de-particules"},{"@type":"ListItem","position":3,"name":"Syst\u00e8mes de Manifold"}]},{"@type":"WebSite","@id":"https:\/\/bakrona.ch\/#website","url":"https:\/\/bakrona.ch\/","name":"Bakrona Messtechnik und Engineering","description":"Bakrona Messtechnik &amp; Engineering","publisher":{"@id":"https:\/\/bakrona.ch\/#organization"},"potentialAction":[{"@type":"SearchAction","target":{"@type":"EntryPoint","urlTemplate":"https:\/\/bakrona.ch\/?s={search_term_string}"},"query-input":{"@type":"PropertyValueSpecification","valueRequired":true,"valueName":"search_term_string"}}],"inLanguage":"fr-FR"},{"@type":"Organization","@id":"https:\/\/bakrona.ch\/#organization","name":"Bakrona AG","url":"https:\/\/bakrona.ch\/","logo":{"@type":"ImageObject","inLanguage":"fr-FR","@id":"https:\/\/bakrona.ch\/#\/schema\/logo\/image\/","url":"https:\/\/bakrona.ch\/wp-content\/uploads\/2016\/09\/logo-02.png","contentUrl":"https:\/\/bakrona.ch\/wp-content\/uploads\/2016\/09\/logo-02.png","width":2769,"height":762,"caption":"Bakrona AG"},"image":{"@id":"https:\/\/bakrona.ch\/#\/schema\/logo\/image\/"}}]}},"_links":{"self":[{"href":"https:\/\/bakrona.ch\/fr\/wp-json\/wp\/v2\/pages\/8698","targetHints":{"allow":["GET"]}}],"collection":[{"href":"https:\/\/bakrona.ch\/fr\/wp-json\/wp\/v2\/pages"}],"about":[{"href":"https:\/\/bakrona.ch\/fr\/wp-json\/wp\/v2\/types\/page"}],"author":[{"embeddable":true,"href":"https:\/\/bakrona.ch\/fr\/wp-json\/wp\/v2\/users\/1"}],"replies":[{"embeddable":true,"href":"https:\/\/bakrona.ch\/fr\/wp-json\/wp\/v2\/comments?post=8698"}],"version-history":[{"count":12,"href":"https:\/\/bakrona.ch\/fr\/wp-json\/wp\/v2\/pages\/8698\/revisions"}],"predecessor-version":[{"id":17706,"href":"https:\/\/bakrona.ch\/fr\/wp-json\/wp\/v2\/pages\/8698\/revisions\/17706"}],"up":[{"embeddable":true,"href":"https:\/\/bakrona.ch\/fr\/wp-json\/wp\/v2\/pages\/9534"}],"wp:attachment":[{"href":"https:\/\/bakrona.ch\/fr\/wp-json\/wp\/v2\/media?parent=8698"}],"curies":[{"name":"wp","href":"https:\/\/api.w.org\/{rel}","templated":true}]}}