{"id":18815,"date":"2025-06-21T05:54:09","date_gmt":"2025-06-21T05:54:09","guid":{"rendered":"https:\/\/bakrona.ch\/pt100-temperatumessung-in-fertigspritzen-franzoesisch"},"modified":"2025-06-21T06:18:46","modified_gmt":"2025-06-21T06:18:46","slug":"fertigspritzen-pt100-temperatumessung-2","status":"publish","type":"page","link":"https:\/\/bakrona.ch\/fr\/mesure-de-temperature\/thermometres-a-resistance\/fertigspritzen-pt100-temperatumessung-2","title":{"rendered":"Pt100 Temperatumessung in Fertigspritzen (Franz\u00f6sisch)"},"content":{"rendered":"<div id=\"cs-content\" class=\"cs-content\"><\/div>\n","protected":false},"excerpt":{"rendered":"<p>NANOCOUNT 50C+ UND 65C+ F\u00fcr Partikelmessungen in Reinstchemikalien ab 50 Nanometer respektive 65 Nanometer Grosses Probenvolumen und niedrige Nullz\u00e4hlrate h\u00e4ufen schnell statistisch relevante Daten an Kleinste Prozessvariationen werden rasch erkannt, um unverz\u00fcglich auf Partikelkontamination zu reagieren Schnelles Sp\u00fclen verk\u00fcrzt die ben\u00f6tigte Zeit f\u00fcr die Messanalysen. Beispielsweise wenn der Partikelz\u00e4hler von einem Probenpunkt zum n\u00e4chsten bewegt wird. F\u00fcr den Dauerbetrieb entwickelt &#8230; <\/p>\n<div><a href=\"https:\/\/bakrona.ch\/fr\/mesure-de-temperature\/thermometres-a-resistance\/fertigspritzen-pt100-temperatumessung-2\" class=\"more-link\">Read More<\/a><\/div>\n","protected":false},"author":1,"featured_media":0,"parent":10409,"menu_order":1,"comment_status":"closed","ping_status":"closed","template":"template-blank-4.php","meta":{"footnotes":""},"class_list":["post-18815","page","type-page","status-publish","hentry","no-post-thumbnail"],"yoast_head":"<!-- This site is optimized with the Yoast SEO plugin v25.8 - https:\/\/yoast.com\/wordpress\/plugins\/seo\/ -->\n<title>Mesure de temp\u00e9rature dans les seringues pr\u00e9remplies avec support pour sonde Pt100<\/title>\n<meta name=\"description\" content=\"Mesure de temp\u00e9rature dans les seringues pr\u00e9remplies pendant les processus en autoclave \u2013 Syst\u00e8me innovant avec clip de fixation pour sonde Pt100\" \/>\n<meta name=\"robots\" content=\"index, follow, max-snippet:-1, max-image-preview:large, max-video-preview:-1\" \/>\n<link rel=\"canonical\" href=\"https:\/\/bakrona.ch\/temperaturmessung\/widerstandsthermometer\/fertigspritzen-pt100-temperatumessung\" \/>\n<meta property=\"og:locale\" content=\"fr_FR\" \/>\n<meta property=\"og:type\" content=\"article\" \/>\n<meta property=\"og:title\" content=\"Mesure de temp\u00e9rature dans les seringues pr\u00e9remplies avec support pour sonde Pt100\" \/>\n<meta property=\"og:description\" content=\"Mesure de temp\u00e9rature dans les seringues pr\u00e9remplies pendant les processus en autoclave \u2013 Syst\u00e8me innovant avec clip de fixation pour sonde Pt100\" \/>\n<meta property=\"og:url\" content=\"https:\/\/bakrona.ch\/temperaturmessung\/widerstandsthermometer\/fertigspritzen-pt100-temperatumessung\" \/>\n<meta property=\"og:site_name\" content=\"BAKRONA AG\" \/>\n<meta property=\"article:modified_time\" content=\"2025-06-21T06:18:46+00:00\" \/>\n<meta name=\"twitter:card\" content=\"summary_large_image\" \/>\n<meta name=\"twitter:label1\" content=\"Dur\u00e9e de lecture estim\u00e9e\" \/>\n\t<meta name=\"twitter:data1\" content=\"5 minutes\" \/>\n<script type=\"application\/ld+json\" class=\"yoast-schema-graph\">{\"@context\":\"https:\/\/schema.org\",\"@graph\":[{\"@type\":\"WebPage\",\"@id\":\"https:\/\/bakrona.ch\/temperaturmessung\/widerstandsthermometer\/fertigspritzen-pt100-temperatumessung\",\"url\":\"https:\/\/bakrona.ch\/temperaturmessung\/widerstandsthermometer\/fertigspritzen-pt100-temperatumessung\",\"name\":\"Mesure de temp\u00e9rature dans les seringues pr\u00e9remplies avec support pour sonde Pt100\",\"isPartOf\":{\"@id\":\"https:\/\/bakrona.ch\/#website\"},\"datePublished\":\"2025-06-21T05:54:09+00:00\",\"dateModified\":\"2025-06-21T06:18:46+00:00\",\"description\":\"Mesure de temp\u00e9rature dans les seringues pr\u00e9remplies pendant les processus en autoclave \u2013 Syst\u00e8me innovant avec clip de fixation pour sonde Pt100\",\"breadcrumb\":{\"@id\":\"https:\/\/bakrona.ch\/temperaturmessung\/widerstandsthermometer\/fertigspritzen-pt100-temperatumessung#breadcrumb\"},\"inLanguage\":\"fr-FR\",\"potentialAction\":[{\"@type\":\"ReadAction\",\"target\":[\"https:\/\/bakrona.ch\/temperaturmessung\/widerstandsthermometer\/fertigspritzen-pt100-temperatumessung\"]}]},{\"@type\":\"BreadcrumbList\",\"@id\":\"https:\/\/bakrona.ch\/temperaturmessung\/widerstandsthermometer\/fertigspritzen-pt100-temperatumessung#breadcrumb\",\"itemListElement\":[{\"@type\":\"ListItem\",\"position\":1,\"name\":\"Home\",\"item\":\"https:\/\/bakrona.ch\/fr\"},{\"@type\":\"ListItem\",\"position\":2,\"name\":\"MESURE DE TEMP\u00c9RATURE &#8211; BAKRONA\",\"item\":\"https:\/\/bakrona.ch\/fr\/mesure-de-temperature\"},{\"@type\":\"ListItem\",\"position\":3,\"name\":\"thermometres-a-resistance\",\"item\":\"https:\/\/bakrona.ch\/fr\/mesure-de-temperature\/thermometres-a-resistance\"},{\"@type\":\"ListItem\",\"position\":4,\"name\":\"Pt100 Temperatumessung in Fertigspritzen (Franz\u00f6sisch)\"}]},{\"@type\":\"WebSite\",\"@id\":\"https:\/\/bakrona.ch\/#website\",\"url\":\"https:\/\/bakrona.ch\/\",\"name\":\"Bakrona Messtechnik und Engineering\",\"description\":\"Bakrona Messtechnik &amp; Engineering\",\"publisher\":{\"@id\":\"https:\/\/bakrona.ch\/#organization\"},\"potentialAction\":[{\"@type\":\"SearchAction\",\"target\":{\"@type\":\"EntryPoint\",\"urlTemplate\":\"https:\/\/bakrona.ch\/?s={search_term_string}\"},\"query-input\":{\"@type\":\"PropertyValueSpecification\",\"valueRequired\":true,\"valueName\":\"search_term_string\"}}],\"inLanguage\":\"fr-FR\"},{\"@type\":\"Organization\",\"@id\":\"https:\/\/bakrona.ch\/#organization\",\"name\":\"Bakrona AG\",\"url\":\"https:\/\/bakrona.ch\/\",\"logo\":{\"@type\":\"ImageObject\",\"inLanguage\":\"fr-FR\",\"@id\":\"https:\/\/bakrona.ch\/#\/schema\/logo\/image\/\",\"url\":\"https:\/\/bakrona.ch\/wp-content\/uploads\/2016\/09\/logo-02.png\",\"contentUrl\":\"https:\/\/bakrona.ch\/wp-content\/uploads\/2016\/09\/logo-02.png\",\"width\":2769,\"height\":762,\"caption\":\"Bakrona AG\"},\"image\":{\"@id\":\"https:\/\/bakrona.ch\/#\/schema\/logo\/image\/\"}}]}<\/script>\n<!-- \/ Yoast SEO plugin. -->","yoast_head_json":{"title":"Mesure de temp\u00e9rature dans les seringues pr\u00e9remplies avec support pour sonde Pt100","description":"Mesure de temp\u00e9rature dans les seringues pr\u00e9remplies pendant les processus en autoclave \u2013 Syst\u00e8me innovant avec clip de fixation pour sonde Pt100","robots":{"index":"index","follow":"follow","max-snippet":"max-snippet:-1","max-image-preview":"max-image-preview:large","max-video-preview":"max-video-preview:-1"},"canonical":"https:\/\/bakrona.ch\/temperaturmessung\/widerstandsthermometer\/fertigspritzen-pt100-temperatumessung","og_locale":"fr_FR","og_type":"article","og_title":"Mesure de temp\u00e9rature dans les seringues pr\u00e9remplies avec support pour sonde Pt100","og_description":"Mesure de temp\u00e9rature dans les seringues pr\u00e9remplies pendant les processus en autoclave \u2013 Syst\u00e8me innovant avec clip de fixation pour sonde Pt100","og_url":"https:\/\/bakrona.ch\/temperaturmessung\/widerstandsthermometer\/fertigspritzen-pt100-temperatumessung","og_site_name":"BAKRONA AG","article_modified_time":"2025-06-21T06:18:46+00:00","twitter_card":"summary_large_image","twitter_misc":{"Dur\u00e9e de lecture estim\u00e9e":"5 minutes"},"schema":{"@context":"https:\/\/schema.org","@graph":[{"@type":"WebPage","@id":"https:\/\/bakrona.ch\/temperaturmessung\/widerstandsthermometer\/fertigspritzen-pt100-temperatumessung","url":"https:\/\/bakrona.ch\/temperaturmessung\/widerstandsthermometer\/fertigspritzen-pt100-temperatumessung","name":"Mesure de temp\u00e9rature dans les seringues pr\u00e9remplies avec support pour sonde Pt100","isPartOf":{"@id":"https:\/\/bakrona.ch\/#website"},"datePublished":"2025-06-21T05:54:09+00:00","dateModified":"2025-06-21T06:18:46+00:00","description":"Mesure de temp\u00e9rature dans les seringues pr\u00e9remplies pendant les processus en autoclave \u2013 Syst\u00e8me innovant avec clip de fixation pour sonde Pt100","breadcrumb":{"@id":"https:\/\/bakrona.ch\/temperaturmessung\/widerstandsthermometer\/fertigspritzen-pt100-temperatumessung#breadcrumb"},"inLanguage":"fr-FR","potentialAction":[{"@type":"ReadAction","target":["https:\/\/bakrona.ch\/temperaturmessung\/widerstandsthermometer\/fertigspritzen-pt100-temperatumessung"]}]},{"@type":"BreadcrumbList","@id":"https:\/\/bakrona.ch\/temperaturmessung\/widerstandsthermometer\/fertigspritzen-pt100-temperatumessung#breadcrumb","itemListElement":[{"@type":"ListItem","position":1,"name":"Home","item":"https:\/\/bakrona.ch\/fr"},{"@type":"ListItem","position":2,"name":"MESURE DE TEMP\u00c9RATURE &#8211; BAKRONA","item":"https:\/\/bakrona.ch\/fr\/mesure-de-temperature"},{"@type":"ListItem","position":3,"name":"thermometres-a-resistance","item":"https:\/\/bakrona.ch\/fr\/mesure-de-temperature\/thermometres-a-resistance"},{"@type":"ListItem","position":4,"name":"Pt100 Temperatumessung in Fertigspritzen (Franz\u00f6sisch)"}]},{"@type":"WebSite","@id":"https:\/\/bakrona.ch\/#website","url":"https:\/\/bakrona.ch\/","name":"Bakrona Messtechnik und Engineering","description":"Bakrona Messtechnik &amp; Engineering","publisher":{"@id":"https:\/\/bakrona.ch\/#organization"},"potentialAction":[{"@type":"SearchAction","target":{"@type":"EntryPoint","urlTemplate":"https:\/\/bakrona.ch\/?s={search_term_string}"},"query-input":{"@type":"PropertyValueSpecification","valueRequired":true,"valueName":"search_term_string"}}],"inLanguage":"fr-FR"},{"@type":"Organization","@id":"https:\/\/bakrona.ch\/#organization","name":"Bakrona AG","url":"https:\/\/bakrona.ch\/","logo":{"@type":"ImageObject","inLanguage":"fr-FR","@id":"https:\/\/bakrona.ch\/#\/schema\/logo\/image\/","url":"https:\/\/bakrona.ch\/wp-content\/uploads\/2016\/09\/logo-02.png","contentUrl":"https:\/\/bakrona.ch\/wp-content\/uploads\/2016\/09\/logo-02.png","width":2769,"height":762,"caption":"Bakrona AG"},"image":{"@id":"https:\/\/bakrona.ch\/#\/schema\/logo\/image\/"}}]}},"_links":{"self":[{"href":"https:\/\/bakrona.ch\/fr\/wp-json\/wp\/v2\/pages\/18815","targetHints":{"allow":["GET"]}}],"collection":[{"href":"https:\/\/bakrona.ch\/fr\/wp-json\/wp\/v2\/pages"}],"about":[{"href":"https:\/\/bakrona.ch\/fr\/wp-json\/wp\/v2\/types\/page"}],"author":[{"embeddable":true,"href":"https:\/\/bakrona.ch\/fr\/wp-json\/wp\/v2\/users\/1"}],"replies":[{"embeddable":true,"href":"https:\/\/bakrona.ch\/fr\/wp-json\/wp\/v2\/comments?post=18815"}],"version-history":[{"count":5,"href":"https:\/\/bakrona.ch\/fr\/wp-json\/wp\/v2\/pages\/18815\/revisions"}],"predecessor-version":[{"id":18825,"href":"https:\/\/bakrona.ch\/fr\/wp-json\/wp\/v2\/pages\/18815\/revisions\/18825"}],"up":[{"embeddable":true,"href":"https:\/\/bakrona.ch\/fr\/wp-json\/wp\/v2\/pages\/10409"}],"wp:attachment":[{"href":"https:\/\/bakrona.ch\/fr\/wp-json\/wp\/v2\/media?parent=18815"}],"curies":[{"name":"wp","href":"https:\/\/api.w.org\/{rel}","templated":true}]}}