{"id":17708,"date":"2022-01-05T11:01:25","date_gmt":"2022-01-05T11:01:25","guid":{"rendered":"https:\/\/bakrona.ch\/partikelzaehler-fluessigkeiten-remote-lpc"},"modified":"2022-05-12T14:01:44","modified_gmt":"2022-05-12T14:01:44","slug":"compteur-de-particules-liquides-remote-lpc","status":"publish","type":"page","link":"https:\/\/bakrona.ch\/fr\/compteur-de-particules-liquides-remote-lpc","title":{"rendered":"Fl\u00fcssigpartikelz\u00e4hler Remote LPC"},"content":{"rendered":"<div id=\"cs-content\" class=\"cs-content\"><\/div>\n","protected":false},"excerpt":{"rendered":"<p>COMPTEUR DE PARTICULES LIQUIDES REMOTE LPC POUR LA SURVEILLANCE IN-SITU EN TEMPS R\u00c9ELCompteurs de particules liquides Remote de Lighthouse Worldwide Solutions dans diff\u00e9rents mod\u00e8les pour la mesure de particules en temps r\u00e9el \u00e0 partir de 0,1 \u00b5m avec un d\u00e9bit de 100 ml\/min. Fonctionnement continu et sans probl\u00e8me gr\u00e2ce \u00e0 la derni\u00e8re technologie laser optique de comptage de particules. Le &#8230; <\/p>\n<div><a href=\"https:\/\/bakrona.ch\/fr\/compteur-de-particules-liquides-remote-lpc\" class=\"more-link\">Read More<\/a><\/div>\n","protected":false},"author":1,"featured_media":0,"parent":0,"menu_order":0,"comment_status":"closed","ping_status":"closed","template":"template-blank-4.php","meta":{"footnotes":""},"class_list":["post-17708","page","type-page","status-publish","hentry","no-post-thumbnail"],"yoast_head":"<!-- This site is optimized with the Yoast SEO plugin v25.8 - https:\/\/yoast.com\/wordpress\/plugins\/seo\/ -->\n<title>Compteur de particules liquides Remote LPC I Surveillance des liquides<\/title>\n<meta name=\"description\" content=\"Contr\u00f4le de la contamination liquide en temps r\u00e9el. Int\u00e9gration dans le syst\u00e8me de surveillance des installations FMS avec RS-485 MODBUS\" \/>\n<meta name=\"robots\" content=\"index, follow, max-snippet:-1, max-image-preview:large, max-video-preview:-1\" \/>\n<link rel=\"canonical\" href=\"https:\/\/bakrona.ch\/fr\/compteur-de-particules-liquides-remote-lpc\" \/>\n<meta property=\"og:locale\" content=\"fr_FR\" \/>\n<meta property=\"og:type\" content=\"article\" \/>\n<meta property=\"og:title\" content=\"Compteur de particules liquides Remote LPC I Surveillance des liquides\" \/>\n<meta property=\"og:description\" content=\"Contr\u00f4le de la contamination liquide en temps r\u00e9el. Int\u00e9gration dans le syst\u00e8me de surveillance des installations FMS avec RS-485 MODBUS\" \/>\n<meta property=\"og:url\" content=\"https:\/\/bakrona.ch\/fr\/compteur-de-particules-liquides-remote-lpc\" \/>\n<meta property=\"og:site_name\" content=\"BAKRONA AG\" \/>\n<meta property=\"article:modified_time\" content=\"2022-05-12T14:01:44+00:00\" \/>\n<meta name=\"twitter:card\" content=\"summary_large_image\" \/>\n<meta name=\"twitter:label1\" content=\"Dur\u00e9e de lecture estim\u00e9e\" \/>\n\t<meta name=\"twitter:data1\" content=\"2 minutes\" \/>\n<script type=\"application\/ld+json\" class=\"yoast-schema-graph\">{\"@context\":\"https:\/\/schema.org\",\"@graph\":[{\"@type\":\"WebPage\",\"@id\":\"https:\/\/bakrona.ch\/fr\/compteur-de-particules-liquides-remote-lpc\",\"url\":\"https:\/\/bakrona.ch\/fr\/compteur-de-particules-liquides-remote-lpc\",\"name\":\"Compteur de particules liquides Remote LPC I Surveillance des liquides\",\"isPartOf\":{\"@id\":\"https:\/\/bakrona.ch\/#website\"},\"datePublished\":\"2022-01-05T11:01:25+00:00\",\"dateModified\":\"2022-05-12T14:01:44+00:00\",\"description\":\"Contr\u00f4le de la contamination liquide en temps r\u00e9el. Int\u00e9gration dans le syst\u00e8me de surveillance des installations FMS avec RS-485 MODBUS\",\"breadcrumb\":{\"@id\":\"https:\/\/bakrona.ch\/fr\/compteur-de-particules-liquides-remote-lpc#breadcrumb\"},\"inLanguage\":\"fr-FR\",\"potentialAction\":[{\"@type\":\"ReadAction\",\"target\":[\"https:\/\/bakrona.ch\/fr\/compteur-de-particules-liquides-remote-lpc\"]}]},{\"@type\":\"BreadcrumbList\",\"@id\":\"https:\/\/bakrona.ch\/fr\/compteur-de-particules-liquides-remote-lpc#breadcrumb\",\"itemListElement\":[{\"@type\":\"ListItem\",\"position\":1,\"name\":\"Home\",\"item\":\"https:\/\/bakrona.ch\/fr\"},{\"@type\":\"ListItem\",\"position\":2,\"name\":\"Fl\u00fcssigpartikelz\u00e4hler Remote LPC\"}]},{\"@type\":\"WebSite\",\"@id\":\"https:\/\/bakrona.ch\/#website\",\"url\":\"https:\/\/bakrona.ch\/\",\"name\":\"Bakrona Messtechnik und Engineering\",\"description\":\"Bakrona Messtechnik &amp; Engineering\",\"publisher\":{\"@id\":\"https:\/\/bakrona.ch\/#organization\"},\"potentialAction\":[{\"@type\":\"SearchAction\",\"target\":{\"@type\":\"EntryPoint\",\"urlTemplate\":\"https:\/\/bakrona.ch\/?s={search_term_string}\"},\"query-input\":{\"@type\":\"PropertyValueSpecification\",\"valueRequired\":true,\"valueName\":\"search_term_string\"}}],\"inLanguage\":\"fr-FR\"},{\"@type\":\"Organization\",\"@id\":\"https:\/\/bakrona.ch\/#organization\",\"name\":\"Bakrona AG\",\"url\":\"https:\/\/bakrona.ch\/\",\"logo\":{\"@type\":\"ImageObject\",\"inLanguage\":\"fr-FR\",\"@id\":\"https:\/\/bakrona.ch\/#\/schema\/logo\/image\/\",\"url\":\"https:\/\/bakrona.ch\/wp-content\/uploads\/2016\/09\/logo-02.png\",\"contentUrl\":\"https:\/\/bakrona.ch\/wp-content\/uploads\/2016\/09\/logo-02.png\",\"width\":2769,\"height\":762,\"caption\":\"Bakrona AG\"},\"image\":{\"@id\":\"https:\/\/bakrona.ch\/#\/schema\/logo\/image\/\"}}]}<\/script>\n<!-- \/ Yoast SEO plugin. -->","yoast_head_json":{"title":"Compteur de particules liquides Remote LPC I Surveillance des liquides","description":"Contr\u00f4le de la contamination liquide en temps r\u00e9el. Int\u00e9gration dans le syst\u00e8me de surveillance des installations FMS avec RS-485 MODBUS","robots":{"index":"index","follow":"follow","max-snippet":"max-snippet:-1","max-image-preview":"max-image-preview:large","max-video-preview":"max-video-preview:-1"},"canonical":"https:\/\/bakrona.ch\/fr\/compteur-de-particules-liquides-remote-lpc","og_locale":"fr_FR","og_type":"article","og_title":"Compteur de particules liquides Remote LPC I Surveillance des liquides","og_description":"Contr\u00f4le de la contamination liquide en temps r\u00e9el. Int\u00e9gration dans le syst\u00e8me de surveillance des installations FMS avec RS-485 MODBUS","og_url":"https:\/\/bakrona.ch\/fr\/compteur-de-particules-liquides-remote-lpc","og_site_name":"BAKRONA AG","article_modified_time":"2022-05-12T14:01:44+00:00","twitter_card":"summary_large_image","twitter_misc":{"Dur\u00e9e de lecture estim\u00e9e":"2 minutes"},"schema":{"@context":"https:\/\/schema.org","@graph":[{"@type":"WebPage","@id":"https:\/\/bakrona.ch\/fr\/compteur-de-particules-liquides-remote-lpc","url":"https:\/\/bakrona.ch\/fr\/compteur-de-particules-liquides-remote-lpc","name":"Compteur de particules liquides Remote LPC I Surveillance des liquides","isPartOf":{"@id":"https:\/\/bakrona.ch\/#website"},"datePublished":"2022-01-05T11:01:25+00:00","dateModified":"2022-05-12T14:01:44+00:00","description":"Contr\u00f4le de la contamination liquide en temps r\u00e9el. Int\u00e9gration dans le syst\u00e8me de surveillance des installations FMS avec RS-485 MODBUS","breadcrumb":{"@id":"https:\/\/bakrona.ch\/fr\/compteur-de-particules-liquides-remote-lpc#breadcrumb"},"inLanguage":"fr-FR","potentialAction":[{"@type":"ReadAction","target":["https:\/\/bakrona.ch\/fr\/compteur-de-particules-liquides-remote-lpc"]}]},{"@type":"BreadcrumbList","@id":"https:\/\/bakrona.ch\/fr\/compteur-de-particules-liquides-remote-lpc#breadcrumb","itemListElement":[{"@type":"ListItem","position":1,"name":"Home","item":"https:\/\/bakrona.ch\/fr"},{"@type":"ListItem","position":2,"name":"Fl\u00fcssigpartikelz\u00e4hler Remote LPC"}]},{"@type":"WebSite","@id":"https:\/\/bakrona.ch\/#website","url":"https:\/\/bakrona.ch\/","name":"Bakrona Messtechnik und Engineering","description":"Bakrona Messtechnik &amp; Engineering","publisher":{"@id":"https:\/\/bakrona.ch\/#organization"},"potentialAction":[{"@type":"SearchAction","target":{"@type":"EntryPoint","urlTemplate":"https:\/\/bakrona.ch\/?s={search_term_string}"},"query-input":{"@type":"PropertyValueSpecification","valueRequired":true,"valueName":"search_term_string"}}],"inLanguage":"fr-FR"},{"@type":"Organization","@id":"https:\/\/bakrona.ch\/#organization","name":"Bakrona AG","url":"https:\/\/bakrona.ch\/","logo":{"@type":"ImageObject","inLanguage":"fr-FR","@id":"https:\/\/bakrona.ch\/#\/schema\/logo\/image\/","url":"https:\/\/bakrona.ch\/wp-content\/uploads\/2016\/09\/logo-02.png","contentUrl":"https:\/\/bakrona.ch\/wp-content\/uploads\/2016\/09\/logo-02.png","width":2769,"height":762,"caption":"Bakrona AG"},"image":{"@id":"https:\/\/bakrona.ch\/#\/schema\/logo\/image\/"}}]}},"_links":{"self":[{"href":"https:\/\/bakrona.ch\/fr\/wp-json\/wp\/v2\/pages\/17708","targetHints":{"allow":["GET"]}}],"collection":[{"href":"https:\/\/bakrona.ch\/fr\/wp-json\/wp\/v2\/pages"}],"about":[{"href":"https:\/\/bakrona.ch\/fr\/wp-json\/wp\/v2\/types\/page"}],"author":[{"embeddable":true,"href":"https:\/\/bakrona.ch\/fr\/wp-json\/wp\/v2\/users\/1"}],"replies":[{"embeddable":true,"href":"https:\/\/bakrona.ch\/fr\/wp-json\/wp\/v2\/comments?post=17708"}],"version-history":[{"count":4,"href":"https:\/\/bakrona.ch\/fr\/wp-json\/wp\/v2\/pages\/17708\/revisions"}],"predecessor-version":[{"id":17713,"href":"https:\/\/bakrona.ch\/fr\/wp-json\/wp\/v2\/pages\/17708\/revisions\/17713"}],"wp:attachment":[{"href":"https:\/\/bakrona.ch\/fr\/wp-json\/wp\/v2\/media?parent=17708"}],"curies":[{"name":"wp","href":"https:\/\/api.w.org\/{rel}","templated":true}]}}