{"id":17679,"date":"2022-01-13T17:13:07","date_gmt":"2022-01-13T17:13:07","guid":{"rendered":"https:\/\/bakrona.ch\/hepa-filter-lecktest"},"modified":"2022-05-15T07:40:15","modified_gmt":"2022-05-15T07:40:15","slug":"test-de-fuite-filtre-hepa","status":"publish","type":"page","link":"https:\/\/bakrona.ch\/fr\/mesure-de-particules\/test-de-filtres-avec-compteur-de-particules\/test-de-fuite-filtre-hepa","title":{"rendered":"Hepa Filter Lecktest"},"content":{"rendered":"<div id=\"cs-content\" class=\"cs-content\"><\/div>\n","protected":false},"excerpt":{"rendered":"<p>TEST DE FUITE FILTRE HEPA &#8211; SONDE SCANAIRV\u00e9rifier l&rsquo;\u00e9tanch\u00e9it\u00e9 et l&rsquo;efficacit\u00e9 des filtres. La sonde d&rsquo;\u00e9chantillonnage ScanAir facilite l&rsquo;analyse des filtres HEPA et des joints de filtre pour les inspecter \u00e0 la recherche de fuites. Le ScanAir est dot\u00e9 d&rsquo;une sonde isocin\u00e9tique sp\u00e9cialement con\u00e7ue pour fournir un d\u00e9bit d&rsquo;\u00e9chantillonnage de 1,0 CFM (28,3 LPM) sur une large plage. Le ScanAir &#8230; <\/p>\n<div><a href=\"https:\/\/bakrona.ch\/fr\/mesure-de-particules\/test-de-filtres-avec-compteur-de-particules\/test-de-fuite-filtre-hepa\" class=\"more-link\">Read More<\/a><\/div>\n","protected":false},"author":1,"featured_media":0,"parent":9669,"menu_order":2,"comment_status":"closed","ping_status":"closed","template":"template-blank-4.php","meta":{"footnotes":""},"class_list":["post-17679","page","type-page","status-publish","hentry","no-post-thumbnail"],"yoast_head":"<!-- This site is optimized with the Yoast SEO plugin v25.8 - https:\/\/yoast.com\/wordpress\/plugins\/seo\/ -->\n<title>Test d&#039;\u00e9tanch\u00e9it\u00e9 filtre HEPA salle blanche I ScanAir<\/title>\n<meta name=\"description\" content=\"Test d&#039;\u00e9tanch\u00e9it\u00e9 des filtres des syst\u00e8mes techniques de salle blanche HEPA \/ ULPA avec sonde de balayage ScanAir selon ISO 14644-3\" \/>\n<meta name=\"robots\" content=\"index, follow, max-snippet:-1, max-image-preview:large, max-video-preview:-1\" \/>\n<link rel=\"canonical\" href=\"https:\/\/bakrona.ch\/fr\/mesure-de-particules\/test-de-filtres-avec-compteur-de-particules\/test-de-fuite-filtre-hepa\" \/>\n<meta property=\"og:locale\" content=\"fr_FR\" \/>\n<meta property=\"og:type\" content=\"article\" \/>\n<meta property=\"og:title\" content=\"Test d&#039;\u00e9tanch\u00e9it\u00e9 filtre HEPA salle blanche I ScanAir\" \/>\n<meta property=\"og:description\" content=\"Test d&#039;\u00e9tanch\u00e9it\u00e9 des filtres des syst\u00e8mes techniques de salle blanche HEPA \/ ULPA avec sonde de balayage ScanAir selon ISO 14644-3\" \/>\n<meta property=\"og:url\" content=\"https:\/\/bakrona.ch\/fr\/mesure-de-particules\/test-de-filtres-avec-compteur-de-particules\/test-de-fuite-filtre-hepa\" \/>\n<meta property=\"og:site_name\" content=\"BAKRONA AG\" \/>\n<meta property=\"article:modified_time\" content=\"2022-05-15T07:40:15+00:00\" \/>\n<meta name=\"twitter:card\" content=\"summary_large_image\" \/>\n<meta name=\"twitter:label1\" content=\"Dur\u00e9e de lecture estim\u00e9e\" \/>\n\t<meta name=\"twitter:data1\" content=\"3 minutes\" \/>\n<script type=\"application\/ld+json\" class=\"yoast-schema-graph\">{\"@context\":\"https:\/\/schema.org\",\"@graph\":[{\"@type\":\"WebPage\",\"@id\":\"https:\/\/bakrona.ch\/fr\/mesure-de-particules\/test-de-filtres-avec-compteur-de-particules\/test-de-fuite-filtre-hepa\",\"url\":\"https:\/\/bakrona.ch\/fr\/mesure-de-particules\/test-de-filtres-avec-compteur-de-particules\/test-de-fuite-filtre-hepa\",\"name\":\"Test d'\u00e9tanch\u00e9it\u00e9 filtre HEPA salle blanche I ScanAir\",\"isPartOf\":{\"@id\":\"https:\/\/bakrona.ch\/#website\"},\"datePublished\":\"2022-01-13T17:13:07+00:00\",\"dateModified\":\"2022-05-15T07:40:15+00:00\",\"description\":\"Test d'\u00e9tanch\u00e9it\u00e9 des filtres des syst\u00e8mes techniques de salle blanche HEPA \/ ULPA avec sonde de balayage ScanAir selon ISO 14644-3\",\"breadcrumb\":{\"@id\":\"https:\/\/bakrona.ch\/fr\/mesure-de-particules\/test-de-filtres-avec-compteur-de-particules\/test-de-fuite-filtre-hepa#breadcrumb\"},\"inLanguage\":\"fr-FR\",\"potentialAction\":[{\"@type\":\"ReadAction\",\"target\":[\"https:\/\/bakrona.ch\/fr\/mesure-de-particules\/test-de-filtres-avec-compteur-de-particules\/test-de-fuite-filtre-hepa\"]}]},{\"@type\":\"BreadcrumbList\",\"@id\":\"https:\/\/bakrona.ch\/fr\/mesure-de-particules\/test-de-filtres-avec-compteur-de-particules\/test-de-fuite-filtre-hepa#breadcrumb\",\"itemListElement\":[{\"@type\":\"ListItem\",\"position\":1,\"name\":\"Home\",\"item\":\"https:\/\/bakrona.ch\/fr\"},{\"@type\":\"ListItem\",\"position\":2,\"name\":\"MESURE DE PARTICULES\",\"item\":\"https:\/\/bakrona.ch\/fr\/mesure-de-particules\"},{\"@type\":\"ListItem\",\"position\":3,\"name\":\"Test de Filtres avec Compteur de Particules\",\"item\":\"https:\/\/bakrona.ch\/fr\/mesure-de-particules\/test-de-filtres-avec-compteur-de-particules\"},{\"@type\":\"ListItem\",\"position\":4,\"name\":\"Hepa Filter Lecktest\"}]},{\"@type\":\"WebSite\",\"@id\":\"https:\/\/bakrona.ch\/#website\",\"url\":\"https:\/\/bakrona.ch\/\",\"name\":\"Bakrona Messtechnik und Engineering\",\"description\":\"Bakrona Messtechnik &amp; Engineering\",\"publisher\":{\"@id\":\"https:\/\/bakrona.ch\/#organization\"},\"potentialAction\":[{\"@type\":\"SearchAction\",\"target\":{\"@type\":\"EntryPoint\",\"urlTemplate\":\"https:\/\/bakrona.ch\/?s={search_term_string}\"},\"query-input\":{\"@type\":\"PropertyValueSpecification\",\"valueRequired\":true,\"valueName\":\"search_term_string\"}}],\"inLanguage\":\"fr-FR\"},{\"@type\":\"Organization\",\"@id\":\"https:\/\/bakrona.ch\/#organization\",\"name\":\"Bakrona AG\",\"url\":\"https:\/\/bakrona.ch\/\",\"logo\":{\"@type\":\"ImageObject\",\"inLanguage\":\"fr-FR\",\"@id\":\"https:\/\/bakrona.ch\/#\/schema\/logo\/image\/\",\"url\":\"https:\/\/bakrona.ch\/wp-content\/uploads\/2016\/09\/logo-02.png\",\"contentUrl\":\"https:\/\/bakrona.ch\/wp-content\/uploads\/2016\/09\/logo-02.png\",\"width\":2769,\"height\":762,\"caption\":\"Bakrona AG\"},\"image\":{\"@id\":\"https:\/\/bakrona.ch\/#\/schema\/logo\/image\/\"}}]}<\/script>\n<!-- \/ Yoast SEO plugin. -->","yoast_head_json":{"title":"Test d'\u00e9tanch\u00e9it\u00e9 filtre HEPA salle blanche I ScanAir","description":"Test d'\u00e9tanch\u00e9it\u00e9 des filtres des syst\u00e8mes techniques de salle blanche HEPA \/ ULPA avec sonde de balayage ScanAir selon ISO 14644-3","robots":{"index":"index","follow":"follow","max-snippet":"max-snippet:-1","max-image-preview":"max-image-preview:large","max-video-preview":"max-video-preview:-1"},"canonical":"https:\/\/bakrona.ch\/fr\/mesure-de-particules\/test-de-filtres-avec-compteur-de-particules\/test-de-fuite-filtre-hepa","og_locale":"fr_FR","og_type":"article","og_title":"Test d'\u00e9tanch\u00e9it\u00e9 filtre HEPA salle blanche I ScanAir","og_description":"Test d'\u00e9tanch\u00e9it\u00e9 des filtres des syst\u00e8mes techniques de salle blanche HEPA \/ ULPA avec sonde de balayage ScanAir selon ISO 14644-3","og_url":"https:\/\/bakrona.ch\/fr\/mesure-de-particules\/test-de-filtres-avec-compteur-de-particules\/test-de-fuite-filtre-hepa","og_site_name":"BAKRONA AG","article_modified_time":"2022-05-15T07:40:15+00:00","twitter_card":"summary_large_image","twitter_misc":{"Dur\u00e9e de lecture estim\u00e9e":"3 minutes"},"schema":{"@context":"https:\/\/schema.org","@graph":[{"@type":"WebPage","@id":"https:\/\/bakrona.ch\/fr\/mesure-de-particules\/test-de-filtres-avec-compteur-de-particules\/test-de-fuite-filtre-hepa","url":"https:\/\/bakrona.ch\/fr\/mesure-de-particules\/test-de-filtres-avec-compteur-de-particules\/test-de-fuite-filtre-hepa","name":"Test d'\u00e9tanch\u00e9it\u00e9 filtre HEPA salle blanche I ScanAir","isPartOf":{"@id":"https:\/\/bakrona.ch\/#website"},"datePublished":"2022-01-13T17:13:07+00:00","dateModified":"2022-05-15T07:40:15+00:00","description":"Test d'\u00e9tanch\u00e9it\u00e9 des filtres des syst\u00e8mes techniques de salle blanche HEPA \/ ULPA avec sonde de balayage ScanAir selon ISO 14644-3","breadcrumb":{"@id":"https:\/\/bakrona.ch\/fr\/mesure-de-particules\/test-de-filtres-avec-compteur-de-particules\/test-de-fuite-filtre-hepa#breadcrumb"},"inLanguage":"fr-FR","potentialAction":[{"@type":"ReadAction","target":["https:\/\/bakrona.ch\/fr\/mesure-de-particules\/test-de-filtres-avec-compteur-de-particules\/test-de-fuite-filtre-hepa"]}]},{"@type":"BreadcrumbList","@id":"https:\/\/bakrona.ch\/fr\/mesure-de-particules\/test-de-filtres-avec-compteur-de-particules\/test-de-fuite-filtre-hepa#breadcrumb","itemListElement":[{"@type":"ListItem","position":1,"name":"Home","item":"https:\/\/bakrona.ch\/fr"},{"@type":"ListItem","position":2,"name":"MESURE DE PARTICULES","item":"https:\/\/bakrona.ch\/fr\/mesure-de-particules"},{"@type":"ListItem","position":3,"name":"Test de Filtres avec Compteur de Particules","item":"https:\/\/bakrona.ch\/fr\/mesure-de-particules\/test-de-filtres-avec-compteur-de-particules"},{"@type":"ListItem","position":4,"name":"Hepa Filter Lecktest"}]},{"@type":"WebSite","@id":"https:\/\/bakrona.ch\/#website","url":"https:\/\/bakrona.ch\/","name":"Bakrona Messtechnik und Engineering","description":"Bakrona Messtechnik &amp; Engineering","publisher":{"@id":"https:\/\/bakrona.ch\/#organization"},"potentialAction":[{"@type":"SearchAction","target":{"@type":"EntryPoint","urlTemplate":"https:\/\/bakrona.ch\/?s={search_term_string}"},"query-input":{"@type":"PropertyValueSpecification","valueRequired":true,"valueName":"search_term_string"}}],"inLanguage":"fr-FR"},{"@type":"Organization","@id":"https:\/\/bakrona.ch\/#organization","name":"Bakrona AG","url":"https:\/\/bakrona.ch\/","logo":{"@type":"ImageObject","inLanguage":"fr-FR","@id":"https:\/\/bakrona.ch\/#\/schema\/logo\/image\/","url":"https:\/\/bakrona.ch\/wp-content\/uploads\/2016\/09\/logo-02.png","contentUrl":"https:\/\/bakrona.ch\/wp-content\/uploads\/2016\/09\/logo-02.png","width":2769,"height":762,"caption":"Bakrona AG"},"image":{"@id":"https:\/\/bakrona.ch\/#\/schema\/logo\/image\/"}}]}},"_links":{"self":[{"href":"https:\/\/bakrona.ch\/fr\/wp-json\/wp\/v2\/pages\/17679","targetHints":{"allow":["GET"]}}],"collection":[{"href":"https:\/\/bakrona.ch\/fr\/wp-json\/wp\/v2\/pages"}],"about":[{"href":"https:\/\/bakrona.ch\/fr\/wp-json\/wp\/v2\/types\/page"}],"author":[{"embeddable":true,"href":"https:\/\/bakrona.ch\/fr\/wp-json\/wp\/v2\/users\/1"}],"replies":[{"embeddable":true,"href":"https:\/\/bakrona.ch\/fr\/wp-json\/wp\/v2\/comments?post=17679"}],"version-history":[{"count":5,"href":"https:\/\/bakrona.ch\/fr\/wp-json\/wp\/v2\/pages\/17679\/revisions"}],"predecessor-version":[{"id":17774,"href":"https:\/\/bakrona.ch\/fr\/wp-json\/wp\/v2\/pages\/17679\/revisions\/17774"}],"up":[{"embeddable":true,"href":"https:\/\/bakrona.ch\/fr\/wp-json\/wp\/v2\/pages\/9669"}],"wp:attachment":[{"href":"https:\/\/bakrona.ch\/fr\/wp-json\/wp\/v2\/media?parent=17679"}],"curies":[{"name":"wp","href":"https:\/\/api.w.org\/{rel}","templated":true}]}}