{"id":17650,"date":"2022-01-13T17:19:56","date_gmt":"2022-01-13T17:19:56","guid":{"rendered":"https:\/\/bakrona.ch\/filterintegritaetstest-iso-14644-3-hepa-ulpa-filter"},"modified":"2022-05-15T07:31:35","modified_gmt":"2022-05-15T07:31:35","slug":"test-dintegrite-de-filtre-hepa-ulpa","status":"publish","type":"page","link":"https:\/\/bakrona.ch\/fr\/mesure-de-particules\/test-de-filtres-avec-compteur-de-particules\/test-dintegrite-de-filtre-hepa-ulpa","title":{"rendered":"Filterintegrit\u00e4tstest ScanAir Pro"},"content":{"rendered":"<div id=\"cs-content\" class=\"cs-content\"><\/div>\n","protected":false},"excerpt":{"rendered":"<p>TEST D&rsquo;INT\u00c9GRIT\u00c9 DE FILTRE AVEC SCANAIR PROSyst\u00e8me de test d&rsquo;int\u00e9grit\u00e9 de filtre selon ISO 14644-3 pour l&rsquo;\u00e9chantillonnage en amont (upstream) et le balayage du filtre en aval (downstream). ScanAir Pro est un syst\u00e8me intelligent de test de filtres \u00e0 base d\u2019un compteur de particules. Il permet une mesure en amont et un scanning en aval de filtres HEPA\/ULPA en conformit\u00e9 &#8230; <\/p>\n<div><a href=\"https:\/\/bakrona.ch\/fr\/mesure-de-particules\/test-de-filtres-avec-compteur-de-particules\/test-dintegrite-de-filtre-hepa-ulpa\" class=\"more-link\">Read More<\/a><\/div>\n","protected":false},"author":1,"featured_media":0,"parent":9669,"menu_order":1,"comment_status":"closed","ping_status":"closed","template":"template-blank-4.php","meta":{"footnotes":""},"class_list":["post-17650","page","type-page","status-publish","hentry","no-post-thumbnail"],"yoast_head":"<!-- This site is optimized with the Yoast SEO plugin v25.8 - https:\/\/yoast.com\/wordpress\/plugins\/seo\/ -->\n<title>Test d&#039;int\u00e9grit\u00e9 de filtre ISO 14644-3 HEPA ULPA I ScanAir Pro<\/title>\n<meta name=\"description\" content=\"Test d&#039;int\u00e9grit\u00e9 du filtre HEPA \/ULPA selon ISO 14644-3. D\u00e9termination du degr\u00e9 d&#039;efficacit\u00e9 de s\u00e9paration des m\u00e9dias filtrants dans les salles blanches.\" \/>\n<meta name=\"robots\" content=\"index, follow, max-snippet:-1, max-image-preview:large, max-video-preview:-1\" \/>\n<link rel=\"canonical\" href=\"https:\/\/bakrona.ch\/fr\/test-dintegrite-de-filtre-hepa-ulpa\" \/>\n<meta property=\"og:locale\" content=\"fr_FR\" \/>\n<meta property=\"og:type\" content=\"article\" \/>\n<meta property=\"og:title\" content=\"Test d&#039;int\u00e9grit\u00e9 de filtre ISO 14644-3 HEPA ULPA I ScanAir Pro\" \/>\n<meta property=\"og:description\" content=\"Test d&#039;int\u00e9grit\u00e9 du filtre HEPA \/ULPA selon ISO 14644-3. D\u00e9termination du degr\u00e9 d&#039;efficacit\u00e9 de s\u00e9paration des m\u00e9dias filtrants dans les salles blanches.\" \/>\n<meta property=\"og:url\" content=\"https:\/\/bakrona.ch\/fr\/test-dintegrite-de-filtre-hepa-ulpa\" \/>\n<meta property=\"og:site_name\" content=\"BAKRONA AG\" \/>\n<meta property=\"article:modified_time\" content=\"2022-05-15T07:31:35+00:00\" \/>\n<meta name=\"twitter:card\" content=\"summary_large_image\" \/>\n<meta name=\"twitter:label1\" content=\"Dur\u00e9e de lecture estim\u00e9e\" \/>\n\t<meta name=\"twitter:data1\" content=\"4 minutes\" \/>\n<script type=\"application\/ld+json\" class=\"yoast-schema-graph\">{\"@context\":\"https:\/\/schema.org\",\"@graph\":[{\"@type\":\"WebPage\",\"@id\":\"https:\/\/bakrona.ch\/fr\/test-dintegrite-de-filtre-hepa-ulpa\",\"url\":\"https:\/\/bakrona.ch\/fr\/test-dintegrite-de-filtre-hepa-ulpa\",\"name\":\"Test d'int\u00e9grit\u00e9 de filtre ISO 14644-3 HEPA ULPA I ScanAir Pro\",\"isPartOf\":{\"@id\":\"https:\/\/bakrona.ch\/#website\"},\"datePublished\":\"2022-01-13T17:19:56+00:00\",\"dateModified\":\"2022-05-15T07:31:35+00:00\",\"description\":\"Test d'int\u00e9grit\u00e9 du filtre HEPA \/ULPA selon ISO 14644-3. D\u00e9termination du degr\u00e9 d'efficacit\u00e9 de s\u00e9paration des m\u00e9dias filtrants dans les salles blanches.\",\"breadcrumb\":{\"@id\":\"https:\/\/bakrona.ch\/fr\/test-dintegrite-de-filtre-hepa-ulpa#breadcrumb\"},\"inLanguage\":\"fr-FR\",\"potentialAction\":[{\"@type\":\"ReadAction\",\"target\":[\"https:\/\/bakrona.ch\/fr\/test-dintegrite-de-filtre-hepa-ulpa\"]}]},{\"@type\":\"BreadcrumbList\",\"@id\":\"https:\/\/bakrona.ch\/fr\/test-dintegrite-de-filtre-hepa-ulpa#breadcrumb\",\"itemListElement\":[{\"@type\":\"ListItem\",\"position\":1,\"name\":\"Home\",\"item\":\"https:\/\/bakrona.ch\/fr\"},{\"@type\":\"ListItem\",\"position\":2,\"name\":\"Filterintegrit\u00e4tstest ScanAir Pro\"}]},{\"@type\":\"WebSite\",\"@id\":\"https:\/\/bakrona.ch\/#website\",\"url\":\"https:\/\/bakrona.ch\/\",\"name\":\"Bakrona Messtechnik und Engineering\",\"description\":\"Bakrona Messtechnik &amp; Engineering\",\"publisher\":{\"@id\":\"https:\/\/bakrona.ch\/#organization\"},\"potentialAction\":[{\"@type\":\"SearchAction\",\"target\":{\"@type\":\"EntryPoint\",\"urlTemplate\":\"https:\/\/bakrona.ch\/?s={search_term_string}\"},\"query-input\":{\"@type\":\"PropertyValueSpecification\",\"valueRequired\":true,\"valueName\":\"search_term_string\"}}],\"inLanguage\":\"fr-FR\"},{\"@type\":\"Organization\",\"@id\":\"https:\/\/bakrona.ch\/#organization\",\"name\":\"Bakrona AG\",\"url\":\"https:\/\/bakrona.ch\/\",\"logo\":{\"@type\":\"ImageObject\",\"inLanguage\":\"fr-FR\",\"@id\":\"https:\/\/bakrona.ch\/#\/schema\/logo\/image\/\",\"url\":\"https:\/\/bakrona.ch\/wp-content\/uploads\/2016\/09\/logo-02.png\",\"contentUrl\":\"https:\/\/bakrona.ch\/wp-content\/uploads\/2016\/09\/logo-02.png\",\"width\":2769,\"height\":762,\"caption\":\"Bakrona AG\"},\"image\":{\"@id\":\"https:\/\/bakrona.ch\/#\/schema\/logo\/image\/\"}}]}<\/script>\n<!-- \/ Yoast SEO plugin. -->","yoast_head_json":{"title":"Test d'int\u00e9grit\u00e9 de filtre ISO 14644-3 HEPA ULPA I ScanAir Pro","description":"Test d'int\u00e9grit\u00e9 du filtre HEPA \/ULPA selon ISO 14644-3. D\u00e9termination du degr\u00e9 d'efficacit\u00e9 de s\u00e9paration des m\u00e9dias filtrants dans les salles blanches.","robots":{"index":"index","follow":"follow","max-snippet":"max-snippet:-1","max-image-preview":"max-image-preview:large","max-video-preview":"max-video-preview:-1"},"canonical":"https:\/\/bakrona.ch\/fr\/test-dintegrite-de-filtre-hepa-ulpa","og_locale":"fr_FR","og_type":"article","og_title":"Test d'int\u00e9grit\u00e9 de filtre ISO 14644-3 HEPA ULPA I ScanAir Pro","og_description":"Test d'int\u00e9grit\u00e9 du filtre HEPA \/ULPA selon ISO 14644-3. D\u00e9termination du degr\u00e9 d'efficacit\u00e9 de s\u00e9paration des m\u00e9dias filtrants dans les salles blanches.","og_url":"https:\/\/bakrona.ch\/fr\/test-dintegrite-de-filtre-hepa-ulpa","og_site_name":"BAKRONA AG","article_modified_time":"2022-05-15T07:31:35+00:00","twitter_card":"summary_large_image","twitter_misc":{"Dur\u00e9e de lecture estim\u00e9e":"4 minutes"},"schema":{"@context":"https:\/\/schema.org","@graph":[{"@type":"WebPage","@id":"https:\/\/bakrona.ch\/fr\/test-dintegrite-de-filtre-hepa-ulpa","url":"https:\/\/bakrona.ch\/fr\/test-dintegrite-de-filtre-hepa-ulpa","name":"Test d'int\u00e9grit\u00e9 de filtre ISO 14644-3 HEPA ULPA I ScanAir Pro","isPartOf":{"@id":"https:\/\/bakrona.ch\/#website"},"datePublished":"2022-01-13T17:19:56+00:00","dateModified":"2022-05-15T07:31:35+00:00","description":"Test d'int\u00e9grit\u00e9 du filtre HEPA \/ULPA selon ISO 14644-3. D\u00e9termination du degr\u00e9 d'efficacit\u00e9 de s\u00e9paration des m\u00e9dias filtrants dans les salles blanches.","breadcrumb":{"@id":"https:\/\/bakrona.ch\/fr\/test-dintegrite-de-filtre-hepa-ulpa#breadcrumb"},"inLanguage":"fr-FR","potentialAction":[{"@type":"ReadAction","target":["https:\/\/bakrona.ch\/fr\/test-dintegrite-de-filtre-hepa-ulpa"]}]},{"@type":"BreadcrumbList","@id":"https:\/\/bakrona.ch\/fr\/test-dintegrite-de-filtre-hepa-ulpa#breadcrumb","itemListElement":[{"@type":"ListItem","position":1,"name":"Home","item":"https:\/\/bakrona.ch\/fr"},{"@type":"ListItem","position":2,"name":"Filterintegrit\u00e4tstest ScanAir Pro"}]},{"@type":"WebSite","@id":"https:\/\/bakrona.ch\/#website","url":"https:\/\/bakrona.ch\/","name":"Bakrona Messtechnik und Engineering","description":"Bakrona Messtechnik &amp; Engineering","publisher":{"@id":"https:\/\/bakrona.ch\/#organization"},"potentialAction":[{"@type":"SearchAction","target":{"@type":"EntryPoint","urlTemplate":"https:\/\/bakrona.ch\/?s={search_term_string}"},"query-input":{"@type":"PropertyValueSpecification","valueRequired":true,"valueName":"search_term_string"}}],"inLanguage":"fr-FR"},{"@type":"Organization","@id":"https:\/\/bakrona.ch\/#organization","name":"Bakrona AG","url":"https:\/\/bakrona.ch\/","logo":{"@type":"ImageObject","inLanguage":"fr-FR","@id":"https:\/\/bakrona.ch\/#\/schema\/logo\/image\/","url":"https:\/\/bakrona.ch\/wp-content\/uploads\/2016\/09\/logo-02.png","contentUrl":"https:\/\/bakrona.ch\/wp-content\/uploads\/2016\/09\/logo-02.png","width":2769,"height":762,"caption":"Bakrona AG"},"image":{"@id":"https:\/\/bakrona.ch\/#\/schema\/logo\/image\/"}}]}},"_links":{"self":[{"href":"https:\/\/bakrona.ch\/fr\/wp-json\/wp\/v2\/pages\/17650","targetHints":{"allow":["GET"]}}],"collection":[{"href":"https:\/\/bakrona.ch\/fr\/wp-json\/wp\/v2\/pages"}],"about":[{"href":"https:\/\/bakrona.ch\/fr\/wp-json\/wp\/v2\/types\/page"}],"author":[{"embeddable":true,"href":"https:\/\/bakrona.ch\/fr\/wp-json\/wp\/v2\/users\/1"}],"replies":[{"embeddable":true,"href":"https:\/\/bakrona.ch\/fr\/wp-json\/wp\/v2\/comments?post=17650"}],"version-history":[{"count":6,"href":"https:\/\/bakrona.ch\/fr\/wp-json\/wp\/v2\/pages\/17650\/revisions"}],"predecessor-version":[{"id":17769,"href":"https:\/\/bakrona.ch\/fr\/wp-json\/wp\/v2\/pages\/17650\/revisions\/17769"}],"up":[{"embeddable":true,"href":"https:\/\/bakrona.ch\/fr\/wp-json\/wp\/v2\/pages\/9669"}],"wp:attachment":[{"href":"https:\/\/bakrona.ch\/fr\/wp-json\/wp\/v2\/media?parent=17650"}],"curies":[{"name":"wp","href":"https:\/\/api.w.org\/{rel}","templated":true}]}}