{"id":16209,"date":"2019-03-28T19:30:53","date_gmt":"2019-03-28T19:30:53","guid":{"rendered":"https:\/\/bakrona.ch\/lighthouse-partikelzaehler"},"modified":"2022-05-23T07:26:13","modified_gmt":"2022-05-23T07:26:13","slug":"compteur-de-particules-lighthouse","status":"publish","type":"page","link":"https:\/\/bakrona.ch\/fr\/compteur-de-particules-lighthouse","title":{"rendered":"Lighthouse Partikelz\u00e4hler"},"content":{"rendered":"<div id=\"cs-content\" class=\"cs-content\"><\/div>\n","protected":false},"excerpt":{"rendered":"<p>&nbsp;&nbsp;&nbsp;COMPTEUR DE PARTICULES LIGHTHOUSEBienvenue chez Bakrona, le repr\u00e9sentant officiel de Lighthouse Worldwide Solutions en Suisse et au Liechtenstein. &nbsp;LIGHTHOUSE ET BAKRONAPRODUITS ET SUPPORT D&rsquo;UNE SEULE SOURCEBakrona fournit des compteurs de particules Lighthouse portables et install\u00e9s en permanence, des syst\u00e8mes de surveillance de salles blanches, des solutions de test de filtre et des \u00e9chantillonneurs d&rsquo;air microbiens. Notre objectif est de fournir &#8230; <\/p>\n<div><a href=\"https:\/\/bakrona.ch\/fr\/compteur-de-particules-lighthouse\" class=\"more-link\">Read More<\/a><\/div>\n","protected":false},"author":1,"featured_media":0,"parent":0,"menu_order":0,"comment_status":"closed","ping_status":"closed","template":"template-blank-4.php","meta":{"footnotes":""},"class_list":["post-16209","page","type-page","status-publish","hentry","no-post-thumbnail"],"yoast_head":"<!-- This site is optimized with the Yoast SEO plugin v25.8 - https:\/\/yoast.com\/wordpress\/plugins\/seo\/ -->\n<title>Compteur de particules Lighthouse - Repr\u00e9sentant Suisse BAKRONA<\/title>\n<meta name=\"description\" content=\"Bakrona est le repr\u00e9sentant suisse des compteurs de particules Lighthouse pour la qualification et le suivi des salles blanches.\" \/>\n<meta name=\"robots\" content=\"index, follow, max-snippet:-1, max-image-preview:large, max-video-preview:-1\" \/>\n<link rel=\"canonical\" href=\"https:\/\/bakrona.ch\/fr\/compteur-de-particules-lighthouse\" \/>\n<meta property=\"og:locale\" content=\"fr_FR\" \/>\n<meta property=\"og:type\" content=\"article\" \/>\n<meta property=\"og:title\" content=\"Compteur de particules Lighthouse - Repr\u00e9sentant Suisse BAKRONA\" \/>\n<meta property=\"og:description\" content=\"Bakrona est le repr\u00e9sentant suisse des compteurs de particules Lighthouse pour la qualification et le suivi des salles blanches.\" \/>\n<meta property=\"og:url\" content=\"https:\/\/bakrona.ch\/fr\/compteur-de-particules-lighthouse\" \/>\n<meta property=\"og:site_name\" content=\"BAKRONA AG\" \/>\n<meta property=\"article:modified_time\" content=\"2022-05-23T07:26:13+00:00\" \/>\n<meta name=\"twitter:card\" content=\"summary_large_image\" \/>\n<meta name=\"twitter:label1\" content=\"Dur\u00e9e de lecture estim\u00e9e\" \/>\n\t<meta name=\"twitter:data1\" content=\"11 minutes\" \/>\n<script type=\"application\/ld+json\" class=\"yoast-schema-graph\">{\"@context\":\"https:\/\/schema.org\",\"@graph\":[{\"@type\":\"WebPage\",\"@id\":\"https:\/\/bakrona.ch\/fr\/compteur-de-particules-lighthouse\",\"url\":\"https:\/\/bakrona.ch\/fr\/compteur-de-particules-lighthouse\",\"name\":\"Compteur de particules Lighthouse - Repr\u00e9sentant Suisse BAKRONA\",\"isPartOf\":{\"@id\":\"https:\/\/bakrona.ch\/#website\"},\"datePublished\":\"2019-03-28T19:30:53+00:00\",\"dateModified\":\"2022-05-23T07:26:13+00:00\",\"description\":\"Bakrona est le repr\u00e9sentant suisse des compteurs de particules Lighthouse pour la qualification et le suivi des salles blanches.\",\"breadcrumb\":{\"@id\":\"https:\/\/bakrona.ch\/fr\/compteur-de-particules-lighthouse#breadcrumb\"},\"inLanguage\":\"fr-FR\",\"potentialAction\":[{\"@type\":\"ReadAction\",\"target\":[\"https:\/\/bakrona.ch\/fr\/compteur-de-particules-lighthouse\"]}]},{\"@type\":\"BreadcrumbList\",\"@id\":\"https:\/\/bakrona.ch\/fr\/compteur-de-particules-lighthouse#breadcrumb\",\"itemListElement\":[{\"@type\":\"ListItem\",\"position\":1,\"name\":\"Home\",\"item\":\"https:\/\/bakrona.ch\/fr\"},{\"@type\":\"ListItem\",\"position\":2,\"name\":\"Lighthouse Partikelz\u00e4hler\"}]},{\"@type\":\"WebSite\",\"@id\":\"https:\/\/bakrona.ch\/#website\",\"url\":\"https:\/\/bakrona.ch\/\",\"name\":\"Bakrona Messtechnik und Engineering\",\"description\":\"Bakrona Messtechnik &amp; Engineering\",\"publisher\":{\"@id\":\"https:\/\/bakrona.ch\/#organization\"},\"potentialAction\":[{\"@type\":\"SearchAction\",\"target\":{\"@type\":\"EntryPoint\",\"urlTemplate\":\"https:\/\/bakrona.ch\/?s={search_term_string}\"},\"query-input\":{\"@type\":\"PropertyValueSpecification\",\"valueRequired\":true,\"valueName\":\"search_term_string\"}}],\"inLanguage\":\"fr-FR\"},{\"@type\":\"Organization\",\"@id\":\"https:\/\/bakrona.ch\/#organization\",\"name\":\"Bakrona AG\",\"url\":\"https:\/\/bakrona.ch\/\",\"logo\":{\"@type\":\"ImageObject\",\"inLanguage\":\"fr-FR\",\"@id\":\"https:\/\/bakrona.ch\/#\/schema\/logo\/image\/\",\"url\":\"https:\/\/bakrona.ch\/wp-content\/uploads\/2016\/09\/logo-02.png\",\"contentUrl\":\"https:\/\/bakrona.ch\/wp-content\/uploads\/2016\/09\/logo-02.png\",\"width\":2769,\"height\":762,\"caption\":\"Bakrona AG\"},\"image\":{\"@id\":\"https:\/\/bakrona.ch\/#\/schema\/logo\/image\/\"}}]}<\/script>\n<!-- \/ Yoast SEO plugin. -->","yoast_head_json":{"title":"Compteur de particules Lighthouse - Repr\u00e9sentant Suisse BAKRONA","description":"Bakrona est le repr\u00e9sentant suisse des compteurs de particules Lighthouse pour la qualification et le suivi des salles blanches.","robots":{"index":"index","follow":"follow","max-snippet":"max-snippet:-1","max-image-preview":"max-image-preview:large","max-video-preview":"max-video-preview:-1"},"canonical":"https:\/\/bakrona.ch\/fr\/compteur-de-particules-lighthouse","og_locale":"fr_FR","og_type":"article","og_title":"Compteur de particules Lighthouse - Repr\u00e9sentant Suisse BAKRONA","og_description":"Bakrona est le repr\u00e9sentant suisse des compteurs de particules Lighthouse pour la qualification et le suivi des salles blanches.","og_url":"https:\/\/bakrona.ch\/fr\/compteur-de-particules-lighthouse","og_site_name":"BAKRONA AG","article_modified_time":"2022-05-23T07:26:13+00:00","twitter_card":"summary_large_image","twitter_misc":{"Dur\u00e9e de lecture estim\u00e9e":"11 minutes"},"schema":{"@context":"https:\/\/schema.org","@graph":[{"@type":"WebPage","@id":"https:\/\/bakrona.ch\/fr\/compteur-de-particules-lighthouse","url":"https:\/\/bakrona.ch\/fr\/compteur-de-particules-lighthouse","name":"Compteur de particules Lighthouse - Repr\u00e9sentant Suisse BAKRONA","isPartOf":{"@id":"https:\/\/bakrona.ch\/#website"},"datePublished":"2019-03-28T19:30:53+00:00","dateModified":"2022-05-23T07:26:13+00:00","description":"Bakrona est le repr\u00e9sentant suisse des compteurs de particules Lighthouse pour la qualification et le suivi des salles blanches.","breadcrumb":{"@id":"https:\/\/bakrona.ch\/fr\/compteur-de-particules-lighthouse#breadcrumb"},"inLanguage":"fr-FR","potentialAction":[{"@type":"ReadAction","target":["https:\/\/bakrona.ch\/fr\/compteur-de-particules-lighthouse"]}]},{"@type":"BreadcrumbList","@id":"https:\/\/bakrona.ch\/fr\/compteur-de-particules-lighthouse#breadcrumb","itemListElement":[{"@type":"ListItem","position":1,"name":"Home","item":"https:\/\/bakrona.ch\/fr"},{"@type":"ListItem","position":2,"name":"Lighthouse Partikelz\u00e4hler"}]},{"@type":"WebSite","@id":"https:\/\/bakrona.ch\/#website","url":"https:\/\/bakrona.ch\/","name":"Bakrona Messtechnik und Engineering","description":"Bakrona Messtechnik &amp; Engineering","publisher":{"@id":"https:\/\/bakrona.ch\/#organization"},"potentialAction":[{"@type":"SearchAction","target":{"@type":"EntryPoint","urlTemplate":"https:\/\/bakrona.ch\/?s={search_term_string}"},"query-input":{"@type":"PropertyValueSpecification","valueRequired":true,"valueName":"search_term_string"}}],"inLanguage":"fr-FR"},{"@type":"Organization","@id":"https:\/\/bakrona.ch\/#organization","name":"Bakrona AG","url":"https:\/\/bakrona.ch\/","logo":{"@type":"ImageObject","inLanguage":"fr-FR","@id":"https:\/\/bakrona.ch\/#\/schema\/logo\/image\/","url":"https:\/\/bakrona.ch\/wp-content\/uploads\/2016\/09\/logo-02.png","contentUrl":"https:\/\/bakrona.ch\/wp-content\/uploads\/2016\/09\/logo-02.png","width":2769,"height":762,"caption":"Bakrona AG"},"image":{"@id":"https:\/\/bakrona.ch\/#\/schema\/logo\/image\/"}}]}},"_links":{"self":[{"href":"https:\/\/bakrona.ch\/fr\/wp-json\/wp\/v2\/pages\/16209","targetHints":{"allow":["GET"]}}],"collection":[{"href":"https:\/\/bakrona.ch\/fr\/wp-json\/wp\/v2\/pages"}],"about":[{"href":"https:\/\/bakrona.ch\/fr\/wp-json\/wp\/v2\/types\/page"}],"author":[{"embeddable":true,"href":"https:\/\/bakrona.ch\/fr\/wp-json\/wp\/v2\/users\/1"}],"replies":[{"embeddable":true,"href":"https:\/\/bakrona.ch\/fr\/wp-json\/wp\/v2\/comments?post=16209"}],"version-history":[{"count":18,"href":"https:\/\/bakrona.ch\/fr\/wp-json\/wp\/v2\/pages\/16209\/revisions"}],"predecessor-version":[{"id":17915,"href":"https:\/\/bakrona.ch\/fr\/wp-json\/wp\/v2\/pages\/16209\/revisions\/17915"}],"wp:attachment":[{"href":"https:\/\/bakrona.ch\/fr\/wp-json\/wp\/v2\/media?parent=16209"}],"curies":[{"name":"wp","href":"https:\/\/api.w.org\/{rel}","templated":true}]}}