{"id":15811,"date":"2021-01-31T10:26:15","date_gmt":"2021-01-31T10:26:15","guid":{"rendered":"http:\/\/bakrona.ch\/mesure-de-particules\/fest-intallierter-luftkeimsammler-remote-activecount"},"modified":"2023-08-27T12:56:35","modified_gmt":"2023-08-27T12:56:35","slug":"surveillance-microbiologique","status":"publish","type":"page","link":"https:\/\/bakrona.ch\/fr\/echantillonneur-dair\/surveillance-microbiologique","title":{"rendered":"Surveillance Microbiologique"},"content":{"rendered":"<div id=\"cs-content\" class=\"cs-content\"><\/div>\n","protected":false},"excerpt":{"rendered":"<p>SURVEILLANCE MICROBIOLOGIQUESURVEILLANCE CONTINUE DE LA CONTAMINATION DES SALLES BLANCHESBIOCOLLECTEUR ACTIVECOUNT REMOTEL&rsquo;\u00e9chantillonneur d&rsquo;air ActiveCount Remote est con\u00e7u pour les environnements aseptiques et fournit une solution d&rsquo;\u00e9chantillonnage d&rsquo;air microbien qui peut \u00eatre int\u00e9gr\u00e9e dans un programme ou un syst\u00e8me de surveillance environnementale. Avec les mod\u00e8les avec ou sans pompe \u00e0 vide int\u00e9gr\u00e9e, la t\u00eate de collecte et avec une sortie d&rsquo;air filtr\u00e9e &#8230; <\/p>\n<div><a href=\"https:\/\/bakrona.ch\/fr\/echantillonneur-dair\/surveillance-microbiologique\" class=\"more-link\">Read More<\/a><\/div>\n","protected":false},"author":1,"featured_media":0,"parent":17747,"menu_order":4,"comment_status":"closed","ping_status":"closed","template":"template-blank-4.php","meta":{"footnotes":""},"class_list":["post-15811","page","type-page","status-publish","hentry","no-post-thumbnail"],"yoast_head":"<!-- This site is optimized with the Yoast SEO plugin v25.8 - https:\/\/yoast.com\/wordpress\/plugins\/seo\/ -->\n<title>Surveillance Microbiologique - Biocollecteur pour surveillance salle blanche<\/title>\n<meta name=\"description\" content=\"Syst\u00e8me d&#039;\u00e9chantillonnage avec \u00e9chantillonneurs d&#039;air install\u00e9s - Surveillance microbiologique continue de l&#039;air en salles blanches\" \/>\n<meta name=\"robots\" content=\"index, follow, max-snippet:-1, max-image-preview:large, max-video-preview:-1\" \/>\n<link rel=\"canonical\" href=\"https:\/\/bakrona.ch\/fr\/echantillonneur-dair\/surveillance-microbiologique\" \/>\n<meta property=\"og:locale\" content=\"fr_FR\" \/>\n<meta property=\"og:type\" content=\"article\" \/>\n<meta property=\"og:title\" content=\"Surveillance Microbiologique - Biocollecteur pour surveillance salle blanche\" \/>\n<meta property=\"og:description\" content=\"Syst\u00e8me d&#039;\u00e9chantillonnage avec \u00e9chantillonneurs d&#039;air install\u00e9s - Surveillance microbiologique continue de l&#039;air en salles blanches\" \/>\n<meta property=\"og:url\" content=\"https:\/\/bakrona.ch\/fr\/echantillonneur-dair\/surveillance-microbiologique\" \/>\n<meta property=\"og:site_name\" content=\"BAKRONA AG\" \/>\n<meta property=\"article:modified_time\" content=\"2023-08-27T12:56:35+00:00\" \/>\n<meta name=\"twitter:card\" content=\"summary_large_image\" \/>\n<meta name=\"twitter:label1\" content=\"Dur\u00e9e de lecture estim\u00e9e\" \/>\n\t<meta name=\"twitter:data1\" content=\"4 minutes\" \/>\n<script type=\"application\/ld+json\" class=\"yoast-schema-graph\">{\"@context\":\"https:\/\/schema.org\",\"@graph\":[{\"@type\":\"WebPage\",\"@id\":\"https:\/\/bakrona.ch\/fr\/echantillonneur-dair\/surveillance-microbiologique\",\"url\":\"https:\/\/bakrona.ch\/fr\/echantillonneur-dair\/surveillance-microbiologique\",\"name\":\"Surveillance Microbiologique - Biocollecteur pour surveillance salle blanche\",\"isPartOf\":{\"@id\":\"https:\/\/bakrona.ch\/#website\"},\"datePublished\":\"2021-01-31T10:26:15+00:00\",\"dateModified\":\"2023-08-27T12:56:35+00:00\",\"description\":\"Syst\u00e8me d'\u00e9chantillonnage avec \u00e9chantillonneurs d'air install\u00e9s - Surveillance microbiologique continue de l'air en salles blanches\",\"breadcrumb\":{\"@id\":\"https:\/\/bakrona.ch\/fr\/echantillonneur-dair\/surveillance-microbiologique#breadcrumb\"},\"inLanguage\":\"fr-FR\",\"potentialAction\":[{\"@type\":\"ReadAction\",\"target\":[\"https:\/\/bakrona.ch\/fr\/echantillonneur-dair\/surveillance-microbiologique\"]}]},{\"@type\":\"BreadcrumbList\",\"@id\":\"https:\/\/bakrona.ch\/fr\/echantillonneur-dair\/surveillance-microbiologique#breadcrumb\",\"itemListElement\":[{\"@type\":\"ListItem\",\"position\":1,\"name\":\"Home\",\"item\":\"https:\/\/bakrona.ch\/fr\"},{\"@type\":\"ListItem\",\"position\":2,\"name\":\"Luftkeimsammler\",\"item\":\"https:\/\/bakrona.ch\/fr\/echantillonneur-dair\"},{\"@type\":\"ListItem\",\"position\":3,\"name\":\"Surveillance Microbiologique\"}]},{\"@type\":\"WebSite\",\"@id\":\"https:\/\/bakrona.ch\/#website\",\"url\":\"https:\/\/bakrona.ch\/\",\"name\":\"Bakrona Messtechnik und Engineering\",\"description\":\"Bakrona Messtechnik &amp; Engineering\",\"publisher\":{\"@id\":\"https:\/\/bakrona.ch\/#organization\"},\"potentialAction\":[{\"@type\":\"SearchAction\",\"target\":{\"@type\":\"EntryPoint\",\"urlTemplate\":\"https:\/\/bakrona.ch\/?s={search_term_string}\"},\"query-input\":{\"@type\":\"PropertyValueSpecification\",\"valueRequired\":true,\"valueName\":\"search_term_string\"}}],\"inLanguage\":\"fr-FR\"},{\"@type\":\"Organization\",\"@id\":\"https:\/\/bakrona.ch\/#organization\",\"name\":\"Bakrona AG\",\"url\":\"https:\/\/bakrona.ch\/\",\"logo\":{\"@type\":\"ImageObject\",\"inLanguage\":\"fr-FR\",\"@id\":\"https:\/\/bakrona.ch\/#\/schema\/logo\/image\/\",\"url\":\"https:\/\/bakrona.ch\/wp-content\/uploads\/2016\/09\/logo-02.png\",\"contentUrl\":\"https:\/\/bakrona.ch\/wp-content\/uploads\/2016\/09\/logo-02.png\",\"width\":2769,\"height\":762,\"caption\":\"Bakrona AG\"},\"image\":{\"@id\":\"https:\/\/bakrona.ch\/#\/schema\/logo\/image\/\"}}]}<\/script>\n<!-- \/ Yoast SEO plugin. -->","yoast_head_json":{"title":"Surveillance Microbiologique - Biocollecteur pour surveillance salle blanche","description":"Syst\u00e8me d'\u00e9chantillonnage avec \u00e9chantillonneurs d'air install\u00e9s - Surveillance microbiologique continue de l'air en salles blanches","robots":{"index":"index","follow":"follow","max-snippet":"max-snippet:-1","max-image-preview":"max-image-preview:large","max-video-preview":"max-video-preview:-1"},"canonical":"https:\/\/bakrona.ch\/fr\/echantillonneur-dair\/surveillance-microbiologique","og_locale":"fr_FR","og_type":"article","og_title":"Surveillance Microbiologique - Biocollecteur pour surveillance salle blanche","og_description":"Syst\u00e8me d'\u00e9chantillonnage avec \u00e9chantillonneurs d'air install\u00e9s - Surveillance microbiologique continue de l'air en salles blanches","og_url":"https:\/\/bakrona.ch\/fr\/echantillonneur-dair\/surveillance-microbiologique","og_site_name":"BAKRONA AG","article_modified_time":"2023-08-27T12:56:35+00:00","twitter_card":"summary_large_image","twitter_misc":{"Dur\u00e9e de lecture estim\u00e9e":"4 minutes"},"schema":{"@context":"https:\/\/schema.org","@graph":[{"@type":"WebPage","@id":"https:\/\/bakrona.ch\/fr\/echantillonneur-dair\/surveillance-microbiologique","url":"https:\/\/bakrona.ch\/fr\/echantillonneur-dair\/surveillance-microbiologique","name":"Surveillance Microbiologique - Biocollecteur pour surveillance salle blanche","isPartOf":{"@id":"https:\/\/bakrona.ch\/#website"},"datePublished":"2021-01-31T10:26:15+00:00","dateModified":"2023-08-27T12:56:35+00:00","description":"Syst\u00e8me d'\u00e9chantillonnage avec \u00e9chantillonneurs d'air install\u00e9s - Surveillance microbiologique continue de l'air en salles blanches","breadcrumb":{"@id":"https:\/\/bakrona.ch\/fr\/echantillonneur-dair\/surveillance-microbiologique#breadcrumb"},"inLanguage":"fr-FR","potentialAction":[{"@type":"ReadAction","target":["https:\/\/bakrona.ch\/fr\/echantillonneur-dair\/surveillance-microbiologique"]}]},{"@type":"BreadcrumbList","@id":"https:\/\/bakrona.ch\/fr\/echantillonneur-dair\/surveillance-microbiologique#breadcrumb","itemListElement":[{"@type":"ListItem","position":1,"name":"Home","item":"https:\/\/bakrona.ch\/fr"},{"@type":"ListItem","position":2,"name":"Luftkeimsammler","item":"https:\/\/bakrona.ch\/fr\/echantillonneur-dair"},{"@type":"ListItem","position":3,"name":"Surveillance Microbiologique"}]},{"@type":"WebSite","@id":"https:\/\/bakrona.ch\/#website","url":"https:\/\/bakrona.ch\/","name":"Bakrona Messtechnik und Engineering","description":"Bakrona Messtechnik &amp; Engineering","publisher":{"@id":"https:\/\/bakrona.ch\/#organization"},"potentialAction":[{"@type":"SearchAction","target":{"@type":"EntryPoint","urlTemplate":"https:\/\/bakrona.ch\/?s={search_term_string}"},"query-input":{"@type":"PropertyValueSpecification","valueRequired":true,"valueName":"search_term_string"}}],"inLanguage":"fr-FR"},{"@type":"Organization","@id":"https:\/\/bakrona.ch\/#organization","name":"Bakrona AG","url":"https:\/\/bakrona.ch\/","logo":{"@type":"ImageObject","inLanguage":"fr-FR","@id":"https:\/\/bakrona.ch\/#\/schema\/logo\/image\/","url":"https:\/\/bakrona.ch\/wp-content\/uploads\/2016\/09\/logo-02.png","contentUrl":"https:\/\/bakrona.ch\/wp-content\/uploads\/2016\/09\/logo-02.png","width":2769,"height":762,"caption":"Bakrona AG"},"image":{"@id":"https:\/\/bakrona.ch\/#\/schema\/logo\/image\/"}}]}},"_links":{"self":[{"href":"https:\/\/bakrona.ch\/fr\/wp-json\/wp\/v2\/pages\/15811","targetHints":{"allow":["GET"]}}],"collection":[{"href":"https:\/\/bakrona.ch\/fr\/wp-json\/wp\/v2\/pages"}],"about":[{"href":"https:\/\/bakrona.ch\/fr\/wp-json\/wp\/v2\/types\/page"}],"author":[{"embeddable":true,"href":"https:\/\/bakrona.ch\/fr\/wp-json\/wp\/v2\/users\/1"}],"replies":[{"embeddable":true,"href":"https:\/\/bakrona.ch\/fr\/wp-json\/wp\/v2\/comments?post=15811"}],"version-history":[{"count":11,"href":"https:\/\/bakrona.ch\/fr\/wp-json\/wp\/v2\/pages\/15811\/revisions"}],"predecessor-version":[{"id":18099,"href":"https:\/\/bakrona.ch\/fr\/wp-json\/wp\/v2\/pages\/15811\/revisions\/18099"}],"up":[{"embeddable":true,"href":"https:\/\/bakrona.ch\/fr\/wp-json\/wp\/v2\/pages\/17747"}],"wp:attachment":[{"href":"https:\/\/bakrona.ch\/fr\/wp-json\/wp\/v2\/media?parent=15811"}],"curies":[{"name":"wp","href":"https:\/\/api.w.org\/{rel}","templated":true}]}}