{"id":15705,"date":"2021-01-29T11:32:03","date_gmt":"2021-01-29T11:32:03","guid":{"rendered":"http:\/\/bakrona.ch\/mesure-de-particules\/echantillonneur-dair-microbien\/luftkeimsammler-activecount25h"},"modified":"2022-05-23T16:56:37","modified_gmt":"2022-05-23T16:56:37","slug":"echantillonneur-dair-microbien-activecount25h","status":"publish","type":"page","link":"https:\/\/bakrona.ch\/fr\/echantillonneur-dair\/echantillonneur-dair-microbien\/echantillonneur-dair-microbien-activecount25h","title":{"rendered":"Echantillonneur d\u2019air microbien ActiveCount25H"},"content":{"rendered":"<div id=\"cs-content\" class=\"cs-content\"><\/div>\n","protected":false},"excerpt":{"rendered":"<p>BIOCOLLECTEUR D&rsquo;AIR MICROBIEN ACTIVECOUNT25HActiveCount25H est un \u00e9chantillonneur d&rsquo;air microbiologique portable adapt\u00e9 \u00e0 une utilisation dans des salles blanches et des environnements aseptiques. L&rsquo;ActiveCount25H est conforme \u00e0 la norme ISO 14698. L&rsquo;\u00e9chantillonneur d&rsquo;air a une efficacit\u00e9 de collecte d50 de 1 micron et une sortie d&rsquo;air filtr\u00e9e HEPA pour emp\u00eacher la r\u00e9-aspiration de l&rsquo;air d&rsquo;\u00e9chantillon. Avec l&rsquo;AC25H, Lighthouse a r\u00e9pondu \u00e0 &#8230; <\/p>\n<div><a href=\"https:\/\/bakrona.ch\/fr\/echantillonneur-dair\/echantillonneur-dair-microbien\/echantillonneur-dair-microbien-activecount25h\" class=\"more-link\">Read More<\/a><\/div>\n","protected":false},"author":1,"featured_media":0,"parent":15661,"menu_order":3,"comment_status":"closed","ping_status":"closed","template":"template-blank-4.php","meta":{"footnotes":""},"class_list":["post-15705","page","type-page","status-publish","hentry","no-post-thumbnail"],"yoast_head":"<!-- This site is optimized with the Yoast SEO plugin v25.8 - https:\/\/yoast.com\/wordpress\/plugins\/seo\/ -->\n<title>Echantillonneur d\u2019air microbien ActiveCount25H Lighthouse I Bakrona<\/title>\n<meta name=\"description\" content=\"Echantillonneur d\u2019air microbien ActiveCount25H avec filtre HEPA. Faible d\u00e9bit \u00e9vite dess\u00e8chement de g\u00e9lose, moins changements de bo\u00eetes de P\u00e9tri\" \/>\n<meta name=\"robots\" content=\"index, follow, max-snippet:-1, max-image-preview:large, max-video-preview:-1\" \/>\n<link rel=\"canonical\" href=\"https:\/\/bakrona.ch\/fr\/echantillonneur-dair\/echantillonneur-dair-microbien\/echantillonneur-dair-microbien-activecount25h\" \/>\n<meta property=\"og:locale\" content=\"fr_FR\" \/>\n<meta property=\"og:type\" content=\"article\" \/>\n<meta property=\"og:title\" content=\"Echantillonneur d\u2019air microbien ActiveCount25H Lighthouse I Bakrona\" \/>\n<meta property=\"og:description\" content=\"Echantillonneur d\u2019air microbien ActiveCount25H avec filtre HEPA. Faible d\u00e9bit \u00e9vite dess\u00e8chement de g\u00e9lose, moins changements de bo\u00eetes de P\u00e9tri\" \/>\n<meta property=\"og:url\" content=\"https:\/\/bakrona.ch\/fr\/echantillonneur-dair\/echantillonneur-dair-microbien\/echantillonneur-dair-microbien-activecount25h\" \/>\n<meta property=\"og:site_name\" content=\"BAKRONA AG\" \/>\n<meta property=\"article:modified_time\" content=\"2022-05-23T16:56:37+00:00\" \/>\n<meta name=\"twitter:card\" content=\"summary_large_image\" \/>\n<meta name=\"twitter:label1\" content=\"Dur\u00e9e de lecture estim\u00e9e\" \/>\n\t<meta name=\"twitter:data1\" content=\"4 minutes\" \/>\n<script type=\"application\/ld+json\" class=\"yoast-schema-graph\">{\"@context\":\"https:\/\/schema.org\",\"@graph\":[{\"@type\":\"WebPage\",\"@id\":\"https:\/\/bakrona.ch\/fr\/echantillonneur-dair\/echantillonneur-dair-microbien\/echantillonneur-dair-microbien-activecount25h\",\"url\":\"https:\/\/bakrona.ch\/fr\/echantillonneur-dair\/echantillonneur-dair-microbien\/echantillonneur-dair-microbien-activecount25h\",\"name\":\"Echantillonneur d\u2019air microbien ActiveCount25H Lighthouse I Bakrona\",\"isPartOf\":{\"@id\":\"https:\/\/bakrona.ch\/#website\"},\"datePublished\":\"2021-01-29T11:32:03+00:00\",\"dateModified\":\"2022-05-23T16:56:37+00:00\",\"description\":\"Echantillonneur d\u2019air microbien ActiveCount25H avec filtre HEPA. Faible d\u00e9bit \u00e9vite dess\u00e8chement de g\u00e9lose, moins changements de bo\u00eetes de P\u00e9tri\",\"breadcrumb\":{\"@id\":\"https:\/\/bakrona.ch\/fr\/echantillonneur-dair\/echantillonneur-dair-microbien\/echantillonneur-dair-microbien-activecount25h#breadcrumb\"},\"inLanguage\":\"fr-FR\",\"potentialAction\":[{\"@type\":\"ReadAction\",\"target\":[\"https:\/\/bakrona.ch\/fr\/echantillonneur-dair\/echantillonneur-dair-microbien\/echantillonneur-dair-microbien-activecount25h\"]}]},{\"@type\":\"BreadcrumbList\",\"@id\":\"https:\/\/bakrona.ch\/fr\/echantillonneur-dair\/echantillonneur-dair-microbien\/echantillonneur-dair-microbien-activecount25h#breadcrumb\",\"itemListElement\":[{\"@type\":\"ListItem\",\"position\":1,\"name\":\"Home\",\"item\":\"https:\/\/bakrona.ch\/fr\"},{\"@type\":\"ListItem\",\"position\":2,\"name\":\"Luftkeimsammler\",\"item\":\"https:\/\/bakrona.ch\/fr\/echantillonneur-dair\"},{\"@type\":\"ListItem\",\"position\":3,\"name\":\"Echantillonneur d&rsquo;air microbien\",\"item\":\"https:\/\/bakrona.ch\/fr\/echantillonneur-dair\/echantillonneur-dair-microbien\"},{\"@type\":\"ListItem\",\"position\":4,\"name\":\"Echantillonneur d\u2019air microbien ActiveCount25H\"}]},{\"@type\":\"WebSite\",\"@id\":\"https:\/\/bakrona.ch\/#website\",\"url\":\"https:\/\/bakrona.ch\/\",\"name\":\"Bakrona Messtechnik und Engineering\",\"description\":\"Bakrona Messtechnik &amp; Engineering\",\"publisher\":{\"@id\":\"https:\/\/bakrona.ch\/#organization\"},\"potentialAction\":[{\"@type\":\"SearchAction\",\"target\":{\"@type\":\"EntryPoint\",\"urlTemplate\":\"https:\/\/bakrona.ch\/?s={search_term_string}\"},\"query-input\":{\"@type\":\"PropertyValueSpecification\",\"valueRequired\":true,\"valueName\":\"search_term_string\"}}],\"inLanguage\":\"fr-FR\"},{\"@type\":\"Organization\",\"@id\":\"https:\/\/bakrona.ch\/#organization\",\"name\":\"Bakrona AG\",\"url\":\"https:\/\/bakrona.ch\/\",\"logo\":{\"@type\":\"ImageObject\",\"inLanguage\":\"fr-FR\",\"@id\":\"https:\/\/bakrona.ch\/#\/schema\/logo\/image\/\",\"url\":\"https:\/\/bakrona.ch\/wp-content\/uploads\/2016\/09\/logo-02.png\",\"contentUrl\":\"https:\/\/bakrona.ch\/wp-content\/uploads\/2016\/09\/logo-02.png\",\"width\":2769,\"height\":762,\"caption\":\"Bakrona AG\"},\"image\":{\"@id\":\"https:\/\/bakrona.ch\/#\/schema\/logo\/image\/\"}}]}<\/script>\n<!-- \/ Yoast SEO plugin. -->","yoast_head_json":{"title":"Echantillonneur d\u2019air microbien ActiveCount25H Lighthouse I Bakrona","description":"Echantillonneur d\u2019air microbien ActiveCount25H avec filtre HEPA. Faible d\u00e9bit \u00e9vite dess\u00e8chement de g\u00e9lose, moins changements de bo\u00eetes de P\u00e9tri","robots":{"index":"index","follow":"follow","max-snippet":"max-snippet:-1","max-image-preview":"max-image-preview:large","max-video-preview":"max-video-preview:-1"},"canonical":"https:\/\/bakrona.ch\/fr\/echantillonneur-dair\/echantillonneur-dair-microbien\/echantillonneur-dair-microbien-activecount25h","og_locale":"fr_FR","og_type":"article","og_title":"Echantillonneur d\u2019air microbien ActiveCount25H Lighthouse I Bakrona","og_description":"Echantillonneur d\u2019air microbien ActiveCount25H avec filtre HEPA. Faible d\u00e9bit \u00e9vite dess\u00e8chement de g\u00e9lose, moins changements de bo\u00eetes de P\u00e9tri","og_url":"https:\/\/bakrona.ch\/fr\/echantillonneur-dair\/echantillonneur-dair-microbien\/echantillonneur-dair-microbien-activecount25h","og_site_name":"BAKRONA AG","article_modified_time":"2022-05-23T16:56:37+00:00","twitter_card":"summary_large_image","twitter_misc":{"Dur\u00e9e de lecture estim\u00e9e":"4 minutes"},"schema":{"@context":"https:\/\/schema.org","@graph":[{"@type":"WebPage","@id":"https:\/\/bakrona.ch\/fr\/echantillonneur-dair\/echantillonneur-dair-microbien\/echantillonneur-dair-microbien-activecount25h","url":"https:\/\/bakrona.ch\/fr\/echantillonneur-dair\/echantillonneur-dair-microbien\/echantillonneur-dair-microbien-activecount25h","name":"Echantillonneur d\u2019air microbien ActiveCount25H Lighthouse I Bakrona","isPartOf":{"@id":"https:\/\/bakrona.ch\/#website"},"datePublished":"2021-01-29T11:32:03+00:00","dateModified":"2022-05-23T16:56:37+00:00","description":"Echantillonneur d\u2019air microbien ActiveCount25H avec filtre HEPA. Faible d\u00e9bit \u00e9vite dess\u00e8chement de g\u00e9lose, moins changements de bo\u00eetes de P\u00e9tri","breadcrumb":{"@id":"https:\/\/bakrona.ch\/fr\/echantillonneur-dair\/echantillonneur-dair-microbien\/echantillonneur-dair-microbien-activecount25h#breadcrumb"},"inLanguage":"fr-FR","potentialAction":[{"@type":"ReadAction","target":["https:\/\/bakrona.ch\/fr\/echantillonneur-dair\/echantillonneur-dair-microbien\/echantillonneur-dair-microbien-activecount25h"]}]},{"@type":"BreadcrumbList","@id":"https:\/\/bakrona.ch\/fr\/echantillonneur-dair\/echantillonneur-dair-microbien\/echantillonneur-dair-microbien-activecount25h#breadcrumb","itemListElement":[{"@type":"ListItem","position":1,"name":"Home","item":"https:\/\/bakrona.ch\/fr"},{"@type":"ListItem","position":2,"name":"Luftkeimsammler","item":"https:\/\/bakrona.ch\/fr\/echantillonneur-dair"},{"@type":"ListItem","position":3,"name":"Echantillonneur d&rsquo;air microbien","item":"https:\/\/bakrona.ch\/fr\/echantillonneur-dair\/echantillonneur-dair-microbien"},{"@type":"ListItem","position":4,"name":"Echantillonneur d\u2019air microbien ActiveCount25H"}]},{"@type":"WebSite","@id":"https:\/\/bakrona.ch\/#website","url":"https:\/\/bakrona.ch\/","name":"Bakrona Messtechnik und Engineering","description":"Bakrona Messtechnik &amp; Engineering","publisher":{"@id":"https:\/\/bakrona.ch\/#organization"},"potentialAction":[{"@type":"SearchAction","target":{"@type":"EntryPoint","urlTemplate":"https:\/\/bakrona.ch\/?s={search_term_string}"},"query-input":{"@type":"PropertyValueSpecification","valueRequired":true,"valueName":"search_term_string"}}],"inLanguage":"fr-FR"},{"@type":"Organization","@id":"https:\/\/bakrona.ch\/#organization","name":"Bakrona AG","url":"https:\/\/bakrona.ch\/","logo":{"@type":"ImageObject","inLanguage":"fr-FR","@id":"https:\/\/bakrona.ch\/#\/schema\/logo\/image\/","url":"https:\/\/bakrona.ch\/wp-content\/uploads\/2016\/09\/logo-02.png","contentUrl":"https:\/\/bakrona.ch\/wp-content\/uploads\/2016\/09\/logo-02.png","width":2769,"height":762,"caption":"Bakrona AG"},"image":{"@id":"https:\/\/bakrona.ch\/#\/schema\/logo\/image\/"}}]}},"_links":{"self":[{"href":"https:\/\/bakrona.ch\/fr\/wp-json\/wp\/v2\/pages\/15705","targetHints":{"allow":["GET"]}}],"collection":[{"href":"https:\/\/bakrona.ch\/fr\/wp-json\/wp\/v2\/pages"}],"about":[{"href":"https:\/\/bakrona.ch\/fr\/wp-json\/wp\/v2\/types\/page"}],"author":[{"embeddable":true,"href":"https:\/\/bakrona.ch\/fr\/wp-json\/wp\/v2\/users\/1"}],"replies":[{"embeddable":true,"href":"https:\/\/bakrona.ch\/fr\/wp-json\/wp\/v2\/comments?post=15705"}],"version-history":[{"count":12,"href":"https:\/\/bakrona.ch\/fr\/wp-json\/wp\/v2\/pages\/15705\/revisions"}],"predecessor-version":[{"id":17930,"href":"https:\/\/bakrona.ch\/fr\/wp-json\/wp\/v2\/pages\/15705\/revisions\/17930"}],"up":[{"embeddable":true,"href":"https:\/\/bakrona.ch\/fr\/wp-json\/wp\/v2\/pages\/15661"}],"wp:attachment":[{"href":"https:\/\/bakrona.ch\/fr\/wp-json\/wp\/v2\/media?parent=15705"}],"curies":[{"name":"wp","href":"https:\/\/api.w.org\/{rel}","templated":true}]}}