{"id":15685,"date":"2021-01-23T09:46:41","date_gmt":"2021-01-23T09:46:41","guid":{"rendered":"http:\/\/bakrona.ch\/mesure-de-particules\/echantillonneur-dair-microbien\/luftkeimsammler-activecount100"},"modified":"2021-01-30T10:48:01","modified_gmt":"2021-01-30T10:48:01","slug":"biocollecteur-activecount100","status":"publish","type":"page","link":"https:\/\/bakrona.ch\/fr\/echantillonneur-dair\/echantillonneur-dair-microbien\/biocollecteur-activecount100","title":{"rendered":"Biocollecteur ActiveCount100"},"content":{"rendered":"<div id=\"cs-content\" class=\"cs-content\"><\/div>\n","protected":false},"excerpt":{"rendered":"<p>BIOCOLLECTEUR ACTIVECOUNT100ActiveCount100 est un biocollecteur portable adapt\u00e9 \u00e0 une utilisation dans des salles blanches et des environnements aseptiques. L&rsquo;\u00e9chantillonnage continu et p\u00e9riodique permet un contr\u00f4le complet des cycles et intervalles d&rsquo;\u00e9chantillonnage. La t\u00eate d&rsquo;impacteur autoclavable et le bo\u00eetier en acier inoxydable d\u00e9sinfectable garantissent qu&rsquo;ActiveCount100 ne contamine pas l&rsquo;environnement d&rsquo;\u00e9chantillonnage. Les gaz comprim\u00e9s peuvent \u00eatre surveill\u00e9s avec l&rsquo;adapteateur d&rsquo;\u00e9chantillonnage de gaz &#8230; <\/p>\n<div><a href=\"https:\/\/bakrona.ch\/fr\/echantillonneur-dair\/echantillonneur-dair-microbien\/biocollecteur-activecount100\" class=\"more-link\">Read More<\/a><\/div>\n","protected":false},"author":1,"featured_media":0,"parent":15661,"menu_order":1,"comment_status":"closed","ping_status":"closed","template":"template-blank-4.php","meta":{"footnotes":""},"class_list":["post-15685","page","type-page","status-publish","hentry","no-post-thumbnail"],"yoast_head":"<!-- This site is optimized with the Yoast SEO plugin v25.8 - https:\/\/yoast.com\/wordpress\/plugins\/seo\/ -->\n<title>Biocollecteur ActiveCount100 Lighthouse I Bakrona<\/title>\n<meta name=\"description\" content=\"\u00c9chantillonneur d&#039;air microbiologique ActiveCount100 pour l&#039;\u00e9chantillonnage d&#039;air de particules viables dans salles blanches\" \/>\n<meta name=\"robots\" content=\"index, follow, max-snippet:-1, max-image-preview:large, max-video-preview:-1\" \/>\n<link rel=\"canonical\" href=\"https:\/\/bakrona.ch\/fr\/echantillonneur-dair\/echantillonneur-dair-microbien\/biocollecteur-activecount100\" \/>\n<meta property=\"og:locale\" content=\"fr_FR\" \/>\n<meta property=\"og:type\" content=\"article\" \/>\n<meta property=\"og:title\" content=\"Biocollecteur ActiveCount100 Lighthouse I Bakrona\" \/>\n<meta property=\"og:description\" content=\"\u00c9chantillonneur d&#039;air microbiologique ActiveCount100 pour l&#039;\u00e9chantillonnage d&#039;air de particules viables dans salles blanches\" \/>\n<meta property=\"og:url\" content=\"https:\/\/bakrona.ch\/fr\/echantillonneur-dair\/echantillonneur-dair-microbien\/biocollecteur-activecount100\" \/>\n<meta property=\"og:site_name\" content=\"BAKRONA AG\" \/>\n<meta property=\"article:modified_time\" content=\"2021-01-30T10:48:01+00:00\" \/>\n<meta name=\"twitter:card\" content=\"summary_large_image\" \/>\n<meta name=\"twitter:label1\" content=\"Dur\u00e9e de lecture estim\u00e9e\" \/>\n\t<meta name=\"twitter:data1\" content=\"5 minutes\" \/>\n<script type=\"application\/ld+json\" class=\"yoast-schema-graph\">{\"@context\":\"https:\/\/schema.org\",\"@graph\":[{\"@type\":\"WebPage\",\"@id\":\"https:\/\/bakrona.ch\/fr\/echantillonneur-dair\/echantillonneur-dair-microbien\/biocollecteur-activecount100\",\"url\":\"https:\/\/bakrona.ch\/fr\/echantillonneur-dair\/echantillonneur-dair-microbien\/biocollecteur-activecount100\",\"name\":\"Biocollecteur ActiveCount100 Lighthouse I Bakrona\",\"isPartOf\":{\"@id\":\"https:\/\/bakrona.ch\/#website\"},\"datePublished\":\"2021-01-23T09:46:41+00:00\",\"dateModified\":\"2021-01-30T10:48:01+00:00\",\"description\":\"\u00c9chantillonneur d'air microbiologique ActiveCount100 pour l'\u00e9chantillonnage d'air de particules viables dans salles blanches\",\"breadcrumb\":{\"@id\":\"https:\/\/bakrona.ch\/fr\/echantillonneur-dair\/echantillonneur-dair-microbien\/biocollecteur-activecount100#breadcrumb\"},\"inLanguage\":\"fr-FR\",\"potentialAction\":[{\"@type\":\"ReadAction\",\"target\":[\"https:\/\/bakrona.ch\/fr\/echantillonneur-dair\/echantillonneur-dair-microbien\/biocollecteur-activecount100\"]}]},{\"@type\":\"BreadcrumbList\",\"@id\":\"https:\/\/bakrona.ch\/fr\/echantillonneur-dair\/echantillonneur-dair-microbien\/biocollecteur-activecount100#breadcrumb\",\"itemListElement\":[{\"@type\":\"ListItem\",\"position\":1,\"name\":\"Home\",\"item\":\"https:\/\/bakrona.ch\/fr\"},{\"@type\":\"ListItem\",\"position\":2,\"name\":\"Luftkeimsammler\",\"item\":\"https:\/\/bakrona.ch\/fr\/echantillonneur-dair\"},{\"@type\":\"ListItem\",\"position\":3,\"name\":\"Echantillonneur d&rsquo;air microbien\",\"item\":\"https:\/\/bakrona.ch\/fr\/echantillonneur-dair\/echantillonneur-dair-microbien\"},{\"@type\":\"ListItem\",\"position\":4,\"name\":\"Biocollecteur ActiveCount100\"}]},{\"@type\":\"WebSite\",\"@id\":\"https:\/\/bakrona.ch\/#website\",\"url\":\"https:\/\/bakrona.ch\/\",\"name\":\"Bakrona Messtechnik und Engineering\",\"description\":\"Bakrona Messtechnik &amp; Engineering\",\"publisher\":{\"@id\":\"https:\/\/bakrona.ch\/#organization\"},\"potentialAction\":[{\"@type\":\"SearchAction\",\"target\":{\"@type\":\"EntryPoint\",\"urlTemplate\":\"https:\/\/bakrona.ch\/?s={search_term_string}\"},\"query-input\":{\"@type\":\"PropertyValueSpecification\",\"valueRequired\":true,\"valueName\":\"search_term_string\"}}],\"inLanguage\":\"fr-FR\"},{\"@type\":\"Organization\",\"@id\":\"https:\/\/bakrona.ch\/#organization\",\"name\":\"Bakrona AG\",\"url\":\"https:\/\/bakrona.ch\/\",\"logo\":{\"@type\":\"ImageObject\",\"inLanguage\":\"fr-FR\",\"@id\":\"https:\/\/bakrona.ch\/#\/schema\/logo\/image\/\",\"url\":\"https:\/\/bakrona.ch\/wp-content\/uploads\/2016\/09\/logo-02.png\",\"contentUrl\":\"https:\/\/bakrona.ch\/wp-content\/uploads\/2016\/09\/logo-02.png\",\"width\":2769,\"height\":762,\"caption\":\"Bakrona AG\"},\"image\":{\"@id\":\"https:\/\/bakrona.ch\/#\/schema\/logo\/image\/\"}}]}<\/script>\n<!-- \/ Yoast SEO plugin. -->","yoast_head_json":{"title":"Biocollecteur ActiveCount100 Lighthouse I Bakrona","description":"\u00c9chantillonneur d'air microbiologique ActiveCount100 pour l'\u00e9chantillonnage d'air de particules viables dans salles blanches","robots":{"index":"index","follow":"follow","max-snippet":"max-snippet:-1","max-image-preview":"max-image-preview:large","max-video-preview":"max-video-preview:-1"},"canonical":"https:\/\/bakrona.ch\/fr\/echantillonneur-dair\/echantillonneur-dair-microbien\/biocollecteur-activecount100","og_locale":"fr_FR","og_type":"article","og_title":"Biocollecteur ActiveCount100 Lighthouse I Bakrona","og_description":"\u00c9chantillonneur d'air microbiologique ActiveCount100 pour l'\u00e9chantillonnage d'air de particules viables dans salles blanches","og_url":"https:\/\/bakrona.ch\/fr\/echantillonneur-dair\/echantillonneur-dair-microbien\/biocollecteur-activecount100","og_site_name":"BAKRONA AG","article_modified_time":"2021-01-30T10:48:01+00:00","twitter_card":"summary_large_image","twitter_misc":{"Dur\u00e9e de lecture estim\u00e9e":"5 minutes"},"schema":{"@context":"https:\/\/schema.org","@graph":[{"@type":"WebPage","@id":"https:\/\/bakrona.ch\/fr\/echantillonneur-dair\/echantillonneur-dair-microbien\/biocollecteur-activecount100","url":"https:\/\/bakrona.ch\/fr\/echantillonneur-dair\/echantillonneur-dair-microbien\/biocollecteur-activecount100","name":"Biocollecteur ActiveCount100 Lighthouse I Bakrona","isPartOf":{"@id":"https:\/\/bakrona.ch\/#website"},"datePublished":"2021-01-23T09:46:41+00:00","dateModified":"2021-01-30T10:48:01+00:00","description":"\u00c9chantillonneur d'air microbiologique ActiveCount100 pour l'\u00e9chantillonnage d'air de particules viables dans salles blanches","breadcrumb":{"@id":"https:\/\/bakrona.ch\/fr\/echantillonneur-dair\/echantillonneur-dair-microbien\/biocollecteur-activecount100#breadcrumb"},"inLanguage":"fr-FR","potentialAction":[{"@type":"ReadAction","target":["https:\/\/bakrona.ch\/fr\/echantillonneur-dair\/echantillonneur-dair-microbien\/biocollecteur-activecount100"]}]},{"@type":"BreadcrumbList","@id":"https:\/\/bakrona.ch\/fr\/echantillonneur-dair\/echantillonneur-dair-microbien\/biocollecteur-activecount100#breadcrumb","itemListElement":[{"@type":"ListItem","position":1,"name":"Home","item":"https:\/\/bakrona.ch\/fr"},{"@type":"ListItem","position":2,"name":"Luftkeimsammler","item":"https:\/\/bakrona.ch\/fr\/echantillonneur-dair"},{"@type":"ListItem","position":3,"name":"Echantillonneur d&rsquo;air microbien","item":"https:\/\/bakrona.ch\/fr\/echantillonneur-dair\/echantillonneur-dair-microbien"},{"@type":"ListItem","position":4,"name":"Biocollecteur ActiveCount100"}]},{"@type":"WebSite","@id":"https:\/\/bakrona.ch\/#website","url":"https:\/\/bakrona.ch\/","name":"Bakrona Messtechnik und Engineering","description":"Bakrona Messtechnik &amp; Engineering","publisher":{"@id":"https:\/\/bakrona.ch\/#organization"},"potentialAction":[{"@type":"SearchAction","target":{"@type":"EntryPoint","urlTemplate":"https:\/\/bakrona.ch\/?s={search_term_string}"},"query-input":{"@type":"PropertyValueSpecification","valueRequired":true,"valueName":"search_term_string"}}],"inLanguage":"fr-FR"},{"@type":"Organization","@id":"https:\/\/bakrona.ch\/#organization","name":"Bakrona AG","url":"https:\/\/bakrona.ch\/","logo":{"@type":"ImageObject","inLanguage":"fr-FR","@id":"https:\/\/bakrona.ch\/#\/schema\/logo\/image\/","url":"https:\/\/bakrona.ch\/wp-content\/uploads\/2016\/09\/logo-02.png","contentUrl":"https:\/\/bakrona.ch\/wp-content\/uploads\/2016\/09\/logo-02.png","width":2769,"height":762,"caption":"Bakrona AG"},"image":{"@id":"https:\/\/bakrona.ch\/#\/schema\/logo\/image\/"}}]}},"_links":{"self":[{"href":"https:\/\/bakrona.ch\/fr\/wp-json\/wp\/v2\/pages\/15685","targetHints":{"allow":["GET"]}}],"collection":[{"href":"https:\/\/bakrona.ch\/fr\/wp-json\/wp\/v2\/pages"}],"about":[{"href":"https:\/\/bakrona.ch\/fr\/wp-json\/wp\/v2\/types\/page"}],"author":[{"embeddable":true,"href":"https:\/\/bakrona.ch\/fr\/wp-json\/wp\/v2\/users\/1"}],"replies":[{"embeddable":true,"href":"https:\/\/bakrona.ch\/fr\/wp-json\/wp\/v2\/comments?post=15685"}],"version-history":[{"count":8,"href":"https:\/\/bakrona.ch\/fr\/wp-json\/wp\/v2\/pages\/15685\/revisions"}],"predecessor-version":[{"id":15693,"href":"https:\/\/bakrona.ch\/fr\/wp-json\/wp\/v2\/pages\/15685\/revisions\/15693"}],"up":[{"embeddable":true,"href":"https:\/\/bakrona.ch\/fr\/wp-json\/wp\/v2\/pages\/15661"}],"wp:attachment":[{"href":"https:\/\/bakrona.ch\/fr\/wp-json\/wp\/v2\/media?parent=15685"}],"curies":[{"name":"wp","href":"https:\/\/api.w.org\/{rel}","templated":true}]}}