{"id":15661,"date":"2021-01-23T08:13:02","date_gmt":"2021-01-23T08:13:02","guid":{"rendered":"http:\/\/bakrona.ch\/mesure-de-particules\/luftkeimsammler"},"modified":"2022-05-23T11:18:35","modified_gmt":"2022-05-23T11:18:35","slug":"echantillonneur-dair-microbien","status":"publish","type":"page","link":"https:\/\/bakrona.ch\/fr\/echantillonneur-dair\/echantillonneur-dair-microbien","title":{"rendered":"Echantillonneur d&rsquo;air microbien"},"content":{"rendered":"<div id=\"cs-content\" class=\"cs-content\"><\/div>\n","protected":false},"excerpt":{"rendered":"<p>\u00c9CHANTILLONNEUR D&rsquo;AIR MICROBIENSURVEILLANCE MICROBIOLOGIQUE DE L&rsquo;AIR DANS LES SALLES BLANCHESBIOCOLLECTEUR PORTABLE ACTIVECOUNTLes \u00e9chantillonneurs d&rsquo;air microbien haute performance de la s\u00e9rie ActiveCount100 sont bas\u00e9s sur le principe de la m\u00e9thode d&rsquo;impaction. Le flux d&rsquo;air est dirig\u00e9 sur une bo\u00eete de P\u00e9tri contenant de la g\u00e9lose. Apr\u00e8s le cycle de collecte, la bo\u00eete de P\u00e9tri est incub\u00e9e et les unit\u00e9s formant colonie &#8230; <\/p>\n<div><a href=\"https:\/\/bakrona.ch\/fr\/echantillonneur-dair\/echantillonneur-dair-microbien\" class=\"more-link\">Read More<\/a><\/div>\n","protected":false},"author":1,"featured_media":0,"parent":17747,"menu_order":1,"comment_status":"closed","ping_status":"closed","template":"template-blank-4.php","meta":{"footnotes":""},"class_list":["post-15661","page","type-page","status-publish","hentry","no-post-thumbnail"],"yoast_head":"<!-- This site is optimized with the Yoast SEO plugin v25.8 - https:\/\/yoast.com\/wordpress\/plugins\/seo\/ -->\n<title>Echantillonneur d&#039;air microbien ActiveCount I BAKRONA<\/title>\n<meta name=\"description\" content=\"\u00c9chantillonneur d&#039;air microbien pour la surveillance microbiologique de l&#039;air dans les salles blanches (impaction des bo\u00eetes de P\u00e9tri)\" \/>\n<meta name=\"robots\" content=\"index, follow, max-snippet:-1, max-image-preview:large, max-video-preview:-1\" \/>\n<link rel=\"canonical\" href=\"https:\/\/bakrona.ch\/fr\/echantillonneur-dair\/echantillonneur-dair-microbien\" \/>\n<meta property=\"og:locale\" content=\"fr_FR\" \/>\n<meta property=\"og:type\" content=\"article\" \/>\n<meta property=\"og:title\" content=\"Echantillonneur d&#039;air microbien ActiveCount I BAKRONA\" \/>\n<meta property=\"og:description\" content=\"\u00c9chantillonneur d&#039;air microbien pour la surveillance microbiologique de l&#039;air dans les salles blanches (impaction des bo\u00eetes de P\u00e9tri)\" \/>\n<meta property=\"og:url\" content=\"https:\/\/bakrona.ch\/fr\/echantillonneur-dair\/echantillonneur-dair-microbien\" \/>\n<meta property=\"og:site_name\" content=\"BAKRONA AG\" \/>\n<meta property=\"article:modified_time\" content=\"2022-05-23T11:18:35+00:00\" \/>\n<meta name=\"twitter:card\" content=\"summary_large_image\" \/>\n<meta name=\"twitter:label1\" content=\"Dur\u00e9e de lecture estim\u00e9e\" \/>\n\t<meta name=\"twitter:data1\" content=\"10 minutes\" \/>\n<script type=\"application\/ld+json\" class=\"yoast-schema-graph\">{\"@context\":\"https:\/\/schema.org\",\"@graph\":[{\"@type\":\"WebPage\",\"@id\":\"https:\/\/bakrona.ch\/fr\/echantillonneur-dair\/echantillonneur-dair-microbien\",\"url\":\"https:\/\/bakrona.ch\/fr\/echantillonneur-dair\/echantillonneur-dair-microbien\",\"name\":\"Echantillonneur d'air microbien ActiveCount I BAKRONA\",\"isPartOf\":{\"@id\":\"https:\/\/bakrona.ch\/#website\"},\"datePublished\":\"2021-01-23T08:13:02+00:00\",\"dateModified\":\"2022-05-23T11:18:35+00:00\",\"description\":\"\u00c9chantillonneur d'air microbien pour la surveillance microbiologique de l'air dans les salles blanches (impaction des bo\u00eetes de P\u00e9tri)\",\"breadcrumb\":{\"@id\":\"https:\/\/bakrona.ch\/fr\/echantillonneur-dair\/echantillonneur-dair-microbien#breadcrumb\"},\"inLanguage\":\"fr-FR\",\"potentialAction\":[{\"@type\":\"ReadAction\",\"target\":[\"https:\/\/bakrona.ch\/fr\/echantillonneur-dair\/echantillonneur-dair-microbien\"]}]},{\"@type\":\"BreadcrumbList\",\"@id\":\"https:\/\/bakrona.ch\/fr\/echantillonneur-dair\/echantillonneur-dair-microbien#breadcrumb\",\"itemListElement\":[{\"@type\":\"ListItem\",\"position\":1,\"name\":\"Home\",\"item\":\"https:\/\/bakrona.ch\/fr\"},{\"@type\":\"ListItem\",\"position\":2,\"name\":\"Luftkeimsammler\",\"item\":\"https:\/\/bakrona.ch\/fr\/echantillonneur-dair\"},{\"@type\":\"ListItem\",\"position\":3,\"name\":\"Echantillonneur d&rsquo;air microbien\"}]},{\"@type\":\"WebSite\",\"@id\":\"https:\/\/bakrona.ch\/#website\",\"url\":\"https:\/\/bakrona.ch\/\",\"name\":\"Bakrona Messtechnik und Engineering\",\"description\":\"Bakrona Messtechnik &amp; Engineering\",\"publisher\":{\"@id\":\"https:\/\/bakrona.ch\/#organization\"},\"potentialAction\":[{\"@type\":\"SearchAction\",\"target\":{\"@type\":\"EntryPoint\",\"urlTemplate\":\"https:\/\/bakrona.ch\/?s={search_term_string}\"},\"query-input\":{\"@type\":\"PropertyValueSpecification\",\"valueRequired\":true,\"valueName\":\"search_term_string\"}}],\"inLanguage\":\"fr-FR\"},{\"@type\":\"Organization\",\"@id\":\"https:\/\/bakrona.ch\/#organization\",\"name\":\"Bakrona AG\",\"url\":\"https:\/\/bakrona.ch\/\",\"logo\":{\"@type\":\"ImageObject\",\"inLanguage\":\"fr-FR\",\"@id\":\"https:\/\/bakrona.ch\/#\/schema\/logo\/image\/\",\"url\":\"https:\/\/bakrona.ch\/wp-content\/uploads\/2016\/09\/logo-02.png\",\"contentUrl\":\"https:\/\/bakrona.ch\/wp-content\/uploads\/2016\/09\/logo-02.png\",\"width\":2769,\"height\":762,\"caption\":\"Bakrona AG\"},\"image\":{\"@id\":\"https:\/\/bakrona.ch\/#\/schema\/logo\/image\/\"}}]}<\/script>\n<!-- \/ Yoast SEO plugin. -->","yoast_head_json":{"title":"Echantillonneur d'air microbien ActiveCount I BAKRONA","description":"\u00c9chantillonneur d'air microbien pour la surveillance microbiologique de l'air dans les salles blanches (impaction des bo\u00eetes de P\u00e9tri)","robots":{"index":"index","follow":"follow","max-snippet":"max-snippet:-1","max-image-preview":"max-image-preview:large","max-video-preview":"max-video-preview:-1"},"canonical":"https:\/\/bakrona.ch\/fr\/echantillonneur-dair\/echantillonneur-dair-microbien","og_locale":"fr_FR","og_type":"article","og_title":"Echantillonneur d'air microbien ActiveCount I BAKRONA","og_description":"\u00c9chantillonneur d'air microbien pour la surveillance microbiologique de l'air dans les salles blanches (impaction des bo\u00eetes de P\u00e9tri)","og_url":"https:\/\/bakrona.ch\/fr\/echantillonneur-dair\/echantillonneur-dair-microbien","og_site_name":"BAKRONA AG","article_modified_time":"2022-05-23T11:18:35+00:00","twitter_card":"summary_large_image","twitter_misc":{"Dur\u00e9e de lecture estim\u00e9e":"10 minutes"},"schema":{"@context":"https:\/\/schema.org","@graph":[{"@type":"WebPage","@id":"https:\/\/bakrona.ch\/fr\/echantillonneur-dair\/echantillonneur-dair-microbien","url":"https:\/\/bakrona.ch\/fr\/echantillonneur-dair\/echantillonneur-dair-microbien","name":"Echantillonneur d'air microbien ActiveCount I BAKRONA","isPartOf":{"@id":"https:\/\/bakrona.ch\/#website"},"datePublished":"2021-01-23T08:13:02+00:00","dateModified":"2022-05-23T11:18:35+00:00","description":"\u00c9chantillonneur d'air microbien pour la surveillance microbiologique de l'air dans les salles blanches (impaction des bo\u00eetes de P\u00e9tri)","breadcrumb":{"@id":"https:\/\/bakrona.ch\/fr\/echantillonneur-dair\/echantillonneur-dair-microbien#breadcrumb"},"inLanguage":"fr-FR","potentialAction":[{"@type":"ReadAction","target":["https:\/\/bakrona.ch\/fr\/echantillonneur-dair\/echantillonneur-dair-microbien"]}]},{"@type":"BreadcrumbList","@id":"https:\/\/bakrona.ch\/fr\/echantillonneur-dair\/echantillonneur-dair-microbien#breadcrumb","itemListElement":[{"@type":"ListItem","position":1,"name":"Home","item":"https:\/\/bakrona.ch\/fr"},{"@type":"ListItem","position":2,"name":"Luftkeimsammler","item":"https:\/\/bakrona.ch\/fr\/echantillonneur-dair"},{"@type":"ListItem","position":3,"name":"Echantillonneur d&rsquo;air microbien"}]},{"@type":"WebSite","@id":"https:\/\/bakrona.ch\/#website","url":"https:\/\/bakrona.ch\/","name":"Bakrona Messtechnik und Engineering","description":"Bakrona Messtechnik &amp; Engineering","publisher":{"@id":"https:\/\/bakrona.ch\/#organization"},"potentialAction":[{"@type":"SearchAction","target":{"@type":"EntryPoint","urlTemplate":"https:\/\/bakrona.ch\/?s={search_term_string}"},"query-input":{"@type":"PropertyValueSpecification","valueRequired":true,"valueName":"search_term_string"}}],"inLanguage":"fr-FR"},{"@type":"Organization","@id":"https:\/\/bakrona.ch\/#organization","name":"Bakrona AG","url":"https:\/\/bakrona.ch\/","logo":{"@type":"ImageObject","inLanguage":"fr-FR","@id":"https:\/\/bakrona.ch\/#\/schema\/logo\/image\/","url":"https:\/\/bakrona.ch\/wp-content\/uploads\/2016\/09\/logo-02.png","contentUrl":"https:\/\/bakrona.ch\/wp-content\/uploads\/2016\/09\/logo-02.png","width":2769,"height":762,"caption":"Bakrona AG"},"image":{"@id":"https:\/\/bakrona.ch\/#\/schema\/logo\/image\/"}}]}},"_links":{"self":[{"href":"https:\/\/bakrona.ch\/fr\/wp-json\/wp\/v2\/pages\/15661","targetHints":{"allow":["GET"]}}],"collection":[{"href":"https:\/\/bakrona.ch\/fr\/wp-json\/wp\/v2\/pages"}],"about":[{"href":"https:\/\/bakrona.ch\/fr\/wp-json\/wp\/v2\/types\/page"}],"author":[{"embeddable":true,"href":"https:\/\/bakrona.ch\/fr\/wp-json\/wp\/v2\/users\/1"}],"replies":[{"embeddable":true,"href":"https:\/\/bakrona.ch\/fr\/wp-json\/wp\/v2\/comments?post=15661"}],"version-history":[{"count":23,"href":"https:\/\/bakrona.ch\/fr\/wp-json\/wp\/v2\/pages\/15661\/revisions"}],"predecessor-version":[{"id":17942,"href":"https:\/\/bakrona.ch\/fr\/wp-json\/wp\/v2\/pages\/15661\/revisions\/17942"}],"up":[{"embeddable":true,"href":"https:\/\/bakrona.ch\/fr\/wp-json\/wp\/v2\/pages\/17747"}],"wp:attachment":[{"href":"https:\/\/bakrona.ch\/fr\/wp-json\/wp\/v2\/media?parent=15661"}],"curies":[{"name":"wp","href":"https:\/\/api.w.org\/{rel}","templated":true}]}}