{"id":14398,"date":"2020-12-28T15:39:59","date_gmt":"2020-12-28T15:39:59","guid":{"rendered":"http:\/\/bakrona.ch\/etalonnage-de-temperature\/referenz-temperaturfuehler"},"modified":"2020-12-30T13:18:43","modified_gmt":"2020-12-30T13:18:43","slug":"etalon-de-reference-temperature","status":"publish","type":"page","link":"https:\/\/bakrona.ch\/fr\/etalonnage-de-temperature\/etalon-de-reference-temperature","title":{"rendered":"\u00c9talons de r\u00e9ference de temp\u00e9rature Fluke"},"content":{"rendered":"<div id=\"cs-content\" class=\"cs-content\"><\/div>\n","protected":false},"excerpt":{"rendered":"<p>\u00c9TALONS DE R\u00c9F\u00c9RENCE\u00c9TALONS DE R\u00c9F\u00c9RENCE POUR \u00c9TALONNAGES DE TEMP\u00c9RATURE PR\u00c9CISLes capteurs de r\u00e9f\u00e9rence de temp\u00e9rature servent d&rsquo;\u00e9talon de comparaison pour l&rsquo;\u00e9talonnage d&rsquo;autres capteurs de temp\u00e9rature (\u00e9l\u00e9ment de test). La sonde de r\u00e9f\u00e9rence et l&rsquo;\u00e9l\u00e9ment de test sont immerg\u00e9s dans une source de chaleur stable telle qu&rsquo;un calibrateur \u00e0 bloc sec ou un bain d&rsquo;\u00e9talonnage liquide. Toutes les \u00e9talons de r\u00e9f\u00e9rence &#8230; <\/p>\n<div><a href=\"https:\/\/bakrona.ch\/fr\/etalonnage-de-temperature\/etalon-de-reference-temperature\" class=\"more-link\">Read More<\/a><\/div>\n","protected":false},"author":1,"featured_media":0,"parent":13980,"menu_order":0,"comment_status":"closed","ping_status":"closed","template":"template-blank-4.php","meta":{"footnotes":""},"class_list":["post-14398","page","type-page","status-publish","hentry","no-post-thumbnail"],"yoast_head":"<!-- This site is optimized with the Yoast SEO plugin v25.8 - https:\/\/yoast.com\/wordpress\/plugins\/seo\/ -->\n<title>\u00c9talons de r\u00e9f\u00e9rence PRT pour \u00e9talonnage de temp\u00e9rature I BAKRONA<\/title>\n<meta name=\"description\" content=\"Sondes de r\u00e9f\u00e9rence \/ \u00e9talons de temp\u00e9rature haute pr\u00e9cision de FLUKE. \u00c9talonnage de capteurs Pt100 et thermocouples. Pharma, Biotech etc.\" \/>\n<meta name=\"robots\" content=\"index, follow, max-snippet:-1, max-image-preview:large, max-video-preview:-1\" \/>\n<link rel=\"canonical\" href=\"https:\/\/bakrona.ch\/fr\/etalonnage-de-temperature\/etalon-de-reference-temperature\" \/>\n<meta property=\"og:locale\" content=\"fr_FR\" \/>\n<meta property=\"og:type\" content=\"article\" \/>\n<meta property=\"og:title\" content=\"\u00c9talons de r\u00e9f\u00e9rence PRT pour \u00e9talonnage de temp\u00e9rature I BAKRONA\" \/>\n<meta property=\"og:description\" content=\"Sondes de r\u00e9f\u00e9rence \/ \u00e9talons de temp\u00e9rature haute pr\u00e9cision de FLUKE. \u00c9talonnage de capteurs Pt100 et thermocouples. Pharma, Biotech etc.\" \/>\n<meta property=\"og:url\" content=\"https:\/\/bakrona.ch\/fr\/etalonnage-de-temperature\/etalon-de-reference-temperature\" \/>\n<meta property=\"og:site_name\" content=\"BAKRONA AG\" \/>\n<meta property=\"article:modified_time\" content=\"2020-12-30T13:18:43+00:00\" \/>\n<meta name=\"twitter:card\" content=\"summary_large_image\" \/>\n<meta name=\"twitter:label1\" content=\"Dur\u00e9e de lecture estim\u00e9e\" \/>\n\t<meta name=\"twitter:data1\" content=\"15 minutes\" \/>\n<script type=\"application\/ld+json\" class=\"yoast-schema-graph\">{\"@context\":\"https:\/\/schema.org\",\"@graph\":[{\"@type\":\"WebPage\",\"@id\":\"https:\/\/bakrona.ch\/fr\/etalonnage-de-temperature\/etalon-de-reference-temperature\",\"url\":\"https:\/\/bakrona.ch\/fr\/etalonnage-de-temperature\/etalon-de-reference-temperature\",\"name\":\"\u00c9talons de r\u00e9f\u00e9rence PRT pour \u00e9talonnage de temp\u00e9rature I BAKRONA\",\"isPartOf\":{\"@id\":\"https:\/\/bakrona.ch\/#website\"},\"datePublished\":\"2020-12-28T15:39:59+00:00\",\"dateModified\":\"2020-12-30T13:18:43+00:00\",\"description\":\"Sondes de r\u00e9f\u00e9rence \/ \u00e9talons de temp\u00e9rature haute pr\u00e9cision de FLUKE. \u00c9talonnage de capteurs Pt100 et thermocouples. Pharma, Biotech etc.\",\"breadcrumb\":{\"@id\":\"https:\/\/bakrona.ch\/fr\/etalonnage-de-temperature\/etalon-de-reference-temperature#breadcrumb\"},\"inLanguage\":\"fr-FR\",\"potentialAction\":[{\"@type\":\"ReadAction\",\"target\":[\"https:\/\/bakrona.ch\/fr\/etalonnage-de-temperature\/etalon-de-reference-temperature\"]}]},{\"@type\":\"BreadcrumbList\",\"@id\":\"https:\/\/bakrona.ch\/fr\/etalonnage-de-temperature\/etalon-de-reference-temperature#breadcrumb\",\"itemListElement\":[{\"@type\":\"ListItem\",\"position\":1,\"name\":\"Home\",\"item\":\"https:\/\/bakrona.ch\/fr\"},{\"@type\":\"ListItem\",\"position\":2,\"name\":\"\u00c9TALONNAGE DE TEMP\u00c9RATURE\",\"item\":\"https:\/\/bakrona.ch\/fr\/etalonnage-de-temperature\"},{\"@type\":\"ListItem\",\"position\":3,\"name\":\"\u00c9talons de r\u00e9ference de temp\u00e9rature Fluke\"}]},{\"@type\":\"WebSite\",\"@id\":\"https:\/\/bakrona.ch\/#website\",\"url\":\"https:\/\/bakrona.ch\/\",\"name\":\"Bakrona Messtechnik und Engineering\",\"description\":\"Bakrona Messtechnik &amp; Engineering\",\"publisher\":{\"@id\":\"https:\/\/bakrona.ch\/#organization\"},\"potentialAction\":[{\"@type\":\"SearchAction\",\"target\":{\"@type\":\"EntryPoint\",\"urlTemplate\":\"https:\/\/bakrona.ch\/?s={search_term_string}\"},\"query-input\":{\"@type\":\"PropertyValueSpecification\",\"valueRequired\":true,\"valueName\":\"search_term_string\"}}],\"inLanguage\":\"fr-FR\"},{\"@type\":\"Organization\",\"@id\":\"https:\/\/bakrona.ch\/#organization\",\"name\":\"Bakrona AG\",\"url\":\"https:\/\/bakrona.ch\/\",\"logo\":{\"@type\":\"ImageObject\",\"inLanguage\":\"fr-FR\",\"@id\":\"https:\/\/bakrona.ch\/#\/schema\/logo\/image\/\",\"url\":\"https:\/\/bakrona.ch\/wp-content\/uploads\/2016\/09\/logo-02.png\",\"contentUrl\":\"https:\/\/bakrona.ch\/wp-content\/uploads\/2016\/09\/logo-02.png\",\"width\":2769,\"height\":762,\"caption\":\"Bakrona AG\"},\"image\":{\"@id\":\"https:\/\/bakrona.ch\/#\/schema\/logo\/image\/\"}}]}<\/script>\n<!-- \/ Yoast SEO plugin. -->","yoast_head_json":{"title":"\u00c9talons de r\u00e9f\u00e9rence PRT pour \u00e9talonnage de temp\u00e9rature I BAKRONA","description":"Sondes de r\u00e9f\u00e9rence \/ \u00e9talons de temp\u00e9rature haute pr\u00e9cision de FLUKE. \u00c9talonnage de capteurs Pt100 et thermocouples. Pharma, Biotech etc.","robots":{"index":"index","follow":"follow","max-snippet":"max-snippet:-1","max-image-preview":"max-image-preview:large","max-video-preview":"max-video-preview:-1"},"canonical":"https:\/\/bakrona.ch\/fr\/etalonnage-de-temperature\/etalon-de-reference-temperature","og_locale":"fr_FR","og_type":"article","og_title":"\u00c9talons de r\u00e9f\u00e9rence PRT pour \u00e9talonnage de temp\u00e9rature I BAKRONA","og_description":"Sondes de r\u00e9f\u00e9rence \/ \u00e9talons de temp\u00e9rature haute pr\u00e9cision de FLUKE. \u00c9talonnage de capteurs Pt100 et thermocouples. Pharma, Biotech etc.","og_url":"https:\/\/bakrona.ch\/fr\/etalonnage-de-temperature\/etalon-de-reference-temperature","og_site_name":"BAKRONA AG","article_modified_time":"2020-12-30T13:18:43+00:00","twitter_card":"summary_large_image","twitter_misc":{"Dur\u00e9e de lecture estim\u00e9e":"15 minutes"},"schema":{"@context":"https:\/\/schema.org","@graph":[{"@type":"WebPage","@id":"https:\/\/bakrona.ch\/fr\/etalonnage-de-temperature\/etalon-de-reference-temperature","url":"https:\/\/bakrona.ch\/fr\/etalonnage-de-temperature\/etalon-de-reference-temperature","name":"\u00c9talons de r\u00e9f\u00e9rence PRT pour \u00e9talonnage de temp\u00e9rature I BAKRONA","isPartOf":{"@id":"https:\/\/bakrona.ch\/#website"},"datePublished":"2020-12-28T15:39:59+00:00","dateModified":"2020-12-30T13:18:43+00:00","description":"Sondes de r\u00e9f\u00e9rence \/ \u00e9talons de temp\u00e9rature haute pr\u00e9cision de FLUKE. \u00c9talonnage de capteurs Pt100 et thermocouples. Pharma, Biotech etc.","breadcrumb":{"@id":"https:\/\/bakrona.ch\/fr\/etalonnage-de-temperature\/etalon-de-reference-temperature#breadcrumb"},"inLanguage":"fr-FR","potentialAction":[{"@type":"ReadAction","target":["https:\/\/bakrona.ch\/fr\/etalonnage-de-temperature\/etalon-de-reference-temperature"]}]},{"@type":"BreadcrumbList","@id":"https:\/\/bakrona.ch\/fr\/etalonnage-de-temperature\/etalon-de-reference-temperature#breadcrumb","itemListElement":[{"@type":"ListItem","position":1,"name":"Home","item":"https:\/\/bakrona.ch\/fr"},{"@type":"ListItem","position":2,"name":"\u00c9TALONNAGE DE TEMP\u00c9RATURE","item":"https:\/\/bakrona.ch\/fr\/etalonnage-de-temperature"},{"@type":"ListItem","position":3,"name":"\u00c9talons de r\u00e9ference de temp\u00e9rature Fluke"}]},{"@type":"WebSite","@id":"https:\/\/bakrona.ch\/#website","url":"https:\/\/bakrona.ch\/","name":"Bakrona Messtechnik und Engineering","description":"Bakrona Messtechnik &amp; Engineering","publisher":{"@id":"https:\/\/bakrona.ch\/#organization"},"potentialAction":[{"@type":"SearchAction","target":{"@type":"EntryPoint","urlTemplate":"https:\/\/bakrona.ch\/?s={search_term_string}"},"query-input":{"@type":"PropertyValueSpecification","valueRequired":true,"valueName":"search_term_string"}}],"inLanguage":"fr-FR"},{"@type":"Organization","@id":"https:\/\/bakrona.ch\/#organization","name":"Bakrona AG","url":"https:\/\/bakrona.ch\/","logo":{"@type":"ImageObject","inLanguage":"fr-FR","@id":"https:\/\/bakrona.ch\/#\/schema\/logo\/image\/","url":"https:\/\/bakrona.ch\/wp-content\/uploads\/2016\/09\/logo-02.png","contentUrl":"https:\/\/bakrona.ch\/wp-content\/uploads\/2016\/09\/logo-02.png","width":2769,"height":762,"caption":"Bakrona AG"},"image":{"@id":"https:\/\/bakrona.ch\/#\/schema\/logo\/image\/"}}]}},"_links":{"self":[{"href":"https:\/\/bakrona.ch\/fr\/wp-json\/wp\/v2\/pages\/14398","targetHints":{"allow":["GET"]}}],"collection":[{"href":"https:\/\/bakrona.ch\/fr\/wp-json\/wp\/v2\/pages"}],"about":[{"href":"https:\/\/bakrona.ch\/fr\/wp-json\/wp\/v2\/types\/page"}],"author":[{"embeddable":true,"href":"https:\/\/bakrona.ch\/fr\/wp-json\/wp\/v2\/users\/1"}],"replies":[{"embeddable":true,"href":"https:\/\/bakrona.ch\/fr\/wp-json\/wp\/v2\/comments?post=14398"}],"version-history":[{"count":18,"href":"https:\/\/bakrona.ch\/fr\/wp-json\/wp\/v2\/pages\/14398\/revisions"}],"predecessor-version":[{"id":14604,"href":"https:\/\/bakrona.ch\/fr\/wp-json\/wp\/v2\/pages\/14398\/revisions\/14604"}],"up":[{"embeddable":true,"href":"https:\/\/bakrona.ch\/fr\/wp-json\/wp\/v2\/pages\/13980"}],"wp:attachment":[{"href":"https:\/\/bakrona.ch\/fr\/wp-json\/wp\/v2\/media?parent=14398"}],"curies":[{"name":"wp","href":"https:\/\/api.w.org\/{rel}","templated":true}]}}