{"id":14319,"date":"2020-12-28T11:01:42","date_gmt":"2020-12-28T11:01:42","guid":{"rendered":"http:\/\/bakrona.ch\/etalonnage-de-temperature\/temperaturkalibratoren-fluke-9710-serie"},"modified":"2025-10-24T09:13:38","modified_gmt":"2025-10-24T09:13:38","slug":"calibrateurs-a-bloc-fluke-9710-serie","status":"publish","type":"page","link":"https:\/\/bakrona.ch\/fr\/etalonnage-de-temperature\/calibrateurs-a-bloc-fluke-9710-serie","title":{"rendered":"Calibrateurs \u00e0 bloc sec Fluke 9710 Serie"},"content":{"rendered":"<div id=\"cs-content\" class=\"cs-content\"><\/div>\n","protected":false},"excerpt":{"rendered":"<p>CALIBRATEURS \u00c0 BLOC SECLes calibrateurs \u00e0 bloc sec de haute pr\u00e9cision de la s\u00e9rie Fluke 9170 combinent la pr\u00e9cision et la stabilit\u00e9 requises en laboratoire avec la portabilit\u00e9 des calibrateurs \u00e0 bloc sec de terrain pour effectuer des \u00e9talonnages de temp\u00e9rature sur site. CALIBRATEURS \u00c0 BLOC SEC FLUKE S\u00c9RIE 9170 Les calibrateurs \u00e0 bloc sec Fluke S\u00e9rie 9170 sont les &#8230; <\/p>\n<div><a href=\"https:\/\/bakrona.ch\/fr\/etalonnage-de-temperature\/calibrateurs-a-bloc-fluke-9710-serie\" class=\"more-link\">Read More<\/a><\/div>\n","protected":false},"author":1,"featured_media":0,"parent":13980,"menu_order":0,"comment_status":"closed","ping_status":"closed","template":"template-blank-4.php","meta":{"footnotes":""},"class_list":["post-14319","page","type-page","status-publish","hentry","no-post-thumbnail"],"yoast_head":"<!-- This site is optimized with the Yoast SEO plugin v25.8 - https:\/\/yoast.com\/wordpress\/plugins\/seo\/ -->\n<title>Calibrateurs \u00e0 bloc sec -45 \u00b0C \u00e0 700 \u00b0C haute pr\u00e9cision I BAKRONA<\/title>\n<meta name=\"description\" content=\"Calibrateurs \u00e0 bloc sec FLUKE 9170\/9171\/9172\/9173. Stabilit\u00e9 \u00b10,005 \u00b0C sur toute la gamme. Pr\u00e9cision \u00b1 0,02 \u00b0C avec sonde de r\u00e9f\u00e9rence\" \/>\n<meta name=\"robots\" content=\"index, follow, max-snippet:-1, max-image-preview:large, max-video-preview:-1\" \/>\n<link rel=\"canonical\" href=\"https:\/\/bakrona.ch\/fr\/etalonnage-de-temperature\/calibrateurs-a-bloc-fluke-9710-serie\" \/>\n<meta property=\"og:locale\" content=\"fr_FR\" \/>\n<meta property=\"og:type\" content=\"article\" \/>\n<meta property=\"og:title\" content=\"Calibrateurs \u00e0 bloc sec -45 \u00b0C \u00e0 700 \u00b0C haute pr\u00e9cision I BAKRONA\" \/>\n<meta property=\"og:description\" content=\"Calibrateurs \u00e0 bloc sec FLUKE 9170\/9171\/9172\/9173. Stabilit\u00e9 \u00b10,005 \u00b0C sur toute la gamme. Pr\u00e9cision \u00b1 0,02 \u00b0C avec sonde de r\u00e9f\u00e9rence\" \/>\n<meta property=\"og:url\" content=\"https:\/\/bakrona.ch\/fr\/etalonnage-de-temperature\/calibrateurs-a-bloc-fluke-9710-serie\" \/>\n<meta property=\"og:site_name\" content=\"BAKRONA AG\" \/>\n<meta property=\"article:modified_time\" content=\"2025-10-24T09:13:38+00:00\" \/>\n<meta name=\"twitter:card\" content=\"summary_large_image\" \/>\n<meta name=\"twitter:label1\" content=\"Dur\u00e9e de lecture estim\u00e9e\" \/>\n\t<meta name=\"twitter:data1\" content=\"12 minutes\" \/>\n<script type=\"application\/ld+json\" class=\"yoast-schema-graph\">{\"@context\":\"https:\/\/schema.org\",\"@graph\":[{\"@type\":\"WebPage\",\"@id\":\"https:\/\/bakrona.ch\/fr\/etalonnage-de-temperature\/calibrateurs-a-bloc-fluke-9710-serie\",\"url\":\"https:\/\/bakrona.ch\/fr\/etalonnage-de-temperature\/calibrateurs-a-bloc-fluke-9710-serie\",\"name\":\"Calibrateurs \u00e0 bloc sec -45 \u00b0C \u00e0 700 \u00b0C haute pr\u00e9cision I BAKRONA\",\"isPartOf\":{\"@id\":\"https:\/\/bakrona.ch\/#website\"},\"datePublished\":\"2020-12-28T11:01:42+00:00\",\"dateModified\":\"2025-10-24T09:13:38+00:00\",\"description\":\"Calibrateurs \u00e0 bloc sec FLUKE 9170\/9171\/9172\/9173. Stabilit\u00e9 \u00b10,005 \u00b0C sur toute la gamme. Pr\u00e9cision \u00b1 0,02 \u00b0C avec sonde de r\u00e9f\u00e9rence\",\"breadcrumb\":{\"@id\":\"https:\/\/bakrona.ch\/fr\/etalonnage-de-temperature\/calibrateurs-a-bloc-fluke-9710-serie#breadcrumb\"},\"inLanguage\":\"fr-FR\",\"potentialAction\":[{\"@type\":\"ReadAction\",\"target\":[\"https:\/\/bakrona.ch\/fr\/etalonnage-de-temperature\/calibrateurs-a-bloc-fluke-9710-serie\"]}]},{\"@type\":\"BreadcrumbList\",\"@id\":\"https:\/\/bakrona.ch\/fr\/etalonnage-de-temperature\/calibrateurs-a-bloc-fluke-9710-serie#breadcrumb\",\"itemListElement\":[{\"@type\":\"ListItem\",\"position\":1,\"name\":\"Home\",\"item\":\"https:\/\/bakrona.ch\/fr\"},{\"@type\":\"ListItem\",\"position\":2,\"name\":\"\u00c9TALONNAGE DE TEMP\u00c9RATURE\",\"item\":\"https:\/\/bakrona.ch\/fr\/etalonnage-de-temperature\"},{\"@type\":\"ListItem\",\"position\":3,\"name\":\"Calibrateurs \u00e0 bloc sec Fluke 9710 Serie\"}]},{\"@type\":\"WebSite\",\"@id\":\"https:\/\/bakrona.ch\/#website\",\"url\":\"https:\/\/bakrona.ch\/\",\"name\":\"Bakrona Messtechnik und Engineering\",\"description\":\"Bakrona Messtechnik &amp; Engineering\",\"publisher\":{\"@id\":\"https:\/\/bakrona.ch\/#organization\"},\"potentialAction\":[{\"@type\":\"SearchAction\",\"target\":{\"@type\":\"EntryPoint\",\"urlTemplate\":\"https:\/\/bakrona.ch\/?s={search_term_string}\"},\"query-input\":{\"@type\":\"PropertyValueSpecification\",\"valueRequired\":true,\"valueName\":\"search_term_string\"}}],\"inLanguage\":\"fr-FR\"},{\"@type\":\"Organization\",\"@id\":\"https:\/\/bakrona.ch\/#organization\",\"name\":\"Bakrona AG\",\"url\":\"https:\/\/bakrona.ch\/\",\"logo\":{\"@type\":\"ImageObject\",\"inLanguage\":\"fr-FR\",\"@id\":\"https:\/\/bakrona.ch\/#\/schema\/logo\/image\/\",\"url\":\"https:\/\/bakrona.ch\/wp-content\/uploads\/2016\/09\/logo-02.png\",\"contentUrl\":\"https:\/\/bakrona.ch\/wp-content\/uploads\/2016\/09\/logo-02.png\",\"width\":2769,\"height\":762,\"caption\":\"Bakrona AG\"},\"image\":{\"@id\":\"https:\/\/bakrona.ch\/#\/schema\/logo\/image\/\"}}]}<\/script>\n<!-- \/ Yoast SEO plugin. -->","yoast_head_json":{"title":"Calibrateurs \u00e0 bloc sec -45 \u00b0C \u00e0 700 \u00b0C haute pr\u00e9cision I BAKRONA","description":"Calibrateurs \u00e0 bloc sec FLUKE 9170\/9171\/9172\/9173. Stabilit\u00e9 \u00b10,005 \u00b0C sur toute la gamme. Pr\u00e9cision \u00b1 0,02 \u00b0C avec sonde de r\u00e9f\u00e9rence","robots":{"index":"index","follow":"follow","max-snippet":"max-snippet:-1","max-image-preview":"max-image-preview:large","max-video-preview":"max-video-preview:-1"},"canonical":"https:\/\/bakrona.ch\/fr\/etalonnage-de-temperature\/calibrateurs-a-bloc-fluke-9710-serie","og_locale":"fr_FR","og_type":"article","og_title":"Calibrateurs \u00e0 bloc sec -45 \u00b0C \u00e0 700 \u00b0C haute pr\u00e9cision I BAKRONA","og_description":"Calibrateurs \u00e0 bloc sec FLUKE 9170\/9171\/9172\/9173. Stabilit\u00e9 \u00b10,005 \u00b0C sur toute la gamme. Pr\u00e9cision \u00b1 0,02 \u00b0C avec sonde de r\u00e9f\u00e9rence","og_url":"https:\/\/bakrona.ch\/fr\/etalonnage-de-temperature\/calibrateurs-a-bloc-fluke-9710-serie","og_site_name":"BAKRONA AG","article_modified_time":"2025-10-24T09:13:38+00:00","twitter_card":"summary_large_image","twitter_misc":{"Dur\u00e9e de lecture estim\u00e9e":"12 minutes"},"schema":{"@context":"https:\/\/schema.org","@graph":[{"@type":"WebPage","@id":"https:\/\/bakrona.ch\/fr\/etalonnage-de-temperature\/calibrateurs-a-bloc-fluke-9710-serie","url":"https:\/\/bakrona.ch\/fr\/etalonnage-de-temperature\/calibrateurs-a-bloc-fluke-9710-serie","name":"Calibrateurs \u00e0 bloc sec -45 \u00b0C \u00e0 700 \u00b0C haute pr\u00e9cision I BAKRONA","isPartOf":{"@id":"https:\/\/bakrona.ch\/#website"},"datePublished":"2020-12-28T11:01:42+00:00","dateModified":"2025-10-24T09:13:38+00:00","description":"Calibrateurs \u00e0 bloc sec FLUKE 9170\/9171\/9172\/9173. Stabilit\u00e9 \u00b10,005 \u00b0C sur toute la gamme. Pr\u00e9cision \u00b1 0,02 \u00b0C avec sonde de r\u00e9f\u00e9rence","breadcrumb":{"@id":"https:\/\/bakrona.ch\/fr\/etalonnage-de-temperature\/calibrateurs-a-bloc-fluke-9710-serie#breadcrumb"},"inLanguage":"fr-FR","potentialAction":[{"@type":"ReadAction","target":["https:\/\/bakrona.ch\/fr\/etalonnage-de-temperature\/calibrateurs-a-bloc-fluke-9710-serie"]}]},{"@type":"BreadcrumbList","@id":"https:\/\/bakrona.ch\/fr\/etalonnage-de-temperature\/calibrateurs-a-bloc-fluke-9710-serie#breadcrumb","itemListElement":[{"@type":"ListItem","position":1,"name":"Home","item":"https:\/\/bakrona.ch\/fr"},{"@type":"ListItem","position":2,"name":"\u00c9TALONNAGE DE TEMP\u00c9RATURE","item":"https:\/\/bakrona.ch\/fr\/etalonnage-de-temperature"},{"@type":"ListItem","position":3,"name":"Calibrateurs \u00e0 bloc sec Fluke 9710 Serie"}]},{"@type":"WebSite","@id":"https:\/\/bakrona.ch\/#website","url":"https:\/\/bakrona.ch\/","name":"Bakrona Messtechnik und Engineering","description":"Bakrona Messtechnik &amp; Engineering","publisher":{"@id":"https:\/\/bakrona.ch\/#organization"},"potentialAction":[{"@type":"SearchAction","target":{"@type":"EntryPoint","urlTemplate":"https:\/\/bakrona.ch\/?s={search_term_string}"},"query-input":{"@type":"PropertyValueSpecification","valueRequired":true,"valueName":"search_term_string"}}],"inLanguage":"fr-FR"},{"@type":"Organization","@id":"https:\/\/bakrona.ch\/#organization","name":"Bakrona AG","url":"https:\/\/bakrona.ch\/","logo":{"@type":"ImageObject","inLanguage":"fr-FR","@id":"https:\/\/bakrona.ch\/#\/schema\/logo\/image\/","url":"https:\/\/bakrona.ch\/wp-content\/uploads\/2016\/09\/logo-02.png","contentUrl":"https:\/\/bakrona.ch\/wp-content\/uploads\/2016\/09\/logo-02.png","width":2769,"height":762,"caption":"Bakrona AG"},"image":{"@id":"https:\/\/bakrona.ch\/#\/schema\/logo\/image\/"}}]}},"_links":{"self":[{"href":"https:\/\/bakrona.ch\/fr\/wp-json\/wp\/v2\/pages\/14319","targetHints":{"allow":["GET"]}}],"collection":[{"href":"https:\/\/bakrona.ch\/fr\/wp-json\/wp\/v2\/pages"}],"about":[{"href":"https:\/\/bakrona.ch\/fr\/wp-json\/wp\/v2\/types\/page"}],"author":[{"embeddable":true,"href":"https:\/\/bakrona.ch\/fr\/wp-json\/wp\/v2\/users\/1"}],"replies":[{"embeddable":true,"href":"https:\/\/bakrona.ch\/fr\/wp-json\/wp\/v2\/comments?post=14319"}],"version-history":[{"count":18,"href":"https:\/\/bakrona.ch\/fr\/wp-json\/wp\/v2\/pages\/14319\/revisions"}],"predecessor-version":[{"id":18904,"href":"https:\/\/bakrona.ch\/fr\/wp-json\/wp\/v2\/pages\/14319\/revisions\/18904"}],"up":[{"embeddable":true,"href":"https:\/\/bakrona.ch\/fr\/wp-json\/wp\/v2\/pages\/13980"}],"wp:attachment":[{"href":"https:\/\/bakrona.ch\/fr\/wp-json\/wp\/v2\/media?parent=14319"}],"curies":[{"name":"wp","href":"https:\/\/api.w.org\/{rel}","templated":true}]}}