{"id":14149,"date":"2020-12-26T10:06:46","date_gmt":"2020-12-26T10:06:46","guid":{"rendered":"http:\/\/bakrona.ch\/etalonnage-de-temperature\/referenzthermometer-fluke-1523-1524"},"modified":"2020-12-30T13:12:36","modified_gmt":"2020-12-30T13:12:36","slug":"thermometre-de-reference-fluke-1523-1524","status":"publish","type":"page","link":"https:\/\/bakrona.ch\/fr\/etalonnage-de-temperature\/thermometre-de-reference-fluke-1523-1524","title":{"rendered":"Thermom\u00e8tre de r\u00e9f\u00e9rence Fluke 1523 \/1524"},"content":{"rendered":"<div id=\"cs-content\" class=\"cs-content\"><\/div>\n","protected":false},"excerpt":{"rendered":"<p>THERMOM\u00c8TRE DE R\u00c9F\u00c9RENCEFLUKE 1523 \/ 1524THERMOM\u00c8TRES DE R\u00c9F\u00c9RENCE PRATIQUES POUR DES \u00c9TALONNAGES PR\u00c9CISLes thermom\u00e8tres de r\u00e9f\u00e9rence Fluke 1523 ou Fluke 1524 sont utilis\u00e9s pour l&rsquo;\u00e9talonnage avec un \u00e9talon de temp\u00e9rature ou pour mesurer la temp\u00e9rature de process avec une grande pr\u00e9cision. Il mesure, stocke et affiche graphiquement les donn\u00e9es de mesure des thermom\u00e8tres \u00e0 r\u00e9sistance, des thermocouples et des thermistances.Le &#8230; <\/p>\n<div><a href=\"https:\/\/bakrona.ch\/fr\/etalonnage-de-temperature\/thermometre-de-reference-fluke-1523-1524\" class=\"more-link\">Read More<\/a><\/div>\n","protected":false},"author":1,"featured_media":0,"parent":13980,"menu_order":0,"comment_status":"closed","ping_status":"closed","template":"template-blank-4.php","meta":{"footnotes":""},"class_list":["post-14149","page","type-page","status-publish","hentry","no-post-thumbnail"],"yoast_head":"<!-- This site is optimized with the Yoast SEO plugin v25.8 - https:\/\/yoast.com\/wordpress\/plugins\/seo\/ -->\n<title>Referenzthermometer Fluke 1523 \/ 1524 - Temperaturkalibrierung<\/title>\n<meta name=\"description\" content=\"Referenzthermometer - Temperaturkalibrierung von Widerstandstemperaturf\u00fchler (RTD) mit Genauigkeit \u00b10.011 \u00b0C I Pharma, Biotech, Lebensmittel\" \/>\n<meta name=\"robots\" content=\"index, follow, max-snippet:-1, max-image-preview:large, max-video-preview:-1\" \/>\n<link rel=\"canonical\" href=\"https:\/\/bakrona.ch\/fr\/etalonnage-de-temperature\/thermometre-de-reference-fluke-1523-1524\" \/>\n<meta property=\"og:locale\" content=\"fr_FR\" \/>\n<meta property=\"og:type\" content=\"article\" \/>\n<meta property=\"og:title\" content=\"Referenzthermometer Fluke 1523 \/ 1524 - Temperaturkalibrierung\" \/>\n<meta property=\"og:description\" content=\"Referenzthermometer - Temperaturkalibrierung von Widerstandstemperaturf\u00fchler (RTD) mit Genauigkeit \u00b10.011 \u00b0C I Pharma, Biotech, Lebensmittel\" \/>\n<meta property=\"og:url\" content=\"https:\/\/bakrona.ch\/fr\/etalonnage-de-temperature\/thermometre-de-reference-fluke-1523-1524\" \/>\n<meta property=\"og:site_name\" content=\"BAKRONA AG\" \/>\n<meta property=\"article:modified_time\" content=\"2020-12-30T13:12:36+00:00\" \/>\n<meta name=\"twitter:card\" content=\"summary_large_image\" \/>\n<meta name=\"twitter:label1\" content=\"Dur\u00e9e de lecture estim\u00e9e\" \/>\n\t<meta name=\"twitter:data1\" content=\"10 minutes\" \/>\n<script type=\"application\/ld+json\" class=\"yoast-schema-graph\">{\"@context\":\"https:\/\/schema.org\",\"@graph\":[{\"@type\":\"WebPage\",\"@id\":\"https:\/\/bakrona.ch\/fr\/etalonnage-de-temperature\/thermometre-de-reference-fluke-1523-1524\",\"url\":\"https:\/\/bakrona.ch\/fr\/etalonnage-de-temperature\/thermometre-de-reference-fluke-1523-1524\",\"name\":\"Referenzthermometer Fluke 1523 \/ 1524 - Temperaturkalibrierung\",\"isPartOf\":{\"@id\":\"https:\/\/bakrona.ch\/#website\"},\"datePublished\":\"2020-12-26T10:06:46+00:00\",\"dateModified\":\"2020-12-30T13:12:36+00:00\",\"description\":\"Referenzthermometer - Temperaturkalibrierung von Widerstandstemperaturf\u00fchler (RTD) mit Genauigkeit \u00b10.011 \u00b0C I Pharma, Biotech, Lebensmittel\",\"breadcrumb\":{\"@id\":\"https:\/\/bakrona.ch\/fr\/etalonnage-de-temperature\/thermometre-de-reference-fluke-1523-1524#breadcrumb\"},\"inLanguage\":\"fr-FR\",\"potentialAction\":[{\"@type\":\"ReadAction\",\"target\":[\"https:\/\/bakrona.ch\/fr\/etalonnage-de-temperature\/thermometre-de-reference-fluke-1523-1524\"]}]},{\"@type\":\"BreadcrumbList\",\"@id\":\"https:\/\/bakrona.ch\/fr\/etalonnage-de-temperature\/thermometre-de-reference-fluke-1523-1524#breadcrumb\",\"itemListElement\":[{\"@type\":\"ListItem\",\"position\":1,\"name\":\"Home\",\"item\":\"https:\/\/bakrona.ch\/fr\"},{\"@type\":\"ListItem\",\"position\":2,\"name\":\"\u00c9TALONNAGE DE TEMP\u00c9RATURE\",\"item\":\"https:\/\/bakrona.ch\/fr\/etalonnage-de-temperature\"},{\"@type\":\"ListItem\",\"position\":3,\"name\":\"Thermom\u00e8tre de r\u00e9f\u00e9rence Fluke 1523 \/1524\"}]},{\"@type\":\"WebSite\",\"@id\":\"https:\/\/bakrona.ch\/#website\",\"url\":\"https:\/\/bakrona.ch\/\",\"name\":\"Bakrona Messtechnik und Engineering\",\"description\":\"Bakrona Messtechnik &amp; Engineering\",\"publisher\":{\"@id\":\"https:\/\/bakrona.ch\/#organization\"},\"potentialAction\":[{\"@type\":\"SearchAction\",\"target\":{\"@type\":\"EntryPoint\",\"urlTemplate\":\"https:\/\/bakrona.ch\/?s={search_term_string}\"},\"query-input\":{\"@type\":\"PropertyValueSpecification\",\"valueRequired\":true,\"valueName\":\"search_term_string\"}}],\"inLanguage\":\"fr-FR\"},{\"@type\":\"Organization\",\"@id\":\"https:\/\/bakrona.ch\/#organization\",\"name\":\"Bakrona AG\",\"url\":\"https:\/\/bakrona.ch\/\",\"logo\":{\"@type\":\"ImageObject\",\"inLanguage\":\"fr-FR\",\"@id\":\"https:\/\/bakrona.ch\/#\/schema\/logo\/image\/\",\"url\":\"https:\/\/bakrona.ch\/wp-content\/uploads\/2016\/09\/logo-02.png\",\"contentUrl\":\"https:\/\/bakrona.ch\/wp-content\/uploads\/2016\/09\/logo-02.png\",\"width\":2769,\"height\":762,\"caption\":\"Bakrona AG\"},\"image\":{\"@id\":\"https:\/\/bakrona.ch\/#\/schema\/logo\/image\/\"}}]}<\/script>\n<!-- \/ Yoast SEO plugin. -->","yoast_head_json":{"title":"Referenzthermometer Fluke 1523 \/ 1524 - Temperaturkalibrierung","description":"Referenzthermometer - Temperaturkalibrierung von Widerstandstemperaturf\u00fchler (RTD) mit Genauigkeit \u00b10.011 \u00b0C I Pharma, Biotech, Lebensmittel","robots":{"index":"index","follow":"follow","max-snippet":"max-snippet:-1","max-image-preview":"max-image-preview:large","max-video-preview":"max-video-preview:-1"},"canonical":"https:\/\/bakrona.ch\/fr\/etalonnage-de-temperature\/thermometre-de-reference-fluke-1523-1524","og_locale":"fr_FR","og_type":"article","og_title":"Referenzthermometer Fluke 1523 \/ 1524 - Temperaturkalibrierung","og_description":"Referenzthermometer - Temperaturkalibrierung von Widerstandstemperaturf\u00fchler (RTD) mit Genauigkeit \u00b10.011 \u00b0C I Pharma, Biotech, Lebensmittel","og_url":"https:\/\/bakrona.ch\/fr\/etalonnage-de-temperature\/thermometre-de-reference-fluke-1523-1524","og_site_name":"BAKRONA AG","article_modified_time":"2020-12-30T13:12:36+00:00","twitter_card":"summary_large_image","twitter_misc":{"Dur\u00e9e de lecture estim\u00e9e":"10 minutes"},"schema":{"@context":"https:\/\/schema.org","@graph":[{"@type":"WebPage","@id":"https:\/\/bakrona.ch\/fr\/etalonnage-de-temperature\/thermometre-de-reference-fluke-1523-1524","url":"https:\/\/bakrona.ch\/fr\/etalonnage-de-temperature\/thermometre-de-reference-fluke-1523-1524","name":"Referenzthermometer Fluke 1523 \/ 1524 - Temperaturkalibrierung","isPartOf":{"@id":"https:\/\/bakrona.ch\/#website"},"datePublished":"2020-12-26T10:06:46+00:00","dateModified":"2020-12-30T13:12:36+00:00","description":"Referenzthermometer - Temperaturkalibrierung von Widerstandstemperaturf\u00fchler (RTD) mit Genauigkeit \u00b10.011 \u00b0C I Pharma, Biotech, Lebensmittel","breadcrumb":{"@id":"https:\/\/bakrona.ch\/fr\/etalonnage-de-temperature\/thermometre-de-reference-fluke-1523-1524#breadcrumb"},"inLanguage":"fr-FR","potentialAction":[{"@type":"ReadAction","target":["https:\/\/bakrona.ch\/fr\/etalonnage-de-temperature\/thermometre-de-reference-fluke-1523-1524"]}]},{"@type":"BreadcrumbList","@id":"https:\/\/bakrona.ch\/fr\/etalonnage-de-temperature\/thermometre-de-reference-fluke-1523-1524#breadcrumb","itemListElement":[{"@type":"ListItem","position":1,"name":"Home","item":"https:\/\/bakrona.ch\/fr"},{"@type":"ListItem","position":2,"name":"\u00c9TALONNAGE DE TEMP\u00c9RATURE","item":"https:\/\/bakrona.ch\/fr\/etalonnage-de-temperature"},{"@type":"ListItem","position":3,"name":"Thermom\u00e8tre de r\u00e9f\u00e9rence Fluke 1523 \/1524"}]},{"@type":"WebSite","@id":"https:\/\/bakrona.ch\/#website","url":"https:\/\/bakrona.ch\/","name":"Bakrona Messtechnik und Engineering","description":"Bakrona Messtechnik &amp; Engineering","publisher":{"@id":"https:\/\/bakrona.ch\/#organization"},"potentialAction":[{"@type":"SearchAction","target":{"@type":"EntryPoint","urlTemplate":"https:\/\/bakrona.ch\/?s={search_term_string}"},"query-input":{"@type":"PropertyValueSpecification","valueRequired":true,"valueName":"search_term_string"}}],"inLanguage":"fr-FR"},{"@type":"Organization","@id":"https:\/\/bakrona.ch\/#organization","name":"Bakrona AG","url":"https:\/\/bakrona.ch\/","logo":{"@type":"ImageObject","inLanguage":"fr-FR","@id":"https:\/\/bakrona.ch\/#\/schema\/logo\/image\/","url":"https:\/\/bakrona.ch\/wp-content\/uploads\/2016\/09\/logo-02.png","contentUrl":"https:\/\/bakrona.ch\/wp-content\/uploads\/2016\/09\/logo-02.png","width":2769,"height":762,"caption":"Bakrona AG"},"image":{"@id":"https:\/\/bakrona.ch\/#\/schema\/logo\/image\/"}}]}},"_links":{"self":[{"href":"https:\/\/bakrona.ch\/fr\/wp-json\/wp\/v2\/pages\/14149","targetHints":{"allow":["GET"]}}],"collection":[{"href":"https:\/\/bakrona.ch\/fr\/wp-json\/wp\/v2\/pages"}],"about":[{"href":"https:\/\/bakrona.ch\/fr\/wp-json\/wp\/v2\/types\/page"}],"author":[{"embeddable":true,"href":"https:\/\/bakrona.ch\/fr\/wp-json\/wp\/v2\/users\/1"}],"replies":[{"embeddable":true,"href":"https:\/\/bakrona.ch\/fr\/wp-json\/wp\/v2\/comments?post=14149"}],"version-history":[{"count":13,"href":"https:\/\/bakrona.ch\/fr\/wp-json\/wp\/v2\/pages\/14149\/revisions"}],"predecessor-version":[{"id":14602,"href":"https:\/\/bakrona.ch\/fr\/wp-json\/wp\/v2\/pages\/14149\/revisions\/14602"}],"up":[{"embeddable":true,"href":"https:\/\/bakrona.ch\/fr\/wp-json\/wp\/v2\/pages\/13980"}],"wp:attachment":[{"href":"https:\/\/bakrona.ch\/fr\/wp-json\/wp\/v2\/media?parent=14149"}],"curies":[{"name":"wp","href":"https:\/\/api.w.org\/{rel}","templated":true}]}}