{"id":14130,"date":"2020-12-26T08:48:37","date_gmt":"2020-12-26T08:48:37","guid":{"rendered":"http:\/\/bakrona.ch\/etalonnage-de-temperature\/calibrateur-de-temperature-a-puits-sec-fluke-9190a-ultra-froid-calibrateur-basse-temperature"},"modified":"2020-12-30T11:17:52","modified_gmt":"2020-12-30T11:17:52","slug":"calibrateur-de-temperature-fluke-9190a-ultra-froid-basse-temperature","status":"publish","type":"page","link":"https:\/\/bakrona.ch\/fr\/etalonnage-de-temperature\/calibrateur-de-temperature-fluke-9190a-ultra-froid-basse-temperature","title":{"rendered":"Calibrateur de temp\u00e9rature \u00e0 puits sec Fluke 9190A Ultra Froid &#8211; Calibrateur basse temp\u00e9rature"},"content":{"rendered":"<div id=\"cs-content\" class=\"cs-content\"><\/div>\n","protected":false},"excerpt":{"rendered":"<p>CALIBRATEUR BASSE TEMP\u00c9RATURE CALIBRATEUR \u00c0 BLOC SEC POUR APPLICATIONS \u00c0 BASSE TEMP\u00c9RATURELe calibrateur ultra-froid Fluke 9190A est le bloc sec \u00e0 froid le plus pr\u00e9cis et le plus stable du march\u00e9. Le puits sec est id\u00e9al pour les applications qui n\u00e9cessitent un contr\u00f4le qualit\u00e9 strict et une conformit\u00e9 r\u00e9glementaire. Le calibrateur basse temp\u00e9rature Fluke 9190A a une large plage de &#8230; <\/p>\n<div><a href=\"https:\/\/bakrona.ch\/fr\/etalonnage-de-temperature\/calibrateur-de-temperature-fluke-9190a-ultra-froid-basse-temperature\" class=\"more-link\">Read More<\/a><\/div>\n","protected":false},"author":1,"featured_media":0,"parent":13980,"menu_order":0,"comment_status":"closed","ping_status":"closed","template":"template-blank-4.php","meta":{"footnotes":""},"class_list":["post-14130","page","type-page","status-publish","hentry","no-post-thumbnail"],"yoast_head":"<!-- This site is optimized with the Yoast SEO plugin v25.8 - https:\/\/yoast.com\/wordpress\/plugins\/seo\/ -->\n<title>Calibrateur de temp\u00e9rature Fluke 9190A Ultra Cool - tr\u00e9s basse temp\u00e9rature -95 \u00b0C \u00e0 140 \u00b0C<\/title>\n<meta name=\"description\" content=\"Calibrateur \u00e0 bloc sec pour l&#039;\u00e9talonnage basse temp\u00e9rature -95 \u00b0C \u00e0 140 \u00b0C pour les processus dans le secteur pharmaceutique (salle blanche), biotechnologique, alimentaire.\" \/>\n<meta name=\"robots\" content=\"index, follow, max-snippet:-1, max-image-preview:large, max-video-preview:-1\" \/>\n<link rel=\"canonical\" href=\"https:\/\/bakrona.ch\/fr\/etalonnage-de-temperature\/calibrateur-de-temperature-fluke-9190a-ultra-froid-basse-temperature\" \/>\n<meta property=\"og:locale\" content=\"fr_FR\" \/>\n<meta property=\"og:type\" content=\"article\" \/>\n<meta property=\"og:title\" content=\"Calibrateur de temp\u00e9rature Fluke 9190A Ultra Cool - tr\u00e9s basse temp\u00e9rature -95 \u00b0C \u00e0 140 \u00b0C\" \/>\n<meta property=\"og:description\" content=\"Calibrateur \u00e0 bloc sec pour l&#039;\u00e9talonnage basse temp\u00e9rature -95 \u00b0C \u00e0 140 \u00b0C pour les processus dans le secteur pharmaceutique (salle blanche), biotechnologique, alimentaire.\" \/>\n<meta property=\"og:url\" content=\"https:\/\/bakrona.ch\/fr\/etalonnage-de-temperature\/calibrateur-de-temperature-fluke-9190a-ultra-froid-basse-temperature\" \/>\n<meta property=\"og:site_name\" content=\"BAKRONA AG\" \/>\n<meta property=\"article:modified_time\" content=\"2020-12-30T11:17:52+00:00\" \/>\n<meta name=\"twitter:card\" content=\"summary_large_image\" \/>\n<meta name=\"twitter:label1\" content=\"Dur\u00e9e de lecture estim\u00e9e\" \/>\n\t<meta name=\"twitter:data1\" content=\"11 minutes\" \/>\n<script type=\"application\/ld+json\" class=\"yoast-schema-graph\">{\"@context\":\"https:\/\/schema.org\",\"@graph\":[{\"@type\":\"WebPage\",\"@id\":\"https:\/\/bakrona.ch\/fr\/etalonnage-de-temperature\/calibrateur-de-temperature-fluke-9190a-ultra-froid-basse-temperature\",\"url\":\"https:\/\/bakrona.ch\/fr\/etalonnage-de-temperature\/calibrateur-de-temperature-fluke-9190a-ultra-froid-basse-temperature\",\"name\":\"Calibrateur de temp\u00e9rature Fluke 9190A Ultra Cool - tr\u00e9s basse temp\u00e9rature -95 \u00b0C \u00e0 140 \u00b0C\",\"isPartOf\":{\"@id\":\"https:\/\/bakrona.ch\/#website\"},\"datePublished\":\"2020-12-26T08:48:37+00:00\",\"dateModified\":\"2020-12-30T11:17:52+00:00\",\"description\":\"Calibrateur \u00e0 bloc sec pour l'\u00e9talonnage basse temp\u00e9rature -95 \u00b0C \u00e0 140 \u00b0C pour les processus dans le secteur pharmaceutique (salle blanche), biotechnologique, alimentaire.\",\"breadcrumb\":{\"@id\":\"https:\/\/bakrona.ch\/fr\/etalonnage-de-temperature\/calibrateur-de-temperature-fluke-9190a-ultra-froid-basse-temperature#breadcrumb\"},\"inLanguage\":\"fr-FR\",\"potentialAction\":[{\"@type\":\"ReadAction\",\"target\":[\"https:\/\/bakrona.ch\/fr\/etalonnage-de-temperature\/calibrateur-de-temperature-fluke-9190a-ultra-froid-basse-temperature\"]}]},{\"@type\":\"BreadcrumbList\",\"@id\":\"https:\/\/bakrona.ch\/fr\/etalonnage-de-temperature\/calibrateur-de-temperature-fluke-9190a-ultra-froid-basse-temperature#breadcrumb\",\"itemListElement\":[{\"@type\":\"ListItem\",\"position\":1,\"name\":\"Home\",\"item\":\"https:\/\/bakrona.ch\/fr\"},{\"@type\":\"ListItem\",\"position\":2,\"name\":\"\u00c9TALONNAGE DE TEMP\u00c9RATURE\",\"item\":\"https:\/\/bakrona.ch\/fr\/etalonnage-de-temperature\"},{\"@type\":\"ListItem\",\"position\":3,\"name\":\"Calibrateur de temp\u00e9rature \u00e0 puits sec Fluke 9190A Ultra Froid &#8211; Calibrateur basse temp\u00e9rature\"}]},{\"@type\":\"WebSite\",\"@id\":\"https:\/\/bakrona.ch\/#website\",\"url\":\"https:\/\/bakrona.ch\/\",\"name\":\"Bakrona Messtechnik und Engineering\",\"description\":\"Bakrona Messtechnik &amp; Engineering\",\"publisher\":{\"@id\":\"https:\/\/bakrona.ch\/#organization\"},\"potentialAction\":[{\"@type\":\"SearchAction\",\"target\":{\"@type\":\"EntryPoint\",\"urlTemplate\":\"https:\/\/bakrona.ch\/?s={search_term_string}\"},\"query-input\":{\"@type\":\"PropertyValueSpecification\",\"valueRequired\":true,\"valueName\":\"search_term_string\"}}],\"inLanguage\":\"fr-FR\"},{\"@type\":\"Organization\",\"@id\":\"https:\/\/bakrona.ch\/#organization\",\"name\":\"Bakrona AG\",\"url\":\"https:\/\/bakrona.ch\/\",\"logo\":{\"@type\":\"ImageObject\",\"inLanguage\":\"fr-FR\",\"@id\":\"https:\/\/bakrona.ch\/#\/schema\/logo\/image\/\",\"url\":\"https:\/\/bakrona.ch\/wp-content\/uploads\/2016\/09\/logo-02.png\",\"contentUrl\":\"https:\/\/bakrona.ch\/wp-content\/uploads\/2016\/09\/logo-02.png\",\"width\":2769,\"height\":762,\"caption\":\"Bakrona AG\"},\"image\":{\"@id\":\"https:\/\/bakrona.ch\/#\/schema\/logo\/image\/\"}}]}<\/script>\n<!-- \/ Yoast SEO plugin. -->","yoast_head_json":{"title":"Calibrateur de temp\u00e9rature Fluke 9190A Ultra Cool - tr\u00e9s basse temp\u00e9rature -95 \u00b0C \u00e0 140 \u00b0C","description":"Calibrateur \u00e0 bloc sec pour l'\u00e9talonnage basse temp\u00e9rature -95 \u00b0C \u00e0 140 \u00b0C pour les processus dans le secteur pharmaceutique (salle blanche), biotechnologique, alimentaire.","robots":{"index":"index","follow":"follow","max-snippet":"max-snippet:-1","max-image-preview":"max-image-preview:large","max-video-preview":"max-video-preview:-1"},"canonical":"https:\/\/bakrona.ch\/fr\/etalonnage-de-temperature\/calibrateur-de-temperature-fluke-9190a-ultra-froid-basse-temperature","og_locale":"fr_FR","og_type":"article","og_title":"Calibrateur de temp\u00e9rature Fluke 9190A Ultra Cool - tr\u00e9s basse temp\u00e9rature -95 \u00b0C \u00e0 140 \u00b0C","og_description":"Calibrateur \u00e0 bloc sec pour l'\u00e9talonnage basse temp\u00e9rature -95 \u00b0C \u00e0 140 \u00b0C pour les processus dans le secteur pharmaceutique (salle blanche), biotechnologique, alimentaire.","og_url":"https:\/\/bakrona.ch\/fr\/etalonnage-de-temperature\/calibrateur-de-temperature-fluke-9190a-ultra-froid-basse-temperature","og_site_name":"BAKRONA AG","article_modified_time":"2020-12-30T11:17:52+00:00","twitter_card":"summary_large_image","twitter_misc":{"Dur\u00e9e de lecture estim\u00e9e":"11 minutes"},"schema":{"@context":"https:\/\/schema.org","@graph":[{"@type":"WebPage","@id":"https:\/\/bakrona.ch\/fr\/etalonnage-de-temperature\/calibrateur-de-temperature-fluke-9190a-ultra-froid-basse-temperature","url":"https:\/\/bakrona.ch\/fr\/etalonnage-de-temperature\/calibrateur-de-temperature-fluke-9190a-ultra-froid-basse-temperature","name":"Calibrateur de temp\u00e9rature Fluke 9190A Ultra Cool - tr\u00e9s basse temp\u00e9rature -95 \u00b0C \u00e0 140 \u00b0C","isPartOf":{"@id":"https:\/\/bakrona.ch\/#website"},"datePublished":"2020-12-26T08:48:37+00:00","dateModified":"2020-12-30T11:17:52+00:00","description":"Calibrateur \u00e0 bloc sec pour l'\u00e9talonnage basse temp\u00e9rature -95 \u00b0C \u00e0 140 \u00b0C pour les processus dans le secteur pharmaceutique (salle blanche), biotechnologique, alimentaire.","breadcrumb":{"@id":"https:\/\/bakrona.ch\/fr\/etalonnage-de-temperature\/calibrateur-de-temperature-fluke-9190a-ultra-froid-basse-temperature#breadcrumb"},"inLanguage":"fr-FR","potentialAction":[{"@type":"ReadAction","target":["https:\/\/bakrona.ch\/fr\/etalonnage-de-temperature\/calibrateur-de-temperature-fluke-9190a-ultra-froid-basse-temperature"]}]},{"@type":"BreadcrumbList","@id":"https:\/\/bakrona.ch\/fr\/etalonnage-de-temperature\/calibrateur-de-temperature-fluke-9190a-ultra-froid-basse-temperature#breadcrumb","itemListElement":[{"@type":"ListItem","position":1,"name":"Home","item":"https:\/\/bakrona.ch\/fr"},{"@type":"ListItem","position":2,"name":"\u00c9TALONNAGE DE TEMP\u00c9RATURE","item":"https:\/\/bakrona.ch\/fr\/etalonnage-de-temperature"},{"@type":"ListItem","position":3,"name":"Calibrateur de temp\u00e9rature \u00e0 puits sec Fluke 9190A Ultra Froid &#8211; Calibrateur basse temp\u00e9rature"}]},{"@type":"WebSite","@id":"https:\/\/bakrona.ch\/#website","url":"https:\/\/bakrona.ch\/","name":"Bakrona Messtechnik und Engineering","description":"Bakrona Messtechnik &amp; Engineering","publisher":{"@id":"https:\/\/bakrona.ch\/#organization"},"potentialAction":[{"@type":"SearchAction","target":{"@type":"EntryPoint","urlTemplate":"https:\/\/bakrona.ch\/?s={search_term_string}"},"query-input":{"@type":"PropertyValueSpecification","valueRequired":true,"valueName":"search_term_string"}}],"inLanguage":"fr-FR"},{"@type":"Organization","@id":"https:\/\/bakrona.ch\/#organization","name":"Bakrona AG","url":"https:\/\/bakrona.ch\/","logo":{"@type":"ImageObject","inLanguage":"fr-FR","@id":"https:\/\/bakrona.ch\/#\/schema\/logo\/image\/","url":"https:\/\/bakrona.ch\/wp-content\/uploads\/2016\/09\/logo-02.png","contentUrl":"https:\/\/bakrona.ch\/wp-content\/uploads\/2016\/09\/logo-02.png","width":2769,"height":762,"caption":"Bakrona AG"},"image":{"@id":"https:\/\/bakrona.ch\/#\/schema\/logo\/image\/"}}]}},"_links":{"self":[{"href":"https:\/\/bakrona.ch\/fr\/wp-json\/wp\/v2\/pages\/14130","targetHints":{"allow":["GET"]}}],"collection":[{"href":"https:\/\/bakrona.ch\/fr\/wp-json\/wp\/v2\/pages"}],"about":[{"href":"https:\/\/bakrona.ch\/fr\/wp-json\/wp\/v2\/types\/page"}],"author":[{"embeddable":true,"href":"https:\/\/bakrona.ch\/fr\/wp-json\/wp\/v2\/users\/1"}],"replies":[{"embeddable":true,"href":"https:\/\/bakrona.ch\/fr\/wp-json\/wp\/v2\/comments?post=14130"}],"version-history":[{"count":14,"href":"https:\/\/bakrona.ch\/fr\/wp-json\/wp\/v2\/pages\/14130\/revisions"}],"predecessor-version":[{"id":14591,"href":"https:\/\/bakrona.ch\/fr\/wp-json\/wp\/v2\/pages\/14130\/revisions\/14591"}],"up":[{"embeddable":true,"href":"https:\/\/bakrona.ch\/fr\/wp-json\/wp\/v2\/pages\/13980"}],"wp:attachment":[{"href":"https:\/\/bakrona.ch\/fr\/wp-json\/wp\/v2\/media?parent=14130"}],"curies":[{"name":"wp","href":"https:\/\/api.w.org\/{rel}","templated":true}]}}