{"id":14013,"date":"2020-12-25T13:12:00","date_gmt":"2020-12-25T13:12:00","guid":{"rendered":"https:\/\/bakrona.ch\/etalonnage-de-temperature\/bains-detalonnage-bain-detalonnage-portable-pour-letalonnage-des-capteurs-de-temperature-tri-clamp"},"modified":"2021-09-14T12:24:50","modified_gmt":"2021-09-14T12:24:50","slug":"bains-etalonnage-temperature-portable-fluke-6109a-7109a","status":"publish","type":"page","link":"https:\/\/bakrona.ch\/fr\/etalonnage-de-temperature\/bains-etalonnage-temperature-portable-fluke-6109a-7109a","title":{"rendered":"Bains d&rsquo;\u00e9talonnage temperature portable Fluke 6109A \/ 7190A"},"content":{"rendered":"<div id=\"cs-content\" class=\"cs-content\"><\/div>\n","protected":false},"excerpt":{"rendered":"<p>BAINS D&rsquo;\u00c9TALONNAGE PORTABLESBains d&rsquo;\u00e9talonnage portables pour l&rsquo;\u00e9talonnage simultan\u00e9 de jusqu&rsquo;\u00e0 quatre capteurs de temp\u00e9rature Tri-Clamp. Les bains d&rsquo;\u00e9talonnage conviennent pour une utilisation dans des environnements de salle blanche dans les industries pharmaceutique, biotechnologique et alimentaire. BAINS D&rsquo;\u00c9TALONNAGE FLUKE 6109A ET FLUKE 7109AAvec leur large plage de temp\u00e9rature de -25 \u00b0C \u00e0 250 \u00b0C, les deux mod\u00e8les de bains d&rsquo;\u00e9talonnage Fluke &#8230; <\/p>\n<div><a href=\"https:\/\/bakrona.ch\/fr\/etalonnage-de-temperature\/bains-etalonnage-temperature-portable-fluke-6109a-7109a\" class=\"more-link\">Read More<\/a><\/div>\n","protected":false},"author":1,"featured_media":0,"parent":13980,"menu_order":0,"comment_status":"closed","ping_status":"closed","template":"template-blank-4.php","meta":{"footnotes":""},"class_list":["post-14013","page","type-page","status-publish","hentry","no-post-thumbnail"],"yoast_head":"<!-- This site is optimized with the Yoast SEO plugin v25.8 - https:\/\/yoast.com\/wordpress\/plugins\/seo\/ -->\n<title>BAINS D&#039;\u00c9TALONNAGE PORTABLE FLUKE 6109A \/ 7109A I BAKRONA<\/title>\n<meta name=\"description\" content=\"Bains d&#039;\u00e9talonnage Fluke 6109A \/ 7109A avec grand volume (2.5 litres) - \u00e9talonnage de temp\u00e9rature sur site (salles blanches pharma \/ biotech)\" \/>\n<meta name=\"robots\" content=\"index, follow, max-snippet:-1, max-image-preview:large, max-video-preview:-1\" \/>\n<link rel=\"canonical\" href=\"https:\/\/bakrona.ch\/fr\/etalonnage-de-temperature\/bains-etalonnage-temperature-portable-fluke-6109a-7109a\" \/>\n<meta property=\"og:locale\" content=\"fr_FR\" \/>\n<meta property=\"og:type\" content=\"article\" \/>\n<meta property=\"og:title\" content=\"BAINS D&#039;\u00c9TALONNAGE PORTABLE FLUKE 6109A \/ 7109A I BAKRONA\" \/>\n<meta property=\"og:description\" content=\"Bains d&#039;\u00e9talonnage Fluke 6109A \/ 7109A avec grand volume (2.5 litres) - \u00e9talonnage de temp\u00e9rature sur site (salles blanches pharma \/ biotech)\" \/>\n<meta property=\"og:url\" content=\"https:\/\/bakrona.ch\/fr\/etalonnage-de-temperature\/bains-etalonnage-temperature-portable-fluke-6109a-7109a\" \/>\n<meta property=\"og:site_name\" content=\"BAKRONA AG\" \/>\n<meta property=\"article:modified_time\" content=\"2021-09-14T12:24:50+00:00\" \/>\n<meta name=\"twitter:card\" content=\"summary_large_image\" \/>\n<meta name=\"twitter:label1\" content=\"Dur\u00e9e de lecture estim\u00e9e\" \/>\n\t<meta name=\"twitter:data1\" content=\"18 minutes\" \/>\n<script type=\"application\/ld+json\" class=\"yoast-schema-graph\">{\"@context\":\"https:\/\/schema.org\",\"@graph\":[{\"@type\":\"WebPage\",\"@id\":\"https:\/\/bakrona.ch\/fr\/etalonnage-de-temperature\/bains-etalonnage-temperature-portable-fluke-6109a-7109a\",\"url\":\"https:\/\/bakrona.ch\/fr\/etalonnage-de-temperature\/bains-etalonnage-temperature-portable-fluke-6109a-7109a\",\"name\":\"BAINS D'\u00c9TALONNAGE PORTABLE FLUKE 6109A \/ 7109A I BAKRONA\",\"isPartOf\":{\"@id\":\"https:\/\/bakrona.ch\/#website\"},\"datePublished\":\"2020-12-25T13:12:00+00:00\",\"dateModified\":\"2021-09-14T12:24:50+00:00\",\"description\":\"Bains d'\u00e9talonnage Fluke 6109A \/ 7109A avec grand volume (2.5 litres) - \u00e9talonnage de temp\u00e9rature sur site (salles blanches pharma \/ biotech)\",\"breadcrumb\":{\"@id\":\"https:\/\/bakrona.ch\/fr\/etalonnage-de-temperature\/bains-etalonnage-temperature-portable-fluke-6109a-7109a#breadcrumb\"},\"inLanguage\":\"fr-FR\",\"potentialAction\":[{\"@type\":\"ReadAction\",\"target\":[\"https:\/\/bakrona.ch\/fr\/etalonnage-de-temperature\/bains-etalonnage-temperature-portable-fluke-6109a-7109a\"]}]},{\"@type\":\"BreadcrumbList\",\"@id\":\"https:\/\/bakrona.ch\/fr\/etalonnage-de-temperature\/bains-etalonnage-temperature-portable-fluke-6109a-7109a#breadcrumb\",\"itemListElement\":[{\"@type\":\"ListItem\",\"position\":1,\"name\":\"Home\",\"item\":\"https:\/\/bakrona.ch\/fr\"},{\"@type\":\"ListItem\",\"position\":2,\"name\":\"\u00c9TALONNAGE DE TEMP\u00c9RATURE\",\"item\":\"https:\/\/bakrona.ch\/fr\/etalonnage-de-temperature\"},{\"@type\":\"ListItem\",\"position\":3,\"name\":\"Bains d&rsquo;\u00e9talonnage temperature portable Fluke 6109A \/ 7190A\"}]},{\"@type\":\"WebSite\",\"@id\":\"https:\/\/bakrona.ch\/#website\",\"url\":\"https:\/\/bakrona.ch\/\",\"name\":\"Bakrona Messtechnik und Engineering\",\"description\":\"Bakrona Messtechnik &amp; Engineering\",\"publisher\":{\"@id\":\"https:\/\/bakrona.ch\/#organization\"},\"potentialAction\":[{\"@type\":\"SearchAction\",\"target\":{\"@type\":\"EntryPoint\",\"urlTemplate\":\"https:\/\/bakrona.ch\/?s={search_term_string}\"},\"query-input\":{\"@type\":\"PropertyValueSpecification\",\"valueRequired\":true,\"valueName\":\"search_term_string\"}}],\"inLanguage\":\"fr-FR\"},{\"@type\":\"Organization\",\"@id\":\"https:\/\/bakrona.ch\/#organization\",\"name\":\"Bakrona AG\",\"url\":\"https:\/\/bakrona.ch\/\",\"logo\":{\"@type\":\"ImageObject\",\"inLanguage\":\"fr-FR\",\"@id\":\"https:\/\/bakrona.ch\/#\/schema\/logo\/image\/\",\"url\":\"https:\/\/bakrona.ch\/wp-content\/uploads\/2016\/09\/logo-02.png\",\"contentUrl\":\"https:\/\/bakrona.ch\/wp-content\/uploads\/2016\/09\/logo-02.png\",\"width\":2769,\"height\":762,\"caption\":\"Bakrona AG\"},\"image\":{\"@id\":\"https:\/\/bakrona.ch\/#\/schema\/logo\/image\/\"}}]}<\/script>\n<!-- \/ Yoast SEO plugin. -->","yoast_head_json":{"title":"BAINS D'\u00c9TALONNAGE PORTABLE FLUKE 6109A \/ 7109A I BAKRONA","description":"Bains d'\u00e9talonnage Fluke 6109A \/ 7109A avec grand volume (2.5 litres) - \u00e9talonnage de temp\u00e9rature sur site (salles blanches pharma \/ biotech)","robots":{"index":"index","follow":"follow","max-snippet":"max-snippet:-1","max-image-preview":"max-image-preview:large","max-video-preview":"max-video-preview:-1"},"canonical":"https:\/\/bakrona.ch\/fr\/etalonnage-de-temperature\/bains-etalonnage-temperature-portable-fluke-6109a-7109a","og_locale":"fr_FR","og_type":"article","og_title":"BAINS D'\u00c9TALONNAGE PORTABLE FLUKE 6109A \/ 7109A I BAKRONA","og_description":"Bains d'\u00e9talonnage Fluke 6109A \/ 7109A avec grand volume (2.5 litres) - \u00e9talonnage de temp\u00e9rature sur site (salles blanches pharma \/ biotech)","og_url":"https:\/\/bakrona.ch\/fr\/etalonnage-de-temperature\/bains-etalonnage-temperature-portable-fluke-6109a-7109a","og_site_name":"BAKRONA AG","article_modified_time":"2021-09-14T12:24:50+00:00","twitter_card":"summary_large_image","twitter_misc":{"Dur\u00e9e de lecture estim\u00e9e":"18 minutes"},"schema":{"@context":"https:\/\/schema.org","@graph":[{"@type":"WebPage","@id":"https:\/\/bakrona.ch\/fr\/etalonnage-de-temperature\/bains-etalonnage-temperature-portable-fluke-6109a-7109a","url":"https:\/\/bakrona.ch\/fr\/etalonnage-de-temperature\/bains-etalonnage-temperature-portable-fluke-6109a-7109a","name":"BAINS D'\u00c9TALONNAGE PORTABLE FLUKE 6109A \/ 7109A I BAKRONA","isPartOf":{"@id":"https:\/\/bakrona.ch\/#website"},"datePublished":"2020-12-25T13:12:00+00:00","dateModified":"2021-09-14T12:24:50+00:00","description":"Bains d'\u00e9talonnage Fluke 6109A \/ 7109A avec grand volume (2.5 litres) - \u00e9talonnage de temp\u00e9rature sur site (salles blanches pharma \/ biotech)","breadcrumb":{"@id":"https:\/\/bakrona.ch\/fr\/etalonnage-de-temperature\/bains-etalonnage-temperature-portable-fluke-6109a-7109a#breadcrumb"},"inLanguage":"fr-FR","potentialAction":[{"@type":"ReadAction","target":["https:\/\/bakrona.ch\/fr\/etalonnage-de-temperature\/bains-etalonnage-temperature-portable-fluke-6109a-7109a"]}]},{"@type":"BreadcrumbList","@id":"https:\/\/bakrona.ch\/fr\/etalonnage-de-temperature\/bains-etalonnage-temperature-portable-fluke-6109a-7109a#breadcrumb","itemListElement":[{"@type":"ListItem","position":1,"name":"Home","item":"https:\/\/bakrona.ch\/fr"},{"@type":"ListItem","position":2,"name":"\u00c9TALONNAGE DE TEMP\u00c9RATURE","item":"https:\/\/bakrona.ch\/fr\/etalonnage-de-temperature"},{"@type":"ListItem","position":3,"name":"Bains d&rsquo;\u00e9talonnage temperature portable Fluke 6109A \/ 7190A"}]},{"@type":"WebSite","@id":"https:\/\/bakrona.ch\/#website","url":"https:\/\/bakrona.ch\/","name":"Bakrona Messtechnik und Engineering","description":"Bakrona Messtechnik &amp; Engineering","publisher":{"@id":"https:\/\/bakrona.ch\/#organization"},"potentialAction":[{"@type":"SearchAction","target":{"@type":"EntryPoint","urlTemplate":"https:\/\/bakrona.ch\/?s={search_term_string}"},"query-input":{"@type":"PropertyValueSpecification","valueRequired":true,"valueName":"search_term_string"}}],"inLanguage":"fr-FR"},{"@type":"Organization","@id":"https:\/\/bakrona.ch\/#organization","name":"Bakrona AG","url":"https:\/\/bakrona.ch\/","logo":{"@type":"ImageObject","inLanguage":"fr-FR","@id":"https:\/\/bakrona.ch\/#\/schema\/logo\/image\/","url":"https:\/\/bakrona.ch\/wp-content\/uploads\/2016\/09\/logo-02.png","contentUrl":"https:\/\/bakrona.ch\/wp-content\/uploads\/2016\/09\/logo-02.png","width":2769,"height":762,"caption":"Bakrona AG"},"image":{"@id":"https:\/\/bakrona.ch\/#\/schema\/logo\/image\/"}}]}},"_links":{"self":[{"href":"https:\/\/bakrona.ch\/fr\/wp-json\/wp\/v2\/pages\/14013","targetHints":{"allow":["GET"]}}],"collection":[{"href":"https:\/\/bakrona.ch\/fr\/wp-json\/wp\/v2\/pages"}],"about":[{"href":"https:\/\/bakrona.ch\/fr\/wp-json\/wp\/v2\/types\/page"}],"author":[{"embeddable":true,"href":"https:\/\/bakrona.ch\/fr\/wp-json\/wp\/v2\/users\/1"}],"replies":[{"embeddable":true,"href":"https:\/\/bakrona.ch\/fr\/wp-json\/wp\/v2\/comments?post=14013"}],"version-history":[{"count":25,"href":"https:\/\/bakrona.ch\/fr\/wp-json\/wp\/v2\/pages\/14013\/revisions"}],"predecessor-version":[{"id":15962,"href":"https:\/\/bakrona.ch\/fr\/wp-json\/wp\/v2\/pages\/14013\/revisions\/15962"}],"up":[{"embeddable":true,"href":"https:\/\/bakrona.ch\/fr\/wp-json\/wp\/v2\/pages\/13980"}],"wp:attachment":[{"href":"https:\/\/bakrona.ch\/fr\/wp-json\/wp\/v2\/media?parent=14013"}],"curies":[{"name":"wp","href":"https:\/\/api.w.org\/{rel}","templated":true}]}}