{"id":13980,"date":"2020-12-24T17:31:10","date_gmt":"2020-12-24T17:31:10","guid":{"rendered":"https:\/\/bakrona.ch\/etalonnage-de-temperature"},"modified":"2021-02-01T18:16:11","modified_gmt":"2021-02-01T18:16:11","slug":"etalonnage-de-temperature","status":"publish","type":"page","link":"https:\/\/bakrona.ch\/fr\/etalonnage-de-temperature","title":{"rendered":"\u00c9TALONNAGE DE TEMP\u00c9RATURE"},"content":{"rendered":"<div id=\"cs-content\" class=\"cs-content\"><\/div>\n","protected":false},"excerpt":{"rendered":"<p>\u00c9TALONNAGE DE TEMP\u00c9RATUREBienvenue chez Bakrona, le repr\u00e9sentant autoris\u00e9 de Fluke Calibration pour l&rsquo;\u00e9talonnage de temp\u00e9rature industrielle en Suisse et au Liechtenstein. Nous offrons \u00e0 nos clients un service complet; des conseils sur les nouveaux appareils \u00e0 la r\u00e9vision et \u00e0 l&rsquo;\u00e9talonnage des calibrateurs et des r\u00e9f\u00e9rences de temp\u00e9rature existants. &nbsp;PROXIMIT\u00c9 CLIENTEn tant que repr\u00e9sentant Suisse de Fluke Calibration, nous sommes &#8230; <\/p>\n<div><a href=\"https:\/\/bakrona.ch\/fr\/etalonnage-de-temperature\" class=\"more-link\">Read More<\/a><\/div>\n","protected":false},"author":1,"featured_media":0,"parent":0,"menu_order":0,"comment_status":"closed","ping_status":"closed","template":"template-blank-4.php","meta":{"footnotes":""},"class_list":["post-13980","page","type-page","status-publish","hentry","no-post-thumbnail"],"yoast_head":"<!-- This site is optimized with the Yoast SEO plugin v25.8 - https:\/\/yoast.com\/wordpress\/plugins\/seo\/ -->\n<title>Etalonnage de temp\u00e9rature I bain d&#039;\u00e9talonnage, calibrateur \u00e0 bloc sec, r\u00e9f\u00e9rences<\/title>\n<meta name=\"description\" content=\"Etalonnage de temp\u00e9rature I calibrateurs et r\u00e9f\u00e9rences ainsi que r\u00e9vision, \u00e9talonnage et certification SCS des appareils. Repr\u00e9sentant autoris\u00e9 de Fluke Calibration pour l&#039;\u00e9talonnage de la temp\u00e9rature industrielle en Suisse et au Liechtenstein\" \/>\n<meta name=\"robots\" content=\"index, follow, max-snippet:-1, max-image-preview:large, max-video-preview:-1\" \/>\n<link rel=\"canonical\" href=\"https:\/\/bakrona.ch\/fr\/etalonnage-de-temperature\" \/>\n<meta property=\"og:locale\" content=\"fr_FR\" \/>\n<meta property=\"og:type\" content=\"article\" \/>\n<meta property=\"og:title\" content=\"Etalonnage de temp\u00e9rature I bain d&#039;\u00e9talonnage, calibrateur \u00e0 bloc sec, r\u00e9f\u00e9rences\" \/>\n<meta property=\"og:description\" content=\"Etalonnage de temp\u00e9rature I calibrateurs et r\u00e9f\u00e9rences ainsi que r\u00e9vision, \u00e9talonnage et certification SCS des appareils. Repr\u00e9sentant autoris\u00e9 de Fluke Calibration pour l&#039;\u00e9talonnage de la temp\u00e9rature industrielle en Suisse et au Liechtenstein\" \/>\n<meta property=\"og:url\" content=\"https:\/\/bakrona.ch\/fr\/etalonnage-de-temperature\" \/>\n<meta property=\"og:site_name\" content=\"BAKRONA AG\" \/>\n<meta property=\"article:modified_time\" content=\"2021-02-01T18:16:11+00:00\" \/>\n<meta name=\"twitter:card\" content=\"summary_large_image\" \/>\n<meta name=\"twitter:label1\" content=\"Dur\u00e9e de lecture estim\u00e9e\" \/>\n\t<meta name=\"twitter:data1\" content=\"8 minutes\" \/>\n<script type=\"application\/ld+json\" class=\"yoast-schema-graph\">{\"@context\":\"https:\/\/schema.org\",\"@graph\":[{\"@type\":\"WebPage\",\"@id\":\"https:\/\/bakrona.ch\/fr\/etalonnage-de-temperature\",\"url\":\"https:\/\/bakrona.ch\/fr\/etalonnage-de-temperature\",\"name\":\"Etalonnage de temp\u00e9rature I bain d'\u00e9talonnage, calibrateur \u00e0 bloc sec, r\u00e9f\u00e9rences\",\"isPartOf\":{\"@id\":\"https:\/\/bakrona.ch\/#website\"},\"datePublished\":\"2020-12-24T17:31:10+00:00\",\"dateModified\":\"2021-02-01T18:16:11+00:00\",\"description\":\"Etalonnage de temp\u00e9rature I calibrateurs et r\u00e9f\u00e9rences ainsi que r\u00e9vision, \u00e9talonnage et certification SCS des appareils. Repr\u00e9sentant autoris\u00e9 de Fluke Calibration pour l'\u00e9talonnage de la temp\u00e9rature industrielle en Suisse et au Liechtenstein\",\"breadcrumb\":{\"@id\":\"https:\/\/bakrona.ch\/fr\/etalonnage-de-temperature#breadcrumb\"},\"inLanguage\":\"fr-FR\",\"potentialAction\":[{\"@type\":\"ReadAction\",\"target\":[\"https:\/\/bakrona.ch\/fr\/etalonnage-de-temperature\"]}]},{\"@type\":\"BreadcrumbList\",\"@id\":\"https:\/\/bakrona.ch\/fr\/etalonnage-de-temperature#breadcrumb\",\"itemListElement\":[{\"@type\":\"ListItem\",\"position\":1,\"name\":\"Home\",\"item\":\"https:\/\/bakrona.ch\/fr\"},{\"@type\":\"ListItem\",\"position\":2,\"name\":\"\u00c9TALONNAGE DE TEMP\u00c9RATURE\"}]},{\"@type\":\"WebSite\",\"@id\":\"https:\/\/bakrona.ch\/#website\",\"url\":\"https:\/\/bakrona.ch\/\",\"name\":\"Bakrona Messtechnik und Engineering\",\"description\":\"Bakrona Messtechnik &amp; Engineering\",\"publisher\":{\"@id\":\"https:\/\/bakrona.ch\/#organization\"},\"potentialAction\":[{\"@type\":\"SearchAction\",\"target\":{\"@type\":\"EntryPoint\",\"urlTemplate\":\"https:\/\/bakrona.ch\/?s={search_term_string}\"},\"query-input\":{\"@type\":\"PropertyValueSpecification\",\"valueRequired\":true,\"valueName\":\"search_term_string\"}}],\"inLanguage\":\"fr-FR\"},{\"@type\":\"Organization\",\"@id\":\"https:\/\/bakrona.ch\/#organization\",\"name\":\"Bakrona AG\",\"url\":\"https:\/\/bakrona.ch\/\",\"logo\":{\"@type\":\"ImageObject\",\"inLanguage\":\"fr-FR\",\"@id\":\"https:\/\/bakrona.ch\/#\/schema\/logo\/image\/\",\"url\":\"https:\/\/bakrona.ch\/wp-content\/uploads\/2016\/09\/logo-02.png\",\"contentUrl\":\"https:\/\/bakrona.ch\/wp-content\/uploads\/2016\/09\/logo-02.png\",\"width\":2769,\"height\":762,\"caption\":\"Bakrona AG\"},\"image\":{\"@id\":\"https:\/\/bakrona.ch\/#\/schema\/logo\/image\/\"}}]}<\/script>\n<!-- \/ Yoast SEO plugin. -->","yoast_head_json":{"title":"Etalonnage de temp\u00e9rature I bain d'\u00e9talonnage, calibrateur \u00e0 bloc sec, r\u00e9f\u00e9rences","description":"Etalonnage de temp\u00e9rature I calibrateurs et r\u00e9f\u00e9rences ainsi que r\u00e9vision, \u00e9talonnage et certification SCS des appareils. Repr\u00e9sentant autoris\u00e9 de Fluke Calibration pour l'\u00e9talonnage de la temp\u00e9rature industrielle en Suisse et au Liechtenstein","robots":{"index":"index","follow":"follow","max-snippet":"max-snippet:-1","max-image-preview":"max-image-preview:large","max-video-preview":"max-video-preview:-1"},"canonical":"https:\/\/bakrona.ch\/fr\/etalonnage-de-temperature","og_locale":"fr_FR","og_type":"article","og_title":"Etalonnage de temp\u00e9rature I bain d'\u00e9talonnage, calibrateur \u00e0 bloc sec, r\u00e9f\u00e9rences","og_description":"Etalonnage de temp\u00e9rature I calibrateurs et r\u00e9f\u00e9rences ainsi que r\u00e9vision, \u00e9talonnage et certification SCS des appareils. Repr\u00e9sentant autoris\u00e9 de Fluke Calibration pour l'\u00e9talonnage de la temp\u00e9rature industrielle en Suisse et au Liechtenstein","og_url":"https:\/\/bakrona.ch\/fr\/etalonnage-de-temperature","og_site_name":"BAKRONA AG","article_modified_time":"2021-02-01T18:16:11+00:00","twitter_card":"summary_large_image","twitter_misc":{"Dur\u00e9e de lecture estim\u00e9e":"8 minutes"},"schema":{"@context":"https:\/\/schema.org","@graph":[{"@type":"WebPage","@id":"https:\/\/bakrona.ch\/fr\/etalonnage-de-temperature","url":"https:\/\/bakrona.ch\/fr\/etalonnage-de-temperature","name":"Etalonnage de temp\u00e9rature I bain d'\u00e9talonnage, calibrateur \u00e0 bloc sec, r\u00e9f\u00e9rences","isPartOf":{"@id":"https:\/\/bakrona.ch\/#website"},"datePublished":"2020-12-24T17:31:10+00:00","dateModified":"2021-02-01T18:16:11+00:00","description":"Etalonnage de temp\u00e9rature I calibrateurs et r\u00e9f\u00e9rences ainsi que r\u00e9vision, \u00e9talonnage et certification SCS des appareils. Repr\u00e9sentant autoris\u00e9 de Fluke Calibration pour l'\u00e9talonnage de la temp\u00e9rature industrielle en Suisse et au Liechtenstein","breadcrumb":{"@id":"https:\/\/bakrona.ch\/fr\/etalonnage-de-temperature#breadcrumb"},"inLanguage":"fr-FR","potentialAction":[{"@type":"ReadAction","target":["https:\/\/bakrona.ch\/fr\/etalonnage-de-temperature"]}]},{"@type":"BreadcrumbList","@id":"https:\/\/bakrona.ch\/fr\/etalonnage-de-temperature#breadcrumb","itemListElement":[{"@type":"ListItem","position":1,"name":"Home","item":"https:\/\/bakrona.ch\/fr"},{"@type":"ListItem","position":2,"name":"\u00c9TALONNAGE DE TEMP\u00c9RATURE"}]},{"@type":"WebSite","@id":"https:\/\/bakrona.ch\/#website","url":"https:\/\/bakrona.ch\/","name":"Bakrona Messtechnik und Engineering","description":"Bakrona Messtechnik &amp; Engineering","publisher":{"@id":"https:\/\/bakrona.ch\/#organization"},"potentialAction":[{"@type":"SearchAction","target":{"@type":"EntryPoint","urlTemplate":"https:\/\/bakrona.ch\/?s={search_term_string}"},"query-input":{"@type":"PropertyValueSpecification","valueRequired":true,"valueName":"search_term_string"}}],"inLanguage":"fr-FR"},{"@type":"Organization","@id":"https:\/\/bakrona.ch\/#organization","name":"Bakrona AG","url":"https:\/\/bakrona.ch\/","logo":{"@type":"ImageObject","inLanguage":"fr-FR","@id":"https:\/\/bakrona.ch\/#\/schema\/logo\/image\/","url":"https:\/\/bakrona.ch\/wp-content\/uploads\/2016\/09\/logo-02.png","contentUrl":"https:\/\/bakrona.ch\/wp-content\/uploads\/2016\/09\/logo-02.png","width":2769,"height":762,"caption":"Bakrona AG"},"image":{"@id":"https:\/\/bakrona.ch\/#\/schema\/logo\/image\/"}}]}},"_links":{"self":[{"href":"https:\/\/bakrona.ch\/fr\/wp-json\/wp\/v2\/pages\/13980","targetHints":{"allow":["GET"]}}],"collection":[{"href":"https:\/\/bakrona.ch\/fr\/wp-json\/wp\/v2\/pages"}],"about":[{"href":"https:\/\/bakrona.ch\/fr\/wp-json\/wp\/v2\/types\/page"}],"author":[{"embeddable":true,"href":"https:\/\/bakrona.ch\/fr\/wp-json\/wp\/v2\/users\/1"}],"replies":[{"embeddable":true,"href":"https:\/\/bakrona.ch\/fr\/wp-json\/wp\/v2\/comments?post=13980"}],"version-history":[{"count":24,"href":"https:\/\/bakrona.ch\/fr\/wp-json\/wp\/v2\/pages\/13980\/revisions"}],"predecessor-version":[{"id":14586,"href":"https:\/\/bakrona.ch\/fr\/wp-json\/wp\/v2\/pages\/13980\/revisions\/14586"}],"wp:attachment":[{"href":"https:\/\/bakrona.ch\/fr\/wp-json\/wp\/v2\/media?parent=13980"}],"curies":[{"name":"wp","href":"https:\/\/api.w.org\/{rel}","templated":true}]}}