{"id":12642,"date":"2019-11-29T14:29:30","date_gmt":"2019-11-29T14:29:30","guid":{"rendered":"http:\/\/bakrona.ch\/?page_id=12642"},"modified":"2024-07-21T10:15:16","modified_gmt":"2024-07-21T10:15:16","slug":"compteurs-de-particules-aerosol-pour-montage-fixe-de-lighthouse-worldwide-solutions","status":"publish","type":"page","link":"https:\/\/bakrona.ch\/fr\/mesure-de-particules\/compteurs-de-particules-aerosol-pour-montage-fixe-de-lighthouse-worldwide-solutions","title":{"rendered":"COMPTEUR DE PARTICULES APEX REMOTE AVEC POMPE A VIDE INTEGR\u00c9E"},"content":{"rendered":"<div id=\"cs-content\" class=\"cs-content\"><\/div>\n","protected":false},"excerpt":{"rendered":"<p>CAPTEUR DE PARTICULES APEX REMOTE AVEC POMPE A VIDE INTEGR\u00c9ELes capteurs de particules APEX Remote avec pompe sont disponibles avec un d\u00e9bit de 0,1 CFM ou 1,0 CFM et ne n\u00e9cessitent pas de source de vide externe. La pompe \u00e0 vide int\u00e9gr\u00e9e avec filtre HEPA en sortie d&rsquo;air ne pollue pas l&rsquo;environnement. Apex fournit une collecte de donn\u00e9es continue en &#8230; <\/p>\n<div><a href=\"https:\/\/bakrona.ch\/fr\/mesure-de-particules\/compteurs-de-particules-aerosol-pour-montage-fixe-de-lighthouse-worldwide-solutions\" class=\"more-link\">Read More<\/a><\/div>\n","protected":false},"author":1,"featured_media":0,"parent":9534,"menu_order":0,"comment_status":"closed","ping_status":"closed","template":"template-blank-4.php","meta":{"footnotes":""},"class_list":["post-12642","page","type-page","status-publish","hentry","no-post-thumbnail"],"yoast_head":"<!-- This site is optimized with the Yoast SEO plugin v25.8 - https:\/\/yoast.com\/wordpress\/plugins\/seo\/ -->\n<title>Compteur de particules Lighthouse avec pompe \u00e0 vide integr\u00e9e - Bakrona<\/title>\n<meta name=\"description\" content=\"Compteurs de particules a\u00e9rosol de Lighthouse avec pompe \u00e0 vide integr\u00e9e avec filtre HEPA pour montage fixe. Int\u00e9gration avec SCADA, BMS, LIMS.\" \/>\n<meta name=\"robots\" content=\"index, follow, max-snippet:-1, max-image-preview:large, max-video-preview:-1\" \/>\n<link rel=\"canonical\" href=\"https:\/\/bakrona.ch\/fr\/mesure-de-particules\/compteurs-de-particules-aerosol-pour-montage-fixe-de-lighthouse-worldwide-solutions\" \/>\n<meta property=\"og:locale\" content=\"fr_FR\" \/>\n<meta property=\"og:type\" content=\"article\" \/>\n<meta property=\"og:title\" content=\"Compteur de particules Lighthouse avec pompe \u00e0 vide integr\u00e9e - Bakrona\" \/>\n<meta property=\"og:description\" content=\"Compteurs de particules a\u00e9rosol de Lighthouse avec pompe \u00e0 vide integr\u00e9e avec filtre HEPA pour montage fixe. Int\u00e9gration avec SCADA, BMS, LIMS.\" \/>\n<meta property=\"og:url\" content=\"https:\/\/bakrona.ch\/fr\/mesure-de-particules\/compteurs-de-particules-aerosol-pour-montage-fixe-de-lighthouse-worldwide-solutions\" \/>\n<meta property=\"og:site_name\" content=\"BAKRONA AG\" \/>\n<meta property=\"article:modified_time\" content=\"2024-07-21T10:15:16+00:00\" \/>\n<meta name=\"twitter:card\" content=\"summary_large_image\" \/>\n<meta name=\"twitter:label1\" content=\"Dur\u00e9e de lecture estim\u00e9e\" \/>\n\t<meta name=\"twitter:data1\" content=\"6 minutes\" \/>\n<script type=\"application\/ld+json\" class=\"yoast-schema-graph\">{\"@context\":\"https:\/\/schema.org\",\"@graph\":[{\"@type\":\"WebPage\",\"@id\":\"https:\/\/bakrona.ch\/fr\/mesure-de-particules\/compteurs-de-particules-aerosol-pour-montage-fixe-de-lighthouse-worldwide-solutions\",\"url\":\"https:\/\/bakrona.ch\/fr\/mesure-de-particules\/compteurs-de-particules-aerosol-pour-montage-fixe-de-lighthouse-worldwide-solutions\",\"name\":\"Compteur de particules Lighthouse avec pompe \u00e0 vide integr\u00e9e - Bakrona\",\"isPartOf\":{\"@id\":\"https:\/\/bakrona.ch\/#website\"},\"datePublished\":\"2019-11-29T14:29:30+00:00\",\"dateModified\":\"2024-07-21T10:15:16+00:00\",\"description\":\"Compteurs de particules a\u00e9rosol de Lighthouse avec pompe \u00e0 vide integr\u00e9e avec filtre HEPA pour montage fixe. Int\u00e9gration avec SCADA, BMS, LIMS.\",\"breadcrumb\":{\"@id\":\"https:\/\/bakrona.ch\/fr\/mesure-de-particules\/compteurs-de-particules-aerosol-pour-montage-fixe-de-lighthouse-worldwide-solutions#breadcrumb\"},\"inLanguage\":\"fr-FR\",\"potentialAction\":[{\"@type\":\"ReadAction\",\"target\":[\"https:\/\/bakrona.ch\/fr\/mesure-de-particules\/compteurs-de-particules-aerosol-pour-montage-fixe-de-lighthouse-worldwide-solutions\"]}]},{\"@type\":\"BreadcrumbList\",\"@id\":\"https:\/\/bakrona.ch\/fr\/mesure-de-particules\/compteurs-de-particules-aerosol-pour-montage-fixe-de-lighthouse-worldwide-solutions#breadcrumb\",\"itemListElement\":[{\"@type\":\"ListItem\",\"position\":1,\"name\":\"Home\",\"item\":\"https:\/\/bakrona.ch\/fr\"},{\"@type\":\"ListItem\",\"position\":2,\"name\":\"MESURE DE PARTICULES\",\"item\":\"https:\/\/bakrona.ch\/fr\/mesure-de-particules\"},{\"@type\":\"ListItem\",\"position\":3,\"name\":\"COMPTEUR DE PARTICULES APEX REMOTE AVEC POMPE A VIDE INTEGR\u00c9E\"}]},{\"@type\":\"WebSite\",\"@id\":\"https:\/\/bakrona.ch\/#website\",\"url\":\"https:\/\/bakrona.ch\/\",\"name\":\"Bakrona Messtechnik und Engineering\",\"description\":\"Bakrona Messtechnik &amp; Engineering\",\"publisher\":{\"@id\":\"https:\/\/bakrona.ch\/#organization\"},\"potentialAction\":[{\"@type\":\"SearchAction\",\"target\":{\"@type\":\"EntryPoint\",\"urlTemplate\":\"https:\/\/bakrona.ch\/?s={search_term_string}\"},\"query-input\":{\"@type\":\"PropertyValueSpecification\",\"valueRequired\":true,\"valueName\":\"search_term_string\"}}],\"inLanguage\":\"fr-FR\"},{\"@type\":\"Organization\",\"@id\":\"https:\/\/bakrona.ch\/#organization\",\"name\":\"Bakrona AG\",\"url\":\"https:\/\/bakrona.ch\/\",\"logo\":{\"@type\":\"ImageObject\",\"inLanguage\":\"fr-FR\",\"@id\":\"https:\/\/bakrona.ch\/#\/schema\/logo\/image\/\",\"url\":\"https:\/\/bakrona.ch\/wp-content\/uploads\/2016\/09\/logo-02.png\",\"contentUrl\":\"https:\/\/bakrona.ch\/wp-content\/uploads\/2016\/09\/logo-02.png\",\"width\":2769,\"height\":762,\"caption\":\"Bakrona AG\"},\"image\":{\"@id\":\"https:\/\/bakrona.ch\/#\/schema\/logo\/image\/\"}}]}<\/script>\n<!-- \/ Yoast SEO plugin. -->","yoast_head_json":{"title":"Compteur de particules Lighthouse avec pompe \u00e0 vide integr\u00e9e - Bakrona","description":"Compteurs de particules a\u00e9rosol de Lighthouse avec pompe \u00e0 vide integr\u00e9e avec filtre HEPA pour montage fixe. Int\u00e9gration avec SCADA, BMS, LIMS.","robots":{"index":"index","follow":"follow","max-snippet":"max-snippet:-1","max-image-preview":"max-image-preview:large","max-video-preview":"max-video-preview:-1"},"canonical":"https:\/\/bakrona.ch\/fr\/mesure-de-particules\/compteurs-de-particules-aerosol-pour-montage-fixe-de-lighthouse-worldwide-solutions","og_locale":"fr_FR","og_type":"article","og_title":"Compteur de particules Lighthouse avec pompe \u00e0 vide integr\u00e9e - Bakrona","og_description":"Compteurs de particules a\u00e9rosol de Lighthouse avec pompe \u00e0 vide integr\u00e9e avec filtre HEPA pour montage fixe. Int\u00e9gration avec SCADA, BMS, LIMS.","og_url":"https:\/\/bakrona.ch\/fr\/mesure-de-particules\/compteurs-de-particules-aerosol-pour-montage-fixe-de-lighthouse-worldwide-solutions","og_site_name":"BAKRONA AG","article_modified_time":"2024-07-21T10:15:16+00:00","twitter_card":"summary_large_image","twitter_misc":{"Dur\u00e9e de lecture estim\u00e9e":"6 minutes"},"schema":{"@context":"https:\/\/schema.org","@graph":[{"@type":"WebPage","@id":"https:\/\/bakrona.ch\/fr\/mesure-de-particules\/compteurs-de-particules-aerosol-pour-montage-fixe-de-lighthouse-worldwide-solutions","url":"https:\/\/bakrona.ch\/fr\/mesure-de-particules\/compteurs-de-particules-aerosol-pour-montage-fixe-de-lighthouse-worldwide-solutions","name":"Compteur de particules Lighthouse avec pompe \u00e0 vide integr\u00e9e - Bakrona","isPartOf":{"@id":"https:\/\/bakrona.ch\/#website"},"datePublished":"2019-11-29T14:29:30+00:00","dateModified":"2024-07-21T10:15:16+00:00","description":"Compteurs de particules a\u00e9rosol de Lighthouse avec pompe \u00e0 vide integr\u00e9e avec filtre HEPA pour montage fixe. Int\u00e9gration avec SCADA, BMS, LIMS.","breadcrumb":{"@id":"https:\/\/bakrona.ch\/fr\/mesure-de-particules\/compteurs-de-particules-aerosol-pour-montage-fixe-de-lighthouse-worldwide-solutions#breadcrumb"},"inLanguage":"fr-FR","potentialAction":[{"@type":"ReadAction","target":["https:\/\/bakrona.ch\/fr\/mesure-de-particules\/compteurs-de-particules-aerosol-pour-montage-fixe-de-lighthouse-worldwide-solutions"]}]},{"@type":"BreadcrumbList","@id":"https:\/\/bakrona.ch\/fr\/mesure-de-particules\/compteurs-de-particules-aerosol-pour-montage-fixe-de-lighthouse-worldwide-solutions#breadcrumb","itemListElement":[{"@type":"ListItem","position":1,"name":"Home","item":"https:\/\/bakrona.ch\/fr"},{"@type":"ListItem","position":2,"name":"MESURE DE PARTICULES","item":"https:\/\/bakrona.ch\/fr\/mesure-de-particules"},{"@type":"ListItem","position":3,"name":"COMPTEUR DE PARTICULES APEX REMOTE AVEC POMPE A VIDE INTEGR\u00c9E"}]},{"@type":"WebSite","@id":"https:\/\/bakrona.ch\/#website","url":"https:\/\/bakrona.ch\/","name":"Bakrona Messtechnik und Engineering","description":"Bakrona Messtechnik &amp; Engineering","publisher":{"@id":"https:\/\/bakrona.ch\/#organization"},"potentialAction":[{"@type":"SearchAction","target":{"@type":"EntryPoint","urlTemplate":"https:\/\/bakrona.ch\/?s={search_term_string}"},"query-input":{"@type":"PropertyValueSpecification","valueRequired":true,"valueName":"search_term_string"}}],"inLanguage":"fr-FR"},{"@type":"Organization","@id":"https:\/\/bakrona.ch\/#organization","name":"Bakrona AG","url":"https:\/\/bakrona.ch\/","logo":{"@type":"ImageObject","inLanguage":"fr-FR","@id":"https:\/\/bakrona.ch\/#\/schema\/logo\/image\/","url":"https:\/\/bakrona.ch\/wp-content\/uploads\/2016\/09\/logo-02.png","contentUrl":"https:\/\/bakrona.ch\/wp-content\/uploads\/2016\/09\/logo-02.png","width":2769,"height":762,"caption":"Bakrona AG"},"image":{"@id":"https:\/\/bakrona.ch\/#\/schema\/logo\/image\/"}}]}},"_links":{"self":[{"href":"https:\/\/bakrona.ch\/fr\/wp-json\/wp\/v2\/pages\/12642","targetHints":{"allow":["GET"]}}],"collection":[{"href":"https:\/\/bakrona.ch\/fr\/wp-json\/wp\/v2\/pages"}],"about":[{"href":"https:\/\/bakrona.ch\/fr\/wp-json\/wp\/v2\/types\/page"}],"author":[{"embeddable":true,"href":"https:\/\/bakrona.ch\/fr\/wp-json\/wp\/v2\/users\/1"}],"replies":[{"embeddable":true,"href":"https:\/\/bakrona.ch\/fr\/wp-json\/wp\/v2\/comments?post=12642"}],"version-history":[{"count":23,"href":"https:\/\/bakrona.ch\/fr\/wp-json\/wp\/v2\/pages\/12642\/revisions"}],"predecessor-version":[{"id":18344,"href":"https:\/\/bakrona.ch\/fr\/wp-json\/wp\/v2\/pages\/12642\/revisions\/18344"}],"up":[{"embeddable":true,"href":"https:\/\/bakrona.ch\/fr\/wp-json\/wp\/v2\/pages\/9534"}],"wp:attachment":[{"href":"https:\/\/bakrona.ch\/fr\/wp-json\/wp\/v2\/media?parent=12642"}],"curies":[{"name":"wp","href":"https:\/\/api.w.org\/{rel}","templated":true}]}}