{"id":11282,"date":"2017-09-03T13:38:00","date_gmt":"2017-09-03T13:38:00","guid":{"rendered":"http:\/\/bakrona.ch\/fr\/?page_id=11282"},"modified":"2023-04-20T09:47:49","modified_gmt":"2023-04-20T09:47:49","slug":"etalonnage-compteur-de-particules-iso-21501-4","status":"publish","type":"page","link":"https:\/\/bakrona.ch\/fr\/services\/revision-etalonnage-ajustage-certification\/etalonnage-compteur-de-particules-iso-21501-4","title":{"rendered":"Etalonnage compteur de particules ISO 21501-4"},"content":{"rendered":"<div id=\"cs-content\" class=\"cs-content\"><\/div>\n","protected":false},"excerpt":{"rendered":"","protected":false},"author":1,"featured_media":0,"parent":9482,"menu_order":0,"comment_status":"closed","ping_status":"closed","template":"template-blank-4.php","meta":{"footnotes":""},"class_list":["post-11282","page","type-page","status-publish","hentry","no-post-thumbnail"],"yoast_head":"<!-- This site is optimized with the Yoast SEO plugin v25.8 - https:\/\/yoast.com\/wordpress\/plugins\/seo\/ -->\n<title>\u00c9talonnage compteur de particules selon ISO 21501-4 I BAKRONA SA<\/title>\n<meta name=\"description\" content=\"\u00c9talonnage de compteur de particules optiques selon la norme ISO 21501-4. Nos clients b\u00e9n\u00e9ficient de courts d\u00e9lais gr\u00e2ce \u00e0 notre pr\u00e9sence locale en Suisse\" \/>\n<meta name=\"robots\" content=\"index, follow, max-snippet:-1, max-image-preview:large, max-video-preview:-1\" \/>\n<link rel=\"canonical\" href=\"https:\/\/bakrona.ch\/fr\/services\/revision-etalonnage-ajustage-certification\/etalonnage-compteur-de-particules-iso-21501-4\" \/>\n<meta property=\"og:locale\" content=\"fr_FR\" \/>\n<meta property=\"og:type\" content=\"article\" \/>\n<meta property=\"og:title\" content=\"\u00c9talonnage compteur de particules selon ISO 21501-4 I BAKRONA SA\" \/>\n<meta property=\"og:description\" content=\"\u00c9talonnage de compteur de particules optiques selon la norme ISO 21501-4. Nos clients b\u00e9n\u00e9ficient de courts d\u00e9lais gr\u00e2ce \u00e0 notre pr\u00e9sence locale en Suisse\" \/>\n<meta property=\"og:url\" content=\"https:\/\/bakrona.ch\/fr\/services\/revision-etalonnage-ajustage-certification\/etalonnage-compteur-de-particules-iso-21501-4\" \/>\n<meta property=\"og:site_name\" content=\"BAKRONA AG\" \/>\n<meta property=\"article:modified_time\" content=\"2023-04-20T09:47:49+00:00\" \/>\n<meta name=\"twitter:card\" content=\"summary_large_image\" \/>\n<meta name=\"twitter:label1\" content=\"Dur\u00e9e de lecture estim\u00e9e\" \/>\n\t<meta name=\"twitter:data1\" content=\"7 minutes\" \/>\n<script type=\"application\/ld+json\" class=\"yoast-schema-graph\">{\"@context\":\"https:\/\/schema.org\",\"@graph\":[{\"@type\":\"WebPage\",\"@id\":\"https:\/\/bakrona.ch\/fr\/services\/revision-etalonnage-ajustage-certification\/etalonnage-compteur-de-particules-iso-21501-4\",\"url\":\"https:\/\/bakrona.ch\/fr\/services\/revision-etalonnage-ajustage-certification\/etalonnage-compteur-de-particules-iso-21501-4\",\"name\":\"\u00c9talonnage compteur de particules selon ISO 21501-4 I BAKRONA SA\",\"isPartOf\":{\"@id\":\"https:\/\/bakrona.ch\/#website\"},\"datePublished\":\"2017-09-03T13:38:00+00:00\",\"dateModified\":\"2023-04-20T09:47:49+00:00\",\"description\":\"\u00c9talonnage de compteur de particules optiques selon la norme ISO 21501-4. Nos clients b\u00e9n\u00e9ficient de courts d\u00e9lais gr\u00e2ce \u00e0 notre pr\u00e9sence locale en Suisse\",\"breadcrumb\":{\"@id\":\"https:\/\/bakrona.ch\/fr\/services\/revision-etalonnage-ajustage-certification\/etalonnage-compteur-de-particules-iso-21501-4#breadcrumb\"},\"inLanguage\":\"fr-FR\",\"potentialAction\":[{\"@type\":\"ReadAction\",\"target\":[\"https:\/\/bakrona.ch\/fr\/services\/revision-etalonnage-ajustage-certification\/etalonnage-compteur-de-particules-iso-21501-4\"]}]},{\"@type\":\"BreadcrumbList\",\"@id\":\"https:\/\/bakrona.ch\/fr\/services\/revision-etalonnage-ajustage-certification\/etalonnage-compteur-de-particules-iso-21501-4#breadcrumb\",\"itemListElement\":[{\"@type\":\"ListItem\",\"position\":1,\"name\":\"Home\",\"item\":\"https:\/\/bakrona.ch\/fr\"},{\"@type\":\"ListItem\",\"position\":2,\"name\":\"PRESTATIONS DE SERVICE DE BAKRONA\",\"item\":\"https:\/\/bakrona.ch\/fr\/services\"},{\"@type\":\"ListItem\",\"position\":3,\"name\":\"Revision Etalonnage Ajustage Certification\",\"item\":\"https:\/\/bakrona.ch\/fr\/services\/revision-etalonnage-ajustage-certification\"},{\"@type\":\"ListItem\",\"position\":4,\"name\":\"Etalonnage compteur de particules ISO 21501-4\"}]},{\"@type\":\"WebSite\",\"@id\":\"https:\/\/bakrona.ch\/#website\",\"url\":\"https:\/\/bakrona.ch\/\",\"name\":\"Bakrona Messtechnik und Engineering\",\"description\":\"Bakrona Messtechnik &amp; Engineering\",\"publisher\":{\"@id\":\"https:\/\/bakrona.ch\/#organization\"},\"potentialAction\":[{\"@type\":\"SearchAction\",\"target\":{\"@type\":\"EntryPoint\",\"urlTemplate\":\"https:\/\/bakrona.ch\/?s={search_term_string}\"},\"query-input\":{\"@type\":\"PropertyValueSpecification\",\"valueRequired\":true,\"valueName\":\"search_term_string\"}}],\"inLanguage\":\"fr-FR\"},{\"@type\":\"Organization\",\"@id\":\"https:\/\/bakrona.ch\/#organization\",\"name\":\"Bakrona AG\",\"url\":\"https:\/\/bakrona.ch\/\",\"logo\":{\"@type\":\"ImageObject\",\"inLanguage\":\"fr-FR\",\"@id\":\"https:\/\/bakrona.ch\/#\/schema\/logo\/image\/\",\"url\":\"https:\/\/bakrona.ch\/wp-content\/uploads\/2016\/09\/logo-02.png\",\"contentUrl\":\"https:\/\/bakrona.ch\/wp-content\/uploads\/2016\/09\/logo-02.png\",\"width\":2769,\"height\":762,\"caption\":\"Bakrona AG\"},\"image\":{\"@id\":\"https:\/\/bakrona.ch\/#\/schema\/logo\/image\/\"}}]}<\/script>\n<!-- \/ Yoast SEO plugin. -->","yoast_head_json":{"title":"\u00c9talonnage compteur de particules selon ISO 21501-4 I BAKRONA SA","description":"\u00c9talonnage de compteur de particules optiques selon la norme ISO 21501-4. Nos clients b\u00e9n\u00e9ficient de courts d\u00e9lais gr\u00e2ce \u00e0 notre pr\u00e9sence locale en Suisse","robots":{"index":"index","follow":"follow","max-snippet":"max-snippet:-1","max-image-preview":"max-image-preview:large","max-video-preview":"max-video-preview:-1"},"canonical":"https:\/\/bakrona.ch\/fr\/services\/revision-etalonnage-ajustage-certification\/etalonnage-compteur-de-particules-iso-21501-4","og_locale":"fr_FR","og_type":"article","og_title":"\u00c9talonnage compteur de particules selon ISO 21501-4 I BAKRONA SA","og_description":"\u00c9talonnage de compteur de particules optiques selon la norme ISO 21501-4. Nos clients b\u00e9n\u00e9ficient de courts d\u00e9lais gr\u00e2ce \u00e0 notre pr\u00e9sence locale en Suisse","og_url":"https:\/\/bakrona.ch\/fr\/services\/revision-etalonnage-ajustage-certification\/etalonnage-compteur-de-particules-iso-21501-4","og_site_name":"BAKRONA AG","article_modified_time":"2023-04-20T09:47:49+00:00","twitter_card":"summary_large_image","twitter_misc":{"Dur\u00e9e de lecture estim\u00e9e":"7 minutes"},"schema":{"@context":"https:\/\/schema.org","@graph":[{"@type":"WebPage","@id":"https:\/\/bakrona.ch\/fr\/services\/revision-etalonnage-ajustage-certification\/etalonnage-compteur-de-particules-iso-21501-4","url":"https:\/\/bakrona.ch\/fr\/services\/revision-etalonnage-ajustage-certification\/etalonnage-compteur-de-particules-iso-21501-4","name":"\u00c9talonnage compteur de particules selon ISO 21501-4 I BAKRONA SA","isPartOf":{"@id":"https:\/\/bakrona.ch\/#website"},"datePublished":"2017-09-03T13:38:00+00:00","dateModified":"2023-04-20T09:47:49+00:00","description":"\u00c9talonnage de compteur de particules optiques selon la norme ISO 21501-4. Nos clients b\u00e9n\u00e9ficient de courts d\u00e9lais gr\u00e2ce \u00e0 notre pr\u00e9sence locale en Suisse","breadcrumb":{"@id":"https:\/\/bakrona.ch\/fr\/services\/revision-etalonnage-ajustage-certification\/etalonnage-compteur-de-particules-iso-21501-4#breadcrumb"},"inLanguage":"fr-FR","potentialAction":[{"@type":"ReadAction","target":["https:\/\/bakrona.ch\/fr\/services\/revision-etalonnage-ajustage-certification\/etalonnage-compteur-de-particules-iso-21501-4"]}]},{"@type":"BreadcrumbList","@id":"https:\/\/bakrona.ch\/fr\/services\/revision-etalonnage-ajustage-certification\/etalonnage-compteur-de-particules-iso-21501-4#breadcrumb","itemListElement":[{"@type":"ListItem","position":1,"name":"Home","item":"https:\/\/bakrona.ch\/fr"},{"@type":"ListItem","position":2,"name":"PRESTATIONS DE SERVICE DE BAKRONA","item":"https:\/\/bakrona.ch\/fr\/services"},{"@type":"ListItem","position":3,"name":"Revision Etalonnage Ajustage Certification","item":"https:\/\/bakrona.ch\/fr\/services\/revision-etalonnage-ajustage-certification"},{"@type":"ListItem","position":4,"name":"Etalonnage compteur de particules ISO 21501-4"}]},{"@type":"WebSite","@id":"https:\/\/bakrona.ch\/#website","url":"https:\/\/bakrona.ch\/","name":"Bakrona Messtechnik und Engineering","description":"Bakrona Messtechnik &amp; Engineering","publisher":{"@id":"https:\/\/bakrona.ch\/#organization"},"potentialAction":[{"@type":"SearchAction","target":{"@type":"EntryPoint","urlTemplate":"https:\/\/bakrona.ch\/?s={search_term_string}"},"query-input":{"@type":"PropertyValueSpecification","valueRequired":true,"valueName":"search_term_string"}}],"inLanguage":"fr-FR"},{"@type":"Organization","@id":"https:\/\/bakrona.ch\/#organization","name":"Bakrona AG","url":"https:\/\/bakrona.ch\/","logo":{"@type":"ImageObject","inLanguage":"fr-FR","@id":"https:\/\/bakrona.ch\/#\/schema\/logo\/image\/","url":"https:\/\/bakrona.ch\/wp-content\/uploads\/2016\/09\/logo-02.png","contentUrl":"https:\/\/bakrona.ch\/wp-content\/uploads\/2016\/09\/logo-02.png","width":2769,"height":762,"caption":"Bakrona AG"},"image":{"@id":"https:\/\/bakrona.ch\/#\/schema\/logo\/image\/"}}]}},"_links":{"self":[{"href":"https:\/\/bakrona.ch\/fr\/wp-json\/wp\/v2\/pages\/11282","targetHints":{"allow":["GET"]}}],"collection":[{"href":"https:\/\/bakrona.ch\/fr\/wp-json\/wp\/v2\/pages"}],"about":[{"href":"https:\/\/bakrona.ch\/fr\/wp-json\/wp\/v2\/types\/page"}],"author":[{"embeddable":true,"href":"https:\/\/bakrona.ch\/fr\/wp-json\/wp\/v2\/users\/1"}],"replies":[{"embeddable":true,"href":"https:\/\/bakrona.ch\/fr\/wp-json\/wp\/v2\/comments?post=11282"}],"version-history":[{"count":24,"href":"https:\/\/bakrona.ch\/fr\/wp-json\/wp\/v2\/pages\/11282\/revisions"}],"predecessor-version":[{"id":18021,"href":"https:\/\/bakrona.ch\/fr\/wp-json\/wp\/v2\/pages\/11282\/revisions\/18021"}],"up":[{"embeddable":true,"href":"https:\/\/bakrona.ch\/fr\/wp-json\/wp\/v2\/pages\/9482"}],"wp:attachment":[{"href":"https:\/\/bakrona.ch\/fr\/wp-json\/wp\/v2\/media?parent=11282"}],"curies":[{"name":"wp","href":"https:\/\/api.w.org\/{rel}","templated":true}]}}