{"id":18820,"date":"2025-06-21T06:03:21","date_gmt":"2025-06-21T06:03:21","guid":{"rendered":"https:\/\/bakrona.ch\/pt100-temperatumessung-in-fertigspritzen-franzoesisch-englisch"},"modified":"2025-06-21T06:13:51","modified_gmt":"2025-06-21T06:13:51","slug":"prefilled-syringes-pt100-temperature-measurement","status":"publish","type":"page","link":"https:\/\/bakrona.ch\/en\/temperature\/resistance-thermometers-rtds\/prefilled-syringes-pt100-temperature-measurement","title":{"rendered":"Pt100 Temperatumessung in Fertigspritzen (Franz\u00f6sisch) (Englisch)"},"content":{"rendered":"<div id=\"cs-content\" class=\"cs-content\"><\/div>\n","protected":false},"excerpt":{"rendered":"<p>NANOCOUNT 50C+ UND 65C+ F\u00fcr Partikelmessungen in Reinstchemikalien ab 50 Nanometer respektive 65 Nanometer Grosses Probenvolumen und niedrige Nullz\u00e4hlrate h\u00e4ufen schnell statistisch relevante Daten an Kleinste Prozessvariationen werden rasch erkannt, um unverz\u00fcglich auf Partikelkontamination zu reagieren Schnelles Sp\u00fclen verk\u00fcrzt die ben\u00f6tigte Zeit f\u00fcr die Messanalysen. Beispielsweise wenn der Partikelz\u00e4hler von einem Probenpunkt zum n\u00e4chsten bewegt wird. F\u00fcr den Dauerbetrieb entwickelt &#8230; <\/p>\n<div><a href=\"https:\/\/bakrona.ch\/en\/temperature\/resistance-thermometers-rtds\/prefilled-syringes-pt100-temperature-measurement\" class=\"more-link\">Read More<\/a><\/div>\n","protected":false},"author":1,"featured_media":0,"parent":10406,"menu_order":1,"comment_status":"closed","ping_status":"closed","template":"template-blank-4.php","meta":{"footnotes":""},"class_list":["post-18820","page","type-page","status-publish","hentry","no-post-thumbnail"],"yoast_head":"<!-- This site is optimized with the Yoast SEO plugin v25.8 - https:\/\/yoast.com\/wordpress\/plugins\/seo\/ -->\n<title>Temperature measurement in prefilled syringes with holder for Pt100 sensor<\/title>\n<meta name=\"description\" content=\"Temperature measurement in prefilled syringes during autoclave processes \u2013 Innovative system with clip holder for Pt100 sensor\" \/>\n<meta name=\"robots\" content=\"index, follow, max-snippet:-1, max-image-preview:large, max-video-preview:-1\" \/>\n<link rel=\"canonical\" href=\"https:\/\/bakrona.ch\/en\/temperature\/resistance-thermometers-rtds\/prefilled-syringes-pt100-temperature-measurement\" \/>\n<meta property=\"og:locale\" content=\"en_US\" \/>\n<meta property=\"og:type\" content=\"article\" \/>\n<meta property=\"og:title\" content=\"Temperature measurement in prefilled syringes with holder for Pt100 sensor\" \/>\n<meta property=\"og:description\" content=\"Temperature measurement in prefilled syringes during autoclave processes \u2013 Innovative system with clip holder for Pt100 sensor\" \/>\n<meta property=\"og:url\" content=\"https:\/\/bakrona.ch\/en\/temperature\/resistance-thermometers-rtds\/prefilled-syringes-pt100-temperature-measurement\" \/>\n<meta property=\"og:site_name\" content=\"BAKRONA AG\" \/>\n<meta property=\"article:modified_time\" content=\"2025-06-21T06:13:51+00:00\" \/>\n<meta name=\"twitter:card\" content=\"summary_large_image\" \/>\n<meta name=\"twitter:label1\" content=\"Est. reading time\" \/>\n\t<meta name=\"twitter:data1\" content=\"5 minutes\" \/>\n<script type=\"application\/ld+json\" class=\"yoast-schema-graph\">{\"@context\":\"https:\/\/schema.org\",\"@graph\":[{\"@type\":\"WebPage\",\"@id\":\"https:\/\/bakrona.ch\/en\/temperature\/resistance-thermometers-rtds\/prefilled-syringes-pt100-temperature-measurement\",\"url\":\"https:\/\/bakrona.ch\/en\/temperature\/resistance-thermometers-rtds\/prefilled-syringes-pt100-temperature-measurement\",\"name\":\"Temperature measurement in prefilled syringes with holder for Pt100 sensor\",\"isPartOf\":{\"@id\":\"https:\/\/bakrona.ch\/#website\"},\"datePublished\":\"2025-06-21T06:03:21+00:00\",\"dateModified\":\"2025-06-21T06:13:51+00:00\",\"description\":\"Temperature measurement in prefilled syringes during autoclave processes \u2013 Innovative system with clip holder for Pt100 sensor\",\"breadcrumb\":{\"@id\":\"https:\/\/bakrona.ch\/en\/temperature\/resistance-thermometers-rtds\/prefilled-syringes-pt100-temperature-measurement#breadcrumb\"},\"inLanguage\":\"en-US\",\"potentialAction\":[{\"@type\":\"ReadAction\",\"target\":[\"https:\/\/bakrona.ch\/en\/temperature\/resistance-thermometers-rtds\/prefilled-syringes-pt100-temperature-measurement\"]}]},{\"@type\":\"BreadcrumbList\",\"@id\":\"https:\/\/bakrona.ch\/en\/temperature\/resistance-thermometers-rtds\/prefilled-syringes-pt100-temperature-measurement#breadcrumb\",\"itemListElement\":[{\"@type\":\"ListItem\",\"position\":1,\"name\":\"Home\",\"item\":\"https:\/\/bakrona.ch\/en\"},{\"@type\":\"ListItem\",\"position\":2,\"name\":\"Temperature Measurement\",\"item\":\"https:\/\/bakrona.ch\/en\/temperature\"},{\"@type\":\"ListItem\",\"position\":3,\"name\":\"resistance-thermometers-rtds\",\"item\":\"https:\/\/bakrona.ch\/en\/temperature\/resistance-thermometers-rtds\"},{\"@type\":\"ListItem\",\"position\":4,\"name\":\"Pt100 Temperatumessung in Fertigspritzen (Franz\u00f6sisch) (Englisch)\"}]},{\"@type\":\"WebSite\",\"@id\":\"https:\/\/bakrona.ch\/#website\",\"url\":\"https:\/\/bakrona.ch\/\",\"name\":\"Bakrona Messtechnik und Engineering\",\"description\":\"Messtechnik und Engineering\",\"publisher\":{\"@id\":\"https:\/\/bakrona.ch\/#organization\"},\"potentialAction\":[{\"@type\":\"SearchAction\",\"target\":{\"@type\":\"EntryPoint\",\"urlTemplate\":\"https:\/\/bakrona.ch\/?s={search_term_string}\"},\"query-input\":{\"@type\":\"PropertyValueSpecification\",\"valueRequired\":true,\"valueName\":\"search_term_string\"}}],\"inLanguage\":\"en-US\"},{\"@type\":\"Organization\",\"@id\":\"https:\/\/bakrona.ch\/#organization\",\"name\":\"Bakrona AG\",\"url\":\"https:\/\/bakrona.ch\/\",\"logo\":{\"@type\":\"ImageObject\",\"inLanguage\":\"en-US\",\"@id\":\"https:\/\/bakrona.ch\/#\/schema\/logo\/image\/\",\"url\":\"https:\/\/bakrona.ch\/wp-content\/uploads\/2016\/09\/logo-02.png\",\"contentUrl\":\"https:\/\/bakrona.ch\/wp-content\/uploads\/2016\/09\/logo-02.png\",\"width\":2769,\"height\":762,\"caption\":\"Bakrona AG\"},\"image\":{\"@id\":\"https:\/\/bakrona.ch\/#\/schema\/logo\/image\/\"}}]}<\/script>\n<!-- \/ Yoast SEO plugin. -->","yoast_head_json":{"title":"Temperature measurement in prefilled syringes with holder for Pt100 sensor","description":"Temperature measurement in prefilled syringes during autoclave processes \u2013 Innovative system with clip holder for Pt100 sensor","robots":{"index":"index","follow":"follow","max-snippet":"max-snippet:-1","max-image-preview":"max-image-preview:large","max-video-preview":"max-video-preview:-1"},"canonical":"https:\/\/bakrona.ch\/en\/temperature\/resistance-thermometers-rtds\/prefilled-syringes-pt100-temperature-measurement","og_locale":"en_US","og_type":"article","og_title":"Temperature measurement in prefilled syringes with holder for Pt100 sensor","og_description":"Temperature measurement in prefilled syringes during autoclave processes \u2013 Innovative system with clip holder for Pt100 sensor","og_url":"https:\/\/bakrona.ch\/en\/temperature\/resistance-thermometers-rtds\/prefilled-syringes-pt100-temperature-measurement","og_site_name":"BAKRONA AG","article_modified_time":"2025-06-21T06:13:51+00:00","twitter_card":"summary_large_image","twitter_misc":{"Est. reading time":"5 minutes"},"schema":{"@context":"https:\/\/schema.org","@graph":[{"@type":"WebPage","@id":"https:\/\/bakrona.ch\/en\/temperature\/resistance-thermometers-rtds\/prefilled-syringes-pt100-temperature-measurement","url":"https:\/\/bakrona.ch\/en\/temperature\/resistance-thermometers-rtds\/prefilled-syringes-pt100-temperature-measurement","name":"Temperature measurement in prefilled syringes with holder for Pt100 sensor","isPartOf":{"@id":"https:\/\/bakrona.ch\/#website"},"datePublished":"2025-06-21T06:03:21+00:00","dateModified":"2025-06-21T06:13:51+00:00","description":"Temperature measurement in prefilled syringes during autoclave processes \u2013 Innovative system with clip holder for Pt100 sensor","breadcrumb":{"@id":"https:\/\/bakrona.ch\/en\/temperature\/resistance-thermometers-rtds\/prefilled-syringes-pt100-temperature-measurement#breadcrumb"},"inLanguage":"en-US","potentialAction":[{"@type":"ReadAction","target":["https:\/\/bakrona.ch\/en\/temperature\/resistance-thermometers-rtds\/prefilled-syringes-pt100-temperature-measurement"]}]},{"@type":"BreadcrumbList","@id":"https:\/\/bakrona.ch\/en\/temperature\/resistance-thermometers-rtds\/prefilled-syringes-pt100-temperature-measurement#breadcrumb","itemListElement":[{"@type":"ListItem","position":1,"name":"Home","item":"https:\/\/bakrona.ch\/en"},{"@type":"ListItem","position":2,"name":"Temperature Measurement","item":"https:\/\/bakrona.ch\/en\/temperature"},{"@type":"ListItem","position":3,"name":"resistance-thermometers-rtds","item":"https:\/\/bakrona.ch\/en\/temperature\/resistance-thermometers-rtds"},{"@type":"ListItem","position":4,"name":"Pt100 Temperatumessung in Fertigspritzen (Franz\u00f6sisch) (Englisch)"}]},{"@type":"WebSite","@id":"https:\/\/bakrona.ch\/#website","url":"https:\/\/bakrona.ch\/","name":"Bakrona Messtechnik und Engineering","description":"Messtechnik und Engineering","publisher":{"@id":"https:\/\/bakrona.ch\/#organization"},"potentialAction":[{"@type":"SearchAction","target":{"@type":"EntryPoint","urlTemplate":"https:\/\/bakrona.ch\/?s={search_term_string}"},"query-input":{"@type":"PropertyValueSpecification","valueRequired":true,"valueName":"search_term_string"}}],"inLanguage":"en-US"},{"@type":"Organization","@id":"https:\/\/bakrona.ch\/#organization","name":"Bakrona AG","url":"https:\/\/bakrona.ch\/","logo":{"@type":"ImageObject","inLanguage":"en-US","@id":"https:\/\/bakrona.ch\/#\/schema\/logo\/image\/","url":"https:\/\/bakrona.ch\/wp-content\/uploads\/2016\/09\/logo-02.png","contentUrl":"https:\/\/bakrona.ch\/wp-content\/uploads\/2016\/09\/logo-02.png","width":2769,"height":762,"caption":"Bakrona AG"},"image":{"@id":"https:\/\/bakrona.ch\/#\/schema\/logo\/image\/"}}]}},"_links":{"self":[{"href":"https:\/\/bakrona.ch\/en\/wp-json\/wp\/v2\/pages\/18820","targetHints":{"allow":["GET"]}}],"collection":[{"href":"https:\/\/bakrona.ch\/en\/wp-json\/wp\/v2\/pages"}],"about":[{"href":"https:\/\/bakrona.ch\/en\/wp-json\/wp\/v2\/types\/page"}],"author":[{"embeddable":true,"href":"https:\/\/bakrona.ch\/en\/wp-json\/wp\/v2\/users\/1"}],"replies":[{"embeddable":true,"href":"https:\/\/bakrona.ch\/en\/wp-json\/wp\/v2\/comments?post=18820"}],"version-history":[{"count":4,"href":"https:\/\/bakrona.ch\/en\/wp-json\/wp\/v2\/pages\/18820\/revisions"}],"predecessor-version":[{"id":18824,"href":"https:\/\/bakrona.ch\/en\/wp-json\/wp\/v2\/pages\/18820\/revisions\/18824"}],"up":[{"embeddable":true,"href":"https:\/\/bakrona.ch\/en\/wp-json\/wp\/v2\/pages\/10406"}],"wp:attachment":[{"href":"https:\/\/bakrona.ch\/en\/wp-json\/wp\/v2\/media?parent=18820"}],"curies":[{"name":"wp","href":"https:\/\/api.w.org\/{rel}","templated":true}]}}