{"id":17595,"date":"2021-10-31T13:01:41","date_gmt":"2021-10-31T13:01:41","guid":{"rendered":"https:\/\/bakrona.ch\/partikelzaehler-solair-boulder-counter"},"modified":"2022-05-01T12:51:39","modified_gmt":"2022-05-01T12:51:39","slug":"partikelzaehler-solair-boulder-counter","status":"publish","type":"page","link":"https:\/\/bakrona.ch\/en\/partikelzaehler-solair-boulder-counter","title":{"rendered":"Partikelz\u00e4hler Solair Boulder Counter"},"content":{"rendered":"<div id=\"cs-content\" class=\"cs-content\"><\/div>\n","protected":false},"excerpt":{"rendered":"<p>PARTICLE COUNTER SOLAIR BOULDER COUNTERThe particle counter Solair Boulder Counter is designed for particle measurement of large particles in the range 5.0 &#8211; 100.0 \u00b5m. These so-called macro particles are mentioned in the ISO 14644-1 standard. An M descriptor can be used to quantify populations of macro particles (particles larger than 5 \u00b5m). It is the designation for the measured &#8230; <\/p>\n<div><a href=\"https:\/\/bakrona.ch\/en\/partikelzaehler-solair-boulder-counter\" class=\"more-link\">Read More<\/a><\/div>\n","protected":false},"author":1,"featured_media":0,"parent":0,"menu_order":0,"comment_status":"closed","ping_status":"closed","template":"template-blank-4.php","meta":{"footnotes":""},"class_list":["post-17595","page","type-page","status-publish","hentry","no-post-thumbnail"],"yoast_head":"<!-- This site is optimized with the Yoast SEO plugin v25.8 - https:\/\/yoast.com\/wordpress\/plugins\/seo\/ -->\n<title>Partikelz\u00e4hler Solair Boulder Counter I Makropartikel ISO 14644-1<\/title>\n<meta name=\"description\" content=\"Partikelz\u00e4hler f\u00fcr Partikelgr\u00f6ssen 5.0 - 100.0 \u00b5m. Reinraum Anwendungen mit Makro Partikel (M-Descriptor gem\u00e4ss ISO 14644-1)\" \/>\n<meta name=\"robots\" content=\"index, follow, max-snippet:-1, max-image-preview:large, max-video-preview:-1\" \/>\n<link rel=\"canonical\" href=\"https:\/\/bakrona.ch\/en\/partikelzaehler-solair-boulder-counter\" \/>\n<meta property=\"og:locale\" content=\"en_US\" \/>\n<meta property=\"og:type\" content=\"article\" \/>\n<meta property=\"og:title\" content=\"Partikelz\u00e4hler Solair Boulder Counter I Makropartikel ISO 14644-1\" \/>\n<meta property=\"og:description\" content=\"Partikelz\u00e4hler f\u00fcr Partikelgr\u00f6ssen 5.0 - 100.0 \u00b5m. Reinraum Anwendungen mit Makro Partikel (M-Descriptor gem\u00e4ss ISO 14644-1)\" \/>\n<meta property=\"og:url\" content=\"https:\/\/bakrona.ch\/en\/partikelzaehler-solair-boulder-counter\" \/>\n<meta property=\"og:site_name\" content=\"BAKRONA AG\" \/>\n<meta property=\"article:modified_time\" content=\"2022-05-01T12:51:39+00:00\" \/>\n<meta name=\"twitter:card\" content=\"summary_large_image\" \/>\n<meta name=\"twitter:label1\" content=\"Est. reading time\" \/>\n\t<meta name=\"twitter:data1\" content=\"3 minutes\" \/>\n<script type=\"application\/ld+json\" class=\"yoast-schema-graph\">{\"@context\":\"https:\/\/schema.org\",\"@graph\":[{\"@type\":\"WebPage\",\"@id\":\"https:\/\/bakrona.ch\/en\/partikelzaehler-solair-boulder-counter\",\"url\":\"https:\/\/bakrona.ch\/en\/partikelzaehler-solair-boulder-counter\",\"name\":\"Partikelz\u00e4hler Solair Boulder Counter I Makropartikel ISO 14644-1\",\"isPartOf\":{\"@id\":\"https:\/\/bakrona.ch\/#website\"},\"datePublished\":\"2021-10-31T13:01:41+00:00\",\"dateModified\":\"2022-05-01T12:51:39+00:00\",\"description\":\"Partikelz\u00e4hler f\u00fcr Partikelgr\u00f6ssen 5.0 - 100.0 \u00b5m. Reinraum Anwendungen mit Makro Partikel (M-Descriptor gem\u00e4ss ISO 14644-1)\",\"breadcrumb\":{\"@id\":\"https:\/\/bakrona.ch\/en\/partikelzaehler-solair-boulder-counter#breadcrumb\"},\"inLanguage\":\"en-US\",\"potentialAction\":[{\"@type\":\"ReadAction\",\"target\":[\"https:\/\/bakrona.ch\/en\/partikelzaehler-solair-boulder-counter\"]}]},{\"@type\":\"BreadcrumbList\",\"@id\":\"https:\/\/bakrona.ch\/en\/partikelzaehler-solair-boulder-counter#breadcrumb\",\"itemListElement\":[{\"@type\":\"ListItem\",\"position\":1,\"name\":\"Home\",\"item\":\"https:\/\/bakrona.ch\/en\"},{\"@type\":\"ListItem\",\"position\":2,\"name\":\"Partikelz\u00e4hler Solair Boulder Counter\"}]},{\"@type\":\"WebSite\",\"@id\":\"https:\/\/bakrona.ch\/#website\",\"url\":\"https:\/\/bakrona.ch\/\",\"name\":\"Bakrona Messtechnik und Engineering\",\"description\":\"Messtechnik und Engineering\",\"publisher\":{\"@id\":\"https:\/\/bakrona.ch\/#organization\"},\"potentialAction\":[{\"@type\":\"SearchAction\",\"target\":{\"@type\":\"EntryPoint\",\"urlTemplate\":\"https:\/\/bakrona.ch\/?s={search_term_string}\"},\"query-input\":{\"@type\":\"PropertyValueSpecification\",\"valueRequired\":true,\"valueName\":\"search_term_string\"}}],\"inLanguage\":\"en-US\"},{\"@type\":\"Organization\",\"@id\":\"https:\/\/bakrona.ch\/#organization\",\"name\":\"Bakrona AG\",\"url\":\"https:\/\/bakrona.ch\/\",\"logo\":{\"@type\":\"ImageObject\",\"inLanguage\":\"en-US\",\"@id\":\"https:\/\/bakrona.ch\/#\/schema\/logo\/image\/\",\"url\":\"https:\/\/bakrona.ch\/wp-content\/uploads\/2016\/09\/logo-02.png\",\"contentUrl\":\"https:\/\/bakrona.ch\/wp-content\/uploads\/2016\/09\/logo-02.png\",\"width\":2769,\"height\":762,\"caption\":\"Bakrona AG\"},\"image\":{\"@id\":\"https:\/\/bakrona.ch\/#\/schema\/logo\/image\/\"}}]}<\/script>\n<!-- \/ Yoast SEO plugin. -->","yoast_head_json":{"title":"Partikelz\u00e4hler Solair Boulder Counter I Makropartikel ISO 14644-1","description":"Partikelz\u00e4hler f\u00fcr Partikelgr\u00f6ssen 5.0 - 100.0 \u00b5m. Reinraum Anwendungen mit Makro Partikel (M-Descriptor gem\u00e4ss ISO 14644-1)","robots":{"index":"index","follow":"follow","max-snippet":"max-snippet:-1","max-image-preview":"max-image-preview:large","max-video-preview":"max-video-preview:-1"},"canonical":"https:\/\/bakrona.ch\/en\/partikelzaehler-solair-boulder-counter","og_locale":"en_US","og_type":"article","og_title":"Partikelz\u00e4hler Solair Boulder Counter I Makropartikel ISO 14644-1","og_description":"Partikelz\u00e4hler f\u00fcr Partikelgr\u00f6ssen 5.0 - 100.0 \u00b5m. Reinraum Anwendungen mit Makro Partikel (M-Descriptor gem\u00e4ss ISO 14644-1)","og_url":"https:\/\/bakrona.ch\/en\/partikelzaehler-solair-boulder-counter","og_site_name":"BAKRONA AG","article_modified_time":"2022-05-01T12:51:39+00:00","twitter_card":"summary_large_image","twitter_misc":{"Est. reading time":"3 minutes"},"schema":{"@context":"https:\/\/schema.org","@graph":[{"@type":"WebPage","@id":"https:\/\/bakrona.ch\/en\/partikelzaehler-solair-boulder-counter","url":"https:\/\/bakrona.ch\/en\/partikelzaehler-solair-boulder-counter","name":"Partikelz\u00e4hler Solair Boulder Counter I Makropartikel ISO 14644-1","isPartOf":{"@id":"https:\/\/bakrona.ch\/#website"},"datePublished":"2021-10-31T13:01:41+00:00","dateModified":"2022-05-01T12:51:39+00:00","description":"Partikelz\u00e4hler f\u00fcr Partikelgr\u00f6ssen 5.0 - 100.0 \u00b5m. Reinraum Anwendungen mit Makro Partikel (M-Descriptor gem\u00e4ss ISO 14644-1)","breadcrumb":{"@id":"https:\/\/bakrona.ch\/en\/partikelzaehler-solair-boulder-counter#breadcrumb"},"inLanguage":"en-US","potentialAction":[{"@type":"ReadAction","target":["https:\/\/bakrona.ch\/en\/partikelzaehler-solair-boulder-counter"]}]},{"@type":"BreadcrumbList","@id":"https:\/\/bakrona.ch\/en\/partikelzaehler-solair-boulder-counter#breadcrumb","itemListElement":[{"@type":"ListItem","position":1,"name":"Home","item":"https:\/\/bakrona.ch\/en"},{"@type":"ListItem","position":2,"name":"Partikelz\u00e4hler Solair Boulder Counter"}]},{"@type":"WebSite","@id":"https:\/\/bakrona.ch\/#website","url":"https:\/\/bakrona.ch\/","name":"Bakrona Messtechnik und Engineering","description":"Messtechnik und Engineering","publisher":{"@id":"https:\/\/bakrona.ch\/#organization"},"potentialAction":[{"@type":"SearchAction","target":{"@type":"EntryPoint","urlTemplate":"https:\/\/bakrona.ch\/?s={search_term_string}"},"query-input":{"@type":"PropertyValueSpecification","valueRequired":true,"valueName":"search_term_string"}}],"inLanguage":"en-US"},{"@type":"Organization","@id":"https:\/\/bakrona.ch\/#organization","name":"Bakrona AG","url":"https:\/\/bakrona.ch\/","logo":{"@type":"ImageObject","inLanguage":"en-US","@id":"https:\/\/bakrona.ch\/#\/schema\/logo\/image\/","url":"https:\/\/bakrona.ch\/wp-content\/uploads\/2016\/09\/logo-02.png","contentUrl":"https:\/\/bakrona.ch\/wp-content\/uploads\/2016\/09\/logo-02.png","width":2769,"height":762,"caption":"Bakrona AG"},"image":{"@id":"https:\/\/bakrona.ch\/#\/schema\/logo\/image\/"}}]}},"_links":{"self":[{"href":"https:\/\/bakrona.ch\/en\/wp-json\/wp\/v2\/pages\/17595","targetHints":{"allow":["GET"]}}],"collection":[{"href":"https:\/\/bakrona.ch\/en\/wp-json\/wp\/v2\/pages"}],"about":[{"href":"https:\/\/bakrona.ch\/en\/wp-json\/wp\/v2\/types\/page"}],"author":[{"embeddable":true,"href":"https:\/\/bakrona.ch\/en\/wp-json\/wp\/v2\/users\/1"}],"replies":[{"embeddable":true,"href":"https:\/\/bakrona.ch\/en\/wp-json\/wp\/v2\/comments?post=17595"}],"version-history":[{"count":2,"href":"https:\/\/bakrona.ch\/en\/wp-json\/wp\/v2\/pages\/17595\/revisions"}],"predecessor-version":[{"id":17597,"href":"https:\/\/bakrona.ch\/en\/wp-json\/wp\/v2\/pages\/17595\/revisions\/17597"}],"wp:attachment":[{"href":"https:\/\/bakrona.ch\/en\/wp-json\/wp\/v2\/media?parent=17595"}],"curies":[{"name":"wp","href":"https:\/\/api.w.org\/{rel}","templated":true}]}}