{"id":15874,"date":"2020-09-10T14:29:31","date_gmt":"2020-09-10T14:29:31","guid":{"rendered":"https:\/\/bakrona.ch\/temperature-calibration\/kalibrierbad-kalibrierung-pt100-temperaturfuehler"},"modified":"2021-09-14T12:25:24","modified_gmt":"2021-09-14T12:25:24","slug":"portable-calibration-baths","status":"publish","type":"page","link":"https:\/\/bakrona.ch\/en\/temperature-calibration\/portable-calibration-baths","title":{"rendered":"Kalibrierb\u00e4der &#8211; Tragbares Kalibrierbad f\u00fcr Kalibrierung von Tri-Clamp Temperaturf\u00fchler"},"content":{"rendered":"<div id=\"cs-content\" class=\"cs-content\"><\/div>\n","protected":false},"excerpt":{"rendered":"<p>PORTABLE CALIBRATION BATHSPortable calibration baths for the simultaneous calibration of up to four sanitary Tri-Clamp temperature sensors. The calibration baths are suitable for use in clean room environments in the pharmaceutical, biotech and food industries. FLUKE CALIBRATION BATHS 6109A AND 7109AWith their wide temperature range from -25 \u00b0C to 250 \u00b0C, the two portable calibration bath models cover most process &#8230; <\/p>\n<div><a href=\"https:\/\/bakrona.ch\/en\/temperature-calibration\/portable-calibration-baths\" class=\"more-link\">Read More<\/a><\/div>\n","protected":false},"author":1,"featured_media":0,"parent":15848,"menu_order":0,"comment_status":"closed","ping_status":"closed","template":"template-blank-4.php","meta":{"footnotes":""},"class_list":["post-15874","page","type-page","status-publish","hentry","no-post-thumbnail"],"yoast_head":"<!-- This site is optimized with the Yoast SEO plugin v25.8 - https:\/\/yoast.com\/wordpress\/plugins\/seo\/ -->\n<title>Portable calibration baths for multiple Tri-Clamp temperature sensors<\/title>\n<meta name=\"description\" content=\"Fluke calibration bath 6109 &amp; 7109 - On-site calibration in pharma \/ biotech cleanrooms of short tri-clamp temperature sensors.\" \/>\n<meta name=\"robots\" content=\"index, follow, max-snippet:-1, max-image-preview:large, max-video-preview:-1\" \/>\n<link rel=\"canonical\" href=\"https:\/\/bakrona.ch\/en\/temperature-calibration\/portable-calibration-baths\" \/>\n<meta property=\"og:locale\" content=\"en_US\" \/>\n<meta property=\"og:type\" content=\"article\" \/>\n<meta property=\"og:title\" content=\"Portable calibration baths for multiple Tri-Clamp temperature sensors\" \/>\n<meta property=\"og:description\" content=\"Fluke calibration bath 6109 &amp; 7109 - On-site calibration in pharma \/ biotech cleanrooms of short tri-clamp temperature sensors.\" \/>\n<meta property=\"og:url\" content=\"https:\/\/bakrona.ch\/en\/temperature-calibration\/portable-calibration-baths\" \/>\n<meta property=\"og:site_name\" content=\"BAKRONA AG\" \/>\n<meta property=\"article:modified_time\" content=\"2021-09-14T12:25:24+00:00\" \/>\n<meta name=\"twitter:card\" content=\"summary_large_image\" \/>\n<meta name=\"twitter:label1\" content=\"Est. reading time\" \/>\n\t<meta name=\"twitter:data1\" content=\"9 minutes\" \/>\n<script type=\"application\/ld+json\" class=\"yoast-schema-graph\">{\"@context\":\"https:\/\/schema.org\",\"@graph\":[{\"@type\":\"WebPage\",\"@id\":\"https:\/\/bakrona.ch\/en\/temperature-calibration\/portable-calibration-baths\",\"url\":\"https:\/\/bakrona.ch\/en\/temperature-calibration\/portable-calibration-baths\",\"name\":\"Portable calibration baths for multiple Tri-Clamp temperature sensors\",\"isPartOf\":{\"@id\":\"https:\/\/bakrona.ch\/#website\"},\"datePublished\":\"2020-09-10T14:29:31+00:00\",\"dateModified\":\"2021-09-14T12:25:24+00:00\",\"description\":\"Fluke calibration bath 6109 & 7109 - On-site calibration in pharma \/ biotech cleanrooms of short tri-clamp temperature sensors.\",\"breadcrumb\":{\"@id\":\"https:\/\/bakrona.ch\/en\/temperature-calibration\/portable-calibration-baths#breadcrumb\"},\"inLanguage\":\"en-US\",\"potentialAction\":[{\"@type\":\"ReadAction\",\"target\":[\"https:\/\/bakrona.ch\/en\/temperature-calibration\/portable-calibration-baths\"]}]},{\"@type\":\"BreadcrumbList\",\"@id\":\"https:\/\/bakrona.ch\/en\/temperature-calibration\/portable-calibration-baths#breadcrumb\",\"itemListElement\":[{\"@type\":\"ListItem\",\"position\":1,\"name\":\"Home\",\"item\":\"https:\/\/bakrona.ch\/en\"},{\"@type\":\"ListItem\",\"position\":2,\"name\":\"TEMPERATURE CALIBRATION\",\"item\":\"https:\/\/bakrona.ch\/en\/temperature-calibration\"},{\"@type\":\"ListItem\",\"position\":3,\"name\":\"Kalibrierb\u00e4der &#8211; Tragbares Kalibrierbad f\u00fcr Kalibrierung von Tri-Clamp Temperaturf\u00fchler\"}]},{\"@type\":\"WebSite\",\"@id\":\"https:\/\/bakrona.ch\/#website\",\"url\":\"https:\/\/bakrona.ch\/\",\"name\":\"Bakrona Messtechnik und Engineering\",\"description\":\"Messtechnik und Engineering\",\"publisher\":{\"@id\":\"https:\/\/bakrona.ch\/#organization\"},\"potentialAction\":[{\"@type\":\"SearchAction\",\"target\":{\"@type\":\"EntryPoint\",\"urlTemplate\":\"https:\/\/bakrona.ch\/?s={search_term_string}\"},\"query-input\":{\"@type\":\"PropertyValueSpecification\",\"valueRequired\":true,\"valueName\":\"search_term_string\"}}],\"inLanguage\":\"en-US\"},{\"@type\":\"Organization\",\"@id\":\"https:\/\/bakrona.ch\/#organization\",\"name\":\"Bakrona AG\",\"url\":\"https:\/\/bakrona.ch\/\",\"logo\":{\"@type\":\"ImageObject\",\"inLanguage\":\"en-US\",\"@id\":\"https:\/\/bakrona.ch\/#\/schema\/logo\/image\/\",\"url\":\"https:\/\/bakrona.ch\/wp-content\/uploads\/2016\/09\/logo-02.png\",\"contentUrl\":\"https:\/\/bakrona.ch\/wp-content\/uploads\/2016\/09\/logo-02.png\",\"width\":2769,\"height\":762,\"caption\":\"Bakrona AG\"},\"image\":{\"@id\":\"https:\/\/bakrona.ch\/#\/schema\/logo\/image\/\"}}]}<\/script>\n<!-- \/ Yoast SEO plugin. -->","yoast_head_json":{"title":"Portable calibration baths for multiple Tri-Clamp temperature sensors","description":"Fluke calibration bath 6109 & 7109 - On-site calibration in pharma \/ biotech cleanrooms of short tri-clamp temperature sensors.","robots":{"index":"index","follow":"follow","max-snippet":"max-snippet:-1","max-image-preview":"max-image-preview:large","max-video-preview":"max-video-preview:-1"},"canonical":"https:\/\/bakrona.ch\/en\/temperature-calibration\/portable-calibration-baths","og_locale":"en_US","og_type":"article","og_title":"Portable calibration baths for multiple Tri-Clamp temperature sensors","og_description":"Fluke calibration bath 6109 & 7109 - On-site calibration in pharma \/ biotech cleanrooms of short tri-clamp temperature sensors.","og_url":"https:\/\/bakrona.ch\/en\/temperature-calibration\/portable-calibration-baths","og_site_name":"BAKRONA AG","article_modified_time":"2021-09-14T12:25:24+00:00","twitter_card":"summary_large_image","twitter_misc":{"Est. reading time":"9 minutes"},"schema":{"@context":"https:\/\/schema.org","@graph":[{"@type":"WebPage","@id":"https:\/\/bakrona.ch\/en\/temperature-calibration\/portable-calibration-baths","url":"https:\/\/bakrona.ch\/en\/temperature-calibration\/portable-calibration-baths","name":"Portable calibration baths for multiple Tri-Clamp temperature sensors","isPartOf":{"@id":"https:\/\/bakrona.ch\/#website"},"datePublished":"2020-09-10T14:29:31+00:00","dateModified":"2021-09-14T12:25:24+00:00","description":"Fluke calibration bath 6109 & 7109 - On-site calibration in pharma \/ biotech cleanrooms of short tri-clamp temperature sensors.","breadcrumb":{"@id":"https:\/\/bakrona.ch\/en\/temperature-calibration\/portable-calibration-baths#breadcrumb"},"inLanguage":"en-US","potentialAction":[{"@type":"ReadAction","target":["https:\/\/bakrona.ch\/en\/temperature-calibration\/portable-calibration-baths"]}]},{"@type":"BreadcrumbList","@id":"https:\/\/bakrona.ch\/en\/temperature-calibration\/portable-calibration-baths#breadcrumb","itemListElement":[{"@type":"ListItem","position":1,"name":"Home","item":"https:\/\/bakrona.ch\/en"},{"@type":"ListItem","position":2,"name":"TEMPERATURE CALIBRATION","item":"https:\/\/bakrona.ch\/en\/temperature-calibration"},{"@type":"ListItem","position":3,"name":"Kalibrierb\u00e4der &#8211; Tragbares Kalibrierbad f\u00fcr Kalibrierung von Tri-Clamp Temperaturf\u00fchler"}]},{"@type":"WebSite","@id":"https:\/\/bakrona.ch\/#website","url":"https:\/\/bakrona.ch\/","name":"Bakrona Messtechnik und Engineering","description":"Messtechnik und Engineering","publisher":{"@id":"https:\/\/bakrona.ch\/#organization"},"potentialAction":[{"@type":"SearchAction","target":{"@type":"EntryPoint","urlTemplate":"https:\/\/bakrona.ch\/?s={search_term_string}"},"query-input":{"@type":"PropertyValueSpecification","valueRequired":true,"valueName":"search_term_string"}}],"inLanguage":"en-US"},{"@type":"Organization","@id":"https:\/\/bakrona.ch\/#organization","name":"Bakrona AG","url":"https:\/\/bakrona.ch\/","logo":{"@type":"ImageObject","inLanguage":"en-US","@id":"https:\/\/bakrona.ch\/#\/schema\/logo\/image\/","url":"https:\/\/bakrona.ch\/wp-content\/uploads\/2016\/09\/logo-02.png","contentUrl":"https:\/\/bakrona.ch\/wp-content\/uploads\/2016\/09\/logo-02.png","width":2769,"height":762,"caption":"Bakrona AG"},"image":{"@id":"https:\/\/bakrona.ch\/#\/schema\/logo\/image\/"}}]}},"_links":{"self":[{"href":"https:\/\/bakrona.ch\/en\/wp-json\/wp\/v2\/pages\/15874","targetHints":{"allow":["GET"]}}],"collection":[{"href":"https:\/\/bakrona.ch\/en\/wp-json\/wp\/v2\/pages"}],"about":[{"href":"https:\/\/bakrona.ch\/en\/wp-json\/wp\/v2\/types\/page"}],"author":[{"embeddable":true,"href":"https:\/\/bakrona.ch\/en\/wp-json\/wp\/v2\/users\/1"}],"replies":[{"embeddable":true,"href":"https:\/\/bakrona.ch\/en\/wp-json\/wp\/v2\/comments?post=15874"}],"version-history":[{"count":17,"href":"https:\/\/bakrona.ch\/en\/wp-json\/wp\/v2\/pages\/15874\/revisions"}],"predecessor-version":[{"id":15963,"href":"https:\/\/bakrona.ch\/en\/wp-json\/wp\/v2\/pages\/15874\/revisions\/15963"}],"up":[{"embeddable":true,"href":"https:\/\/bakrona.ch\/en\/wp-json\/wp\/v2\/pages\/15848"}],"wp:attachment":[{"href":"https:\/\/bakrona.ch\/en\/wp-json\/wp\/v2\/media?parent=15874"}],"curies":[{"name":"wp","href":"https:\/\/api.w.org\/{rel}","templated":true}]}}